{"id":21,"date":"2022-05-03T11:02:05","date_gmt":"2022-05-03T09:02:05","guid":{"rendered":"https:\/\/www.cwobel-ejendomme.dk\/erhverv\/?page_id=21"},"modified":"2026-04-15T10:25:57","modified_gmt":"2026-04-15T08:25:57","slug":"ledige-erhvervslejemaal","status":"publish","type":"page","link":"https:\/\/www.cwobel-ejendomme.dk\/erhverv\/ledige-erhvervslejemaal\/","title":{"rendered":"Ledige erhvervslejem\u00e5l"},"content":{"rendered":"<h2>Find dit nye lejem\u00e5l i Stork\u00f8ben\u00adhavn eller Aalborg<\/h2>\n<h1>Se vores ledige erhvervslejem\u00e5l<\/h1>\n<p>Hos C.W. Obel Ejendomme er vores mission at hj\u00e6lpe virksomheder med at forbedre deres resultater gennem en mere effektiv udnyttelse af deres erhvervslejem\u00e5l. Midlerne til at opn\u00e5 dette er st\u00f8rre signalv\u00e6rdi, h\u00f8jere fleksibilitet og en forbedret total\u00f8konomi. C.W. Obel Ejendomme tilbyder rammerne, der hj\u00e6lper jer med at skabe bedre resultater.<\/p>\n<p>&nbsp;<\/p>\n<h4>Vi har pt. ingen ledige erhvervslejem\u00e5l.<\/h4>\n<p>Du kan tilmelde dig vores nyhedsbrev og modtage seneste nyt med opdateringer, n\u00e5r nye lejem\u00e5l bliver ledige.<\/p>\n<p><a href=\"\/erhverv\/nyhedsbrev\/\">Tilmeld nyhedsbrev<\/a>&#8216;;<\/p>\n<h4>Vi har pt. ingen ledige erhvervslejem\u00e5l i Aalborg.<\/h4>\n<p>Du kan tilmelde dig vores nyhedsbrev og modtage seneste nyt med opdateringer, n\u00e5r nye lejem\u00e5l bliver ledige.<\/p>\n<p><a href=\"\/erhverv\/nyhedsbrev\/\">Tilmeld nyhedsbrev<\/a><\/p>\n<p>F\u00e5 et overblik over de lejem\u00e5l, vi har ledige lige nu.<\/p>\n<p><a href=\"\/erhverv\/ledige-erhvervslejemaal\/\">Se ledige erhvervslejem\u00e5l<\/a>&#8216;<\/p>\n<h4>Vi har pt. ingen ledige erhvervslejem\u00e5l i K\u00f8benhavn.<\/h4>\n<p>Du kan tilmelde dig vores nyhedsbrev og modtage seneste nyt med opdateringer, n\u00e5r nye lejem\u00e5l bliver ledige.<\/p>\n<p><a href=\"\/erhverv\/nyhedsbrev\/\">Tilmeld nyhedsbrev<\/a><\/p>\n<p>F\u00e5 et overblik over de lejem\u00e5l, vi har ledige lige nu.<\/p>\n<p><a href=\"\/erhverv\/ledige-erhvervslejemaal\/\">Se ledige erhvervslejem\u00e5l<\/a>&#8216;;<\/p>\n<h4>Vi har pt. ingen ledige butikslejem\u00e5l.<\/h4>\n<p>Du kan tilmelde dig vores nyhedsbrev og modtage seneste nyt med opdateringer, n\u00e5r nye lejem\u00e5l bliver ledige.<\/p>\n<p><a href=\"\/erhverv\/nyhedsbrev\/\">Tilmeld nyhedsbrev<\/a><\/p>\n<p>F\u00e5 et overblik over de lejem\u00e5l, vi har ledige lige nu.<\/p>\n<p><a href=\"\/erhverv\/ledige-erhvervslejemaal\/\">Se ledige erhvervslejem\u00e5l<\/a>&#8216;;<\/p>\n<h4>Vi har pt. ingen ledige erhvervslejem\u00e5l.<\/h4>\n<p>Du kan tilmelde dig vores nyhedsbrev og modtage seneste nyt med opdateringer, n\u00e5r nye lejem\u00e5l bliver ledige.<\/p>\n<p><a href=\"\/erhverv\/nyhedsbrev\/\">Tilmeld nyhedsbrev<\/a><\/p>\n<p>F\u00e5 et overblik over de lejem\u00e5l, vi har ledige lige nu.<\/p>\n<p><a href=\"\/erhverv\/ledige-erhvervslejemaal\/\">Se ledige erhvervslejem\u00e5l<\/a>&#8216;;<\/p>\n<p><!-- Filter buttons with all categories from the query --><\/p>\n<p>Alle K\u00f8benhavn Aalborg Butik Kontor<\/p>\n<p>&nbsp;<\/p>\n<p><img decoding=\"async\" src=\"https:\/\/www.cwobel-ejendomme.dk\/erhverv\/wp-content\/uploads\/sites\/3\/2025\/05\/Enigheden-2_WEB_500x500.jpg\" alt=\"Billede af erhvervslejem\u00e5let i K\u00f8benhavn NV. Facaden af bygningen\" \/><\/p>\n<h5>Bygmestervej 55<\/h5>\n<p>2400 K\u00f8benhavn NV<br \/>\nAreal: 680 m\u00b2 <a href=\"https:\/\/www.cwobel-ejendomme.dk\/erhverv\/erhvervslejemaal\/bygmestervej-55\/\">L\u00e6s mere<\/a><\/p>\n<p>&nbsp;<\/p>\n<p><img decoding=\"async\" src=\"https:\/\/www.cwobel-ejendomme.dk\/erhverv\/wp-content\/uploads\/sites\/3\/2025\/05\/Bygmestervej-55-med-markering-af-Bygmestervej-61.jpg\" alt=\"Dronebillede af Mejeri Enigheden, hvor lejem\u00e5let Bygmestervej 61 er placeret.\" \/><\/p>\n<h5>Bygmestervej 61<\/h5>\n<p>2400 K\u00f8benhavn NV<br \/>\nAreal: 1.618 m\u00b2<\/p>\n<p>&nbsp;<\/p>\n<p><img decoding=\"async\" src=\"https:\/\/www.cwobel-ejendomme.dk\/erhverv\/wp-content\/uploads\/sites\/3\/2024\/07\/Trekronergade-126_500x500.jpg\" alt=\"Smuk facade p\u00e5 Trekronergade 126 i Valby\" \/><\/p>\n<h5>Trekronergade 126H<\/h5>\n<p>2500 Valby<br \/>\nAreal: 357, 358, 585 el. samlet 1.300 m\u00b2 <a href=\"https:\/\/www.cwobel-ejendomme.dk\/erhverv\/erhvervslejemaal\/trekronergade-126h\/\">L\u00e6s mere<\/a><\/p>\n<p>&nbsp;<\/p>\n<p><img decoding=\"async\" src=\"https:\/\/www.cwobel-ejendomme.dk\/erhverv\/wp-content\/uploads\/sites\/3\/2025\/04\/Strandgade-4B-1.-sal-Facade-4_WEB_500x500.jpg\" alt=\"Smuk ejendom p\u00e5 Christianshavn. Strandgade 4\" \/><\/p>\n<h5>Strandgade 4B, 1.<\/h5>\n<p>1401 K\u00f8benhavn KAreal: 322 m\u00b2 <a href=\"https:\/\/www.cwobel-ejendomme.dk\/erhverv\/erhvervslejemaal\/strandgade-4b\/\">L\u00e6s mere<\/a><\/p>\n<p>&nbsp;<\/p>\n<p><img decoding=\"async\" src=\"https:\/\/www.cwobel-ejendomme.dk\/erhverv\/wp-content\/uploads\/sites\/3\/2025\/04\/CWO-Huset-facade_500x500_web.jpg\" alt=\"\" \/><\/p>\n<h5>Skibbrogade 3, 1. tv<\/h5>\n<p>9000 Aalborg<br \/>\nAreal: 422 m\u00b2 <a href=\"https:\/\/www.cwobel-ejendomme.dk\/erhverv\/erhvervslejemaal\/skibbrograde-3-1-tv-cwo-huset\/\">L\u00e6s mere<\/a><\/p>\n<p>&nbsp;<\/p>\n<p><img decoding=\"async\" src=\"https:\/\/www.cwobel-ejendomme.dk\/erhverv\/wp-content\/uploads\/sites\/3\/2023\/02\/Visionshuset_500x500.jpg\" alt=\"Visionshuset\" \/><\/p>\n<h5>Visionsvej 51, 3. sal<\/h5>\n<p>9000 Aalborg<br \/>\nAreal: 664 m\u00b2 <a href=\"https:\/\/www.cwobel-ejendomme.dk\/erhverv\/erhvervslejemaal\/visionshuset\/\">L\u00e6s mere<\/a><\/p>\n<p>&nbsp;<\/p>\n<p><img decoding=\"async\" src=\"https:\/\/www.cwobel-ejendomme.dk\/erhverv\/wp-content\/uploads\/sites\/3\/2025\/03\/Strandboulevarden-130_facade-illustration_visualisering-med-skyer_500x500.jpg\" alt=\"Smuk nyrenoveret facade p\u00e5 Strandboulevarden 130 p\u00e5 \u00d8sterbro\" \/><\/p>\n<h5>Strandboulevarden 130<\/h5>\n<p>2100 K\u00f8benhavn \u00d8<br \/>\nAreal: 531- 2.150 m\u00b2 <a href=\"https:\/\/www.cwobel-ejendomme.dk\/erhverv\/erhvervslejemaal\/strandboulevarden-130\/\">L\u00e6s mere<\/a><\/p>\n<p>&nbsp;<\/p>\n<p><img decoding=\"async\" src=\"https:\/\/www.cwobel-ejendomme.dk\/erhverv\/wp-content\/uploads\/sites\/3\/2022\/06\/Langebrogade-500x500-1.jpg\" alt=\"Langebrogade 3B, 1. sal. Moderne arbejdsplads p\u00e5 Christianshavn i De Danske Sukkerfabrikker\" \/><\/p>\n<h5>Langebrogade 3B, 1. sal<\/h5>\n<p>1411 K\u00f8benhavn K<br \/>\nAreal: 2.123 m\u00b2 <a href=\"https:\/\/www.cwobel-ejendomme.dk\/erhverv\/erhvervslejemaal\/langebrogade-3-b-1-sal\/\">L\u00e6s mere<\/a><\/p>\n<p>&nbsp;<\/p>\n<p><img decoding=\"async\" src=\"https:\/\/www.cwobel-ejendomme.dk\/erhverv\/wp-content\/uploads\/sites\/3\/2024\/08\/Chr.-IXs-Gade-2-6_2016-5_500x500.jpg\" alt=\"\" \/><\/p>\n<h5>Christian XI\u2019s Gade 6, 1. sal<\/h5>\n<p>1111 K\u00f8benhavn K<br \/>\nAreal: 483 m\u00b2 <a href=\"https:\/\/www.cwobel-ejendomme.dk\/erhverv\/erhvervslejemaal\/christian-xis-gade-6-1-sal\/\">L\u00e6s mere<\/a><\/p>\n<p>&nbsp;<\/p>\n<p><img decoding=\"async\" src=\"https:\/\/www.cwobel-ejendomme.dk\/erhverv\/wp-content\/uploads\/sites\/3\/2023\/07\/Strandgade-4_WEB_500x500.jpg\" alt=\"Strandgade 4\" \/><\/p>\n<h5>Strandgade 4<\/h5>\n<p>1401 K\u00f8benhavn KAreal: 724 \u2013 1.789 m\u00b2 <a href=\"https:\/\/www.cwobel-ejendomme.dk\/erhverv\/erhvervslejemaal\/strandgade-4\/\">L\u00e6s mere<\/a><\/p>\n<p>&nbsp;<\/p>\n<p><img decoding=\"async\" src=\"https:\/\/www.cwobel-ejendomme.dk\/erhverv\/wp-content\/uploads\/sites\/3\/2023\/10\/MikadoHouse_500x500.jpg\" alt=\"Rued Langgaards Vej 6-8 (Mikado House)\" \/><\/p>\n<h5>Rued Langgaards Vej 6-8, 1, 3. og 4. sal<\/h5>\n<p>2300 K\u00f8benhavn S<br \/>\nAreal: 373- 2.673 m\u00b2 <a href=\"https:\/\/www.cwobel-ejendomme.dk\/erhverv\/erhvervslejemaal\/rued-langgaards-vej-6-8\/\">L\u00e6s mere<\/a><\/p>\n<p>&nbsp;<\/p>\n<p><img decoding=\"async\" src=\"https:\/\/www.cwobel-ejendomme.dk\/erhverv\/wp-content\/uploads\/sites\/3\/2024\/05\/Wildersgade-10B-2.-sal-facade-redigeret-500x500-1.jpg\" alt=\"\" \/><\/p>\n<h5>Wildersgade 10B, 3. og 4. sal<\/h5>\n<p>1408 K\u00f8benhavn K<br \/>\nAreal: 607 m\u00b2 <a href=\"https:\/\/www.cwobel-ejendomme.dk\/erhverv\/erhvervslejemaal\/wildersgade-10b\/\">L\u00e6s mere<\/a><\/p>\n<p>&nbsp;<\/p>\n<p><img decoding=\"async\" src=\"https:\/\/www.cwobel-ejendomme.dk\/erhverv\/wp-content\/uploads\/sites\/3\/2024\/04\/Carl-Jacobsens-Vej-15C-2024-500x500-1.jpg\" alt=\"Carl Jacobsens Vej 15C\" \/><\/p>\n<h5>Carl Jacobsens Vej 15C (Butik)<\/h5>\n<p>2500 Valby<br \/>\nAreal: 107m\u00b2 <a href=\"https:\/\/www.cwobel-ejendomme.dk\/erhverv\/erhvervslejemaal\/carl-jacobsens-vej-15c-butik\/\">L\u00e6s mere<\/a><\/p>\n<p>&nbsp;<\/p>\n<p><img decoding=\"async\" src=\"https:\/\/www.cwobel-ejendomme.dk\/erhverv\/wp-content\/uploads\/sites\/3\/2024\/01\/Butikslejemaal_i_MikadoHouse_500x500.jpg\" alt=\"Ledigt butikslejem\u00e5l Rued Langgaards Vej 2A. I ejendommen Mikado House\" \/><\/p>\n<h5>Rued Langgaards Vej 2A (Butik)<\/h5>\n<p>2300 K\u00f8benhavn S<br \/>\nAreal: 541 m\u00b2 <a href=\"https:\/\/www.cwobel-ejendomme.dk\/erhverv\/erhvervslejemaal\/ledigt-butikslejemaal-i-mikado-house\/\">L\u00e6s mere<\/a><\/p>\n<p>&nbsp;<\/p>\n<p><img decoding=\"async\" src=\"https:\/\/www.cwobel-ejendomme.dk\/erhverv\/wp-content\/uploads\/sites\/3\/2024\/03\/Strandvejen-70-2.-sal-facade-2-500x500_web.jpg\" alt=\"Strandvejen 70, 2. sal facade\" \/><\/p>\n<h5>Strandvejen 70, 2. sal th.<\/h5>\n<p>2900 Hellerup<br \/>\nAreal: 893 m\u00b2 <a href=\"https:\/\/www.cwobel-ejendomme.dk\/erhverv\/erhvervslejemaal\/strandvejen-70-2-sal-th\/\">L\u00e6s mere<\/a><\/p>\n<p>&nbsp;<\/p>\n<p>1<br \/>\n2<\/p>\n<p><img decoding=\"async\" src=\"https:\/\/www.cwobel-ejendomme.dk\/bolig\/wp-content\/uploads\/sites\/2\/2024\/03\/Tilmeld-dig-nyhedsbrev-erhverv.jpg\" alt=\"Strandvejen 70, 2. sal th.\" \/><\/p>\n<h2>Vil du holdes opdateret?<\/h2>\n<p>Vi tilbyder attraktive kontorlejem\u00e5l i Aalborg og K\u00f8benhavn. Vil du holdes ajour? Skriv dig op her, og modtag seneste nyt fra os.<\/p>\n<p>Navn<br \/>\nE-mail<\/p>\n<p>Ved tilmelding, giver du samtykke til, at C.W. Obel Ejendomme m\u00e5 sende dig e-mails, hvor vi informerer om vores ledige lejem\u00e5l eller hvad der sker p\u00e5 vores ejendomme, samt til at indsamle oplysninger om, hvordan du interagerer med vores nyhedsbreve. Du kan til enhver tid tr\u00e6kke dit samtykke tilbage, og du kan l\u00e6se mere om dine rettigheder og hvordan vi behandler dine personoplysninger i vores <a target=\"_blank\">privatlivspolitik<\/a>.<\/p>\n<h2>Mere end en arbejdsplads<\/h2>\n<h4>Vores erhvervsejendomme s\u00e6tter rammerne for den gode arbejdsplads<\/h4>\n<p>Leder du efter det helt rette erhvervslejem\u00e5l til din virksomhed? Hos C.W. Obel Ejendomme finder du et stort udvalg af eftertragtede erhvervsejendomme til leje b\u00e5de i Stork\u00f8benhavn og Aalborg. Vores fornemmeste opgave er at finde et erhvervslejem\u00e5l, i en af vores erhvervsejendomme, som im\u00f8dekommer de unikke \u00f8nsker og behov jeres virksomhed har.<\/p>\n<h4>Attraktive lokaler i erhvervslejem\u00e5l<\/h4>\n<p>Vi har b\u00e5de sm\u00e5 og store erhvervslejem\u00e5l, domicil ejendomme samt flerbrugerhuse, hvor I kan nyde godt af stordriftsfordelene, som opst\u00e5r ved at dele erhvervsejendom med andre interessante virksomheder.<\/p>\n<p>Mange virksomheder har unikke krav til deres fremtidige erhvervslejem\u00e5l. Hos C.W. Obel Ejendomme er I altid velkommen til at kontakte os, hvis I har behov for personlig r\u00e5dgivning eller sparring p\u00e5 et lejem\u00e5l.<\/p>\n<h4>Inspirerende omgivelser og r\u00e5 detaljer hos C.W Obel Ejendomme<\/h4>\n<p>\u201cVi er en start-up virksomhed med 17 ansatte, og vi \u00f8nskede at finde nogle lokaler, som er velegnet til at drive virksomhed fra, men som ikke skreg \u201ckedeligt kontormilj\u00f8.\u201d Her i Valby er vi havnet<br \/>\ni nogle virkelig inspirerende omgivelser, med r\u00e5 detaljer og gennemarbejdet renovering fra C.W. Obel Ejendommes side. Samarbejdet er rigtig godt. Kvalitet og punktlighed skinner igennem.<br \/>\nJeg kan varmt anbefale C.W. Obel Ejendomme som udlejer.\u201d<\/p>\n<p>&nbsp;<\/p>\n<p>Martin Blicher Sawhney fra Junu.io<\/p>\n<p>Lejer Trekronergade 126<\/p>\n<p><img decoding=\"async\" src=\"https:\/\/www.cwobel-ejendomme.dk\/erhverv\/wp-content\/uploads\/sites\/3\/2022\/07\/medarbejdertrivsel-780x780px.jpg\" alt=\"Medarbejdertrivsel\" \/><\/p>\n<h4>Erhvervsejendomme der \u00f8ger medarbejdertrivsel<\/h4>\n<p>Det er bestemt ikke uden betydning, hvilken erhvervsejendom en virksomhed v\u00e6lger at leje sig ind i. Det er vores erfaring, at de daglige omgivelser er af stor betydning for dine medarbejderes ve og vel. Motiverende og interessante omgivelser \u00f8ger trivslen og lysten til at yde en ekstra indsats. De daglige rammer er derfor ikke kun yderst vigtige for dine medarbejderes trivsel, men ogs\u00e5 for virksomhedens evne til at v\u00e6kste og \u00f8ge produktiviteten. Hos C.W. Obel Ejendomme er vi meget opm\u00e6rksomme p\u00e5, at de erhvervsejendomme, vi udlejer, skal danne rammerne for et motiverende og behageligt arbejdsmilj\u00f8.<\/p>\n<h4>Tre gode r\u00e5d til valg af nyt erhvervslejem\u00e5l<\/h4>\n<p>Der er meget at tage stilling til i forbindelse med valg af et erhvervslejem\u00e5l. Hos C.W. Obel Ejendomme er vi eksperter i erhvervsejendomme og ved derfor, hvilke aspekter du skal l\u00e6gge v\u00e6gt p\u00e5, n\u00e5r du leder efter et nyt erhvervslejem\u00e5l til leje. Dit lejem\u00e5l er virksomhedens ansigt udadtil, og derfor har det en stor signalv\u00e6rdi overfor b\u00e5de kunder og partnere, men ogs\u00e5 for dine medarbejderes hverdag og produktivitet.<\/p>\n<p><img decoding=\"async\" src=\"https:\/\/www.cwobel-ejendomme.dk\/erhverv\/wp-content\/uploads\/sites\/3\/2022\/07\/gode-raad-780x780px.jpg\" alt=\"Tre gode ra\u030ad til valg af erhvervsejendom\" \/><br \/>\n<img decoding=\"async\" src=\"https:\/\/www.cwobel-ejendomme.dk\/erhverv\/wp-content\/uploads\/sites\/3\/2022\/07\/beliggenhed-780x780px.jpg\" alt=\"Beliggenhed er altafg\u00f8rende for en erhvervsejendom\" \/><\/p>\n<h4>Beliggenhed er altafg\u00f8rende for et erhvervslejem\u00e5l<\/h4>\n<p>En af de vigtigste faktorer at medt\u00e6nke, i udv\u00e6lgelsen af et nyt erhvervslejem\u00e5l er beliggenhed og infrastrukturen. Virksomheden skal v\u00e6re lettilg\u00e6ngelig for medarbejdere, kunder og samarbejdspartnere. Du kan afklare virksomhedens behov for infrastruktur ved at svare p\u00e5 f\u00f8lgende:<\/p>\n<p>Foreg\u00e5r mange af jeres m\u00f8der i en bestemt bydel?<br \/>\nHvilken transportform anvender jeres medarbejdere og g\u00e6ster prim\u00e6rt?<br \/>\nHar I behov for parkeringspladser?<\/p>\n<p>Hos C.W. Obel Ejendomme hj\u00e6lper vi jer med at afklare alle jeres behov, s\u00e5 vi sikrer, at vi finder det rette lejem\u00e5lsmatch til jer.<\/p>\n<h2>Brug for r\u00e5d og vejledning til valg af jeres nye erhvervslejem\u00e5l?<\/h2>\n<p>Har vi vakt din interesse, eller er der sp\u00f8rgsm\u00e5l, vi mangler at besvare? Vores kompetente medarbejdere st\u00e5r altid klar til at hj\u00e6lpe dig med informationer om udlejning af vores erhvervslejem\u00e5l og booking af fremvisninger. Hvis du har nogle sp\u00f8rgsm\u00e5l kan vi kontaktes p\u00e5 <a href=\"mailto:erhverv@cwobel.dk\">erhverv@cwobel.dk<\/a> eller ring til <a href=\"tel:33 33 94 940\">33 33 94 94<\/a>.<\/p>\n<h4>Hvor stort er jeres servicebehov?<\/h4>\n<p>N\u00e5r I skal leje jer ind i en erhvervsejendom, er det en god id\u00e9 at vurdere jeres servicebehov, da virksomhedens st\u00f8rrelse og behov kan \u00e6ndre sig med tiden. M\u00e5ske har I behov for en kantine, mange m\u00f8delokaler eller plads til ekstra medarbejdere. Uanset hvilke \u00f8nsker I har, kan vi hj\u00e6lpe med at finde et lejem\u00e5l, der im\u00f8dekommer jeres behov. Vi har et stort og alsidigt udvalg af erhvervslejem\u00e5l til leje og tilbyder b\u00e5de erhvervslejem\u00e5l med og uden f\u00e6llesfaciliteter. Blandt vores ejendomsportef\u00f8lje kan helt sikkert ogs\u00e5 findes et lejem\u00e5l, der opfylder jeres krav.<\/p>\n<p><img decoding=\"async\" src=\"https:\/\/www.cwobel-ejendomme.dk\/erhverv\/wp-content\/uploads\/sites\/3\/2022\/07\/service-780x780px.jpg\" alt=\"Hvor stort er jeres servicebehov\" \/><\/p>\n","protected":false},"excerpt":{"rendered":"<p>Find dit nye lejem\u00e5l i Stork\u00f8ben\u00adhavn eller Aalborg Se vores ledige erhvervslejem\u00e5l Hos C.W. Obel Ejendomme er vores mission at hj\u00e6lpe virksomheder med at forbedre deres&hellip; <a class=\"read-more-link\" href=\"https:\/\/www.cwobel-ejendomme.dk\/erhverv\/ledige-erhvervslejemaal\/\">L\u00e6s mere<\/a><\/p>\n","protected":false},"author":1,"featured_media":0,"parent":0,"menu_order":0,"comment_status":"closed","ping_status":"closed","template":"","meta":{"_acf_changed":false,"footnotes":""},"class_list":["post-21","page","type-page","status-publish","hentry"],"yoast_head":"<!-- This site is optimized with the Yoast SEO Premium plugin v25.3.1 (Yoast SEO v25.3.1) - https:\/\/yoast.com\/wordpress\/plugins\/seo\/ -->\n<title>Erhvervslejem\u00e5l<\/title>\n<meta name=\"description\" content=\"Find dit nye erhvervslejem\u00e5l. Vi hj\u00e6lper virksomheder med at danne rammerne for et motiverende og behageligt arbejdsmilj\u00f8.\" \/>\n<meta name=\"robots\" content=\"index, follow, max-snippet:-1, max-image-preview:large, max-video-preview:-1\" \/>\n<link rel=\"canonical\" href=\"https:\/\/www.cwobel-ejendomme.dk\/erhverv\/ledige-erhvervslejemaal\/\" \/>\n<meta property=\"og:locale\" content=\"da_DK\" \/>\n<meta property=\"og:type\" content=\"article\" \/>\n<meta property=\"og:title\" content=\"Ledige erhvervslejem\u00e5l\" \/>\n<meta property=\"og:description\" content=\"Find dit nye erhvervslejem\u00e5l. Vi hj\u00e6lper virksomheder med at danne rammerne for et motiverende og behageligt arbejdsmilj\u00f8.\" \/>\n<meta property=\"og:url\" content=\"https:\/\/www.cwobel-ejendomme.dk\/erhverv\/ledige-erhvervslejemaal\/\" \/>\n<meta property=\"og:site_name\" content=\"C.W. Obel Ejendomme\" \/>\n<meta property=\"article:modified_time\" content=\"2026-04-15T08:25:57+00:00\" \/>\n<meta property=\"og:image\" content=\"https:\/\/www.cwobel-ejendomme.dk\/erhverv\/wp-content\/uploads\/sites\/3\/2025\/05\/Enigheden-2_WEB_500x500.jpg\" \/>\n<meta name=\"twitter:card\" content=\"summary_large_image\" \/>\n<meta name=\"twitter:label1\" content=\"Estimeret l\u00e6setid\" \/>\n\t<meta name=\"twitter:data1\" content=\"11 minutter\" \/>\n<script type=\"application\/ld+json\" class=\"yoast-schema-graph\">{\"@context\":\"https:\/\/schema.org\",\"@graph\":[{\"@type\":\"WebPage\",\"@id\":\"https:\/\/www.cwobel-ejendomme.dk\/erhverv\/ledige-erhvervslejemaal\/\",\"url\":\"https:\/\/www.cwobel-ejendomme.dk\/erhverv\/ledige-erhvervslejemaal\/\",\"name\":\"Erhvervslejem\u00e5l\",\"isPartOf\":{\"@id\":\"https:\/\/www.cwobel-ejendomme.dk\/erhverv\/#website\"},\"primaryImageOfPage\":{\"@id\":\"https:\/\/www.cwobel-ejendomme.dk\/erhverv\/ledige-erhvervslejemaal\/#primaryimage\"},\"image\":{\"@id\":\"https:\/\/www.cwobel-ejendomme.dk\/erhverv\/ledige-erhvervslejemaal\/#primaryimage\"},\"thumbnailUrl\":\"https:\/\/www.cwobel-ejendomme.dk\/erhverv\/wp-content\/uploads\/sites\/3\/2025\/05\/Enigheden-2_WEB_500x500.jpg\",\"datePublished\":\"2022-05-03T09:02:05+00:00\",\"dateModified\":\"2026-04-15T08:25:57+00:00\",\"description\":\"Find dit nye erhvervslejem\u00e5l. Vi hj\u00e6lper virksomheder med at danne rammerne for et motiverende og behageligt arbejdsmilj\u00f8.\",\"breadcrumb\":{\"@id\":\"https:\/\/www.cwobel-ejendomme.dk\/erhverv\/ledige-erhvervslejemaal\/#breadcrumb\"},\"inLanguage\":\"da-DK\",\"potentialAction\":[{\"@type\":\"ReadAction\",\"target\":[\"https:\/\/www.cwobel-ejendomme.dk\/erhverv\/ledige-erhvervslejemaal\/\"]}]},{\"@type\":\"ImageObject\",\"inLanguage\":\"da-DK\",\"@id\":\"https:\/\/www.cwobel-ejendomme.dk\/erhverv\/ledige-erhvervslejemaal\/#primaryimage\",\"url\":\"https:\/\/www.cwobel-ejendomme.dk\/erhverv\/wp-content\/uploads\/sites\/3\/2025\/05\/Enigheden-2_WEB_500x500.jpg\",\"contentUrl\":\"https:\/\/www.cwobel-ejendomme.dk\/erhverv\/wp-content\/uploads\/sites\/3\/2025\/05\/Enigheden-2_WEB_500x500.jpg\"},{\"@type\":\"BreadcrumbList\",\"@id\":\"https:\/\/www.cwobel-ejendomme.dk\/erhverv\/ledige-erhvervslejemaal\/#breadcrumb\",\"itemListElement\":[{\"@type\":\"ListItem\",\"position\":1,\"name\":\"Hjem\",\"item\":\"https:\/\/www.cwobel-ejendomme.dk\/erhverv\/\"},{\"@type\":\"ListItem\",\"position\":2,\"name\":\"Ledige erhvervslejem\u00e5l\"}]},{\"@type\":\"WebSite\",\"@id\":\"https:\/\/www.cwobel-ejendomme.dk\/erhverv\/#website\",\"url\":\"https:\/\/www.cwobel-ejendomme.dk\/erhverv\/\",\"name\":\"C.W. Obel Ejendomme\",\"description\":\"C.W. Obel Ejendomme\",\"potentialAction\":[{\"@type\":\"SearchAction\",\"target\":{\"@type\":\"EntryPoint\",\"urlTemplate\":\"https:\/\/www.cwobel-ejendomme.dk\/erhverv\/?s={search_term_string}\"},\"query-input\":{\"@type\":\"PropertyValueSpecification\",\"valueRequired\":true,\"valueName\":\"search_term_string\"}}],\"inLanguage\":\"da-DK\"}]}<\/script>\n<!-- \/ Yoast SEO Premium plugin. -->","yoast_head_json":{"title":"Erhvervslejem\u00e5l","description":"Find dit nye erhvervslejem\u00e5l. Vi hj\u00e6lper virksomheder med at danne rammerne for et motiverende og behageligt arbejdsmilj\u00f8.","robots":{"index":"index","follow":"follow","max-snippet":"max-snippet:-1","max-image-preview":"max-image-preview:large","max-video-preview":"max-video-preview:-1"},"canonical":"https:\/\/www.cwobel-ejendomme.dk\/erhverv\/ledige-erhvervslejemaal\/","og_locale":"da_DK","og_type":"article","og_title":"Ledige erhvervslejem\u00e5l","og_description":"Find dit nye erhvervslejem\u00e5l. Vi hj\u00e6lper virksomheder med at danne rammerne for et motiverende og behageligt arbejdsmilj\u00f8.","og_url":"https:\/\/www.cwobel-ejendomme.dk\/erhverv\/ledige-erhvervslejemaal\/","og_site_name":"C.W. Obel Ejendomme","article_modified_time":"2026-04-15T08:25:57+00:00","og_image":[{"url":"https:\/\/www.cwobel-ejendomme.dk\/erhverv\/wp-content\/uploads\/sites\/3\/2025\/05\/Enigheden-2_WEB_500x500.jpg","type":"","width":"","height":""}],"twitter_card":"summary_large_image","twitter_misc":{"Estimeret l\u00e6setid":"11 minutter"},"schema":{"@context":"https:\/\/schema.org","@graph":[{"@type":"WebPage","@id":"https:\/\/www.cwobel-ejendomme.dk\/erhverv\/ledige-erhvervslejemaal\/","url":"https:\/\/www.cwobel-ejendomme.dk\/erhverv\/ledige-erhvervslejemaal\/","name":"Erhvervslejem\u00e5l","isPartOf":{"@id":"https:\/\/www.cwobel-ejendomme.dk\/erhverv\/#website"},"primaryImageOfPage":{"@id":"https:\/\/www.cwobel-ejendomme.dk\/erhverv\/ledige-erhvervslejemaal\/#primaryimage"},"image":{"@id":"https:\/\/www.cwobel-ejendomme.dk\/erhverv\/ledige-erhvervslejemaal\/#primaryimage"},"thumbnailUrl":"https:\/\/www.cwobel-ejendomme.dk\/erhverv\/wp-content\/uploads\/sites\/3\/2025\/05\/Enigheden-2_WEB_500x500.jpg","datePublished":"2022-05-03T09:02:05+00:00","dateModified":"2026-04-15T08:25:57+00:00","description":"Find dit nye erhvervslejem\u00e5l. Vi hj\u00e6lper virksomheder med at danne rammerne for et motiverende og behageligt arbejdsmilj\u00f8.","breadcrumb":{"@id":"https:\/\/www.cwobel-ejendomme.dk\/erhverv\/ledige-erhvervslejemaal\/#breadcrumb"},"inLanguage":"da-DK","potentialAction":[{"@type":"ReadAction","target":["https:\/\/www.cwobel-ejendomme.dk\/erhverv\/ledige-erhvervslejemaal\/"]}]},{"@type":"ImageObject","inLanguage":"da-DK","@id":"https:\/\/www.cwobel-ejendomme.dk\/erhverv\/ledige-erhvervslejemaal\/#primaryimage","url":"https:\/\/www.cwobel-ejendomme.dk\/erhverv\/wp-content\/uploads\/sites\/3\/2025\/05\/Enigheden-2_WEB_500x500.jpg","contentUrl":"https:\/\/www.cwobel-ejendomme.dk\/erhverv\/wp-content\/uploads\/sites\/3\/2025\/05\/Enigheden-2_WEB_500x500.jpg"},{"@type":"BreadcrumbList","@id":"https:\/\/www.cwobel-ejendomme.dk\/erhverv\/ledige-erhvervslejemaal\/#breadcrumb","itemListElement":[{"@type":"ListItem","position":1,"name":"Hjem","item":"https:\/\/www.cwobel-ejendomme.dk\/erhverv\/"},{"@type":"ListItem","position":2,"name":"Ledige erhvervslejem\u00e5l"}]},{"@type":"WebSite","@id":"https:\/\/www.cwobel-ejendomme.dk\/erhverv\/#website","url":"https:\/\/www.cwobel-ejendomme.dk\/erhverv\/","name":"C.W. Obel Ejendomme","description":"C.W. Obel Ejendomme","potentialAction":[{"@type":"SearchAction","target":{"@type":"EntryPoint","urlTemplate":"https:\/\/www.cwobel-ejendomme.dk\/erhverv\/?s={search_term_string}"},"query-input":{"@type":"PropertyValueSpecification","valueRequired":true,"valueName":"search_term_string"}}],"inLanguage":"da-DK"}]}},"acf":[],"_links":{"self":[{"href":"https:\/\/www.cwobel-ejendomme.dk\/erhverv\/wp-json\/wp\/v2\/pages\/21","targetHints":{"allow":["GET"]}}],"collection":[{"href":"https:\/\/www.cwobel-ejendomme.dk\/erhverv\/wp-json\/wp\/v2\/pages"}],"about":[{"href":"https:\/\/www.cwobel-ejendomme.dk\/erhverv\/wp-json\/wp\/v2\/types\/page"}],"author":[{"embeddable":true,"href":"https:\/\/www.cwobel-ejendomme.dk\/erhverv\/wp-json\/wp\/v2\/users\/1"}],"replies":[{"embeddable":true,"href":"https:\/\/www.cwobel-ejendomme.dk\/erhverv\/wp-json\/wp\/v2\/comments?post=21"}],"version-history":[{"count":8,"href":"https:\/\/www.cwobel-ejendomme.dk\/erhverv\/wp-json\/wp\/v2\/pages\/21\/revisions"}],"predecessor-version":[{"id":2670,"href":"https:\/\/www.cwobel-ejendomme.dk\/erhverv\/wp-json\/wp\/v2\/pages\/21\/revisions\/2670"}],"wp:attachment":[{"href":"https:\/\/www.cwobel-ejendomme.dk\/erhverv\/wp-json\/wp\/v2\/media?parent=21"}],"curies":[{"name":"wp","href":"https:\/\/api.w.org\/{rel}","templated":true}]}}