{"id":2,"date":"2022-04-22T10:56:35","date_gmt":"2022-04-22T08:56:35","guid":{"rendered":"https:\/\/www.cwobel-ejendomme.dk\/erhverv\/?page_id=2"},"modified":"2026-03-09T13:36:07","modified_gmt":"2026-03-09T12:36:07","slug":"forside","status":"publish","type":"page","link":"https:\/\/www.cwobel-ejendomme.dk\/erhverv\/","title":{"rendered":"Forside"},"content":{"rendered":"<h1>Velkommen til erhvervsafdelingen<\/h1>\n<p>C.W. Obel Ejendomme tilbyder inspirerende erhvervslejem\u00e5l\u00a0i Stork\u00f8benhavn og Aalborg. Vi ved, hvor afg\u00f8rende det rigtige lejem\u00e5l er for en virksomheds forretning, og vi har mange \u00e5rs erfaring med at matche virksomheder med det helt rigtige lejem\u00e5l. Vores lejem\u00e5l styrker virksomhedens image, og inspirerende omgivelser \u00f8ger arbejdsgl\u00e6den og den daglige effektivitet.<\/p>\n<p><a title=\"\" href=\"\/erhverv\/ledige-erhvervslejemaal\/\">SE ALLE LEDIGE LEJEM\u00c5L<\/a><\/p>\n<h2>Ledige erhvervslejem\u00e5l lige nu<\/h2>\n<p>Her kan du se, hvilke <a href=\"https:\/\/www.cwobel-ejendomme.dk\/erhverv\/ledige-erhvervslejemaal\/\">lejem\u00e5l<\/a>, der st\u00e5r ledige lige nu, og finde den n\u00e6ste adresse til din virksomhed. Har du sp\u00f8rgsm\u00e5l til et specifikt <a href=\"https:\/\/www.cwobel-ejendomme.dk\/erhverv\/ledige-erhvervslejemaal\/\">lejem\u00e5l<\/a>, er du naturligvis altid velkommen til at kontakte os.<\/p>\n<h3><a href=\"https:\/\/www.cwobel-ejendomme.dk\/erhverv\/erhvervslejemaal\/strandvejen-70-2-sal-th\/\">Strandvejen 70, 2. sal th.<\/a><\/h3>\n<p><a href=\"https:\/\/www.cwobel-ejendomme.dk\/erhverv\/erhvervslejemaal\/strandvejen-70-2-sal-th\/\">L\u00e6s mere<\/a><a href=\"https:\/\/www.cwobel-ejendomme.dk\/erhverv\/erhvervslejemaal\/strandvejen-70-2-sal-th\/\"><img decoding=\"async\" src=\"https:\/\/www.cwobel-ejendomme.dk\/erhverv\/wp-content\/uploads\/sites\/3\/2024\/03\/Strandvejen-70-2.-sal-facade-2-500x500_web.jpg\" alt=\"Strandvejen 70, 2. sal facade\" \/><\/a><\/p>\n<h5><a href=\"https:\/\/www.cwobel-ejendomme.dk\/erhverv\/erhvervslejemaal\/strandvejen-70-2-sal-th\/\">Strandvejen 70, 2. sal th.<\/a><\/h5>\n<p>2900 Hellerup<br \/>\nAreal: 893 m\u00b2 <a href=\"https:\/\/www.cwobel-ejendomme.dk\/erhverv\/erhvervslejemaal\/strandvejen-70-2-sal-th\/\">L\u00e6s mere<\/a><\/p>\n<h3><a href=\"https:\/\/www.cwobel-ejendomme.dk\/erhverv\/erhvervslejemaal\/trekronergade-126h\/\">Trekronergade 126H<\/a><\/h3>\n<p><a href=\"https:\/\/www.cwobel-ejendomme.dk\/erhverv\/erhvervslejemaal\/trekronergade-126h\/\">L\u00e6s mere<\/a><a href=\"https:\/\/www.cwobel-ejendomme.dk\/erhverv\/erhvervslejemaal\/trekronergade-126h\/\"><img decoding=\"async\" src=\"https:\/\/www.cwobel-ejendomme.dk\/erhverv\/wp-content\/uploads\/sites\/3\/2024\/07\/Trekronergade-126_500x500.jpg\" alt=\"Smuk facade p\u00e5 Trekronergade 126 i Valby\" \/><\/a><\/p>\n<h5><a href=\"https:\/\/www.cwobel-ejendomme.dk\/erhverv\/erhvervslejemaal\/trekronergade-126h\/\">Trekronergade 126H<\/a><\/h5>\n<p>2500 Valby<br \/>\nAreal: 357, 358, 585 el. samlet 1.300 m\u00b2 <a href=\"https:\/\/www.cwobel-ejendomme.dk\/erhverv\/erhvervslejemaal\/trekronergade-126h\/\">L\u00e6s mere<\/a><\/p>\n<h3><a href=\"https:\/\/www.cwobel-ejendomme.dk\/erhverv\/erhvervslejemaal\/carl-jacobsens-vej-15c-butik\/\">Carl Jacobsens Vej 15C (Butik)<\/a><\/h3>\n<p><a href=\"https:\/\/www.cwobel-ejendomme.dk\/erhverv\/erhvervslejemaal\/carl-jacobsens-vej-15c-butik\/\">L\u00e6s mere<\/a><a href=\"https:\/\/www.cwobel-ejendomme.dk\/erhverv\/erhvervslejemaal\/carl-jacobsens-vej-15c-butik\/\"><img decoding=\"async\" src=\"https:\/\/www.cwobel-ejendomme.dk\/erhverv\/wp-content\/uploads\/sites\/3\/2024\/04\/Carl-Jacobsens-Vej-15C-2024-500x500-1.jpg\" alt=\"Carl Jacobsens Vej 15C\" \/><\/a><\/p>\n<h5><a href=\"https:\/\/www.cwobel-ejendomme.dk\/erhverv\/erhvervslejemaal\/carl-jacobsens-vej-15c-butik\/\">Carl Jacobsens Vej 15C (Butik)<\/a><\/h5>\n<p>2500 Valby<br \/>\nAreal: 107m\u00b2 <a href=\"https:\/\/www.cwobel-ejendomme.dk\/erhverv\/erhvervslejemaal\/carl-jacobsens-vej-15c-butik\/\">L\u00e6s mere<\/a><\/p>\n<p><a title=\"\" href=\"\/erhverv\/ledige-erhvervslejemaal\/\">SE ALLE LEDIGE LEJEM\u00c5L<\/a><\/p>\n<h2>Om erhvervsafdelingen<\/h2>\n<p>Erhvervsafdelingen udlejer markante ejendomme til markante virksomheder. Vores lejem\u00e5l styrker virksomhedens image, og inspirerende omgivelser \u00f8ger arbejdsgl\u00e6den og den daglige effektivitet. I takt med at ambitionerne \u00e6ndres, s\u00f8rger vi for, at rammerne tilpasses.<a title=\"\" href=\"\/erhverv\/om-os\/\">L\u00c6S MERE<\/a><br \/>\n<img decoding=\"async\" src=\"https:\/\/www.cwobel-ejendomme.dk\/erhverv\/wp-content\/uploads\/sites\/3\/2022\/07\/Strandgade-4A-13-V2.jpg\" alt=\"Om erhvervsafdelingen\" \/><\/p>\n<h2>Nye lokaler til din virksomhed?<\/h2>\n<p>Skal din virksomhed have nye omgivelser? Her finder du et bredt udvalg af flotte og charmerende erhvervslejem\u00e5l. M\u00e5ske finder du din virksomheds n\u00e6ste adresse her. Se filmen her.<\/p>\n<h2>Vil du holdes opdateret?<\/h2>\n<p>Attraktive lejem\u00e5l i Aalborg og Stork\u00f8benhavn. Vil du holdes ajour? Skriv dig op her, og modtag seneste nyt fra os.<\/p>\n<p>Navn<\/p>\n<p>E-mail<\/p>\n<p>Interesseret i: Bolig<\/p>\n<p>Interesseret i: Erhverv<\/p>\n<p>Ved tilmelding, giver du samtykke til, at C.W. Obel Ejendomme m\u00e5 sende dig e-mails, hvor vi informerer om vores ledige lejem\u00e5l eller hvad der sker p\u00e5 vores ejendomme, samt til at indsamle oplysninger om, hvordan du interagerer med vores nyhedsbreve. Du kan til enhver tid tr\u00e6kke dit samtykke tilbage, og du kan l\u00e6se mere om dine rettigheder og hvordan vi behandler dine personoplysninger i vores<br \/>\n<a href=\"https:\/\/www.cwobel-ejendomme.dk\/brug-af-cookies\/\" target=\"_blank\" rel=\"noopener\">privatlivspolitik.<\/a><\/p>\n<p>Adresse i K\u00f8benhavn<br \/>\nVestergade 2C1456 K\u00f8benhavn K Danmark<\/p>\n<p>Adresse i Aalborg<br \/>\nKastetvej 29000 AalborgDanmark<\/p>\n<p>Telefon og mail<br \/>\n<a href=\"tel:33 33 94 94\">33 33 94 94<\/a><a href=\"mailto:erhverv@cwobel.dk\">erhverv@cwobel.dk<\/a><\/p>\n<p>\u00c5bningstider: Man \u2013 fre: 08.30 -16.00<\/p>\n","protected":false},"excerpt":{"rendered":"<p>Velkommen til erhvervsafdelingen C.W. Obel Ejendomme tilbyder inspirerende erhvervslejem\u00e5l\u00a0i Stork\u00f8benhavn og Aalborg. Vi ved, hvor afg\u00f8rende det rigtige lejem\u00e5l er for en virksomheds forretning, og vi&hellip; <a class=\"read-more-link\" href=\"https:\/\/www.cwobel-ejendomme.dk\/erhverv\/\">L\u00e6s mere<\/a><\/p>\n","protected":false},"author":1,"featured_media":542,"parent":0,"menu_order":0,"comment_status":"closed","ping_status":"closed","template":"","meta":{"_acf_changed":false,"footnotes":""},"class_list":["post-2","page","type-page","status-publish","has-post-thumbnail","hentry"],"yoast_head":"<!-- This site is optimized with the Yoast SEO Premium plugin v25.3.1 (Yoast SEO v25.3.1) - https:\/\/yoast.com\/wordpress\/plugins\/seo\/ -->\n<title>Inspirerende erhvervslejem\u00e5l hos C.W. Obel Ejendomme<\/title>\n<meta name=\"description\" content=\"Inspirerende erhvervslejem\u00e5l hos C.W. Obel Ejendomme i K\u00f8benhavn og Aalborg. Velkommen til vores erhvervsafdeling.\" \/>\n<meta name=\"robots\" content=\"index, follow, max-snippet:-1, max-image-preview:large, max-video-preview:-1\" \/>\n<link rel=\"canonical\" href=\"https:\/\/www.cwobel-ejendomme.dk\/erhverv\/\" \/>\n<meta property=\"og:locale\" content=\"da_DK\" \/>\n<meta property=\"og:type\" content=\"article\" \/>\n<meta property=\"og:title\" content=\"Forside C.W. Obel Ejendomme - Erhverv\" \/>\n<meta property=\"og:description\" content=\"Inspirerende erhvervslejem\u00e5l hos C.W. Obel Ejendomme i K\u00f8benhavn og Aalborg. Velkommen til vores erhvervsafdeling.\" \/>\n<meta property=\"og:url\" content=\"https:\/\/www.cwobel-ejendomme.dk\/erhverv\/\" \/>\n<meta property=\"og:site_name\" content=\"C.W. Obel Ejendomme\" \/>\n<meta property=\"article:modified_time\" content=\"2026-03-09T12:36:07+00:00\" \/>\n<meta property=\"og:image\" content=\"https:\/\/www.cwobel-ejendomme.dk\/erhverv\/wp-content\/uploads\/sites\/3\/2022\/06\/shutterstock_1281259945_WEB-scaled.jpg\" \/>\n\t<meta property=\"og:image:width\" content=\"2560\" \/>\n\t<meta property=\"og:image:height\" content=\"1761\" \/>\n\t<meta property=\"og:image:type\" content=\"image\/jpeg\" \/>\n<meta name=\"twitter:card\" content=\"summary_large_image\" \/>\n<meta name=\"twitter:title\" content=\"Forside\" \/>\n<meta name=\"twitter:label1\" content=\"Estimeret l\u00e6setid\" \/>\n\t<meta name=\"twitter:data1\" content=\"3 minutter\" \/>\n<script type=\"application\/ld+json\" class=\"yoast-schema-graph\">{\"@context\":\"https:\/\/schema.org\",\"@graph\":[{\"@type\":\"WebPage\",\"@id\":\"https:\/\/www.cwobel-ejendomme.dk\/erhverv\/\",\"url\":\"https:\/\/www.cwobel-ejendomme.dk\/erhverv\/\",\"name\":\"Inspirerende erhvervslejem\u00e5l hos C.W. Obel Ejendomme\",\"isPartOf\":{\"@id\":\"https:\/\/www.cwobel-ejendomme.dk\/erhverv\/#website\"},\"primaryImageOfPage\":{\"@id\":\"https:\/\/www.cwobel-ejendomme.dk\/erhverv\/#primaryimage\"},\"image\":{\"@id\":\"https:\/\/www.cwobel-ejendomme.dk\/erhverv\/#primaryimage\"},\"thumbnailUrl\":\"https:\/\/www.cwobel-ejendomme.dk\/erhverv\/wp-content\/uploads\/sites\/3\/2022\/06\/shutterstock_1281259945_WEB-scaled.jpg\",\"datePublished\":\"2022-04-22T08:56:35+00:00\",\"dateModified\":\"2026-03-09T12:36:07+00:00\",\"description\":\"Inspirerende erhvervslejem\u00e5l hos C.W. Obel Ejendomme i K\u00f8benhavn og Aalborg. Velkommen til vores erhvervsafdeling.\",\"breadcrumb\":{\"@id\":\"https:\/\/www.cwobel-ejendomme.dk\/erhverv\/#breadcrumb\"},\"inLanguage\":\"da-DK\",\"potentialAction\":[{\"@type\":\"ReadAction\",\"target\":[\"https:\/\/www.cwobel-ejendomme.dk\/erhverv\/\"]}]},{\"@type\":\"ImageObject\",\"inLanguage\":\"da-DK\",\"@id\":\"https:\/\/www.cwobel-ejendomme.dk\/erhverv\/#primaryimage\",\"url\":\"https:\/\/www.cwobel-ejendomme.dk\/erhverv\/wp-content\/uploads\/sites\/3\/2022\/06\/shutterstock_1281259945_WEB-scaled.jpg\",\"contentUrl\":\"https:\/\/www.cwobel-ejendomme.dk\/erhverv\/wp-content\/uploads\/sites\/3\/2022\/06\/shutterstock_1281259945_WEB-scaled.jpg\",\"width\":2560,\"height\":1761,\"caption\":\"Velkommen til erhvervsafdelingen\"},{\"@type\":\"BreadcrumbList\",\"@id\":\"https:\/\/www.cwobel-ejendomme.dk\/erhverv\/#breadcrumb\",\"itemListElement\":[{\"@type\":\"ListItem\",\"position\":1,\"name\":\"Hjem\",\"item\":\"https:\/\/www.cwobel-ejendomme.dk\/erhverv\/\"},{\"@type\":\"ListItem\",\"position\":2,\"name\":\"Forside\"}]},{\"@type\":\"WebSite\",\"@id\":\"https:\/\/www.cwobel-ejendomme.dk\/erhverv\/#website\",\"url\":\"https:\/\/www.cwobel-ejendomme.dk\/erhverv\/\",\"name\":\"C.W. Obel Ejendomme\",\"description\":\"C.W. Obel Ejendomme\",\"potentialAction\":[{\"@type\":\"SearchAction\",\"target\":{\"@type\":\"EntryPoint\",\"urlTemplate\":\"https:\/\/www.cwobel-ejendomme.dk\/erhverv\/?s={search_term_string}\"},\"query-input\":{\"@type\":\"PropertyValueSpecification\",\"valueRequired\":true,\"valueName\":\"search_term_string\"}}],\"inLanguage\":\"da-DK\"}]}<\/script>\n<!-- \/ Yoast SEO Premium plugin. -->","yoast_head_json":{"title":"Inspirerende erhvervslejem\u00e5l hos C.W. Obel Ejendomme","description":"Inspirerende erhvervslejem\u00e5l hos C.W. Obel Ejendomme i K\u00f8benhavn og Aalborg. Velkommen til vores erhvervsafdeling.","robots":{"index":"index","follow":"follow","max-snippet":"max-snippet:-1","max-image-preview":"max-image-preview:large","max-video-preview":"max-video-preview:-1"},"canonical":"https:\/\/www.cwobel-ejendomme.dk\/erhverv\/","og_locale":"da_DK","og_type":"article","og_title":"Forside C.W. Obel Ejendomme - Erhverv","og_description":"Inspirerende erhvervslejem\u00e5l hos C.W. Obel Ejendomme i K\u00f8benhavn og Aalborg. Velkommen til vores erhvervsafdeling.","og_url":"https:\/\/www.cwobel-ejendomme.dk\/erhverv\/","og_site_name":"C.W. Obel Ejendomme","article_modified_time":"2026-03-09T12:36:07+00:00","og_image":[{"width":2560,"height":1761,"url":"https:\/\/www.cwobel-ejendomme.dk\/erhverv\/wp-content\/uploads\/sites\/3\/2022\/06\/shutterstock_1281259945_WEB-scaled.jpg","type":"image\/jpeg"}],"twitter_card":"summary_large_image","twitter_title":"Forside","twitter_misc":{"Estimeret l\u00e6setid":"3 minutter"},"schema":{"@context":"https:\/\/schema.org","@graph":[{"@type":"WebPage","@id":"https:\/\/www.cwobel-ejendomme.dk\/erhverv\/","url":"https:\/\/www.cwobel-ejendomme.dk\/erhverv\/","name":"Inspirerende erhvervslejem\u00e5l hos C.W. Obel Ejendomme","isPartOf":{"@id":"https:\/\/www.cwobel-ejendomme.dk\/erhverv\/#website"},"primaryImageOfPage":{"@id":"https:\/\/www.cwobel-ejendomme.dk\/erhverv\/#primaryimage"},"image":{"@id":"https:\/\/www.cwobel-ejendomme.dk\/erhverv\/#primaryimage"},"thumbnailUrl":"https:\/\/www.cwobel-ejendomme.dk\/erhverv\/wp-content\/uploads\/sites\/3\/2022\/06\/shutterstock_1281259945_WEB-scaled.jpg","datePublished":"2022-04-22T08:56:35+00:00","dateModified":"2026-03-09T12:36:07+00:00","description":"Inspirerende erhvervslejem\u00e5l hos C.W. Obel Ejendomme i K\u00f8benhavn og Aalborg. Velkommen til vores erhvervsafdeling.","breadcrumb":{"@id":"https:\/\/www.cwobel-ejendomme.dk\/erhverv\/#breadcrumb"},"inLanguage":"da-DK","potentialAction":[{"@type":"ReadAction","target":["https:\/\/www.cwobel-ejendomme.dk\/erhverv\/"]}]},{"@type":"ImageObject","inLanguage":"da-DK","@id":"https:\/\/www.cwobel-ejendomme.dk\/erhverv\/#primaryimage","url":"https:\/\/www.cwobel-ejendomme.dk\/erhverv\/wp-content\/uploads\/sites\/3\/2022\/06\/shutterstock_1281259945_WEB-scaled.jpg","contentUrl":"https:\/\/www.cwobel-ejendomme.dk\/erhverv\/wp-content\/uploads\/sites\/3\/2022\/06\/shutterstock_1281259945_WEB-scaled.jpg","width":2560,"height":1761,"caption":"Velkommen til erhvervsafdelingen"},{"@type":"BreadcrumbList","@id":"https:\/\/www.cwobel-ejendomme.dk\/erhverv\/#breadcrumb","itemListElement":[{"@type":"ListItem","position":1,"name":"Hjem","item":"https:\/\/www.cwobel-ejendomme.dk\/erhverv\/"},{"@type":"ListItem","position":2,"name":"Forside"}]},{"@type":"WebSite","@id":"https:\/\/www.cwobel-ejendomme.dk\/erhverv\/#website","url":"https:\/\/www.cwobel-ejendomme.dk\/erhverv\/","name":"C.W. Obel Ejendomme","description":"C.W. Obel Ejendomme","potentialAction":[{"@type":"SearchAction","target":{"@type":"EntryPoint","urlTemplate":"https:\/\/www.cwobel-ejendomme.dk\/erhverv\/?s={search_term_string}"},"query-input":{"@type":"PropertyValueSpecification","valueRequired":true,"valueName":"search_term_string"}}],"inLanguage":"da-DK"}]}},"acf":[],"_links":{"self":[{"href":"https:\/\/www.cwobel-ejendomme.dk\/erhverv\/wp-json\/wp\/v2\/pages\/2","targetHints":{"allow":["GET"]}}],"collection":[{"href":"https:\/\/www.cwobel-ejendomme.dk\/erhverv\/wp-json\/wp\/v2\/pages"}],"about":[{"href":"https:\/\/www.cwobel-ejendomme.dk\/erhverv\/wp-json\/wp\/v2\/types\/page"}],"author":[{"embeddable":true,"href":"https:\/\/www.cwobel-ejendomme.dk\/erhverv\/wp-json\/wp\/v2\/users\/1"}],"replies":[{"embeddable":true,"href":"https:\/\/www.cwobel-ejendomme.dk\/erhverv\/wp-json\/wp\/v2\/comments?post=2"}],"version-history":[{"count":7,"href":"https:\/\/www.cwobel-ejendomme.dk\/erhverv\/wp-json\/wp\/v2\/pages\/2\/revisions"}],"predecessor-version":[{"id":2651,"href":"https:\/\/www.cwobel-ejendomme.dk\/erhverv\/wp-json\/wp\/v2\/pages\/2\/revisions\/2651"}],"wp:featuredmedia":[{"embeddable":true,"href":"https:\/\/www.cwobel-ejendomme.dk\/erhverv\/wp-json\/wp\/v2\/media\/542"}],"wp:attachment":[{"href":"https:\/\/www.cwobel-ejendomme.dk\/erhverv\/wp-json\/wp\/v2\/media?parent=2"}],"curies":[{"name":"wp","href":"https:\/\/api.w.org\/{rel}","templated":true}]}}