{"id":9652,"date":"2022-09-07T09:28:25","date_gmt":"2022-09-07T07:28:25","guid":{"rendered":"https:\/\/www.cwobel-ejendomme.dk\/bolig\/?page_id=9652"},"modified":"2025-11-05T14:31:40","modified_gmt":"2025-11-05T13:31:40","slug":"cobrahus","status":"publish","type":"page","link":"https:\/\/www.cwobel-ejendomme.dk\/bolig\/ledige-lejemaal\/storkoebenhavn\/oerestad-syd\/cobrahus\/","title":{"rendered":"CobraHus"},"content":{"rendered":"<h1>Ledige lejligheder og r\u00e6kkehuse i CobraHus?<\/h1>\n<p>\u00d8restad Syd er et omr\u00e5de af K\u00f8benhavn, som for alvor er i opblomstring. Her tilbyder vi nyere, moderne og rummelige lejeboliger i forskellige st\u00f8rrelser, til b\u00f8rnefamilien, den studerende, den \u00e6ldre, singlen eller parret, der bor uden b\u00f8rn.Find det rigtige hjem i <a href=\"\/bolig\/ledige-lejemaal\/storkoebenhavn\/oerestad-syd\/\">\u00d8restad Syd<\/a> herunder.<\/p>\n<p>Vi har pt. ingen ledige lejem\u00e5l i CobraHus.<\/p>\n<h1>F\u00e5 et overblik over vores ledige lejem\u00e5l<\/h1>\n<p>C.W. Obel Ejendomme tilbyder flotte og moderne lejligheder, som er helt indflytningsklare<br \/>\nog som lever op til vores h\u00f8je kvalitetskrav. Har du ikke fundet pr\u00e6cist, hvad du s\u00f8ger, kan du her finde et<br \/>\nsamlet overblik over, hvilke af vores lejem\u00e5l, der st\u00e5r ledige lige nu.<\/p>\n<p>Se alle ledige lejem\u00e5l<\/p>\n<h2>Se lignende<\/h2>\n<p>C.W. Obel Ejendomme udlejer attraktive, velholdte lejem\u00e5l til bolig og erhverv i b\u00e5de Stork\u00f8benhavn og Aalborg.<br \/>\nHer kan du se andre lejem\u00e5l som minder om denne.<\/p>\n<p><img decoding=\"async\" src=\"https:\/\/www.cwobel-ejendomme.dk\/bolig\/wp-content\/uploads\/sites\/2\/unik\/277945.jpeg\" alt=\"Else Alfelts Vej 60F 4 th.\" \/><\/p>\n<p>Else Alfelts Vej 60F 4 th.<\/p>\n<p>2300 K\u00f8benhavn S<\/p>\n<p><img decoding=\"async\" src=\"https:\/\/www.cwobel-ejendomme.dk\/bolig\/wp-content\/uploads\/sites\/2\/unik\/5593653.jpeg\" alt=\"Strandvejen 14, 2. lejl. 213\" \/><\/p>\n<p>Strandvejen 14, 2. lejl. 213<\/p>\n<p>9000 Aalborg<\/p>\n<p><img decoding=\"async\" src=\"https:\/\/www.cwobel-ejendomme.dk\/bolig\/wp-content\/uploads\/sites\/2\/unik\/342030.jpeg\" alt=\"Mekanikvej  3, 2. th.\" \/><\/p>\n<p>Mekanikvej 3, 2. th.<\/p>\n<p>2605 Br\u00f8ndby<\/p>\n<p><img decoding=\"async\" src=\"https:\/\/www.cwobel-ejendomme.dk\/bolig\/wp-content\/themes\/betheme-child\/assets\/images\/online-find-lejlighed.png\" \/><\/p>\n<h1>Vil du vide mere?<\/h1>\n<p>C.W. Obel Ejendomme tilbyder nyistandsatte og attraktive lejligheder i Stork\u00f8benhavn og Aalborg. Vores<br \/>\nlejligheder er fyldt med naturligt lys og designet i moderne stil, oftest med egen altan eller terrasse. Find dit<br \/>\nnye hjem i trygge og behagelige rammer med plads til singler, par og den store eller lille familie.<\/p>\n<p>Vil du vide mere om hvordan det er at bo hos os, s\u00e5 l\u00e6s mere p\u00e5 vores V\u00e6rd at vide som lejer side.<\/p>\n<p>L\u00e6s mere<\/p>\n<h1>Lejebolig i \u00d8restad Syd<\/h1>\n<p>Hos C.W. Obel Ejendomme har vi lejeboliger p\u00e5 flere attraktive lokationer i <a href=\"https:\/\/cwobel-bolig.dk\/ledige-boliger\/storkoebenhavn\/\">K\u00f8benhavn<\/a>. Vores lejeboliger i \u00d8restad er beliggende i det attraktive omr\u00e5de, \u00d8restad Syd, som kombinerer byliv og gr\u00f8nne omr\u00e5der p\u00e5 attraktiv og moderne vis.<\/p>\n<p><img decoding=\"async\" src=\"https:\/\/www.cwobel-ejendomme.dk\/bolig\/wp-content\/uploads\/sites\/2\/2022\/07\/Oerestad_syd_1.jpg\" alt=\"\" \/><\/p>\n<h4>Find en lejebolig i \u00d8restad &#8211; K\u00f8benhavns gr\u00f8nne bydel<\/h4>\n<p>\u00d8restad er en af K\u00f8benhavns nyeste bydele. Omr\u00e5det har de seneste \u00e5r v\u00e6ret i rivende udvikling, og i dag huser bydelen mere end 21.400 beboere.<\/p>\n<p>\u00d8restad er centralt beliggende p\u00e5 Amager og gr\u00e6nser op til Islands Brygge og str\u00e6kker sig fra T\u00e5rnby til Kalvebod F\u00e6lled. \u00d8restad best\u00e5r af fire omr\u00e5der; Amager f\u00e6lled, \u00d8restad City, \u00d8restad Syd og \u00d8restad Nord.<\/p>\n<p>\u00d8restad er kendt som K\u00f8benhavns gr\u00f8nne bydel, og den beskrivelse passer godt til omr\u00e5det. Omkring en tredjedel af \u00d8restads areal best\u00e5r nemlig af gr\u00f8nne \u00e5ndehuller, parker og masser af natur.<\/p>\n<p>N\u00e5r du bos\u00e6tter dig i \u00d8restad, har du Amagers smukke naturpark og den smukke Amager F\u00e6lled lige om hj\u00f8rnet. Men det er ikke kun natur, der omgiver \u00d8restad. Der er ogs\u00e5 masser af byliv, caf\u00e9er og restauranter, samt det store shoppingscenter, Fields, der ogs\u00e5 er beliggende i \u00d8restad.<\/p>\n<p>Samtidig har du ogs\u00e5 kulturlivet t\u00e6t p\u00e5. DR Byen, Koncerthuset, Royal Arena, Bella Centeret &#8211; du kan finde det hele i \u00d8restad, og hos C.W. Obel Ejendomme er vi stolte af at kunne tilbyde lejeboliger lige netop her.<\/p>\n<p>Hos C.W. Obel Ejendomme udlejer vi nye boliger p\u00e5 flere attraktive adresser i <a href=\"\/bolig\/ledige-lejemaal\/storkoebenhavn\/\">K\u00f8benhavn<\/a>\u00a0\u2013 bl.a. p\u00e5\u00a0<a href=\"\/bolig\/ledige-lejemaal\/storkoebenhavn\/islands-brygge\/\">Islands Brygge<\/a>\u00a0og\u00a0<a href=\"\/bolig\/ledige-lejemaal\/storkoebenhavn\/teglholmen\/\">Teglholmen<\/a>. <a href=\"https:\/\/www.cwobel-ejendomme.dk\/bolig\/ledige-lejemaal\/storkoebenhavn\/oerestad-syd\/cobrahave\/\">CobraHave<\/a> og <a href=\"https:\/\/www.cwobel-ejendomme.dk\/bolig\/ledige-lejemaal\/storkoebenhavn\/oerestad-syd\/cobrahus\/\">CobraHus<\/a> er blandt vores nyere ejendomme i \u00d8restad, og her kan vores lejere finde en bolig, som skaber behagelige, funktionelle rammer for et nyt hjem.<\/p>\n<h4>CobraHave &#8211; sp\u00e6ndende lejeboliger i \u00d8restad syd<\/h4>\n<p><a href=\"\/ejendomme\/cobrahave\/\">CobraHave<\/a> er vores ejendom p\u00e5 Else Alfelts Vej beliggende i det attraktive \u00d8restad Syd-kvarter. Navnet CobraHave er inspireret af Cobrakunstnerne.<\/p>\n<p>Ejendommen best\u00e5r af fire karrer og huser 218 nyopf\u00f8rte lejligheder fra 2018. Lejlighederne veksler mellem 70 m\u00b2 \u2013 145 m\u00b2 og rummer alt fra 1 til 5 v\u00e6relser.<\/p>\n<p>Her er b\u00e5de plads til familien med b\u00f8rn, singlen, der bor alene, den studerende, som gerne vil bo attraktivt, den \u00e6ldre, som gerne vil bo funktionelt og parret uden b\u00f8rn. Lejeboligerne sikrer et moderne, indbydende hjem til mange forskellige behov og \u00f8nsker.<\/p>\n<p><img decoding=\"async\" src=\"https:\/\/www.cwobel-ejendomme.dk\/bolig\/wp-content\/uploads\/sites\/2\/2022\/07\/Oerestad_syd_2.jpg\" alt=\"\" \/><br \/>\n<img decoding=\"async\" src=\"https:\/\/www.cwobel-ejendomme.dk\/bolig\/wp-content\/uploads\/sites\/2\/2022\/09\/HeerupHave_780x780.jpg\" alt=\"HeerupHave\" \/><\/p>\n<h4>CobraHus \u2013 sk\u00f8n blanding af lejligheder og r\u00e6kkehuse<\/h4>\n<p><a href=\"\/ejendomme\/cobrahus\/\">CobraHus<\/a> best\u00e5r af 91 nye lejeboliger i <a href=\"\/bolig\/ledige-lejemaal\/storkoebenhavn\/oerestad-syd\/\">\u00d8restad Syd<\/a>. De 77 lejligheder og 14 r\u00e6kkehuse ligger i rolige omgivelser \u2013 blot ti minutter v\u00e6k fra det centrale K\u00f8benhavn.<\/p>\n<p>P\u00e5 den ene side af CobraHus finder du Kalvebod F\u00e6lleds smukke natur, og p\u00e5 den anden side er der shopping, koncertoplevelser, metro og Amager Strandpark inden for kort afstand. Byggeriet er opf\u00f8rt i moderne, k\u00f8benhavnsk byggetradition og rummer b\u00e5de 2-, 3- og 4-v\u00e6relses lejligheder og r\u00e6kkehuse i 3 plan.<\/p>\n<h4>Moderne lejligheder i \u00d8restad Syd der g\u00f8r hverdagen nem<\/h4>\n<p>Byggerierne i <a href=\"\/bolig\/ledige-lejemaal\/storkoebenhavn\/oerestad-syd\/\">\u00d8restad Syd<\/a> er skabt med moderne arkitektur i h\u00f8js\u00e6det med fokus p\u00e5 funktionalitet og kvalitet. Her f\u00e5r du en moderne, nybygget bolig med plads, lys, luft og de nyeste faciliteter til at danne rammerne om jeres dagligdag.Alle lejeboliger har egen altan, fransk altan eller terrasse, s\u00e5 du f\u00e5r dit eget private udend\u00f8rs samlingspunkt med plads til hyggelige stunder.Mellem boligblokkene h\u00f8rer ogs\u00e5 et hyggeligt g\u00e5rdmilj\u00f8 med en legeplads. Og der er tilh\u00f8rende parkeringsk\u00e6lder, hvor beboere kan leje en parkeringsplads, og p\u00e5 den m\u00e5de f\u00e5 adgang til parkering t\u00e6t p\u00e5 boligen.Vores lejeboliger i \u00d8restad Syd er placeret i g\u00e5- og cykelafstand til daginstitutioner og skoler, s\u00e5 b\u00f8rnene kan afleveres t\u00e6t p\u00e5 hjemmet, og du har alt til hverdagen indenfor en meget overskuelig afstand til din bop\u00e6l.Med g\u00e5afstand til indk\u00f8b, shopping, metroen, offentlig transport og K\u00f8benhavns Lufthavn lige i baghaven, er du altid t\u00e6t p\u00e5 hele K\u00f8benhavn.<\/p>\n<p><img decoding=\"async\" src=\"https:\/\/www.cwobel-ejendomme.dk\/bolig\/wp-content\/uploads\/sites\/2\/2022\/07\/Oerestad_syd_3.jpg\" alt=\"\" \/><\/p>\n<h2>Mangler du inspiration til indretningen?<\/h2>\n<p>Mangler du inspiration til indretningen af din lejelejlighed? P\u00e5 vores <a href=\"\/bolig\/inspiration\/\">inspirationside<\/a>\u00a0kan du l\u00e6se gode r\u00e5d om alt fra\u00a0<a href=\"\/bolig\/inspiration\/indretning-af-din-altan\/\">indretningen af din altan<\/a>\u00a0til praktisk information, om\u00a0<a href=\"\/bolig\/inspiration\/opsigelse-af-lejemaal\/\">opsigelse af dit lejem\u00e5l<\/a>, hvis du er lejer hos os.<\/p>\n<p>Hvis du vil vide mere om C.W. Obel Ejendommes ledige lejligheder i \u00d8restad Syd, er du altid velkommen til at kontakte os p\u00e5 33 33 92 92 eller p\u00e5 <a href=\"mailto:bolig@cwobel.dk\">bolig@cwobel.dk<\/a>.<\/p>\n<p>Vi ser frem til at h\u00f8re fra dig.<\/p>\n","protected":false},"excerpt":{"rendered":"<p>Ledige lejligheder og r\u00e6kkehuse i CobraHus? \u00d8restad Syd er et omr\u00e5de af K\u00f8benhavn, som for alvor er i<span class=\"excerpt-hellip\"> [\u2026]<\/span><\/p>\n","protected":false},"author":1,"featured_media":19796,"parent":1560,"menu_order":0,"comment_status":"closed","ping_status":"closed","template":"","meta":{"_acf_changed":false,"footnotes":""},"class_list":["post-9652","page","type-page","status-publish","has-post-thumbnail","hentry"],"yoast_head":"<!-- This site is optimized with the Yoast SEO Premium plugin v25.3.1 (Yoast SEO v25.3.1) - https:\/\/yoast.com\/wordpress\/plugins\/seo\/ -->\n<title>Ledige lejeboliger i CobraHus<\/title>\n<meta name=\"description\" content=\"Ledige lejeboliger i CobraHus, som best\u00e5r af 91 nye lejeboliger i \u00d8restad Syd \u2013 kun ti minutter v\u00e6k fra det centrale K\u00f8benhavn.\" \/>\n<meta name=\"robots\" content=\"index, follow, max-snippet:-1, max-image-preview:large, max-video-preview:-1\" \/>\n<link rel=\"canonical\" href=\"https:\/\/www.cwobel-ejendomme.dk\/bolig\/ledige-lejemaal\/storkoebenhavn\/oerestad-syd\/cobrahus\/\" \/>\n<meta property=\"og:locale\" content=\"da_DK\" \/>\n<meta property=\"og:type\" content=\"article\" \/>\n<meta property=\"og:title\" content=\"CobraHus\" \/>\n<meta property=\"og:description\" content=\"Ledige lejeboliger i CobraHus, som best\u00e5r af 91 nye lejeboliger i \u00d8restad Syd \u2013 kun ti minutter v\u00e6k fra det centrale K\u00f8benhavn.\" \/>\n<meta property=\"og:url\" content=\"https:\/\/www.cwobel-ejendomme.dk\/bolig\/ledige-lejemaal\/storkoebenhavn\/oerestad-syd\/cobrahus\/\" \/>\n<meta property=\"og:site_name\" content=\"C.W. Obel Ejendomme\" \/>\n<meta property=\"article:modified_time\" content=\"2025-11-05T13:31:40+00:00\" \/>\n<meta property=\"og:image\" content=\"https:\/\/www.cwobel-ejendomme.dk\/bolig\/wp-content\/uploads\/sites\/2\/2024\/06\/Oerestad_syd_3.jpeg\" \/>\n\t<meta property=\"og:image:width\" content=\"780\" \/>\n\t<meta property=\"og:image:height\" content=\"780\" \/>\n\t<meta property=\"og:image:type\" content=\"image\/jpeg\" \/>\n<meta name=\"twitter:card\" content=\"summary_large_image\" \/>\n<meta name=\"twitter:label1\" content=\"Estimeret l\u00e6setid\" \/>\n\t<meta name=\"twitter:data1\" content=\"7 minutter\" \/>\n<script type=\"application\/ld+json\" class=\"yoast-schema-graph\">{\"@context\":\"https:\/\/schema.org\",\"@graph\":[{\"@type\":\"WebPage\",\"@id\":\"https:\/\/www.cwobel-ejendomme.dk\/bolig\/ledige-lejemaal\/storkoebenhavn\/oerestad-syd\/cobrahus\/\",\"url\":\"https:\/\/www.cwobel-ejendomme.dk\/bolig\/ledige-lejemaal\/storkoebenhavn\/oerestad-syd\/cobrahus\/\",\"name\":\"Ledige lejeboliger i CobraHus\",\"isPartOf\":{\"@id\":\"https:\/\/www.cwobel-ejendomme.dk\/bolig\/#website\"},\"primaryImageOfPage\":{\"@id\":\"https:\/\/www.cwobel-ejendomme.dk\/bolig\/ledige-lejemaal\/storkoebenhavn\/oerestad-syd\/cobrahus\/#primaryimage\"},\"image\":{\"@id\":\"https:\/\/www.cwobel-ejendomme.dk\/bolig\/ledige-lejemaal\/storkoebenhavn\/oerestad-syd\/cobrahus\/#primaryimage\"},\"thumbnailUrl\":\"https:\/\/www.cwobel-ejendomme.dk\/bolig\/wp-content\/uploads\/sites\/2\/2024\/06\/Oerestad_syd_3.jpeg\",\"datePublished\":\"2022-09-07T07:28:25+00:00\",\"dateModified\":\"2025-11-05T13:31:40+00:00\",\"description\":\"Ledige lejeboliger i CobraHus, som best\u00e5r af 91 nye lejeboliger i \u00d8restad Syd \u2013 kun ti minutter v\u00e6k fra det centrale K\u00f8benhavn.\",\"breadcrumb\":{\"@id\":\"https:\/\/www.cwobel-ejendomme.dk\/bolig\/ledige-lejemaal\/storkoebenhavn\/oerestad-syd\/cobrahus\/#breadcrumb\"},\"inLanguage\":\"da-DK\",\"potentialAction\":[{\"@type\":\"ReadAction\",\"target\":[\"https:\/\/www.cwobel-ejendomme.dk\/bolig\/ledige-lejemaal\/storkoebenhavn\/oerestad-syd\/cobrahus\/\"]}]},{\"@type\":\"ImageObject\",\"inLanguage\":\"da-DK\",\"@id\":\"https:\/\/www.cwobel-ejendomme.dk\/bolig\/ledige-lejemaal\/storkoebenhavn\/oerestad-syd\/cobrahus\/#primaryimage\",\"url\":\"https:\/\/www.cwobel-ejendomme.dk\/bolig\/wp-content\/uploads\/sites\/2\/2024\/06\/Oerestad_syd_3.jpeg\",\"contentUrl\":\"https:\/\/www.cwobel-ejendomme.dk\/bolig\/wp-content\/uploads\/sites\/2\/2024\/06\/Oerestad_syd_3.jpeg\",\"width\":780,\"height\":780,\"caption\":\"Ledige lejeboliger i HeerupHave\"},{\"@type\":\"BreadcrumbList\",\"@id\":\"https:\/\/www.cwobel-ejendomme.dk\/bolig\/ledige-lejemaal\/storkoebenhavn\/oerestad-syd\/cobrahus\/#breadcrumb\",\"itemListElement\":[{\"@type\":\"ListItem\",\"position\":1,\"name\":\"Hjem\",\"item\":\"https:\/\/www.cwobel-ejendomme.dk\/bolig\/\"},{\"@type\":\"ListItem\",\"position\":2,\"name\":\"Ledige lejem\u00e5l\",\"item\":\"https:\/\/www.cwobel-ejendomme.dk\/bolig\/ledige-lejemaal\/\"},{\"@type\":\"ListItem\",\"position\":3,\"name\":\"Stork\u00f8benhavn\",\"item\":\"https:\/\/www.cwobel-ejendomme.dk\/bolig\/ledige-lejemaal\/storkoebenhavn\/\"},{\"@type\":\"ListItem\",\"position\":4,\"name\":\"\u00d8restad Syd\",\"item\":\"https:\/\/www.cwobel-ejendomme.dk\/bolig\/ledige-lejemaal\/storkoebenhavn\/oerestad-syd\/\"},{\"@type\":\"ListItem\",\"position\":5,\"name\":\"CobraHus\"}]},{\"@type\":\"WebSite\",\"@id\":\"https:\/\/www.cwobel-ejendomme.dk\/bolig\/#website\",\"url\":\"https:\/\/www.cwobel-ejendomme.dk\/bolig\/\",\"name\":\"C.W. Obel Ejendomme\",\"description\":\"C.W. Obel Ejendomme\",\"potentialAction\":[{\"@type\":\"SearchAction\",\"target\":{\"@type\":\"EntryPoint\",\"urlTemplate\":\"https:\/\/www.cwobel-ejendomme.dk\/bolig\/?s={search_term_string}\"},\"query-input\":{\"@type\":\"PropertyValueSpecification\",\"valueRequired\":true,\"valueName\":\"search_term_string\"}}],\"inLanguage\":\"da-DK\"}]}<\/script>\n<!-- \/ Yoast SEO Premium plugin. -->","yoast_head_json":{"title":"Ledige lejeboliger i CobraHus","description":"Ledige lejeboliger i CobraHus, som best\u00e5r af 91 nye lejeboliger i \u00d8restad Syd \u2013 kun ti minutter v\u00e6k fra det centrale K\u00f8benhavn.","robots":{"index":"index","follow":"follow","max-snippet":"max-snippet:-1","max-image-preview":"max-image-preview:large","max-video-preview":"max-video-preview:-1"},"canonical":"https:\/\/www.cwobel-ejendomme.dk\/bolig\/ledige-lejemaal\/storkoebenhavn\/oerestad-syd\/cobrahus\/","og_locale":"da_DK","og_type":"article","og_title":"CobraHus","og_description":"Ledige lejeboliger i CobraHus, som best\u00e5r af 91 nye lejeboliger i \u00d8restad Syd \u2013 kun ti minutter v\u00e6k fra det centrale K\u00f8benhavn.","og_url":"https:\/\/www.cwobel-ejendomme.dk\/bolig\/ledige-lejemaal\/storkoebenhavn\/oerestad-syd\/cobrahus\/","og_site_name":"C.W. Obel Ejendomme","article_modified_time":"2025-11-05T13:31:40+00:00","og_image":[{"width":780,"height":780,"url":"https:\/\/www.cwobel-ejendomme.dk\/bolig\/wp-content\/uploads\/sites\/2\/2024\/06\/Oerestad_syd_3.jpeg","type":"image\/jpeg"}],"twitter_card":"summary_large_image","twitter_misc":{"Estimeret l\u00e6setid":"7 minutter"},"schema":{"@context":"https:\/\/schema.org","@graph":[{"@type":"WebPage","@id":"https:\/\/www.cwobel-ejendomme.dk\/bolig\/ledige-lejemaal\/storkoebenhavn\/oerestad-syd\/cobrahus\/","url":"https:\/\/www.cwobel-ejendomme.dk\/bolig\/ledige-lejemaal\/storkoebenhavn\/oerestad-syd\/cobrahus\/","name":"Ledige lejeboliger i CobraHus","isPartOf":{"@id":"https:\/\/www.cwobel-ejendomme.dk\/bolig\/#website"},"primaryImageOfPage":{"@id":"https:\/\/www.cwobel-ejendomme.dk\/bolig\/ledige-lejemaal\/storkoebenhavn\/oerestad-syd\/cobrahus\/#primaryimage"},"image":{"@id":"https:\/\/www.cwobel-ejendomme.dk\/bolig\/ledige-lejemaal\/storkoebenhavn\/oerestad-syd\/cobrahus\/#primaryimage"},"thumbnailUrl":"https:\/\/www.cwobel-ejendomme.dk\/bolig\/wp-content\/uploads\/sites\/2\/2024\/06\/Oerestad_syd_3.jpeg","datePublished":"2022-09-07T07:28:25+00:00","dateModified":"2025-11-05T13:31:40+00:00","description":"Ledige lejeboliger i CobraHus, som best\u00e5r af 91 nye lejeboliger i \u00d8restad Syd \u2013 kun ti minutter v\u00e6k fra det centrale K\u00f8benhavn.","breadcrumb":{"@id":"https:\/\/www.cwobel-ejendomme.dk\/bolig\/ledige-lejemaal\/storkoebenhavn\/oerestad-syd\/cobrahus\/#breadcrumb"},"inLanguage":"da-DK","potentialAction":[{"@type":"ReadAction","target":["https:\/\/www.cwobel-ejendomme.dk\/bolig\/ledige-lejemaal\/storkoebenhavn\/oerestad-syd\/cobrahus\/"]}]},{"@type":"ImageObject","inLanguage":"da-DK","@id":"https:\/\/www.cwobel-ejendomme.dk\/bolig\/ledige-lejemaal\/storkoebenhavn\/oerestad-syd\/cobrahus\/#primaryimage","url":"https:\/\/www.cwobel-ejendomme.dk\/bolig\/wp-content\/uploads\/sites\/2\/2024\/06\/Oerestad_syd_3.jpeg","contentUrl":"https:\/\/www.cwobel-ejendomme.dk\/bolig\/wp-content\/uploads\/sites\/2\/2024\/06\/Oerestad_syd_3.jpeg","width":780,"height":780,"caption":"Ledige lejeboliger i HeerupHave"},{"@type":"BreadcrumbList","@id":"https:\/\/www.cwobel-ejendomme.dk\/bolig\/ledige-lejemaal\/storkoebenhavn\/oerestad-syd\/cobrahus\/#breadcrumb","itemListElement":[{"@type":"ListItem","position":1,"name":"Hjem","item":"https:\/\/www.cwobel-ejendomme.dk\/bolig\/"},{"@type":"ListItem","position":2,"name":"Ledige lejem\u00e5l","item":"https:\/\/www.cwobel-ejendomme.dk\/bolig\/ledige-lejemaal\/"},{"@type":"ListItem","position":3,"name":"Stork\u00f8benhavn","item":"https:\/\/www.cwobel-ejendomme.dk\/bolig\/ledige-lejemaal\/storkoebenhavn\/"},{"@type":"ListItem","position":4,"name":"\u00d8restad Syd","item":"https:\/\/www.cwobel-ejendomme.dk\/bolig\/ledige-lejemaal\/storkoebenhavn\/oerestad-syd\/"},{"@type":"ListItem","position":5,"name":"CobraHus"}]},{"@type":"WebSite","@id":"https:\/\/www.cwobel-ejendomme.dk\/bolig\/#website","url":"https:\/\/www.cwobel-ejendomme.dk\/bolig\/","name":"C.W. Obel Ejendomme","description":"C.W. Obel Ejendomme","potentialAction":[{"@type":"SearchAction","target":{"@type":"EntryPoint","urlTemplate":"https:\/\/www.cwobel-ejendomme.dk\/bolig\/?s={search_term_string}"},"query-input":{"@type":"PropertyValueSpecification","valueRequired":true,"valueName":"search_term_string"}}],"inLanguage":"da-DK"}]}},"acf":[],"_links":{"self":[{"href":"https:\/\/www.cwobel-ejendomme.dk\/bolig\/wp-json\/wp\/v2\/pages\/9652","targetHints":{"allow":["GET"]}}],"collection":[{"href":"https:\/\/www.cwobel-ejendomme.dk\/bolig\/wp-json\/wp\/v2\/pages"}],"about":[{"href":"https:\/\/www.cwobel-ejendomme.dk\/bolig\/wp-json\/wp\/v2\/types\/page"}],"author":[{"embeddable":true,"href":"https:\/\/www.cwobel-ejendomme.dk\/bolig\/wp-json\/wp\/v2\/users\/1"}],"replies":[{"embeddable":true,"href":"https:\/\/www.cwobel-ejendomme.dk\/bolig\/wp-json\/wp\/v2\/comments?post=9652"}],"version-history":[{"count":9,"href":"https:\/\/www.cwobel-ejendomme.dk\/bolig\/wp-json\/wp\/v2\/pages\/9652\/revisions"}],"predecessor-version":[{"id":25707,"href":"https:\/\/www.cwobel-ejendomme.dk\/bolig\/wp-json\/wp\/v2\/pages\/9652\/revisions\/25707"}],"up":[{"embeddable":true,"href":"https:\/\/www.cwobel-ejendomme.dk\/bolig\/wp-json\/wp\/v2\/pages\/1560"}],"wp:featuredmedia":[{"embeddable":true,"href":"https:\/\/www.cwobel-ejendomme.dk\/bolig\/wp-json\/wp\/v2\/media\/19796"}],"wp:attachment":[{"href":"https:\/\/www.cwobel-ejendomme.dk\/bolig\/wp-json\/wp\/v2\/media?parent=9652"}],"curies":[{"name":"wp","href":"https:\/\/api.w.org\/{rel}","templated":true}]}}