{"id":46,"date":"2022-05-05T14:22:12","date_gmt":"2022-05-05T12:22:12","guid":{"rendered":"https:\/\/www.cwobel-ejendomme.dk\/bolig\/?page_id=46"},"modified":"2025-12-18T10:49:30","modified_gmt":"2025-12-18T09:49:30","slug":"vaerd-at-vide-som-lejer","status":"publish","type":"page","link":"https:\/\/www.cwobel-ejendomme.dk\/bolig\/vaerd-at-vide-som-lejer\/","title":{"rendered":"V\u00e6rd at vide som lejer"},"content":{"rendered":"<h1>V\u00e6rd at vide som lejer<\/h1>\n<p>Her kan du finde oplysninger, som er er v\u00e6rd at vide som boliglejer hos C.W. Obel Ejendomme.<\/p>\n<p><a title=\"\" href=\"https:\/\/www.cwobel-ejendomme.dk\/bolig\/worth-knowing-as-a-tenant\/\" target=\"_blank\" rel=\"noopener\">For information in english click here<\/a><\/p>\n<p><a title=\"\" href=\"https:\/\/www.cwobel-ejendomme.dk\/bolig\/vaerd-at-vide-som-lejer\/afkalk-toilet\/\"><img decoding=\"async\" src=\"https:\/\/www.cwobel-ejendomme.dk\/bolig\/wp-content\/uploads\/sites\/2\/2024\/06\/Rob_toilet-1_CobraHave-sqaure-scaled-copy.jpg\" alt=\"\" \/><\/a><\/p>\n<h4><a href=\"https:\/\/www.cwobel-ejendomme.dk\/bolig\/vaerd-at-vide-som-lejer\/afkalk-toilet\/\">Afkalk toilet<\/a><\/h4>\n<p><a title=\"\" href=\"\/bolig\/vaerd-at-vide-som-lejer\/beboerrepraesentation\/\"><img decoding=\"async\" src=\"https:\/\/www.cwobel-ejendomme.dk\/bolig\/wp-content\/uploads\/sites\/2\/2022\/05\/Beboerresraesentantioner_800x800px.jpg\" alt=\"Beboerresraesentantioner\" \/><\/a><\/p>\n<h4><a href=\"\/bolig\/beboerrepraesentation\/\">Beboerrepr\u00e6sentation<\/a><\/h4>\n<p><a title=\"\" href=\"\/bolig\/vaerd-at-vide-som-lejer\/el-ladestander\/\"><img decoding=\"async\" src=\"https:\/\/www.cwobel-ejendomme.dk\/bolig\/wp-content\/uploads\/sites\/2\/2022\/05\/el-ladestandere_800x800px.jpg\" alt=\"el-ladestandere\" \/><\/a><\/p>\n<h4><a href=\"\/bolig\/el-ladestander\/\">El-ladestandere<\/a><\/h4>\n<p><a title=\"\" href=\"\/bolig\/vaerd-at-vide-som-lejer\/fraflytning\/\"><img decoding=\"async\" src=\"https:\/\/www.cwobel-ejendomme.dk\/bolig\/wp-content\/uploads\/sites\/2\/2022\/05\/Fraflytning_800x800px.jpg\" alt=\"Fraflytning\" \/><\/a><\/p>\n<h4><a href=\"\/bolig\/fraflytning\/\">Fraflytning<\/a><\/h4>\n<p><a title=\"\" href=\"\/bolig\/vaerd-at-vide-som-lejer\/faellesfaciliteter\/\"><img decoding=\"async\" src=\"https:\/\/www.cwobel-ejendomme.dk\/bolig\/wp-content\/uploads\/sites\/2\/2023\/08\/Teglvaerkskajen_Faelleslokale-1.jpg\" alt=\"F\u00e6llesfaciliteter\" \/><\/a><\/p>\n<h4><a href=\"\/bolig\/faellesfaciliteter\/\">F\u00e6llesfaciliteter<\/a><\/h4>\n<p><a title=\"\" href=\"\/bolig\/vaerd-at-vide-som-lejer\/fremleje\/\"><img decoding=\"async\" src=\"https:\/\/www.cwobel-ejendomme.dk\/bolig\/wp-content\/uploads\/sites\/2\/2022\/06\/fremleje_800x800px.jpg\" alt=\"V\u00e6rd at vide Fremleje\" \/><\/a><\/p>\n<h4><a href=\"\/bolig\/fremleje\/\">Fremleje<\/a><\/h4>\n<p><a title=\"\" href=\"\/bolig\/vaerd-at-vide-som-lejer\/husdyr\/\"><img decoding=\"async\" src=\"https:\/\/www.cwobel-ejendomme.dk\/bolig\/wp-content\/uploads\/sites\/2\/2022\/05\/Husdyr_800x800px.jpg\" alt=\"Husdyr\" \/><\/a><\/p>\n<h4><a href=\"\/bolig\/vaerd-at-vide-som-lejer\/husdyr\/\">Husdyr<\/a><\/h4>\n<p><a title=\"\" href=\"\/bolig\/vaerd-at-vide-som-lejer\/husleje\/\"><img decoding=\"async\" src=\"https:\/\/www.cwobel-ejendomme.dk\/bolig\/wp-content\/uploads\/sites\/2\/2022\/05\/Husleje_800x800px.jpg\" alt=\"\" \/><\/a><\/p>\n<h4><a href=\"\/bolig\/vaerd-at-vide-som-lejer\/husleje\/\">Husleje<\/a><\/h4>\n<p><a title=\"\" href=\"\/bolig\/indflytning\/\"><img decoding=\"async\" src=\"https:\/\/www.cwobel-ejendomme.dk\/bolig\/wp-content\/uploads\/sites\/2\/2022\/05\/Indflytning_v2.jpg\" alt=\"Indflytning\" \/><\/a><\/p>\n<h4><a href=\"\/bolig\/indflytning\/\">Indflytning<\/a><\/h4>\n<p><a title=\"\" href=\"\/bolig\/vaerd-at-vide-som-lejer\/noegler\/\"><img decoding=\"async\" src=\"https:\/\/www.cwobel-ejendomme.dk\/bolig\/wp-content\/uploads\/sites\/2\/2022\/06\/noegler_800x800px_v2.jpg\" alt=\"\" \/><\/a><\/p>\n<h4><a href=\"\/bolig\/noegler\/\">N\u00f8gler<\/a><\/h4>\n<p><a title=\"\" href=\"\/bolig\/vaerd-at-vide-som-lejer\/opsigelse\/\"><img decoding=\"async\" src=\"https:\/\/www.cwobel-ejendomme.dk\/bolig\/wp-content\/uploads\/sites\/2\/2022\/05\/Opsigelse_800x800px.jpg\" alt=\"\" \/><\/a><\/p>\n<h4><a href=\"\/bolig\/opsigelse\/\">Opsigelse<\/a><\/h4>\n<p><a title=\"\" href=\"\/bolig\/vaerd-at-vide-som-lejer\/parkering\/\"><img decoding=\"async\" src=\"https:\/\/www.cwobel-ejendomme.dk\/bolig\/wp-content\/uploads\/sites\/2\/2022\/05\/Parkering_800x800px.jpg\" alt=\"Parkering\" \/><\/a><\/p>\n<h4><a href=\"\/bolig\/parkering\/\">Parkering<\/a><\/h4>\n<p><a title=\"\" href=\"https:\/\/www.cwobel-ejendomme.dk\/bolig\/vaerd-at-vide-som-lejer\/rens-af-afloeb\/\"><img decoding=\"async\" src=\"https:\/\/www.cwobel-ejendomme.dk\/bolig\/wp-content\/uploads\/sites\/2\/2024\/06\/kasper-drain.jpg\" alt=\"\" \/><\/a><\/p>\n<h4><a href=\"https:\/\/www.cwobel-ejendomme.dk\/bolig\/vaerd-at-vide-som-lejer\/rens-af-afloeb\/\">Rens af afl\u00f8b<\/a><\/h4>\n<p><a title=\"\" href=\"\/bolig\/vaerd-at-vide-som-lejer\/rensning-af-opvaskemaskine\/\"><img decoding=\"async\" src=\"https:\/\/www.cwobel-ejendomme.dk\/bolig\/wp-content\/uploads\/sites\/2\/2024\/06\/Rob_opvaskemaskine_CobraHave-square-scaled-copy.jpg\" alt=\"\" \/><\/a><\/p>\n<h4><a href=\"http:\/\/cwobel-ejendomme.dk\/bolig\/vaerd-at-vide-som-lejer\/rensning-af-opvaskemaskine\/\">Rens af opvaskemaskine<\/a><\/h4>\n<p><a title=\"\" href=\"https:\/\/www.cwobel-ejendomme.dk\/bolig\/vaerd-at-vide-som-lejer\/rensning-af-vaskemaskine\/\"><img decoding=\"async\" src=\"https:\/\/www.cwobel-ejendomme.dk\/bolig\/wp-content\/uploads\/sites\/2\/2024\/06\/Kasper_vaskemaskine_CobraHave-sqaure-scaled-copy.jpg\" alt=\"\" \/><\/a><\/p>\n<h4><a href=\"https:\/\/www.cwobel-ejendomme.dk\/bolig\/vaerd-at-vide-som-lejer\/rensning-af-vaskemaskine\/\">Rens af vaskemaskine<\/a><\/h4>\n<p><a title=\"\" href=\"\/bolig\/vaerd-at-vide-som-lejer\/rygning\/\"><img decoding=\"async\" src=\"https:\/\/www.cwobel-ejendomme.dk\/bolig\/wp-content\/uploads\/sites\/2\/2022\/05\/Rygning_800x800px.jpg\" alt=\"Rygning\" \/><\/a><\/p>\n<h4><a href=\"\/bolig\/rygning\/\">Rygning<\/a><\/h4>\n<p><a title=\"\" href=\"\/bolig\/vaerd-at-vide-som-lejer\/stoj-og-fester\/\"><img decoding=\"async\" src=\"https:\/\/www.cwobel-ejendomme.dk\/bolig\/wp-content\/uploads\/sites\/2\/2022\/05\/stoejogfester_800x800px.jpg\" alt=\"St\u00f8j og fester\" \/><\/a><\/p>\n<h4><a href=\"\/bolig\/stoj-og-fester\/\">St\u00f8j og fester<\/a><\/h4>\n<p><a title=\"\" href=\"\/bolig\/vaerd-at-vide-som-lejer\/vedligeholdelse\/\"><img decoding=\"async\" src=\"https:\/\/www.cwobel-ejendomme.dk\/bolig\/wp-content\/uploads\/sites\/2\/2022\/08\/Vedligeholdelse_800x800.jpg\" alt=\"Vedligeholdelse\" \/><\/a><\/p>\n<h4><a href=\"\/bolig\/vaerd-at-vide-som-lejer\/vedligeholdelse\/\">Vedligeholdelse<\/a><\/h4>\n<p>Vil du have r\u00e5d og information til, hvordan du f\u00e5r mest muligt ud af din bolig? S\u00e5 l\u00e6s med her.<\/p>\n<p><a title=\"\" href=\"\/bolig\/inspiration\/\">Gode r\u00e5d til boligen<\/a><\/p>\n<h2>Mangler du inspiration til indretningen?<\/h2>\n<p>Mangler du inspiration til indretningen af din lejelejlighed? P\u00e5 vores <a href=\"\/bolig\/inspiration\/\">inspirationside<\/a>\u00a0kan du l\u00e6se gode r\u00e5d om alt fra\u00a0<a href=\"\/bolig\/inspiration\/indretning-af-din-altan\/\">indretningen af din altan<\/a>\u00a0til praktisk information, om\u00a0<a href=\"\/bolig\/inspiration\/opsigelse-af-lejemaal\/\">opsigelse af dit lejem\u00e5l<\/a>, hvis du er lejer hos os.<\/p>\n<p>Hvis du vil vide mere om C.W. Obel Ejendommes ledige lejligheder i Stork\u00f8benhavn og Aalborg, er du altid velkommen til at kontakte os p\u00e5 33 33 92 92 eller p\u00e5 <a href=\"mailto:bolig@cwobel.dk\">bolig@cwobel.dk<\/a>.<\/p>\n<p>Vi ser frem til at h\u00f8re fra dig.<\/p>\n<h4>Perfekt beliggenhed<\/h4>\n<p>\u201cJeg er enormt glad for vores lejlighed, som har en perfekt beliggenhed. Jeg bor her med mine to store unger p\u00e5 20 og 21, som begge studerer i K\u00f8benhavn. Vi er rigtig glade for at bo her og faldt hurtigt til rette i lejligheden, som har en optimal rumfordeling. Det er desuden t\u00e6t p\u00e5 b\u00e5de by, studie og natur, hvilket er noget, vi alle tre v\u00e6rds\u00e6tter h\u00f8jt.\u201d<\/p>\n<p>Jan, 61 \u00e5r Trekronergade124<\/p>\n<h2>Beboerne er tilfredse<\/h2>\n<p>85 % er tilfredse med deres bolig. Vil du vide hvorfor?<\/p>\n<p>Dyk ned i vores seneste beboertilfredshedsunders\u00f8gelse og se, hvad vores beboere mener om at bo hos os.<\/p>\n<p><a title=\"\" href=\"\/bolig\/beboertilfredshed\/\">SE UNDERS\u00d8GELSEN<\/a><\/p>\n","protected":false},"excerpt":{"rendered":"<p>V\u00e6rd at vide som lejer Her kan du finde oplysninger, som er er v\u00e6rd at vide som boliglejer<span class=\"excerpt-hellip\"> [\u2026]<\/span><\/p>\n","protected":false},"author":1,"featured_media":19805,"parent":0,"menu_order":0,"comment_status":"closed","ping_status":"closed","template":"","meta":{"_acf_changed":false,"footnotes":""},"class_list":["post-46","page","type-page","status-publish","has-post-thumbnail","hentry"],"yoast_head":"<!-- This site is optimized with the Yoast SEO Premium plugin v25.3.1 (Yoast SEO v25.3.1) - https:\/\/yoast.com\/wordpress\/plugins\/seo\/ -->\n<title>Hvad skal du vide som lejer?<\/title>\n<meta name=\"description\" content=\"Hvad skal du vide som lejer? Her kan du finde alle oplysninger, som er er v\u00e6rd at vide som boliglejer i en bolig hos C.W. Obel Ejendomme.\" \/>\n<meta name=\"robots\" content=\"index, follow, max-snippet:-1, max-image-preview:large, max-video-preview:-1\" \/>\n<link rel=\"canonical\" href=\"https:\/\/www.cwobel-ejendomme.dk\/bolig\/vaerd-at-vide-som-lejer\/\" \/>\n<meta property=\"og:locale\" content=\"da_DK\" \/>\n<meta property=\"og:type\" content=\"article\" \/>\n<meta property=\"og:title\" content=\"V\u00e6rd at vide som lejer\" \/>\n<meta property=\"og:description\" content=\"Hvad skal du vide som lejer? Her kan du finde alle oplysninger, som er er v\u00e6rd at vide som boliglejer i en bolig hos C.W. Obel Ejendomme.\" \/>\n<meta property=\"og:url\" content=\"https:\/\/www.cwobel-ejendomme.dk\/bolig\/vaerd-at-vide-som-lejer\/\" \/>\n<meta property=\"og:site_name\" content=\"C.W. Obel Ejendomme\" \/>\n<meta property=\"article:modified_time\" content=\"2025-12-18T09:49:30+00:00\" \/>\n<meta property=\"og:image\" content=\"https:\/\/www.cwobel-ejendomme.dk\/bolig\/wp-content\/uploads\/sites\/2\/2024\/06\/vaerd-at-vide.jpeg\" \/>\n\t<meta property=\"og:image:width\" content=\"800\" \/>\n\t<meta property=\"og:image:height\" content=\"800\" \/>\n\t<meta property=\"og:image:type\" content=\"image\/jpeg\" \/>\n<meta name=\"twitter:card\" content=\"summary_large_image\" \/>\n<meta name=\"twitter:label1\" content=\"Estimeret l\u00e6setid\" \/>\n\t<meta name=\"twitter:data1\" content=\"6 minutter\" \/>\n<script type=\"application\/ld+json\" class=\"yoast-schema-graph\">{\"@context\":\"https:\/\/schema.org\",\"@graph\":[{\"@type\":\"WebPage\",\"@id\":\"https:\/\/www.cwobel-ejendomme.dk\/bolig\/vaerd-at-vide-som-lejer\/\",\"url\":\"https:\/\/www.cwobel-ejendomme.dk\/bolig\/vaerd-at-vide-som-lejer\/\",\"name\":\"Hvad skal du vide som lejer?\",\"isPartOf\":{\"@id\":\"https:\/\/www.cwobel-ejendomme.dk\/bolig\/#website\"},\"primaryImageOfPage\":{\"@id\":\"https:\/\/www.cwobel-ejendomme.dk\/bolig\/vaerd-at-vide-som-lejer\/#primaryimage\"},\"image\":{\"@id\":\"https:\/\/www.cwobel-ejendomme.dk\/bolig\/vaerd-at-vide-som-lejer\/#primaryimage\"},\"thumbnailUrl\":\"https:\/\/www.cwobel-ejendomme.dk\/bolig\/wp-content\/uploads\/sites\/2\/2024\/06\/vaerd-at-vide.jpeg\",\"datePublished\":\"2022-05-05T12:22:12+00:00\",\"dateModified\":\"2025-12-18T09:49:30+00:00\",\"description\":\"Hvad skal du vide som lejer? Her kan du finde alle oplysninger, som er er v\u00e6rd at vide som boliglejer i en bolig hos C.W. Obel Ejendomme.\",\"breadcrumb\":{\"@id\":\"https:\/\/www.cwobel-ejendomme.dk\/bolig\/vaerd-at-vide-som-lejer\/#breadcrumb\"},\"inLanguage\":\"da-DK\",\"potentialAction\":[{\"@type\":\"ReadAction\",\"target\":[\"https:\/\/www.cwobel-ejendomme.dk\/bolig\/vaerd-at-vide-som-lejer\/\"]}]},{\"@type\":\"ImageObject\",\"inLanguage\":\"da-DK\",\"@id\":\"https:\/\/www.cwobel-ejendomme.dk\/bolig\/vaerd-at-vide-som-lejer\/#primaryimage\",\"url\":\"https:\/\/www.cwobel-ejendomme.dk\/bolig\/wp-content\/uploads\/sites\/2\/2024\/06\/vaerd-at-vide.jpeg\",\"contentUrl\":\"https:\/\/www.cwobel-ejendomme.dk\/bolig\/wp-content\/uploads\/sites\/2\/2024\/06\/vaerd-at-vide.jpeg\",\"width\":800,\"height\":800,\"caption\":\"Service p\u00e5 ejendommene\"},{\"@type\":\"BreadcrumbList\",\"@id\":\"https:\/\/www.cwobel-ejendomme.dk\/bolig\/vaerd-at-vide-som-lejer\/#breadcrumb\",\"itemListElement\":[{\"@type\":\"ListItem\",\"position\":1,\"name\":\"Hjem\",\"item\":\"https:\/\/www.cwobel-ejendomme.dk\/bolig\/\"},{\"@type\":\"ListItem\",\"position\":2,\"name\":\"V\u00e6rd at vide som lejer\"}]},{\"@type\":\"WebSite\",\"@id\":\"https:\/\/www.cwobel-ejendomme.dk\/bolig\/#website\",\"url\":\"https:\/\/www.cwobel-ejendomme.dk\/bolig\/\",\"name\":\"C.W. Obel Ejendomme\",\"description\":\"C.W. Obel Ejendomme\",\"potentialAction\":[{\"@type\":\"SearchAction\",\"target\":{\"@type\":\"EntryPoint\",\"urlTemplate\":\"https:\/\/www.cwobel-ejendomme.dk\/bolig\/?s={search_term_string}\"},\"query-input\":{\"@type\":\"PropertyValueSpecification\",\"valueRequired\":true,\"valueName\":\"search_term_string\"}}],\"inLanguage\":\"da-DK\"}]}<\/script>\n<!-- \/ Yoast SEO Premium plugin. -->","yoast_head_json":{"title":"Hvad skal du vide som lejer?","description":"Hvad skal du vide som lejer? Her kan du finde alle oplysninger, som er er v\u00e6rd at vide som boliglejer i en bolig hos C.W. Obel Ejendomme.","robots":{"index":"index","follow":"follow","max-snippet":"max-snippet:-1","max-image-preview":"max-image-preview:large","max-video-preview":"max-video-preview:-1"},"canonical":"https:\/\/www.cwobel-ejendomme.dk\/bolig\/vaerd-at-vide-som-lejer\/","og_locale":"da_DK","og_type":"article","og_title":"V\u00e6rd at vide som lejer","og_description":"Hvad skal du vide som lejer? Her kan du finde alle oplysninger, som er er v\u00e6rd at vide som boliglejer i en bolig hos C.W. Obel Ejendomme.","og_url":"https:\/\/www.cwobel-ejendomme.dk\/bolig\/vaerd-at-vide-som-lejer\/","og_site_name":"C.W. Obel Ejendomme","article_modified_time":"2025-12-18T09:49:30+00:00","og_image":[{"width":800,"height":800,"url":"https:\/\/www.cwobel-ejendomme.dk\/bolig\/wp-content\/uploads\/sites\/2\/2024\/06\/vaerd-at-vide.jpeg","type":"image\/jpeg"}],"twitter_card":"summary_large_image","twitter_misc":{"Estimeret l\u00e6setid":"6 minutter"},"schema":{"@context":"https:\/\/schema.org","@graph":[{"@type":"WebPage","@id":"https:\/\/www.cwobel-ejendomme.dk\/bolig\/vaerd-at-vide-som-lejer\/","url":"https:\/\/www.cwobel-ejendomme.dk\/bolig\/vaerd-at-vide-som-lejer\/","name":"Hvad skal du vide som lejer?","isPartOf":{"@id":"https:\/\/www.cwobel-ejendomme.dk\/bolig\/#website"},"primaryImageOfPage":{"@id":"https:\/\/www.cwobel-ejendomme.dk\/bolig\/vaerd-at-vide-som-lejer\/#primaryimage"},"image":{"@id":"https:\/\/www.cwobel-ejendomme.dk\/bolig\/vaerd-at-vide-som-lejer\/#primaryimage"},"thumbnailUrl":"https:\/\/www.cwobel-ejendomme.dk\/bolig\/wp-content\/uploads\/sites\/2\/2024\/06\/vaerd-at-vide.jpeg","datePublished":"2022-05-05T12:22:12+00:00","dateModified":"2025-12-18T09:49:30+00:00","description":"Hvad skal du vide som lejer? Her kan du finde alle oplysninger, som er er v\u00e6rd at vide som boliglejer i en bolig hos C.W. Obel Ejendomme.","breadcrumb":{"@id":"https:\/\/www.cwobel-ejendomme.dk\/bolig\/vaerd-at-vide-som-lejer\/#breadcrumb"},"inLanguage":"da-DK","potentialAction":[{"@type":"ReadAction","target":["https:\/\/www.cwobel-ejendomme.dk\/bolig\/vaerd-at-vide-som-lejer\/"]}]},{"@type":"ImageObject","inLanguage":"da-DK","@id":"https:\/\/www.cwobel-ejendomme.dk\/bolig\/vaerd-at-vide-som-lejer\/#primaryimage","url":"https:\/\/www.cwobel-ejendomme.dk\/bolig\/wp-content\/uploads\/sites\/2\/2024\/06\/vaerd-at-vide.jpeg","contentUrl":"https:\/\/www.cwobel-ejendomme.dk\/bolig\/wp-content\/uploads\/sites\/2\/2024\/06\/vaerd-at-vide.jpeg","width":800,"height":800,"caption":"Service p\u00e5 ejendommene"},{"@type":"BreadcrumbList","@id":"https:\/\/www.cwobel-ejendomme.dk\/bolig\/vaerd-at-vide-som-lejer\/#breadcrumb","itemListElement":[{"@type":"ListItem","position":1,"name":"Hjem","item":"https:\/\/www.cwobel-ejendomme.dk\/bolig\/"},{"@type":"ListItem","position":2,"name":"V\u00e6rd at vide som lejer"}]},{"@type":"WebSite","@id":"https:\/\/www.cwobel-ejendomme.dk\/bolig\/#website","url":"https:\/\/www.cwobel-ejendomme.dk\/bolig\/","name":"C.W. Obel Ejendomme","description":"C.W. Obel Ejendomme","potentialAction":[{"@type":"SearchAction","target":{"@type":"EntryPoint","urlTemplate":"https:\/\/www.cwobel-ejendomme.dk\/bolig\/?s={search_term_string}"},"query-input":{"@type":"PropertyValueSpecification","valueRequired":true,"valueName":"search_term_string"}}],"inLanguage":"da-DK"}]}},"acf":[],"_links":{"self":[{"href":"https:\/\/www.cwobel-ejendomme.dk\/bolig\/wp-json\/wp\/v2\/pages\/46","targetHints":{"allow":["GET"]}}],"collection":[{"href":"https:\/\/www.cwobel-ejendomme.dk\/bolig\/wp-json\/wp\/v2\/pages"}],"about":[{"href":"https:\/\/www.cwobel-ejendomme.dk\/bolig\/wp-json\/wp\/v2\/types\/page"}],"author":[{"embeddable":true,"href":"https:\/\/www.cwobel-ejendomme.dk\/bolig\/wp-json\/wp\/v2\/users\/1"}],"replies":[{"embeddable":true,"href":"https:\/\/www.cwobel-ejendomme.dk\/bolig\/wp-json\/wp\/v2\/comments?post=46"}],"version-history":[{"count":8,"href":"https:\/\/www.cwobel-ejendomme.dk\/bolig\/wp-json\/wp\/v2\/pages\/46\/revisions"}],"predecessor-version":[{"id":25844,"href":"https:\/\/www.cwobel-ejendomme.dk\/bolig\/wp-json\/wp\/v2\/pages\/46\/revisions\/25844"}],"wp:featuredmedia":[{"embeddable":true,"href":"https:\/\/www.cwobel-ejendomme.dk\/bolig\/wp-json\/wp\/v2\/media\/19805"}],"wp:attachment":[{"href":"https:\/\/www.cwobel-ejendomme.dk\/bolig\/wp-json\/wp\/v2\/media?parent=46"}],"curies":[{"name":"wp","href":"https:\/\/api.w.org\/{rel}","templated":true}]}}