{"id":380,"date":"2022-06-14T15:41:32","date_gmt":"2022-06-14T13:41:32","guid":{"rendered":"https:\/\/www.cwobel-ejendomme.dk\/bolig\/?page_id=380"},"modified":"2026-02-24T10:41:21","modified_gmt":"2026-02-24T09:41:21","slug":"opsigelse","status":"publish","type":"page","link":"https:\/\/www.cwobel-ejendomme.dk\/bolig\/vaerd-at-vide-som-lejer\/opsigelse\/","title":{"rendered":"Opsigelse"},"content":{"rendered":"\n<p><br><br><br>&nbsp; <br>Du har l\u00f8bende m\u00e5ned + 3 m\u00e5neders opsigelse af lejem\u00e5let, og du skal betale husleje i hele opsigelsesperioden.&nbsp; <br>S\u00e5fremt du \u00f8nsker at fraflytte lejem\u00e5let tidligere, skal du oplyse os herom i din opsigelse, hvorefter vi vil fors\u00f8ge at udleje lejem\u00e5let tidligere. <br>Opsigelsen skal sendes skriftligt ved brug af nedenst\u00e5ende blanket eller ved at sende en mail til <a href=\"mailto:bolig@cwobel.dk\">bolig@cwobel.dk.<\/a> <br>S\u00e5fremt der fremg\u00e5r flere parter p\u00e5 lejekontrakten,&nbsp;SKAL&nbsp;alle parter fremg\u00e5 p\u00e5 opsigelsen. Sendes opsigelsen pr. mail, skal de fremg\u00e5 som cc. <br>Opsigelsen er g\u00e6ldende fra den 1. i den efterf\u00f8lgende m\u00e5ned. <br>Fremvisning af lejem\u00e5let til potentielle lejere <br>Du har i din opsigelsesperiode pligt til at fremvise boligen til potentielle lejere, s\u00e5ledes vi s\u00e5 vidt muligt undg\u00e5r en tomgangsperiode. Tidspunkter for fremvisninger sker efter aftale med dig. <br>Fraflytning af lejem\u00e5let <br>Som det fremg\u00e5r af lejekontraktens \u00a7 11 skal du fraflytte lejem\u00e5let f\u00f8r lejeperiodens oph\u00f8r, s\u00e5ledes lejligheden kan blive istandsat i henhold til den indg\u00e5ede lejekontrakt. Du betaler fortsat husleje i den periode. Det er uanset, om du selv v\u00e6lger at istands\u00e6tte boligen. \u00c5rsagen til det er, at vi skal have mulighed for at besigtige og godkende det udf\u00f8rte arbejde, f\u00f8r ny lejer flytter ind i lejem\u00e5let. <br>L\u00e6s om det videre forl\u00f8b under <a href=\"\/bolig\/vaerd-at-vide-som-lejer\/fraflytning\/\">fraflytning af lejem\u00e5let.<\/a><br><br><a href=\"https:\/\/app.penneo.com\/public\/form\/HFZEH-FWSDG-8D3XX-J6UCK-TEQ2Y-H8LNE\/U4MXC-PJQAI-IEJH4-WGVKG-GXV43-P6F7F?group=Opsigelse_og_fraflytning\" target=\"_blank\" rel=\"noopener\">Udfyld blanketten ved opsigelse af lejem\u00e5l<\/a><br><br>Tilbage til oversigt<br><a href=\"\/bolig\/vaerd-at-vide-som-lejer\/\">\/bolig\/vaerd-at-vide-som-lejer\/<\/a><br><br><br><\/p>\n","protected":false},"excerpt":{"rendered":"<p>&nbsp; Du har l\u00f8bende m\u00e5ned + 3 m\u00e5neders opsigelse af lejem\u00e5let, og du skal betale husleje i hele<span class=\"excerpt-hellip\"> [\u2026]<\/span><\/p>\n","protected":false},"author":7,"featured_media":19819,"parent":46,"menu_order":0,"comment_status":"closed","ping_status":"closed","template":"","meta":{"_acf_changed":false,"footnotes":""},"class_list":["post-380","page","type-page","status-publish","has-post-thumbnail","hentry"],"yoast_head":"<!-- This site is optimized with the Yoast SEO Premium plugin v25.3.1 (Yoast SEO v25.3.1) - https:\/\/yoast.com\/wordpress\/plugins\/seo\/ -->\n<title>Regler om opsigelse<\/title>\n<meta name=\"description\" content=\"Regler om opsigelse. Du har l\u00f8bende m\u00e5ned +3 m\u00e5neders opsigelse af lejem\u00e5let og skal betale husleje i opsigelsesperioden.\" \/>\n<meta name=\"robots\" content=\"index, follow, max-snippet:-1, max-image-preview:large, max-video-preview:-1\" \/>\n<link rel=\"canonical\" href=\"https:\/\/www.cwobel-ejendomme.dk\/bolig\/vaerd-at-vide-som-lejer\/opsigelse\/\" \/>\n<meta property=\"og:locale\" content=\"da_DK\" \/>\n<meta property=\"og:type\" content=\"article\" \/>\n<meta property=\"og:title\" content=\"Opsigelse\" \/>\n<meta property=\"og:description\" content=\"Regler om opsigelse. Du har l\u00f8bende m\u00e5ned +3 m\u00e5neders opsigelse af lejem\u00e5let og skal betale husleje i opsigelsesperioden.\" \/>\n<meta property=\"og:url\" content=\"https:\/\/www.cwobel-ejendomme.dk\/bolig\/vaerd-at-vide-som-lejer\/opsigelse\/\" \/>\n<meta property=\"og:site_name\" content=\"C.W. Obel Ejendomme\" \/>\n<meta property=\"article:modified_time\" content=\"2026-02-24T09:41:21+00:00\" \/>\n<meta property=\"og:image\" content=\"https:\/\/www.cwobel-ejendomme.dk\/bolig\/wp-content\/uploads\/sites\/2\/2024\/06\/Opsigelse.jpeg\" \/>\n\t<meta property=\"og:image:width\" content=\"800\" \/>\n\t<meta property=\"og:image:height\" content=\"444\" \/>\n\t<meta property=\"og:image:type\" content=\"image\/jpeg\" \/>\n<meta name=\"twitter:card\" content=\"summary_large_image\" \/>\n<meta name=\"twitter:label1\" content=\"Estimeret l\u00e6setid\" \/>\n\t<meta name=\"twitter:data1\" content=\"2 minutter\" \/>\n<script type=\"application\/ld+json\" class=\"yoast-schema-graph\">{\"@context\":\"https:\/\/schema.org\",\"@graph\":[{\"@type\":\"WebPage\",\"@id\":\"https:\/\/www.cwobel-ejendomme.dk\/bolig\/vaerd-at-vide-som-lejer\/opsigelse\/\",\"url\":\"https:\/\/www.cwobel-ejendomme.dk\/bolig\/vaerd-at-vide-som-lejer\/opsigelse\/\",\"name\":\"Regler om opsigelse\",\"isPartOf\":{\"@id\":\"https:\/\/www.cwobel-ejendomme.dk\/bolig\/#website\"},\"primaryImageOfPage\":{\"@id\":\"https:\/\/www.cwobel-ejendomme.dk\/bolig\/vaerd-at-vide-som-lejer\/opsigelse\/#primaryimage\"},\"image\":{\"@id\":\"https:\/\/www.cwobel-ejendomme.dk\/bolig\/vaerd-at-vide-som-lejer\/opsigelse\/#primaryimage\"},\"thumbnailUrl\":\"https:\/\/www.cwobel-ejendomme.dk\/bolig\/wp-content\/uploads\/sites\/2\/2024\/06\/Opsigelse.jpeg\",\"datePublished\":\"2022-06-14T13:41:32+00:00\",\"dateModified\":\"2026-02-24T09:41:21+00:00\",\"description\":\"Regler om opsigelse. Du har l\u00f8bende m\u00e5ned +3 m\u00e5neders opsigelse af lejem\u00e5let og skal betale husleje i opsigelsesperioden.\",\"breadcrumb\":{\"@id\":\"https:\/\/www.cwobel-ejendomme.dk\/bolig\/vaerd-at-vide-som-lejer\/opsigelse\/#breadcrumb\"},\"inLanguage\":\"da-DK\",\"potentialAction\":[{\"@type\":\"ReadAction\",\"target\":[\"https:\/\/www.cwobel-ejendomme.dk\/bolig\/vaerd-at-vide-som-lejer\/opsigelse\/\"]}]},{\"@type\":\"ImageObject\",\"inLanguage\":\"da-DK\",\"@id\":\"https:\/\/www.cwobel-ejendomme.dk\/bolig\/vaerd-at-vide-som-lejer\/opsigelse\/#primaryimage\",\"url\":\"https:\/\/www.cwobel-ejendomme.dk\/bolig\/wp-content\/uploads\/sites\/2\/2024\/06\/Opsigelse.jpeg\",\"contentUrl\":\"https:\/\/www.cwobel-ejendomme.dk\/bolig\/wp-content\/uploads\/sites\/2\/2024\/06\/Opsigelse.jpeg\",\"width\":800,\"height\":444,\"caption\":\"Opsigelse\"},{\"@type\":\"BreadcrumbList\",\"@id\":\"https:\/\/www.cwobel-ejendomme.dk\/bolig\/vaerd-at-vide-som-lejer\/opsigelse\/#breadcrumb\",\"itemListElement\":[{\"@type\":\"ListItem\",\"position\":1,\"name\":\"Hjem\",\"item\":\"https:\/\/www.cwobel-ejendomme.dk\/bolig\/\"},{\"@type\":\"ListItem\",\"position\":2,\"name\":\"V\u00e6rd at vide som lejer\",\"item\":\"https:\/\/www.cwobel-ejendomme.dk\/bolig\/vaerd-at-vide-som-lejer\/\"},{\"@type\":\"ListItem\",\"position\":3,\"name\":\"Opsigelse\"}]},{\"@type\":\"WebSite\",\"@id\":\"https:\/\/www.cwobel-ejendomme.dk\/bolig\/#website\",\"url\":\"https:\/\/www.cwobel-ejendomme.dk\/bolig\/\",\"name\":\"C.W. Obel Ejendomme\",\"description\":\"C.W. Obel Ejendomme\",\"potentialAction\":[{\"@type\":\"SearchAction\",\"target\":{\"@type\":\"EntryPoint\",\"urlTemplate\":\"https:\/\/www.cwobel-ejendomme.dk\/bolig\/?s={search_term_string}\"},\"query-input\":{\"@type\":\"PropertyValueSpecification\",\"valueRequired\":true,\"valueName\":\"search_term_string\"}}],\"inLanguage\":\"da-DK\"}]}<\/script>\n<!-- \/ Yoast SEO Premium plugin. -->","yoast_head_json":{"title":"Regler om opsigelse","description":"Regler om opsigelse. Du har l\u00f8bende m\u00e5ned +3 m\u00e5neders opsigelse af lejem\u00e5let og skal betale husleje i opsigelsesperioden.","robots":{"index":"index","follow":"follow","max-snippet":"max-snippet:-1","max-image-preview":"max-image-preview:large","max-video-preview":"max-video-preview:-1"},"canonical":"https:\/\/www.cwobel-ejendomme.dk\/bolig\/vaerd-at-vide-som-lejer\/opsigelse\/","og_locale":"da_DK","og_type":"article","og_title":"Opsigelse","og_description":"Regler om opsigelse. Du har l\u00f8bende m\u00e5ned +3 m\u00e5neders opsigelse af lejem\u00e5let og skal betale husleje i opsigelsesperioden.","og_url":"https:\/\/www.cwobel-ejendomme.dk\/bolig\/vaerd-at-vide-som-lejer\/opsigelse\/","og_site_name":"C.W. Obel Ejendomme","article_modified_time":"2026-02-24T09:41:21+00:00","og_image":[{"width":800,"height":444,"url":"https:\/\/www.cwobel-ejendomme.dk\/bolig\/wp-content\/uploads\/sites\/2\/2024\/06\/Opsigelse.jpeg","type":"image\/jpeg"}],"twitter_card":"summary_large_image","twitter_misc":{"Estimeret l\u00e6setid":"2 minutter"},"schema":{"@context":"https:\/\/schema.org","@graph":[{"@type":"WebPage","@id":"https:\/\/www.cwobel-ejendomme.dk\/bolig\/vaerd-at-vide-som-lejer\/opsigelse\/","url":"https:\/\/www.cwobel-ejendomme.dk\/bolig\/vaerd-at-vide-som-lejer\/opsigelse\/","name":"Regler om opsigelse","isPartOf":{"@id":"https:\/\/www.cwobel-ejendomme.dk\/bolig\/#website"},"primaryImageOfPage":{"@id":"https:\/\/www.cwobel-ejendomme.dk\/bolig\/vaerd-at-vide-som-lejer\/opsigelse\/#primaryimage"},"image":{"@id":"https:\/\/www.cwobel-ejendomme.dk\/bolig\/vaerd-at-vide-som-lejer\/opsigelse\/#primaryimage"},"thumbnailUrl":"https:\/\/www.cwobel-ejendomme.dk\/bolig\/wp-content\/uploads\/sites\/2\/2024\/06\/Opsigelse.jpeg","datePublished":"2022-06-14T13:41:32+00:00","dateModified":"2026-02-24T09:41:21+00:00","description":"Regler om opsigelse. Du har l\u00f8bende m\u00e5ned +3 m\u00e5neders opsigelse af lejem\u00e5let og skal betale husleje i opsigelsesperioden.","breadcrumb":{"@id":"https:\/\/www.cwobel-ejendomme.dk\/bolig\/vaerd-at-vide-som-lejer\/opsigelse\/#breadcrumb"},"inLanguage":"da-DK","potentialAction":[{"@type":"ReadAction","target":["https:\/\/www.cwobel-ejendomme.dk\/bolig\/vaerd-at-vide-som-lejer\/opsigelse\/"]}]},{"@type":"ImageObject","inLanguage":"da-DK","@id":"https:\/\/www.cwobel-ejendomme.dk\/bolig\/vaerd-at-vide-som-lejer\/opsigelse\/#primaryimage","url":"https:\/\/www.cwobel-ejendomme.dk\/bolig\/wp-content\/uploads\/sites\/2\/2024\/06\/Opsigelse.jpeg","contentUrl":"https:\/\/www.cwobel-ejendomme.dk\/bolig\/wp-content\/uploads\/sites\/2\/2024\/06\/Opsigelse.jpeg","width":800,"height":444,"caption":"Opsigelse"},{"@type":"BreadcrumbList","@id":"https:\/\/www.cwobel-ejendomme.dk\/bolig\/vaerd-at-vide-som-lejer\/opsigelse\/#breadcrumb","itemListElement":[{"@type":"ListItem","position":1,"name":"Hjem","item":"https:\/\/www.cwobel-ejendomme.dk\/bolig\/"},{"@type":"ListItem","position":2,"name":"V\u00e6rd at vide som lejer","item":"https:\/\/www.cwobel-ejendomme.dk\/bolig\/vaerd-at-vide-som-lejer\/"},{"@type":"ListItem","position":3,"name":"Opsigelse"}]},{"@type":"WebSite","@id":"https:\/\/www.cwobel-ejendomme.dk\/bolig\/#website","url":"https:\/\/www.cwobel-ejendomme.dk\/bolig\/","name":"C.W. Obel Ejendomme","description":"C.W. Obel Ejendomme","potentialAction":[{"@type":"SearchAction","target":{"@type":"EntryPoint","urlTemplate":"https:\/\/www.cwobel-ejendomme.dk\/bolig\/?s={search_term_string}"},"query-input":{"@type":"PropertyValueSpecification","valueRequired":true,"valueName":"search_term_string"}}],"inLanguage":"da-DK"}]}},"acf":[],"_links":{"self":[{"href":"https:\/\/www.cwobel-ejendomme.dk\/bolig\/wp-json\/wp\/v2\/pages\/380","targetHints":{"allow":["GET"]}}],"collection":[{"href":"https:\/\/www.cwobel-ejendomme.dk\/bolig\/wp-json\/wp\/v2\/pages"}],"about":[{"href":"https:\/\/www.cwobel-ejendomme.dk\/bolig\/wp-json\/wp\/v2\/types\/page"}],"author":[{"embeddable":true,"href":"https:\/\/www.cwobel-ejendomme.dk\/bolig\/wp-json\/wp\/v2\/users\/7"}],"replies":[{"embeddable":true,"href":"https:\/\/www.cwobel-ejendomme.dk\/bolig\/wp-json\/wp\/v2\/comments?post=380"}],"version-history":[{"count":5,"href":"https:\/\/www.cwobel-ejendomme.dk\/bolig\/wp-json\/wp\/v2\/pages\/380\/revisions"}],"predecessor-version":[{"id":19948,"href":"https:\/\/www.cwobel-ejendomme.dk\/bolig\/wp-json\/wp\/v2\/pages\/380\/revisions\/19948"}],"up":[{"embeddable":true,"href":"https:\/\/www.cwobel-ejendomme.dk\/bolig\/wp-json\/wp\/v2\/pages\/46"}],"wp:featuredmedia":[{"embeddable":true,"href":"https:\/\/www.cwobel-ejendomme.dk\/bolig\/wp-json\/wp\/v2\/media\/19819"}],"wp:attachment":[{"href":"https:\/\/www.cwobel-ejendomme.dk\/bolig\/wp-json\/wp\/v2\/media?parent=380"}],"curies":[{"name":"wp","href":"https:\/\/api.w.org\/{rel}","templated":true}]}}