{"id":378,"date":"2022-06-14T15:40:01","date_gmt":"2022-06-14T13:40:01","guid":{"rendered":"https:\/\/www.cwobel-ejendomme.dk\/bolig\/?page_id=378"},"modified":"2024-07-11T14:08:39","modified_gmt":"2024-07-11T12:08:39","slug":"el-ladestander","status":"publish","type":"page","link":"https:\/\/www.cwobel-ejendomme.dk\/bolig\/vaerd-at-vide-som-lejer\/el-ladestander\/","title":{"rendered":"El ladestandere"},"content":{"rendered":"\n<p><br><\/p>\n\n\n\n<p><img decoding=\"async\" src=\"https:\/\/www.cwobel-ejendomme.dk\/bolig\/wp-content\/uploads\/sites\/2\/2022\/06\/El-ladestandere_800x444px.jpg\" alt=\"El-ladestandere\"><br><br>Vi oplever stigende eftersp\u00f8rgsel p\u00e5 opladning af el-biler og derfor har vi opsat ladestationer fra Clever p\u00e5 f\u00f8lgende boligejendomme: <a href=\"\/ejendomme\/teglvaerkskajen\/\">Teglv\u00e6rkskajen<\/a>,\u00a0<a href=\"\/ejendomme\/cobrahave\/\">CobraHave<\/a>, <a href=\"\/ejendomme\/heeruphave\/\">HeerupHave<\/a>, <a href=\"\/ejendomme\/kirkebjerg-parken\/\">Kirkebjerg Parken <\/a>og\u00a0<a href=\"\/ejendomme\/astahus\/\">AstaHus<\/a>. <br>Parkeringspladserne med el-ladestandere stilles til r\u00e5dighed for de af vores beboere, der lejer en p-plads. Du skal selv tegne et abonnement hos Clever og parkering skal ske p\u00e5 de p-pladser, der er markeret med EL. <br>Hvert udtag har en max kapacitet p\u00e5 22 kW. <br>Procedure for opladning <br> <br>Du er lejer af en p-plads hos C.W. Obel Ejendomme <br>Du har en abonnementsaftale med Clever <br>S\u00e6t p-skiven ved ankomst <br>Du har 3 timers parkering til r\u00e5dighed alle dage mellem 08-24 og ubegr\u00e6nset parkering mellem 00-08 <br>Tilslut eget kabel til stander og start opladning <br>Ved endt ladning eller senest n\u00e5r de 3 timer er g\u00e5et, skal bilen fjernes for at give plads til andre <br>Husk dit kabel <br><br>Tilbage til oversigt<br><a href=\"\/bolig\/vaerd-at-vide-som-lejer\/\">\/bolig\/vaerd-at-vide-som-lejer\/<\/a><br><br><h2>Mere end en boligFind din n\u00e6ste lejebolig hos C.W. Obel Ejendomme<\/h2> <br>C.W. Obel Ejendommes m\u00e5l er, at vores beboere f\u00f8ler sig hjemme og blomstrer i deres nye hjem. Derfor tilbyder vi en r\u00e6kke nye lejeboliger i <a href=\"\/bolig\/ledige-lejemaal\/storkoebenhavn\/\">Stork\u00f8benhavn<\/a> og <a href=\"\/bolig\/ledige-lejemaal\/aalborg\/\">Aalborg<\/a>, som vi har f\u00e5et bygget og istandsat, s\u00e5 de lever op til vores h\u00f8je kvalitetskrav og er helt indflytningsklar. De venter bare p\u00e5 dig.<br><br><h4>Hvorfor du skal v\u00e6lge en lejebolig hos C.W. Obel Ejendomme<\/h4> <br>Det kan v\u00e6re vanskeligt at overskue det enorme udbud af boligselskaber og boligportaler, n\u00e5r man skal finde sin n\u00e6ste lejebolig. Samtidig har eftersp\u00f8rgslen i de store byer aldrig v\u00e6ret st\u00f8rre, end den er nu. <br>C.W. Obel Ejendomme er specialiseret i den forstand, at vi prim\u00e6rt g\u00f8r os i nye og nyistandsatte boliger med henblik p\u00e5 at hj\u00e6lpe vores potentielle lejere med at finde netop deres dr\u00f8mmebolig.<br><br><\/p>\n","protected":false},"excerpt":{"rendered":"<p>Vi oplever stigende eftersp\u00f8rgsel p\u00e5 opladning af el-biler og derfor har vi opsat ladestationer fra Clever p\u00e5 f\u00f8lgende<span class=\"excerpt-hellip\"> [\u2026]<\/span><\/p>\n","protected":false},"author":7,"featured_media":19810,"parent":46,"menu_order":0,"comment_status":"closed","ping_status":"closed","template":"","meta":{"_acf_changed":false,"footnotes":""},"class_list":["post-378","page","type-page","status-publish","has-post-thumbnail","hentry"],"yoast_head":"<!-- This site is optimized with the Yoast SEO Premium plugin v25.3.1 (Yoast SEO v25.3.1) - https:\/\/yoast.com\/wordpress\/plugins\/seo\/ -->\n<title>Info om el-ladestandere<\/title>\n<meta name=\"description\" content=\"Vi oplever stigende eftersp\u00f8rgsel p\u00e5 opladning af el-biler og derfor har vi opsat ladestationer fra Clever p\u00e5 flere af vores boligejendomme.\" \/>\n<meta name=\"robots\" content=\"index, follow, max-snippet:-1, max-image-preview:large, max-video-preview:-1\" \/>\n<link rel=\"canonical\" href=\"https:\/\/www.cwobel-ejendomme.dk\/bolig\/vaerd-at-vide-som-lejer\/el-ladestander\/\" \/>\n<meta property=\"og:locale\" content=\"da_DK\" \/>\n<meta property=\"og:type\" content=\"article\" \/>\n<meta property=\"og:title\" content=\"El ladestandere\" \/>\n<meta property=\"og:description\" content=\"Vi oplever stigende eftersp\u00f8rgsel p\u00e5 opladning af el-biler og derfor har vi opsat ladestationer fra Clever p\u00e5 flere af vores boligejendomme.\" \/>\n<meta property=\"og:url\" content=\"https:\/\/www.cwobel-ejendomme.dk\/bolig\/vaerd-at-vide-som-lejer\/el-ladestander\/\" \/>\n<meta property=\"og:site_name\" content=\"C.W. Obel Ejendomme\" \/>\n<meta property=\"article:modified_time\" content=\"2024-07-11T12:08:39+00:00\" \/>\n<meta property=\"og:image\" content=\"https:\/\/www.cwobel-ejendomme.dk\/bolig\/wp-content\/uploads\/sites\/2\/2024\/06\/El-ladestandere.jpeg\" \/>\n\t<meta property=\"og:image:width\" content=\"800\" \/>\n\t<meta property=\"og:image:height\" content=\"444\" \/>\n\t<meta property=\"og:image:type\" content=\"image\/jpeg\" \/>\n<meta name=\"twitter:card\" content=\"summary_large_image\" \/>\n<meta name=\"twitter:label1\" content=\"Estimeret l\u00e6setid\" \/>\n\t<meta name=\"twitter:data1\" content=\"2 minutter\" \/>\n<script type=\"application\/ld+json\" class=\"yoast-schema-graph\">{\"@context\":\"https:\/\/schema.org\",\"@graph\":[{\"@type\":\"WebPage\",\"@id\":\"https:\/\/www.cwobel-ejendomme.dk\/bolig\/vaerd-at-vide-som-lejer\/el-ladestander\/\",\"url\":\"https:\/\/www.cwobel-ejendomme.dk\/bolig\/vaerd-at-vide-som-lejer\/el-ladestander\/\",\"name\":\"Info om el-ladestandere\",\"isPartOf\":{\"@id\":\"https:\/\/www.cwobel-ejendomme.dk\/bolig\/#website\"},\"primaryImageOfPage\":{\"@id\":\"https:\/\/www.cwobel-ejendomme.dk\/bolig\/vaerd-at-vide-som-lejer\/el-ladestander\/#primaryimage\"},\"image\":{\"@id\":\"https:\/\/www.cwobel-ejendomme.dk\/bolig\/vaerd-at-vide-som-lejer\/el-ladestander\/#primaryimage\"},\"thumbnailUrl\":\"https:\/\/www.cwobel-ejendomme.dk\/bolig\/wp-content\/uploads\/sites\/2\/2024\/06\/El-ladestandere.jpeg\",\"datePublished\":\"2022-06-14T13:40:01+00:00\",\"dateModified\":\"2024-07-11T12:08:39+00:00\",\"description\":\"Vi oplever stigende eftersp\u00f8rgsel p\u00e5 opladning af el-biler og derfor har vi opsat ladestationer fra Clever p\u00e5 flere af vores boligejendomme.\",\"breadcrumb\":{\"@id\":\"https:\/\/www.cwobel-ejendomme.dk\/bolig\/vaerd-at-vide-som-lejer\/el-ladestander\/#breadcrumb\"},\"inLanguage\":\"da-DK\",\"potentialAction\":[{\"@type\":\"ReadAction\",\"target\":[\"https:\/\/www.cwobel-ejendomme.dk\/bolig\/vaerd-at-vide-som-lejer\/el-ladestander\/\"]}]},{\"@type\":\"ImageObject\",\"inLanguage\":\"da-DK\",\"@id\":\"https:\/\/www.cwobel-ejendomme.dk\/bolig\/vaerd-at-vide-som-lejer\/el-ladestander\/#primaryimage\",\"url\":\"https:\/\/www.cwobel-ejendomme.dk\/bolig\/wp-content\/uploads\/sites\/2\/2024\/06\/El-ladestandere.jpeg\",\"contentUrl\":\"https:\/\/www.cwobel-ejendomme.dk\/bolig\/wp-content\/uploads\/sites\/2\/2024\/06\/El-ladestandere.jpeg\",\"width\":800,\"height\":444,\"caption\":\"El-ladestandere\"},{\"@type\":\"BreadcrumbList\",\"@id\":\"https:\/\/www.cwobel-ejendomme.dk\/bolig\/vaerd-at-vide-som-lejer\/el-ladestander\/#breadcrumb\",\"itemListElement\":[{\"@type\":\"ListItem\",\"position\":1,\"name\":\"Hjem\",\"item\":\"https:\/\/www.cwobel-ejendomme.dk\/bolig\/\"},{\"@type\":\"ListItem\",\"position\":2,\"name\":\"V\u00e6rd at vide som lejer\",\"item\":\"https:\/\/www.cwobel-ejendomme.dk\/bolig\/vaerd-at-vide-som-lejer\/\"},{\"@type\":\"ListItem\",\"position\":3,\"name\":\"El ladestandere\"}]},{\"@type\":\"WebSite\",\"@id\":\"https:\/\/www.cwobel-ejendomme.dk\/bolig\/#website\",\"url\":\"https:\/\/www.cwobel-ejendomme.dk\/bolig\/\",\"name\":\"C.W. Obel Ejendomme\",\"description\":\"C.W. Obel Ejendomme\",\"potentialAction\":[{\"@type\":\"SearchAction\",\"target\":{\"@type\":\"EntryPoint\",\"urlTemplate\":\"https:\/\/www.cwobel-ejendomme.dk\/bolig\/?s={search_term_string}\"},\"query-input\":{\"@type\":\"PropertyValueSpecification\",\"valueRequired\":true,\"valueName\":\"search_term_string\"}}],\"inLanguage\":\"da-DK\"}]}<\/script>\n<!-- \/ Yoast SEO Premium plugin. -->","yoast_head_json":{"title":"Info om el-ladestandere","description":"Vi oplever stigende eftersp\u00f8rgsel p\u00e5 opladning af el-biler og derfor har vi opsat ladestationer fra Clever p\u00e5 flere af vores boligejendomme.","robots":{"index":"index","follow":"follow","max-snippet":"max-snippet:-1","max-image-preview":"max-image-preview:large","max-video-preview":"max-video-preview:-1"},"canonical":"https:\/\/www.cwobel-ejendomme.dk\/bolig\/vaerd-at-vide-som-lejer\/el-ladestander\/","og_locale":"da_DK","og_type":"article","og_title":"El ladestandere","og_description":"Vi oplever stigende eftersp\u00f8rgsel p\u00e5 opladning af el-biler og derfor har vi opsat ladestationer fra Clever p\u00e5 flere af vores boligejendomme.","og_url":"https:\/\/www.cwobel-ejendomme.dk\/bolig\/vaerd-at-vide-som-lejer\/el-ladestander\/","og_site_name":"C.W. Obel Ejendomme","article_modified_time":"2024-07-11T12:08:39+00:00","og_image":[{"width":800,"height":444,"url":"https:\/\/www.cwobel-ejendomme.dk\/bolig\/wp-content\/uploads\/sites\/2\/2024\/06\/El-ladestandere.jpeg","type":"image\/jpeg"}],"twitter_card":"summary_large_image","twitter_misc":{"Estimeret l\u00e6setid":"2 minutter"},"schema":{"@context":"https:\/\/schema.org","@graph":[{"@type":"WebPage","@id":"https:\/\/www.cwobel-ejendomme.dk\/bolig\/vaerd-at-vide-som-lejer\/el-ladestander\/","url":"https:\/\/www.cwobel-ejendomme.dk\/bolig\/vaerd-at-vide-som-lejer\/el-ladestander\/","name":"Info om el-ladestandere","isPartOf":{"@id":"https:\/\/www.cwobel-ejendomme.dk\/bolig\/#website"},"primaryImageOfPage":{"@id":"https:\/\/www.cwobel-ejendomme.dk\/bolig\/vaerd-at-vide-som-lejer\/el-ladestander\/#primaryimage"},"image":{"@id":"https:\/\/www.cwobel-ejendomme.dk\/bolig\/vaerd-at-vide-som-lejer\/el-ladestander\/#primaryimage"},"thumbnailUrl":"https:\/\/www.cwobel-ejendomme.dk\/bolig\/wp-content\/uploads\/sites\/2\/2024\/06\/El-ladestandere.jpeg","datePublished":"2022-06-14T13:40:01+00:00","dateModified":"2024-07-11T12:08:39+00:00","description":"Vi oplever stigende eftersp\u00f8rgsel p\u00e5 opladning af el-biler og derfor har vi opsat ladestationer fra Clever p\u00e5 flere af vores boligejendomme.","breadcrumb":{"@id":"https:\/\/www.cwobel-ejendomme.dk\/bolig\/vaerd-at-vide-som-lejer\/el-ladestander\/#breadcrumb"},"inLanguage":"da-DK","potentialAction":[{"@type":"ReadAction","target":["https:\/\/www.cwobel-ejendomme.dk\/bolig\/vaerd-at-vide-som-lejer\/el-ladestander\/"]}]},{"@type":"ImageObject","inLanguage":"da-DK","@id":"https:\/\/www.cwobel-ejendomme.dk\/bolig\/vaerd-at-vide-som-lejer\/el-ladestander\/#primaryimage","url":"https:\/\/www.cwobel-ejendomme.dk\/bolig\/wp-content\/uploads\/sites\/2\/2024\/06\/El-ladestandere.jpeg","contentUrl":"https:\/\/www.cwobel-ejendomme.dk\/bolig\/wp-content\/uploads\/sites\/2\/2024\/06\/El-ladestandere.jpeg","width":800,"height":444,"caption":"El-ladestandere"},{"@type":"BreadcrumbList","@id":"https:\/\/www.cwobel-ejendomme.dk\/bolig\/vaerd-at-vide-som-lejer\/el-ladestander\/#breadcrumb","itemListElement":[{"@type":"ListItem","position":1,"name":"Hjem","item":"https:\/\/www.cwobel-ejendomme.dk\/bolig\/"},{"@type":"ListItem","position":2,"name":"V\u00e6rd at vide som lejer","item":"https:\/\/www.cwobel-ejendomme.dk\/bolig\/vaerd-at-vide-som-lejer\/"},{"@type":"ListItem","position":3,"name":"El ladestandere"}]},{"@type":"WebSite","@id":"https:\/\/www.cwobel-ejendomme.dk\/bolig\/#website","url":"https:\/\/www.cwobel-ejendomme.dk\/bolig\/","name":"C.W. Obel Ejendomme","description":"C.W. Obel Ejendomme","potentialAction":[{"@type":"SearchAction","target":{"@type":"EntryPoint","urlTemplate":"https:\/\/www.cwobel-ejendomme.dk\/bolig\/?s={search_term_string}"},"query-input":{"@type":"PropertyValueSpecification","valueRequired":true,"valueName":"search_term_string"}}],"inLanguage":"da-DK"}]}},"acf":[],"_links":{"self":[{"href":"https:\/\/www.cwobel-ejendomme.dk\/bolig\/wp-json\/wp\/v2\/pages\/378","targetHints":{"allow":["GET"]}}],"collection":[{"href":"https:\/\/www.cwobel-ejendomme.dk\/bolig\/wp-json\/wp\/v2\/pages"}],"about":[{"href":"https:\/\/www.cwobel-ejendomme.dk\/bolig\/wp-json\/wp\/v2\/types\/page"}],"author":[{"embeddable":true,"href":"https:\/\/www.cwobel-ejendomme.dk\/bolig\/wp-json\/wp\/v2\/users\/7"}],"replies":[{"embeddable":true,"href":"https:\/\/www.cwobel-ejendomme.dk\/bolig\/wp-json\/wp\/v2\/comments?post=378"}],"version-history":[{"count":6,"href":"https:\/\/www.cwobel-ejendomme.dk\/bolig\/wp-json\/wp\/v2\/pages\/378\/revisions"}],"predecessor-version":[{"id":19741,"href":"https:\/\/www.cwobel-ejendomme.dk\/bolig\/wp-json\/wp\/v2\/pages\/378\/revisions\/19741"}],"up":[{"embeddable":true,"href":"https:\/\/www.cwobel-ejendomme.dk\/bolig\/wp-json\/wp\/v2\/pages\/46"}],"wp:featuredmedia":[{"embeddable":true,"href":"https:\/\/www.cwobel-ejendomme.dk\/bolig\/wp-json\/wp\/v2\/media\/19810"}],"wp:attachment":[{"href":"https:\/\/www.cwobel-ejendomme.dk\/bolig\/wp-json\/wp\/v2\/media?parent=378"}],"curies":[{"name":"wp","href":"https:\/\/api.w.org\/{rel}","templated":true}]}}