{"id":374,"date":"2022-06-14T15:29:38","date_gmt":"2022-06-14T13:29:38","guid":{"rendered":"https:\/\/www.cwobel-ejendomme.dk\/bolig\/?page_id=374"},"modified":"2024-07-11T14:07:09","modified_gmt":"2024-07-11T12:07:09","slug":"beboerrepraesentation","status":"publish","type":"page","link":"https:\/\/www.cwobel-ejendomme.dk\/bolig\/vaerd-at-vide-som-lejer\/beboerrepraesentation\/","title":{"rendered":"Beboerrepr\u00e6sentation"},"content":{"rendered":"\n<p><br><br><br><br><img decoding=\"async\" src=\"https:\/\/www.cwobel-ejendomme.dk\/bolig\/wp-content\/uploads\/sites\/2\/2022\/06\/Beboerrespresentation_800x444px.jpg\" alt=\"Beboerrepr\u00e6sentation\"><br><br>Som lejere har I ret til at v\u00e6lge en beboerrepr\u00e6sentation, n\u00e5r mere end 50 % af samtlige beboere i ejendommen stemmer for det.<a title=\"Bekendtg\u00f8relse om beboerrepr\u00e6sentation\" href=\"https:\/\/www.retsinformation.dk\/Forms\/R0710.aspx?id=85623\" target=\"_blank\" rel=\"noopener\">Se link til bekendtg\u00f8relse om beboerrepr\u00e6sentation.<\/a> <br>En beboerrepr\u00e6sentation er det prim\u00e6re bindeled mellem lejer og udlejer. En aktiv beboerrepr\u00e6sentation kan v\u00e6re med til at give lejerne indsigt og medindflydelse p\u00e5, hvordan ejendommen skal drives, og v\u00e6re med til at styrke samarbejdet imellem lejer og udlejer. Det betyder, at alle sp\u00f8rgsm\u00e5l og st\u00f8rre \u00e6ndringer vedr\u00f8rende ejendommens drift bliver dr\u00f8ftet med beboerrepr\u00e6sentationen. <br>Beboerrepr\u00e6sentationer stiftes og opl\u00f8ses p\u00e5 beboerm\u00f8der. Beboerrepr\u00e6sentationerne skal minimum indkalde til et \u00e5rligt beboerm\u00f8de. Det er p\u00e5 disse m\u00f8der at nye repr\u00e6sentanter v\u00e6lges, og hvor den nuv\u00e6rende repr\u00e6sentation fort\u00e6ller om det forgangne \u00e5r. Som oftest vil beboerrepr\u00e6sentationerne dog l\u00f8bende informere de \u00f8vrige beboere om, hvad der sker p\u00e5 ejendommen. <br>Sp\u00f8rgsm\u00e5l udelukkende relateret til dig eller din bolig tager du direkte med vores administration&nbsp;<a href=\"mailto:bolig@cwobel.dk\">bolig@cwobel.dk<\/a>.<br>#12354B<br><br>G\u00e5 til oversigt<br><a href=\"\/bolig\/vaerd-at-vide-som-lejer\/\">\/bolig\/vaerd-at-vide-som-lejer\/<\/a><br><br><\/p>\n","protected":false},"excerpt":{"rendered":"<p>Som lejere har I ret til at v\u00e6lge en beboerrepr\u00e6sentation, n\u00e5r mere end 50 % af samtlige beboere<span class=\"excerpt-hellip\"> [\u2026]<\/span><\/p>\n","protected":false},"author":7,"featured_media":19808,"parent":46,"menu_order":0,"comment_status":"closed","ping_status":"closed","template":"","meta":{"_acf_changed":false,"footnotes":""},"class_list":["post-374","page","type-page","status-publish","has-post-thumbnail","hentry"],"yoast_head":"<!-- This site is optimized with the Yoast SEO Premium plugin v25.3.1 (Yoast SEO v25.3.1) - https:\/\/yoast.com\/wordpress\/plugins\/seo\/ -->\n<title>Info om beboerrepr\u00e6sentation<\/title>\n<meta name=\"description\" content=\"En beboerrepr\u00e6sentation er det prim\u00e6re bindeled mellem lejer og udlejer. Beboerrepr\u00e6sentationer stiftes og opl\u00f8ses p\u00e5 beboerm\u00f8der.\" \/>\n<meta name=\"robots\" content=\"index, follow, max-snippet:-1, max-image-preview:large, max-video-preview:-1\" \/>\n<link rel=\"canonical\" href=\"https:\/\/www.cwobel-ejendomme.dk\/bolig\/vaerd-at-vide-som-lejer\/beboerrepraesentation\/\" \/>\n<meta property=\"og:locale\" content=\"da_DK\" \/>\n<meta property=\"og:type\" content=\"article\" \/>\n<meta property=\"og:title\" content=\"Beboerrepr\u00e6sentation\" \/>\n<meta property=\"og:description\" content=\"En beboerrepr\u00e6sentation er det prim\u00e6re bindeled mellem lejer og udlejer. Beboerrepr\u00e6sentationer stiftes og opl\u00f8ses p\u00e5 beboerm\u00f8der.\" \/>\n<meta property=\"og:url\" content=\"https:\/\/www.cwobel-ejendomme.dk\/bolig\/vaerd-at-vide-som-lejer\/beboerrepraesentation\/\" \/>\n<meta property=\"og:site_name\" content=\"C.W. Obel Ejendomme\" \/>\n<meta property=\"article:modified_time\" content=\"2024-07-11T12:07:09+00:00\" \/>\n<meta property=\"og:image\" content=\"https:\/\/www.cwobel-ejendomme.dk\/bolig\/wp-content\/uploads\/sites\/2\/2024\/06\/Beboerrespresentation.jpeg\" \/>\n\t<meta property=\"og:image:width\" content=\"800\" \/>\n\t<meta property=\"og:image:height\" content=\"444\" \/>\n\t<meta property=\"og:image:type\" content=\"image\/jpeg\" \/>\n<meta name=\"twitter:card\" content=\"summary_large_image\" \/>\n<meta name=\"twitter:label1\" content=\"Estimeret l\u00e6setid\" \/>\n\t<meta name=\"twitter:data1\" content=\"2 minutter\" \/>\n<script type=\"application\/ld+json\" class=\"yoast-schema-graph\">{\"@context\":\"https:\/\/schema.org\",\"@graph\":[{\"@type\":\"WebPage\",\"@id\":\"https:\/\/www.cwobel-ejendomme.dk\/bolig\/vaerd-at-vide-som-lejer\/beboerrepraesentation\/\",\"url\":\"https:\/\/www.cwobel-ejendomme.dk\/bolig\/vaerd-at-vide-som-lejer\/beboerrepraesentation\/\",\"name\":\"Info om beboerrepr\u00e6sentation\",\"isPartOf\":{\"@id\":\"https:\/\/www.cwobel-ejendomme.dk\/bolig\/#website\"},\"primaryImageOfPage\":{\"@id\":\"https:\/\/www.cwobel-ejendomme.dk\/bolig\/vaerd-at-vide-som-lejer\/beboerrepraesentation\/#primaryimage\"},\"image\":{\"@id\":\"https:\/\/www.cwobel-ejendomme.dk\/bolig\/vaerd-at-vide-som-lejer\/beboerrepraesentation\/#primaryimage\"},\"thumbnailUrl\":\"https:\/\/www.cwobel-ejendomme.dk\/bolig\/wp-content\/uploads\/sites\/2\/2024\/06\/Beboerrespresentation.jpeg\",\"datePublished\":\"2022-06-14T13:29:38+00:00\",\"dateModified\":\"2024-07-11T12:07:09+00:00\",\"description\":\"En beboerrepr\u00e6sentation er det prim\u00e6re bindeled mellem lejer og udlejer. Beboerrepr\u00e6sentationer stiftes og opl\u00f8ses p\u00e5 beboerm\u00f8der.\",\"breadcrumb\":{\"@id\":\"https:\/\/www.cwobel-ejendomme.dk\/bolig\/vaerd-at-vide-som-lejer\/beboerrepraesentation\/#breadcrumb\"},\"inLanguage\":\"da-DK\",\"potentialAction\":[{\"@type\":\"ReadAction\",\"target\":[\"https:\/\/www.cwobel-ejendomme.dk\/bolig\/vaerd-at-vide-som-lejer\/beboerrepraesentation\/\"]}]},{\"@type\":\"ImageObject\",\"inLanguage\":\"da-DK\",\"@id\":\"https:\/\/www.cwobel-ejendomme.dk\/bolig\/vaerd-at-vide-som-lejer\/beboerrepraesentation\/#primaryimage\",\"url\":\"https:\/\/www.cwobel-ejendomme.dk\/bolig\/wp-content\/uploads\/sites\/2\/2024\/06\/Beboerrespresentation.jpeg\",\"contentUrl\":\"https:\/\/www.cwobel-ejendomme.dk\/bolig\/wp-content\/uploads\/sites\/2\/2024\/06\/Beboerrespresentation.jpeg\",\"width\":800,\"height\":444,\"caption\":\"Boligejendom\"},{\"@type\":\"BreadcrumbList\",\"@id\":\"https:\/\/www.cwobel-ejendomme.dk\/bolig\/vaerd-at-vide-som-lejer\/beboerrepraesentation\/#breadcrumb\",\"itemListElement\":[{\"@type\":\"ListItem\",\"position\":1,\"name\":\"Hjem\",\"item\":\"https:\/\/www.cwobel-ejendomme.dk\/bolig\/\"},{\"@type\":\"ListItem\",\"position\":2,\"name\":\"V\u00e6rd at vide som lejer\",\"item\":\"https:\/\/www.cwobel-ejendomme.dk\/bolig\/vaerd-at-vide-som-lejer\/\"},{\"@type\":\"ListItem\",\"position\":3,\"name\":\"Beboerrepr\u00e6sentation\"}]},{\"@type\":\"WebSite\",\"@id\":\"https:\/\/www.cwobel-ejendomme.dk\/bolig\/#website\",\"url\":\"https:\/\/www.cwobel-ejendomme.dk\/bolig\/\",\"name\":\"C.W. Obel Ejendomme\",\"description\":\"C.W. Obel Ejendomme\",\"potentialAction\":[{\"@type\":\"SearchAction\",\"target\":{\"@type\":\"EntryPoint\",\"urlTemplate\":\"https:\/\/www.cwobel-ejendomme.dk\/bolig\/?s={search_term_string}\"},\"query-input\":{\"@type\":\"PropertyValueSpecification\",\"valueRequired\":true,\"valueName\":\"search_term_string\"}}],\"inLanguage\":\"da-DK\"}]}<\/script>\n<!-- \/ Yoast SEO Premium plugin. -->","yoast_head_json":{"title":"Info om beboerrepr\u00e6sentation","description":"En beboerrepr\u00e6sentation er det prim\u00e6re bindeled mellem lejer og udlejer. Beboerrepr\u00e6sentationer stiftes og opl\u00f8ses p\u00e5 beboerm\u00f8der.","robots":{"index":"index","follow":"follow","max-snippet":"max-snippet:-1","max-image-preview":"max-image-preview:large","max-video-preview":"max-video-preview:-1"},"canonical":"https:\/\/www.cwobel-ejendomme.dk\/bolig\/vaerd-at-vide-som-lejer\/beboerrepraesentation\/","og_locale":"da_DK","og_type":"article","og_title":"Beboerrepr\u00e6sentation","og_description":"En beboerrepr\u00e6sentation er det prim\u00e6re bindeled mellem lejer og udlejer. Beboerrepr\u00e6sentationer stiftes og opl\u00f8ses p\u00e5 beboerm\u00f8der.","og_url":"https:\/\/www.cwobel-ejendomme.dk\/bolig\/vaerd-at-vide-som-lejer\/beboerrepraesentation\/","og_site_name":"C.W. Obel Ejendomme","article_modified_time":"2024-07-11T12:07:09+00:00","og_image":[{"width":800,"height":444,"url":"https:\/\/www.cwobel-ejendomme.dk\/bolig\/wp-content\/uploads\/sites\/2\/2024\/06\/Beboerrespresentation.jpeg","type":"image\/jpeg"}],"twitter_card":"summary_large_image","twitter_misc":{"Estimeret l\u00e6setid":"2 minutter"},"schema":{"@context":"https:\/\/schema.org","@graph":[{"@type":"WebPage","@id":"https:\/\/www.cwobel-ejendomme.dk\/bolig\/vaerd-at-vide-som-lejer\/beboerrepraesentation\/","url":"https:\/\/www.cwobel-ejendomme.dk\/bolig\/vaerd-at-vide-som-lejer\/beboerrepraesentation\/","name":"Info om beboerrepr\u00e6sentation","isPartOf":{"@id":"https:\/\/www.cwobel-ejendomme.dk\/bolig\/#website"},"primaryImageOfPage":{"@id":"https:\/\/www.cwobel-ejendomme.dk\/bolig\/vaerd-at-vide-som-lejer\/beboerrepraesentation\/#primaryimage"},"image":{"@id":"https:\/\/www.cwobel-ejendomme.dk\/bolig\/vaerd-at-vide-som-lejer\/beboerrepraesentation\/#primaryimage"},"thumbnailUrl":"https:\/\/www.cwobel-ejendomme.dk\/bolig\/wp-content\/uploads\/sites\/2\/2024\/06\/Beboerrespresentation.jpeg","datePublished":"2022-06-14T13:29:38+00:00","dateModified":"2024-07-11T12:07:09+00:00","description":"En beboerrepr\u00e6sentation er det prim\u00e6re bindeled mellem lejer og udlejer. Beboerrepr\u00e6sentationer stiftes og opl\u00f8ses p\u00e5 beboerm\u00f8der.","breadcrumb":{"@id":"https:\/\/www.cwobel-ejendomme.dk\/bolig\/vaerd-at-vide-som-lejer\/beboerrepraesentation\/#breadcrumb"},"inLanguage":"da-DK","potentialAction":[{"@type":"ReadAction","target":["https:\/\/www.cwobel-ejendomme.dk\/bolig\/vaerd-at-vide-som-lejer\/beboerrepraesentation\/"]}]},{"@type":"ImageObject","inLanguage":"da-DK","@id":"https:\/\/www.cwobel-ejendomme.dk\/bolig\/vaerd-at-vide-som-lejer\/beboerrepraesentation\/#primaryimage","url":"https:\/\/www.cwobel-ejendomme.dk\/bolig\/wp-content\/uploads\/sites\/2\/2024\/06\/Beboerrespresentation.jpeg","contentUrl":"https:\/\/www.cwobel-ejendomme.dk\/bolig\/wp-content\/uploads\/sites\/2\/2024\/06\/Beboerrespresentation.jpeg","width":800,"height":444,"caption":"Boligejendom"},{"@type":"BreadcrumbList","@id":"https:\/\/www.cwobel-ejendomme.dk\/bolig\/vaerd-at-vide-som-lejer\/beboerrepraesentation\/#breadcrumb","itemListElement":[{"@type":"ListItem","position":1,"name":"Hjem","item":"https:\/\/www.cwobel-ejendomme.dk\/bolig\/"},{"@type":"ListItem","position":2,"name":"V\u00e6rd at vide som lejer","item":"https:\/\/www.cwobel-ejendomme.dk\/bolig\/vaerd-at-vide-som-lejer\/"},{"@type":"ListItem","position":3,"name":"Beboerrepr\u00e6sentation"}]},{"@type":"WebSite","@id":"https:\/\/www.cwobel-ejendomme.dk\/bolig\/#website","url":"https:\/\/www.cwobel-ejendomme.dk\/bolig\/","name":"C.W. Obel Ejendomme","description":"C.W. Obel Ejendomme","potentialAction":[{"@type":"SearchAction","target":{"@type":"EntryPoint","urlTemplate":"https:\/\/www.cwobel-ejendomme.dk\/bolig\/?s={search_term_string}"},"query-input":{"@type":"PropertyValueSpecification","valueRequired":true,"valueName":"search_term_string"}}],"inLanguage":"da-DK"}]}},"acf":[],"_links":{"self":[{"href":"https:\/\/www.cwobel-ejendomme.dk\/bolig\/wp-json\/wp\/v2\/pages\/374","targetHints":{"allow":["GET"]}}],"collection":[{"href":"https:\/\/www.cwobel-ejendomme.dk\/bolig\/wp-json\/wp\/v2\/pages"}],"about":[{"href":"https:\/\/www.cwobel-ejendomme.dk\/bolig\/wp-json\/wp\/v2\/types\/page"}],"author":[{"embeddable":true,"href":"https:\/\/www.cwobel-ejendomme.dk\/bolig\/wp-json\/wp\/v2\/users\/7"}],"replies":[{"embeddable":true,"href":"https:\/\/www.cwobel-ejendomme.dk\/bolig\/wp-json\/wp\/v2\/comments?post=374"}],"version-history":[{"count":9,"href":"https:\/\/www.cwobel-ejendomme.dk\/bolig\/wp-json\/wp\/v2\/pages\/374\/revisions"}],"predecessor-version":[{"id":19809,"href":"https:\/\/www.cwobel-ejendomme.dk\/bolig\/wp-json\/wp\/v2\/pages\/374\/revisions\/19809"}],"up":[{"embeddable":true,"href":"https:\/\/www.cwobel-ejendomme.dk\/bolig\/wp-json\/wp\/v2\/pages\/46"}],"wp:featuredmedia":[{"embeddable":true,"href":"https:\/\/www.cwobel-ejendomme.dk\/bolig\/wp-json\/wp\/v2\/media\/19808"}],"wp:attachment":[{"href":"https:\/\/www.cwobel-ejendomme.dk\/bolig\/wp-json\/wp\/v2\/media?parent=374"}],"curies":[{"name":"wp","href":"https:\/\/api.w.org\/{rel}","templated":true}]}}