{"id":372,"date":"2022-06-14T15:21:24","date_gmt":"2022-06-14T13:21:24","guid":{"rendered":"https:\/\/www.cwobel-ejendomme.dk\/bolig\/?page_id=372"},"modified":"2024-07-11T11:02:31","modified_gmt":"2024-07-11T09:02:31","slug":"fremleje","status":"publish","type":"page","link":"https:\/\/www.cwobel-ejendomme.dk\/bolig\/vaerd-at-vide-som-lejer\/fremleje\/","title":{"rendered":"Fremleje"},"content":{"rendered":"\n<p><br><img decoding=\"async\" src=\"https:\/\/www.cwobel-ejendomme.dk\/bolig\/wp-content\/uploads\/sites\/2\/2022\/06\/Fremleje_800X444.jpg\" alt=\"V\u00e6rd at vide Fremleje\"><br><br>Delvis fremleje <br>Som lejer har du ret til at fremleje h\u00f8jest halvdelen af lejlighedens beboelsesrum til beboelse. Det samlede antal personer der bor i lejligheden, m\u00e5 ikke overstige antallet af beboelsesrum. <br>\u00a0 <br>Fremleje af hele lejligheden <br>Som lejer har du ret til at fremleje hele din lejlighed i en sammenh\u00e6ngende periode p\u00e5 maksimalt 2 \u00e5r, n\u00e5r du kan dokumentere, at fremlejeperioden er midlertidig og skyldes sygdom, forretningsrejse, studieophold eller lign. <br>Forud for indg\u00e5else af fremlejekontrakt, skal du ans\u00f8ge os om det. <br>Du kan ans\u00f8ge via nedenst\u00e5ende formular eller ved at sende en mail til\u00a0<a href=\"mailto:bolig@cwobel.dk\">bolig@cwobel.dk.<\/a> <br>\u00a0 <br>Ansvar <br>Du som lejer indest\u00e5r fortsat for, at huslejen bliver betalt til tiden, ligesom du overfor os h\u00e6fter for eventuel misligholdelse mv. <br>\u00a0 <br>Airbnb og anden ferieudlejning <br>Fremleje helt eller delvist til Airbnb eller andet feriem\u00e5l er ikke tilladt og vil medf\u00f8re oph\u00e6velse af lejem\u00e5let.<br><br><a href=\"https:\/\/app.penneo.com\/public\/form\/EVE7Z-U3ZWW-0YNOC-OLJZW-1CHK6-Z8QXN\/SOUKQ-4ONYB-XAXTG-YYLP7-TH1ZE-HE1NM?group=Ans%C3%B8gning_om_fremleje\" target=\"_blank\" rel=\"noopener\">Ans\u00f8g om Fremleje<\/a><br><br>G\u00e5 til oversigt<br><a href=\"\/bolig\/vaerd-at-vide-som-lejer\/\">\/bolig\/vaerd-at-vide-som-lejer\/<\/a><br><br><h2>Mere end en bolig<\/h2><br><h4>Find din n\u00e6ste lejebolig hos C.W. Obel Ejendomme<\/h4> <br>C.W. Obel Ejendommes m\u00e5l er, at vores beboere f\u00f8ler sig hjemme og blomstrer i deres nye hjem. Derfor tilbyder vi en r\u00e6kke nye lejeboliger i <a href=\"\/bolig\/ledige-lejemaal\/storkoebenhavn\/\">Stork\u00f8benhavn<\/a> og <a href=\"\/bolig\/ledige-lejemaal\/aalborg\/\">Aalborg<\/a>, som vi har f\u00e5et bygget og istandsat, s\u00e5 de lever op til vores h\u00f8je kvalitetskrav og er helt indflytningsklar. De venter bare p\u00e5 dig.<br><br><h4>Hvorfor du skal v\u00e6lge en lejebolig hos C.W. Obel Ejendomme<\/h4> <br>Det kan v\u00e6re vanskeligt at overskue det enorme udbud af boligselskaber og boligportaler, n\u00e5r man skal finde sin n\u00e6ste lejebolig. Samtidig har eftersp\u00f8rgslen i de store byer aldrig v\u00e6ret st\u00f8rre, end den er nu. <br>C.W. Obel Ejendomme er specialiseret i den forstand, at vi prim\u00e6rt g\u00f8r os i nye og nyistandsatte boliger med henblik p\u00e5 at hj\u00e6lpe vores potentielle lejere med at finde netop deres dr\u00f8mmebolig.<br><br><\/p>\n","protected":false},"excerpt":{"rendered":"<p>Delvis fremleje Som lejer har du ret til at fremleje h\u00f8jest halvdelen af lejlighedens beboelsesrum til beboelse. Det<span class=\"excerpt-hellip\"> [\u2026]<\/span><\/p>\n","protected":false},"author":7,"featured_media":19812,"parent":46,"menu_order":0,"comment_status":"closed","ping_status":"closed","template":"","meta":{"_acf_changed":false,"footnotes":""},"class_list":["post-372","page","type-page","status-publish","has-post-thumbnail","hentry"],"yoast_head":"<!-- This site is optimized with the Yoast SEO Premium plugin v25.3.1 (Yoast SEO v25.3.1) - https:\/\/yoast.com\/wordpress\/plugins\/seo\/ -->\n<title>Regler om fremleje<\/title>\n<meta name=\"description\" content=\"Her kan du se dine rettigheder i forhold til at fremleje boligen og eget ansvar som lejer hos C.W. Obel Ejendomme.\" \/>\n<meta name=\"robots\" content=\"index, follow, max-snippet:-1, max-image-preview:large, max-video-preview:-1\" \/>\n<link rel=\"canonical\" href=\"https:\/\/www.cwobel-ejendomme.dk\/bolig\/vaerd-at-vide-som-lejer\/fremleje\/\" \/>\n<meta property=\"og:locale\" content=\"da_DK\" \/>\n<meta property=\"og:type\" content=\"article\" \/>\n<meta property=\"og:title\" content=\"Fremleje\" \/>\n<meta property=\"og:description\" content=\"Her kan du se dine rettigheder i forhold til at fremleje boligen og eget ansvar som lejer hos C.W. Obel Ejendomme.\" \/>\n<meta property=\"og:url\" content=\"https:\/\/www.cwobel-ejendomme.dk\/bolig\/vaerd-at-vide-som-lejer\/fremleje\/\" \/>\n<meta property=\"og:site_name\" content=\"C.W. Obel Ejendomme\" \/>\n<meta property=\"article:modified_time\" content=\"2024-07-11T09:02:31+00:00\" \/>\n<meta property=\"og:image\" content=\"https:\/\/www.cwobel-ejendomme.dk\/bolig\/wp-content\/uploads\/sites\/2\/2024\/06\/Fremleje.jpeg\" \/>\n\t<meta property=\"og:image:width\" content=\"800\" \/>\n\t<meta property=\"og:image:height\" content=\"444\" \/>\n\t<meta property=\"og:image:type\" content=\"image\/jpeg\" \/>\n<meta name=\"twitter:card\" content=\"summary_large_image\" \/>\n<meta name=\"twitter:label1\" content=\"Estimeret l\u00e6setid\" \/>\n\t<meta name=\"twitter:data1\" content=\"2 minutter\" \/>\n<script type=\"application\/ld+json\" class=\"yoast-schema-graph\">{\"@context\":\"https:\/\/schema.org\",\"@graph\":[{\"@type\":\"WebPage\",\"@id\":\"https:\/\/www.cwobel-ejendomme.dk\/bolig\/vaerd-at-vide-som-lejer\/fremleje\/\",\"url\":\"https:\/\/www.cwobel-ejendomme.dk\/bolig\/vaerd-at-vide-som-lejer\/fremleje\/\",\"name\":\"Regler om fremleje\",\"isPartOf\":{\"@id\":\"https:\/\/www.cwobel-ejendomme.dk\/bolig\/#website\"},\"primaryImageOfPage\":{\"@id\":\"https:\/\/www.cwobel-ejendomme.dk\/bolig\/vaerd-at-vide-som-lejer\/fremleje\/#primaryimage\"},\"image\":{\"@id\":\"https:\/\/www.cwobel-ejendomme.dk\/bolig\/vaerd-at-vide-som-lejer\/fremleje\/#primaryimage\"},\"thumbnailUrl\":\"https:\/\/www.cwobel-ejendomme.dk\/bolig\/wp-content\/uploads\/sites\/2\/2024\/06\/Fremleje.jpeg\",\"datePublished\":\"2022-06-14T13:21:24+00:00\",\"dateModified\":\"2024-07-11T09:02:31+00:00\",\"description\":\"Her kan du se dine rettigheder i forhold til at fremleje boligen og eget ansvar som lejer hos C.W. Obel Ejendomme.\",\"breadcrumb\":{\"@id\":\"https:\/\/www.cwobel-ejendomme.dk\/bolig\/vaerd-at-vide-som-lejer\/fremleje\/#breadcrumb\"},\"inLanguage\":\"da-DK\",\"potentialAction\":[{\"@type\":\"ReadAction\",\"target\":[\"https:\/\/www.cwobel-ejendomme.dk\/bolig\/vaerd-at-vide-som-lejer\/fremleje\/\"]}]},{\"@type\":\"ImageObject\",\"inLanguage\":\"da-DK\",\"@id\":\"https:\/\/www.cwobel-ejendomme.dk\/bolig\/vaerd-at-vide-som-lejer\/fremleje\/#primaryimage\",\"url\":\"https:\/\/www.cwobel-ejendomme.dk\/bolig\/wp-content\/uploads\/sites\/2\/2024\/06\/Fremleje.jpeg\",\"contentUrl\":\"https:\/\/www.cwobel-ejendomme.dk\/bolig\/wp-content\/uploads\/sites\/2\/2024\/06\/Fremleje.jpeg\",\"width\":800,\"height\":444,\"caption\":\"Fremleje\"},{\"@type\":\"BreadcrumbList\",\"@id\":\"https:\/\/www.cwobel-ejendomme.dk\/bolig\/vaerd-at-vide-som-lejer\/fremleje\/#breadcrumb\",\"itemListElement\":[{\"@type\":\"ListItem\",\"position\":1,\"name\":\"Hjem\",\"item\":\"https:\/\/www.cwobel-ejendomme.dk\/bolig\/\"},{\"@type\":\"ListItem\",\"position\":2,\"name\":\"V\u00e6rd at vide som lejer\",\"item\":\"https:\/\/www.cwobel-ejendomme.dk\/bolig\/vaerd-at-vide-som-lejer\/\"},{\"@type\":\"ListItem\",\"position\":3,\"name\":\"Fremleje\"}]},{\"@type\":\"WebSite\",\"@id\":\"https:\/\/www.cwobel-ejendomme.dk\/bolig\/#website\",\"url\":\"https:\/\/www.cwobel-ejendomme.dk\/bolig\/\",\"name\":\"C.W. Obel Ejendomme\",\"description\":\"C.W. Obel Ejendomme\",\"potentialAction\":[{\"@type\":\"SearchAction\",\"target\":{\"@type\":\"EntryPoint\",\"urlTemplate\":\"https:\/\/www.cwobel-ejendomme.dk\/bolig\/?s={search_term_string}\"},\"query-input\":{\"@type\":\"PropertyValueSpecification\",\"valueRequired\":true,\"valueName\":\"search_term_string\"}}],\"inLanguage\":\"da-DK\"}]}<\/script>\n<!-- \/ Yoast SEO Premium plugin. -->","yoast_head_json":{"title":"Regler om fremleje","description":"Her kan du se dine rettigheder i forhold til at fremleje boligen og eget ansvar som lejer hos C.W. Obel Ejendomme.","robots":{"index":"index","follow":"follow","max-snippet":"max-snippet:-1","max-image-preview":"max-image-preview:large","max-video-preview":"max-video-preview:-1"},"canonical":"https:\/\/www.cwobel-ejendomme.dk\/bolig\/vaerd-at-vide-som-lejer\/fremleje\/","og_locale":"da_DK","og_type":"article","og_title":"Fremleje","og_description":"Her kan du se dine rettigheder i forhold til at fremleje boligen og eget ansvar som lejer hos C.W. Obel Ejendomme.","og_url":"https:\/\/www.cwobel-ejendomme.dk\/bolig\/vaerd-at-vide-som-lejer\/fremleje\/","og_site_name":"C.W. Obel Ejendomme","article_modified_time":"2024-07-11T09:02:31+00:00","og_image":[{"width":800,"height":444,"url":"https:\/\/www.cwobel-ejendomme.dk\/bolig\/wp-content\/uploads\/sites\/2\/2024\/06\/Fremleje.jpeg","type":"image\/jpeg"}],"twitter_card":"summary_large_image","twitter_misc":{"Estimeret l\u00e6setid":"2 minutter"},"schema":{"@context":"https:\/\/schema.org","@graph":[{"@type":"WebPage","@id":"https:\/\/www.cwobel-ejendomme.dk\/bolig\/vaerd-at-vide-som-lejer\/fremleje\/","url":"https:\/\/www.cwobel-ejendomme.dk\/bolig\/vaerd-at-vide-som-lejer\/fremleje\/","name":"Regler om fremleje","isPartOf":{"@id":"https:\/\/www.cwobel-ejendomme.dk\/bolig\/#website"},"primaryImageOfPage":{"@id":"https:\/\/www.cwobel-ejendomme.dk\/bolig\/vaerd-at-vide-som-lejer\/fremleje\/#primaryimage"},"image":{"@id":"https:\/\/www.cwobel-ejendomme.dk\/bolig\/vaerd-at-vide-som-lejer\/fremleje\/#primaryimage"},"thumbnailUrl":"https:\/\/www.cwobel-ejendomme.dk\/bolig\/wp-content\/uploads\/sites\/2\/2024\/06\/Fremleje.jpeg","datePublished":"2022-06-14T13:21:24+00:00","dateModified":"2024-07-11T09:02:31+00:00","description":"Her kan du se dine rettigheder i forhold til at fremleje boligen og eget ansvar som lejer hos C.W. Obel Ejendomme.","breadcrumb":{"@id":"https:\/\/www.cwobel-ejendomme.dk\/bolig\/vaerd-at-vide-som-lejer\/fremleje\/#breadcrumb"},"inLanguage":"da-DK","potentialAction":[{"@type":"ReadAction","target":["https:\/\/www.cwobel-ejendomme.dk\/bolig\/vaerd-at-vide-som-lejer\/fremleje\/"]}]},{"@type":"ImageObject","inLanguage":"da-DK","@id":"https:\/\/www.cwobel-ejendomme.dk\/bolig\/vaerd-at-vide-som-lejer\/fremleje\/#primaryimage","url":"https:\/\/www.cwobel-ejendomme.dk\/bolig\/wp-content\/uploads\/sites\/2\/2024\/06\/Fremleje.jpeg","contentUrl":"https:\/\/www.cwobel-ejendomme.dk\/bolig\/wp-content\/uploads\/sites\/2\/2024\/06\/Fremleje.jpeg","width":800,"height":444,"caption":"Fremleje"},{"@type":"BreadcrumbList","@id":"https:\/\/www.cwobel-ejendomme.dk\/bolig\/vaerd-at-vide-som-lejer\/fremleje\/#breadcrumb","itemListElement":[{"@type":"ListItem","position":1,"name":"Hjem","item":"https:\/\/www.cwobel-ejendomme.dk\/bolig\/"},{"@type":"ListItem","position":2,"name":"V\u00e6rd at vide som lejer","item":"https:\/\/www.cwobel-ejendomme.dk\/bolig\/vaerd-at-vide-som-lejer\/"},{"@type":"ListItem","position":3,"name":"Fremleje"}]},{"@type":"WebSite","@id":"https:\/\/www.cwobel-ejendomme.dk\/bolig\/#website","url":"https:\/\/www.cwobel-ejendomme.dk\/bolig\/","name":"C.W. Obel Ejendomme","description":"C.W. Obel Ejendomme","potentialAction":[{"@type":"SearchAction","target":{"@type":"EntryPoint","urlTemplate":"https:\/\/www.cwobel-ejendomme.dk\/bolig\/?s={search_term_string}"},"query-input":{"@type":"PropertyValueSpecification","valueRequired":true,"valueName":"search_term_string"}}],"inLanguage":"da-DK"}]}},"acf":[],"_links":{"self":[{"href":"https:\/\/www.cwobel-ejendomme.dk\/bolig\/wp-json\/wp\/v2\/pages\/372","targetHints":{"allow":["GET"]}}],"collection":[{"href":"https:\/\/www.cwobel-ejendomme.dk\/bolig\/wp-json\/wp\/v2\/pages"}],"about":[{"href":"https:\/\/www.cwobel-ejendomme.dk\/bolig\/wp-json\/wp\/v2\/types\/page"}],"author":[{"embeddable":true,"href":"https:\/\/www.cwobel-ejendomme.dk\/bolig\/wp-json\/wp\/v2\/users\/7"}],"replies":[{"embeddable":true,"href":"https:\/\/www.cwobel-ejendomme.dk\/bolig\/wp-json\/wp\/v2\/comments?post=372"}],"version-history":[{"count":4,"href":"https:\/\/www.cwobel-ejendomme.dk\/bolig\/wp-json\/wp\/v2\/pages\/372\/revisions"}],"predecessor-version":[{"id":19733,"href":"https:\/\/www.cwobel-ejendomme.dk\/bolig\/wp-json\/wp\/v2\/pages\/372\/revisions\/19733"}],"up":[{"embeddable":true,"href":"https:\/\/www.cwobel-ejendomme.dk\/bolig\/wp-json\/wp\/v2\/pages\/46"}],"wp:featuredmedia":[{"embeddable":true,"href":"https:\/\/www.cwobel-ejendomme.dk\/bolig\/wp-json\/wp\/v2\/media\/19812"}],"wp:attachment":[{"href":"https:\/\/www.cwobel-ejendomme.dk\/bolig\/wp-json\/wp\/v2\/media?parent=372"}],"curies":[{"name":"wp","href":"https:\/\/api.w.org\/{rel}","templated":true}]}}