{"id":370,"date":"2022-06-14T15:20:06","date_gmt":"2022-06-14T13:20:06","guid":{"rendered":"https:\/\/www.cwobel-ejendomme.dk\/bolig\/?page_id=370"},"modified":"2024-07-11T14:20:05","modified_gmt":"2024-07-11T12:20:05","slug":"stoj-og-fester","status":"publish","type":"page","link":"https:\/\/www.cwobel-ejendomme.dk\/bolig\/vaerd-at-vide-som-lejer\/stoj-og-fester\/","title":{"rendered":"St\u00f8j og fester"},"content":{"rendered":"\n<p><br><br><br>Du skal udvise hensyn og undg\u00e5 st\u00f8jende adf\u00e6rd, s\u00e5ledes at \u00f8vrige beboere ikke generes. Brug af st\u00f8jende v\u00e6rkt\u00f8j er kun tilladt i nedenst\u00e5ende tidsrum: <br>Regler for brug af v\u00e6rkt\u00f8jMellem kl. 08.00 og kl. 20.00 p\u00e5 hverdageMellem kl. 10.00 og kl. 18.00 weekend og helligdage. <br>Musik og festSom beboer hos os, skal du udvise hensyn, n\u00e5r du spiller musik, s\u00e5ledes at \u00f8vrige beboere ikke generes. Alle d\u00f8re og vinduer skal holdes lukkede. <br>Det g\u00e6lder s\u00e6rligt i tidsrummeneEfter kl. 20.00 s\u00f8ndag til torsdagEfter kl. 24.00 fredag og l\u00f8rdag. <br>Skal du holde fest, skal du s\u00e6tte et opslag op i din egen opgang samt naboopgangen i god tid f\u00f8r festens afholdelse, s\u00e5 dine naboer er informeret. <br>Ved forvarslede fester kan der spilles musik til kl. 02.00.&nbsp;<br><br>Tilbage til oversigt<br><a href=\"\/bolig\/vaerd-at-vide-som-lejer\/\">\/bolig\/vaerd-at-vide-som-lejer\/<\/a><br><br><br><img decoding=\"async\" src=\"https:\/\/www.cwobel-ejendomme.dk\/bolig\/wp-content\/uploads\/sites\/2\/2022\/06\/Stoejogfester_800x444px.jpg\" alt=\"St\u00f8j og fester\"><br><br>Du skal udvise hensyn og undg\u00e5 st\u00f8jende adf\u00e6rd, s\u00e5ledes at \u00f8vrige beboere ikke generes. Brug af st\u00f8jende v\u00e6rkt\u00f8j er kun tilladt i nedenst\u00e5ende tidsrum: <br>Regler for brug af v\u00e6rkt\u00f8jMellem kl. 08.00 og kl. 20.00 p\u00e5 hverdageMellem kl. 10.00 og kl. 18.00 weekend og helligdage. <br>Musik og festSom beboer hos os, skal du udvise hensyn, n\u00e5r du spiller musik, s\u00e5ledes at \u00f8vrige beboere ikke generes. Alle d\u00f8re og vinduer skal holdes lukkede. <br>Det g\u00e6lder s\u00e6rligt i tidsrummeneEfter kl. 20.00 s\u00f8ndag til torsdagEfter kl. 24.00 fredag og l\u00f8rdag. <br>Skal du holde fest, skal du s\u00e6tte et opslag op i din egen opgang samt naboopgangen i god tid f\u00f8r festens afholdelse, s\u00e5 dine naboer er informeret. <br>Ved forvarslede fester kan der spilles musik til kl. 02.00.&nbsp;<br><br>Tilbage til oversigt<br><a href=\"\/bolig\/vaerd-at-vide-som-lejer\/\">\/bolig\/vaerd-at-vide-som-lejer\/<\/a><br><br><\/p>\n","protected":false},"excerpt":{"rendered":"<p>Du skal udvise hensyn og undg\u00e5 st\u00f8jende adf\u00e6rd, s\u00e5ledes at \u00f8vrige beboere ikke generes. Brug af st\u00f8jende v\u00e6rkt\u00f8j<span class=\"excerpt-hellip\"> [\u2026]<\/span><\/p>\n","protected":false},"author":7,"featured_media":19825,"parent":46,"menu_order":0,"comment_status":"closed","ping_status":"closed","template":"","meta":{"_acf_changed":false,"footnotes":""},"class_list":["post-370","page","type-page","status-publish","has-post-thumbnail","hentry"],"yoast_head":"<!-- This site is optimized with the Yoast SEO Premium plugin v25.3.1 (Yoast SEO v25.3.1) - https:\/\/yoast.com\/wordpress\/plugins\/seo\/ -->\n<title>Om st\u00f8j og fester<\/title>\n<meta name=\"description\" content=\"Om st\u00f8j og fester. Du skal udvise hensyn og undg\u00e5 st\u00f8jende adf\u00e6rd, s\u00e5 \u00f8vrige beboere ikke generes. S\u00e6rligt i tidsrummene efter kl. 20.00\" \/>\n<meta name=\"robots\" content=\"index, follow, max-snippet:-1, max-image-preview:large, max-video-preview:-1\" \/>\n<link rel=\"canonical\" href=\"https:\/\/www.cwobel-ejendomme.dk\/bolig\/vaerd-at-vide-som-lejer\/stoj-og-fester\/\" \/>\n<meta property=\"og:locale\" content=\"da_DK\" \/>\n<meta property=\"og:type\" content=\"article\" \/>\n<meta property=\"og:title\" content=\"St\u00f8j og fester\" \/>\n<meta property=\"og:description\" content=\"Om st\u00f8j og fester. Du skal udvise hensyn og undg\u00e5 st\u00f8jende adf\u00e6rd, s\u00e5 \u00f8vrige beboere ikke generes. S\u00e6rligt i tidsrummene efter kl. 20.00\" \/>\n<meta property=\"og:url\" content=\"https:\/\/www.cwobel-ejendomme.dk\/bolig\/vaerd-at-vide-som-lejer\/stoj-og-fester\/\" \/>\n<meta property=\"og:site_name\" content=\"C.W. Obel Ejendomme\" \/>\n<meta property=\"article:modified_time\" content=\"2024-07-11T12:20:05+00:00\" \/>\n<meta property=\"og:image\" content=\"https:\/\/www.cwobel-ejendomme.dk\/bolig\/wp-content\/uploads\/sites\/2\/2024\/06\/Stoejogfester.jpeg\" \/>\n\t<meta property=\"og:image:width\" content=\"800\" \/>\n\t<meta property=\"og:image:height\" content=\"444\" \/>\n\t<meta property=\"og:image:type\" content=\"image\/jpeg\" \/>\n<meta name=\"twitter:card\" content=\"summary_large_image\" \/>\n<meta name=\"twitter:label1\" content=\"Estimeret l\u00e6setid\" \/>\n\t<meta name=\"twitter:data1\" content=\"2 minutter\" \/>\n<script type=\"application\/ld+json\" class=\"yoast-schema-graph\">{\"@context\":\"https:\/\/schema.org\",\"@graph\":[{\"@type\":\"WebPage\",\"@id\":\"https:\/\/www.cwobel-ejendomme.dk\/bolig\/vaerd-at-vide-som-lejer\/stoj-og-fester\/\",\"url\":\"https:\/\/www.cwobel-ejendomme.dk\/bolig\/vaerd-at-vide-som-lejer\/stoj-og-fester\/\",\"name\":\"Om st\u00f8j og fester\",\"isPartOf\":{\"@id\":\"https:\/\/www.cwobel-ejendomme.dk\/bolig\/#website\"},\"primaryImageOfPage\":{\"@id\":\"https:\/\/www.cwobel-ejendomme.dk\/bolig\/vaerd-at-vide-som-lejer\/stoj-og-fester\/#primaryimage\"},\"image\":{\"@id\":\"https:\/\/www.cwobel-ejendomme.dk\/bolig\/vaerd-at-vide-som-lejer\/stoj-og-fester\/#primaryimage\"},\"thumbnailUrl\":\"https:\/\/www.cwobel-ejendomme.dk\/bolig\/wp-content\/uploads\/sites\/2\/2024\/06\/Stoejogfester.jpeg\",\"datePublished\":\"2022-06-14T13:20:06+00:00\",\"dateModified\":\"2024-07-11T12:20:05+00:00\",\"description\":\"Om st\u00f8j og fester. Du skal udvise hensyn og undg\u00e5 st\u00f8jende adf\u00e6rd, s\u00e5 \u00f8vrige beboere ikke generes. S\u00e6rligt i tidsrummene efter kl. 20.00\",\"breadcrumb\":{\"@id\":\"https:\/\/www.cwobel-ejendomme.dk\/bolig\/vaerd-at-vide-som-lejer\/stoj-og-fester\/#breadcrumb\"},\"inLanguage\":\"da-DK\",\"potentialAction\":[{\"@type\":\"ReadAction\",\"target\":[\"https:\/\/www.cwobel-ejendomme.dk\/bolig\/vaerd-at-vide-som-lejer\/stoj-og-fester\/\"]}]},{\"@type\":\"ImageObject\",\"inLanguage\":\"da-DK\",\"@id\":\"https:\/\/www.cwobel-ejendomme.dk\/bolig\/vaerd-at-vide-som-lejer\/stoj-og-fester\/#primaryimage\",\"url\":\"https:\/\/www.cwobel-ejendomme.dk\/bolig\/wp-content\/uploads\/sites\/2\/2024\/06\/Stoejogfester.jpeg\",\"contentUrl\":\"https:\/\/www.cwobel-ejendomme.dk\/bolig\/wp-content\/uploads\/sites\/2\/2024\/06\/Stoejogfester.jpeg\",\"width\":800,\"height\":444,\"caption\":\"St\u00f8j og fester\"},{\"@type\":\"BreadcrumbList\",\"@id\":\"https:\/\/www.cwobel-ejendomme.dk\/bolig\/vaerd-at-vide-som-lejer\/stoj-og-fester\/#breadcrumb\",\"itemListElement\":[{\"@type\":\"ListItem\",\"position\":1,\"name\":\"Hjem\",\"item\":\"https:\/\/www.cwobel-ejendomme.dk\/bolig\/\"},{\"@type\":\"ListItem\",\"position\":2,\"name\":\"V\u00e6rd at vide som lejer\",\"item\":\"https:\/\/www.cwobel-ejendomme.dk\/bolig\/vaerd-at-vide-som-lejer\/\"},{\"@type\":\"ListItem\",\"position\":3,\"name\":\"St\u00f8j og fester\"}]},{\"@type\":\"WebSite\",\"@id\":\"https:\/\/www.cwobel-ejendomme.dk\/bolig\/#website\",\"url\":\"https:\/\/www.cwobel-ejendomme.dk\/bolig\/\",\"name\":\"C.W. Obel Ejendomme\",\"description\":\"C.W. Obel Ejendomme\",\"potentialAction\":[{\"@type\":\"SearchAction\",\"target\":{\"@type\":\"EntryPoint\",\"urlTemplate\":\"https:\/\/www.cwobel-ejendomme.dk\/bolig\/?s={search_term_string}\"},\"query-input\":{\"@type\":\"PropertyValueSpecification\",\"valueRequired\":true,\"valueName\":\"search_term_string\"}}],\"inLanguage\":\"da-DK\"}]}<\/script>\n<!-- \/ Yoast SEO Premium plugin. -->","yoast_head_json":{"title":"Om st\u00f8j og fester","description":"Om st\u00f8j og fester. Du skal udvise hensyn og undg\u00e5 st\u00f8jende adf\u00e6rd, s\u00e5 \u00f8vrige beboere ikke generes. S\u00e6rligt i tidsrummene efter kl. 20.00","robots":{"index":"index","follow":"follow","max-snippet":"max-snippet:-1","max-image-preview":"max-image-preview:large","max-video-preview":"max-video-preview:-1"},"canonical":"https:\/\/www.cwobel-ejendomme.dk\/bolig\/vaerd-at-vide-som-lejer\/stoj-og-fester\/","og_locale":"da_DK","og_type":"article","og_title":"St\u00f8j og fester","og_description":"Om st\u00f8j og fester. Du skal udvise hensyn og undg\u00e5 st\u00f8jende adf\u00e6rd, s\u00e5 \u00f8vrige beboere ikke generes. S\u00e6rligt i tidsrummene efter kl. 20.00","og_url":"https:\/\/www.cwobel-ejendomme.dk\/bolig\/vaerd-at-vide-som-lejer\/stoj-og-fester\/","og_site_name":"C.W. Obel Ejendomme","article_modified_time":"2024-07-11T12:20:05+00:00","og_image":[{"width":800,"height":444,"url":"https:\/\/www.cwobel-ejendomme.dk\/bolig\/wp-content\/uploads\/sites\/2\/2024\/06\/Stoejogfester.jpeg","type":"image\/jpeg"}],"twitter_card":"summary_large_image","twitter_misc":{"Estimeret l\u00e6setid":"2 minutter"},"schema":{"@context":"https:\/\/schema.org","@graph":[{"@type":"WebPage","@id":"https:\/\/www.cwobel-ejendomme.dk\/bolig\/vaerd-at-vide-som-lejer\/stoj-og-fester\/","url":"https:\/\/www.cwobel-ejendomme.dk\/bolig\/vaerd-at-vide-som-lejer\/stoj-og-fester\/","name":"Om st\u00f8j og fester","isPartOf":{"@id":"https:\/\/www.cwobel-ejendomme.dk\/bolig\/#website"},"primaryImageOfPage":{"@id":"https:\/\/www.cwobel-ejendomme.dk\/bolig\/vaerd-at-vide-som-lejer\/stoj-og-fester\/#primaryimage"},"image":{"@id":"https:\/\/www.cwobel-ejendomme.dk\/bolig\/vaerd-at-vide-som-lejer\/stoj-og-fester\/#primaryimage"},"thumbnailUrl":"https:\/\/www.cwobel-ejendomme.dk\/bolig\/wp-content\/uploads\/sites\/2\/2024\/06\/Stoejogfester.jpeg","datePublished":"2022-06-14T13:20:06+00:00","dateModified":"2024-07-11T12:20:05+00:00","description":"Om st\u00f8j og fester. Du skal udvise hensyn og undg\u00e5 st\u00f8jende adf\u00e6rd, s\u00e5 \u00f8vrige beboere ikke generes. S\u00e6rligt i tidsrummene efter kl. 20.00","breadcrumb":{"@id":"https:\/\/www.cwobel-ejendomme.dk\/bolig\/vaerd-at-vide-som-lejer\/stoj-og-fester\/#breadcrumb"},"inLanguage":"da-DK","potentialAction":[{"@type":"ReadAction","target":["https:\/\/www.cwobel-ejendomme.dk\/bolig\/vaerd-at-vide-som-lejer\/stoj-og-fester\/"]}]},{"@type":"ImageObject","inLanguage":"da-DK","@id":"https:\/\/www.cwobel-ejendomme.dk\/bolig\/vaerd-at-vide-som-lejer\/stoj-og-fester\/#primaryimage","url":"https:\/\/www.cwobel-ejendomme.dk\/bolig\/wp-content\/uploads\/sites\/2\/2024\/06\/Stoejogfester.jpeg","contentUrl":"https:\/\/www.cwobel-ejendomme.dk\/bolig\/wp-content\/uploads\/sites\/2\/2024\/06\/Stoejogfester.jpeg","width":800,"height":444,"caption":"St\u00f8j og fester"},{"@type":"BreadcrumbList","@id":"https:\/\/www.cwobel-ejendomme.dk\/bolig\/vaerd-at-vide-som-lejer\/stoj-og-fester\/#breadcrumb","itemListElement":[{"@type":"ListItem","position":1,"name":"Hjem","item":"https:\/\/www.cwobel-ejendomme.dk\/bolig\/"},{"@type":"ListItem","position":2,"name":"V\u00e6rd at vide som lejer","item":"https:\/\/www.cwobel-ejendomme.dk\/bolig\/vaerd-at-vide-som-lejer\/"},{"@type":"ListItem","position":3,"name":"St\u00f8j og fester"}]},{"@type":"WebSite","@id":"https:\/\/www.cwobel-ejendomme.dk\/bolig\/#website","url":"https:\/\/www.cwobel-ejendomme.dk\/bolig\/","name":"C.W. Obel Ejendomme","description":"C.W. Obel Ejendomme","potentialAction":[{"@type":"SearchAction","target":{"@type":"EntryPoint","urlTemplate":"https:\/\/www.cwobel-ejendomme.dk\/bolig\/?s={search_term_string}"},"query-input":{"@type":"PropertyValueSpecification","valueRequired":true,"valueName":"search_term_string"}}],"inLanguage":"da-DK"}]}},"acf":[],"_links":{"self":[{"href":"https:\/\/www.cwobel-ejendomme.dk\/bolig\/wp-json\/wp\/v2\/pages\/370","targetHints":{"allow":["GET"]}}],"collection":[{"href":"https:\/\/www.cwobel-ejendomme.dk\/bolig\/wp-json\/wp\/v2\/pages"}],"about":[{"href":"https:\/\/www.cwobel-ejendomme.dk\/bolig\/wp-json\/wp\/v2\/types\/page"}],"author":[{"embeddable":true,"href":"https:\/\/www.cwobel-ejendomme.dk\/bolig\/wp-json\/wp\/v2\/users\/7"}],"replies":[{"embeddable":true,"href":"https:\/\/www.cwobel-ejendomme.dk\/bolig\/wp-json\/wp\/v2\/comments?post=370"}],"version-history":[{"count":4,"href":"https:\/\/www.cwobel-ejendomme.dk\/bolig\/wp-json\/wp\/v2\/pages\/370\/revisions"}],"predecessor-version":[{"id":19826,"href":"https:\/\/www.cwobel-ejendomme.dk\/bolig\/wp-json\/wp\/v2\/pages\/370\/revisions\/19826"}],"up":[{"embeddable":true,"href":"https:\/\/www.cwobel-ejendomme.dk\/bolig\/wp-json\/wp\/v2\/pages\/46"}],"wp:featuredmedia":[{"embeddable":true,"href":"https:\/\/www.cwobel-ejendomme.dk\/bolig\/wp-json\/wp\/v2\/media\/19825"}],"wp:attachment":[{"href":"https:\/\/www.cwobel-ejendomme.dk\/bolig\/wp-json\/wp\/v2\/media?parent=370"}],"curies":[{"name":"wp","href":"https:\/\/api.w.org\/{rel}","templated":true}]}}