{"id":25769,"date":"2025-11-26T11:01:59","date_gmt":"2025-11-26T10:01:59","guid":{"rendered":"https:\/\/www.cwobel-ejendomme.dk\/bolig\/?page_id=25769"},"modified":"2025-12-04T12:30:00","modified_gmt":"2025-12-04T11:30:00","slug":"beboerhotel-paa-trekronergade124","status":"publish","type":"page","link":"https:\/\/www.cwobel-ejendomme.dk\/bolig\/beboerhotel-paa-trekronergade124\/","title":{"rendered":"Beboerhotel p\u00e5 Trekronergade124"},"content":{"rendered":"<h1>Beboerhotel \u2013 g\u00e6stev\u00e6relser p\u00e5 Trekronergade124<\/h1>\n<p>F\u00e5r du bes\u00f8g hjemmefra, eller skal familien overnatte i forbindelse med fx konfirmation eller rund f\u00f8dselsdag? Som beboer har du mulighed for at leje en etv\u00e6relses lejlighed i ejendommens beboerhotel.<\/p>\n<p>Hvis du har sp\u00f8rgsm\u00e5l, kan du kontakte boligadministrationen hos C.W. Obel Ejendomme p\u00e5 <a href=\"mailto:bolig@cwobel.dk\">bolig@cwobel.dk<\/a> eller <a href=\"tel:33 33 92 92\">33 33 92 92<\/a>.<\/p>\n<p><a href=\"https:\/\/www.cwobel-ejendomme.dk\/bolig\/wp-content\/uploads\/sites\/2\/2025\/11\/Gaestevaerelser-Trekronergade124-02.jpg\"><img decoding=\"async\" src=\"https:\/\/www.cwobel-ejendomme.dk\/bolig\/wp-content\/uploads\/sites\/2\/2025\/11\/Gaestevaerelser-Trekronergade124-02.jpg\" alt=\"\" \/><\/a><\/p>\n<p><a href=\"https:\/\/www.cwobel-ejendomme.dk\/bolig\/wp-content\/uploads\/sites\/2\/2025\/11\/Gaestevaerelser-Trekronergade124-01.jpg\"><img decoding=\"async\" src=\"https:\/\/www.cwobel-ejendomme.dk\/bolig\/wp-content\/uploads\/sites\/2\/2025\/11\/Gaestevaerelser-Trekronergade124-01.jpg\" alt=\"\" \/><\/a><\/p>\n<h5>Fakta om beboerhotel<\/h5>\n<ul>\n<li>1 v\u00e6relses lejlighed med to sovepladser<\/li>\n<li>Eget bad og tek\u00f8kken<\/li>\n<li>Spiseplads og sofaomr\u00e5de<\/li>\n<li>Dobbeltseng, som kan benyttes som enkeltsenge<\/li>\n<\/ul>\n<h5>Leje og dispositionsret<\/h5>\n<p>Hvis du \u00f8nsker at leje et g\u00e6stev\u00e6relse , skal du sende en foresp\u00f8rgsel til <a href=\"mailto:bolig@cwobel.dk\">bolig@cwobel.dk<\/a>.<\/p>\n<p>Det koster 300 kr. pr. nat, og derudover betales et depositum p\u00e5 500 kr., som refunderes, hvis v\u00e6relset afleveres i rengjort og ryddelig stand.<\/p>\n<p>Indtjekning kan ske fra kl. 15.00 p\u00e5 ankomstdagen, og v\u00e6relset skal v\u00e6re forladt senest kl. 10.00 den efterf\u00f8lgende dag. Du modtager en adgangskode, der aktiveres og deaktiveres i dette tidsrum.<\/p>\n<p>Vi anbefaler, at du gennemg\u00e5r v\u00e6relset ved ankomst. Eventuelle mangler eller skader skal meldes til boligadministrationen p\u00e5 <a href=\"mailto:bolig@cwobel.dk\">bolig@cwobel.dk.<\/a>, s\u00e5 vi kan sikre, at beboerhotellet altid fremst\u00e5r p\u00e6nt og indbydende for alle.<\/p>\n<h5>Medbring og anvend<\/h5>\n<ul>\n<li>Sengelinned<\/li>\n<li>H\u00e5ndkl\u00e6der<\/li>\n<li>Toiletpapir<\/li>\n<li>Viskestykker<\/li>\n<li>Karklude<\/li>\n<\/ul>\n<h5>Regler og ansvar<\/h5>\n<p>Anvendelsen af g\u00e6stev\u00e6relserne m\u00e5 ikke medf\u00f8re st\u00f8jgener eller p\u00e5 anden m\u00e5de v\u00e6re til gene for de \u00f8vrige beboere. D\u00f8rene skal derfor altid holdes lukket, og det er ikke tilladt at ryge p\u00e5 g\u00e6stev\u00e6relserne, p\u00e5 badev\u00e6relset, eller i gangen.<\/p>\n<p>Du er ansvarlig for g\u00e6sternes opf\u00f8rsel og skal v\u00e6re opm\u00e6rksom p\u00e5, at retten til at kunne leje g\u00e6stev\u00e6relserne p\u00e5 ny inddrages, hvis der modtages berettigede klager fra de \u00f8vrige beboere. I tilf\u00e6lde af skader p\u00e5 g\u00e6stev\u00e6relset\/inventaret er du erstatningspligtig.<\/p>\n<h5>Reng\u00f8ring og oprydning<\/h5>\n<p>Beboerhotellet afleveres i ryddet og rengjort stand, der skal v\u00e6re vasket op, st\u00f8vsuget og vasket gulv, samt rengjort badev\u00e6relse.<\/p>\n<p>Der er en st\u00f8vsuger og reng\u00f8ringsmidler til r\u00e5dighed. Desuden skal alt affald v\u00e6re fjernes. Der er affaldscontainer i g\u00e5rden.<\/p>\n<p>Husk at lukke d\u00f8ren og slukke lyset, n\u00e5r beboerhotellet forlades.<\/p>\n<h5>Afbestilling og depositum<\/h5>\n<p>Ved afbestilling sendes en e-mail til boligadministrationen p\u00e5 <a href=\"mailto:bolig@cwobel.dk\">bolig@cwobel.dk<\/a><br \/>\nSidste frist for afbestilling af g\u00e6stev\u00e6relserne er senest 14 dage f\u00f8r lejeperiodens begyndelse.<br \/>\nDepositum bliver refunderet i forbindelse med f\u00f8rstkommende huslejek\u00f8rsel.<\/p>\n<p><a href=\"https:\/\/www.cwobel-ejendomme.dk\/ejendomme\/trekronergade-124\/\">Trekronergade124<\/a> i det popul\u00e6re \u201cForfatterkvarter\u201d i Valby \u2013 et stenkast fra K\u00f8benhavn Syd Station, med regionaltoge, s-tog og metro.<\/p>\n<p>Vil du bo i Valby? Se vores ledige lejem\u00e5l her.<\/p>\n<p><a title=\"\" href=\"https:\/\/www.cwobel-ejendomme.dk\/bolig\/ledige-lejemaal\/storkoebenhavn\/valby\/\">SE LEDIGE LEJEM\u00c5L<\/a><\/p>\n","protected":false},"excerpt":{"rendered":"<p>Beboerhotel \u2013 g\u00e6stev\u00e6relser p\u00e5 Trekronergade124 F\u00e5r du bes\u00f8g hjemmefra, eller skal familien overnatte i forbindelse med fx konfirmation<span class=\"excerpt-hellip\"> [\u2026]<\/span><\/p>\n","protected":false},"author":7,"featured_media":0,"parent":0,"menu_order":0,"comment_status":"closed","ping_status":"closed","template":"","meta":{"_acf_changed":false,"footnotes":""},"class_list":["post-25769","page","type-page","status-publish","hentry"],"yoast_head":"<!-- This site is optimized with the Yoast SEO Premium plugin v25.3.1 (Yoast SEO v25.3.1) - https:\/\/yoast.com\/wordpress\/plugins\/seo\/ -->\n<title>Beboerhotel p\u00e5 Trekronergade124 - C.W. Obel Ejendomme<\/title>\n<meta name=\"description\" content=\"Skal familien overnatte i forbindelse med bes\u00f8g? Som beboer har du mulighed for at leje v\u00e6relse i ejendommens beboerhotel.\" \/>\n<meta name=\"robots\" content=\"index, follow, max-snippet:-1, max-image-preview:large, max-video-preview:-1\" \/>\n<link rel=\"canonical\" href=\"https:\/\/www.cwobel-ejendomme.dk\/bolig\/beboerhotel-paa-trekronergade124\/\" \/>\n<meta property=\"og:locale\" content=\"da_DK\" \/>\n<meta property=\"og:type\" content=\"article\" \/>\n<meta property=\"og:title\" content=\"Beboerhotel p\u00e5 Trekronergade124\" \/>\n<meta property=\"og:description\" content=\"Skal familien overnatte i forbindelse med bes\u00f8g? Som beboer har du mulighed for at leje v\u00e6relse i ejendommens beboerhotel.\" \/>\n<meta property=\"og:url\" content=\"https:\/\/www.cwobel-ejendomme.dk\/bolig\/beboerhotel-paa-trekronergade124\/\" \/>\n<meta property=\"og:site_name\" content=\"C.W. Obel Ejendomme\" \/>\n<meta property=\"article:modified_time\" content=\"2025-12-04T11:30:00+00:00\" \/>\n<meta property=\"og:image\" content=\"https:\/\/www.cwobel-ejendomme.dk\/bolig\/wp-content\/uploads\/sites\/2\/2025\/11\/Gaestevaerelser-Trekronergade124-02.jpg\" \/>\n<meta name=\"twitter:card\" content=\"summary_large_image\" \/>\n<meta name=\"twitter:label1\" content=\"Estimeret l\u00e6setid\" \/>\n\t<meta name=\"twitter:data1\" content=\"3 minutter\" \/>\n<script type=\"application\/ld+json\" class=\"yoast-schema-graph\">{\"@context\":\"https:\/\/schema.org\",\"@graph\":[{\"@type\":\"WebPage\",\"@id\":\"https:\/\/www.cwobel-ejendomme.dk\/bolig\/beboerhotel-paa-trekronergade124\/\",\"url\":\"https:\/\/www.cwobel-ejendomme.dk\/bolig\/beboerhotel-paa-trekronergade124\/\",\"name\":\"Beboerhotel p\u00e5 Trekronergade124 - C.W. Obel Ejendomme\",\"isPartOf\":{\"@id\":\"https:\/\/www.cwobel-ejendomme.dk\/bolig\/#website\"},\"primaryImageOfPage\":{\"@id\":\"https:\/\/www.cwobel-ejendomme.dk\/bolig\/beboerhotel-paa-trekronergade124\/#primaryimage\"},\"image\":{\"@id\":\"https:\/\/www.cwobel-ejendomme.dk\/bolig\/beboerhotel-paa-trekronergade124\/#primaryimage\"},\"thumbnailUrl\":\"https:\/\/www.cwobel-ejendomme.dk\/bolig\/wp-content\/uploads\/sites\/2\/2025\/11\/Gaestevaerelser-Trekronergade124-02.jpg\",\"datePublished\":\"2025-11-26T10:01:59+00:00\",\"dateModified\":\"2025-12-04T11:30:00+00:00\",\"description\":\"Skal familien overnatte i forbindelse med bes\u00f8g? Som beboer har du mulighed for at leje v\u00e6relse i ejendommens beboerhotel.\",\"breadcrumb\":{\"@id\":\"https:\/\/www.cwobel-ejendomme.dk\/bolig\/beboerhotel-paa-trekronergade124\/#breadcrumb\"},\"inLanguage\":\"da-DK\",\"potentialAction\":[{\"@type\":\"ReadAction\",\"target\":[\"https:\/\/www.cwobel-ejendomme.dk\/bolig\/beboerhotel-paa-trekronergade124\/\"]}]},{\"@type\":\"ImageObject\",\"inLanguage\":\"da-DK\",\"@id\":\"https:\/\/www.cwobel-ejendomme.dk\/bolig\/beboerhotel-paa-trekronergade124\/#primaryimage\",\"url\":\"https:\/\/www.cwobel-ejendomme.dk\/bolig\/wp-content\/uploads\/sites\/2\/2025\/11\/Gaestevaerelser-Trekronergade124-02.jpg\",\"contentUrl\":\"https:\/\/www.cwobel-ejendomme.dk\/bolig\/wp-content\/uploads\/sites\/2\/2025\/11\/Gaestevaerelser-Trekronergade124-02.jpg\"},{\"@type\":\"BreadcrumbList\",\"@id\":\"https:\/\/www.cwobel-ejendomme.dk\/bolig\/beboerhotel-paa-trekronergade124\/#breadcrumb\",\"itemListElement\":[{\"@type\":\"ListItem\",\"position\":1,\"name\":\"Hjem\",\"item\":\"https:\/\/www.cwobel-ejendomme.dk\/bolig\/\"},{\"@type\":\"ListItem\",\"position\":2,\"name\":\"Beboerhotel p\u00e5 Trekronergade124\"}]},{\"@type\":\"WebSite\",\"@id\":\"https:\/\/www.cwobel-ejendomme.dk\/bolig\/#website\",\"url\":\"https:\/\/www.cwobel-ejendomme.dk\/bolig\/\",\"name\":\"C.W. Obel Ejendomme\",\"description\":\"C.W. Obel Ejendomme\",\"potentialAction\":[{\"@type\":\"SearchAction\",\"target\":{\"@type\":\"EntryPoint\",\"urlTemplate\":\"https:\/\/www.cwobel-ejendomme.dk\/bolig\/?s={search_term_string}\"},\"query-input\":{\"@type\":\"PropertyValueSpecification\",\"valueRequired\":true,\"valueName\":\"search_term_string\"}}],\"inLanguage\":\"da-DK\"}]}<\/script>\n<!-- \/ Yoast SEO Premium plugin. -->","yoast_head_json":{"title":"Beboerhotel p\u00e5 Trekronergade124 - C.W. Obel Ejendomme","description":"Skal familien overnatte i forbindelse med bes\u00f8g? Som beboer har du mulighed for at leje v\u00e6relse i ejendommens beboerhotel.","robots":{"index":"index","follow":"follow","max-snippet":"max-snippet:-1","max-image-preview":"max-image-preview:large","max-video-preview":"max-video-preview:-1"},"canonical":"https:\/\/www.cwobel-ejendomme.dk\/bolig\/beboerhotel-paa-trekronergade124\/","og_locale":"da_DK","og_type":"article","og_title":"Beboerhotel p\u00e5 Trekronergade124","og_description":"Skal familien overnatte i forbindelse med bes\u00f8g? Som beboer har du mulighed for at leje v\u00e6relse i ejendommens beboerhotel.","og_url":"https:\/\/www.cwobel-ejendomme.dk\/bolig\/beboerhotel-paa-trekronergade124\/","og_site_name":"C.W. Obel Ejendomme","article_modified_time":"2025-12-04T11:30:00+00:00","og_image":[{"url":"https:\/\/www.cwobel-ejendomme.dk\/bolig\/wp-content\/uploads\/sites\/2\/2025\/11\/Gaestevaerelser-Trekronergade124-02.jpg","type":"","width":"","height":""}],"twitter_card":"summary_large_image","twitter_misc":{"Estimeret l\u00e6setid":"3 minutter"},"schema":{"@context":"https:\/\/schema.org","@graph":[{"@type":"WebPage","@id":"https:\/\/www.cwobel-ejendomme.dk\/bolig\/beboerhotel-paa-trekronergade124\/","url":"https:\/\/www.cwobel-ejendomme.dk\/bolig\/beboerhotel-paa-trekronergade124\/","name":"Beboerhotel p\u00e5 Trekronergade124 - C.W. Obel Ejendomme","isPartOf":{"@id":"https:\/\/www.cwobel-ejendomme.dk\/bolig\/#website"},"primaryImageOfPage":{"@id":"https:\/\/www.cwobel-ejendomme.dk\/bolig\/beboerhotel-paa-trekronergade124\/#primaryimage"},"image":{"@id":"https:\/\/www.cwobel-ejendomme.dk\/bolig\/beboerhotel-paa-trekronergade124\/#primaryimage"},"thumbnailUrl":"https:\/\/www.cwobel-ejendomme.dk\/bolig\/wp-content\/uploads\/sites\/2\/2025\/11\/Gaestevaerelser-Trekronergade124-02.jpg","datePublished":"2025-11-26T10:01:59+00:00","dateModified":"2025-12-04T11:30:00+00:00","description":"Skal familien overnatte i forbindelse med bes\u00f8g? Som beboer har du mulighed for at leje v\u00e6relse i ejendommens beboerhotel.","breadcrumb":{"@id":"https:\/\/www.cwobel-ejendomme.dk\/bolig\/beboerhotel-paa-trekronergade124\/#breadcrumb"},"inLanguage":"da-DK","potentialAction":[{"@type":"ReadAction","target":["https:\/\/www.cwobel-ejendomme.dk\/bolig\/beboerhotel-paa-trekronergade124\/"]}]},{"@type":"ImageObject","inLanguage":"da-DK","@id":"https:\/\/www.cwobel-ejendomme.dk\/bolig\/beboerhotel-paa-trekronergade124\/#primaryimage","url":"https:\/\/www.cwobel-ejendomme.dk\/bolig\/wp-content\/uploads\/sites\/2\/2025\/11\/Gaestevaerelser-Trekronergade124-02.jpg","contentUrl":"https:\/\/www.cwobel-ejendomme.dk\/bolig\/wp-content\/uploads\/sites\/2\/2025\/11\/Gaestevaerelser-Trekronergade124-02.jpg"},{"@type":"BreadcrumbList","@id":"https:\/\/www.cwobel-ejendomme.dk\/bolig\/beboerhotel-paa-trekronergade124\/#breadcrumb","itemListElement":[{"@type":"ListItem","position":1,"name":"Hjem","item":"https:\/\/www.cwobel-ejendomme.dk\/bolig\/"},{"@type":"ListItem","position":2,"name":"Beboerhotel p\u00e5 Trekronergade124"}]},{"@type":"WebSite","@id":"https:\/\/www.cwobel-ejendomme.dk\/bolig\/#website","url":"https:\/\/www.cwobel-ejendomme.dk\/bolig\/","name":"C.W. Obel Ejendomme","description":"C.W. Obel Ejendomme","potentialAction":[{"@type":"SearchAction","target":{"@type":"EntryPoint","urlTemplate":"https:\/\/www.cwobel-ejendomme.dk\/bolig\/?s={search_term_string}"},"query-input":{"@type":"PropertyValueSpecification","valueRequired":true,"valueName":"search_term_string"}}],"inLanguage":"da-DK"}]}},"acf":[],"_links":{"self":[{"href":"https:\/\/www.cwobel-ejendomme.dk\/bolig\/wp-json\/wp\/v2\/pages\/25769","targetHints":{"allow":["GET"]}}],"collection":[{"href":"https:\/\/www.cwobel-ejendomme.dk\/bolig\/wp-json\/wp\/v2\/pages"}],"about":[{"href":"https:\/\/www.cwobel-ejendomme.dk\/bolig\/wp-json\/wp\/v2\/types\/page"}],"author":[{"embeddable":true,"href":"https:\/\/www.cwobel-ejendomme.dk\/bolig\/wp-json\/wp\/v2\/users\/7"}],"replies":[{"embeddable":true,"href":"https:\/\/www.cwobel-ejendomme.dk\/bolig\/wp-json\/wp\/v2\/comments?post=25769"}],"version-history":[{"count":5,"href":"https:\/\/www.cwobel-ejendomme.dk\/bolig\/wp-json\/wp\/v2\/pages\/25769\/revisions"}],"predecessor-version":[{"id":25783,"href":"https:\/\/www.cwobel-ejendomme.dk\/bolig\/wp-json\/wp\/v2\/pages\/25769\/revisions\/25783"}],"wp:attachment":[{"href":"https:\/\/www.cwobel-ejendomme.dk\/bolig\/wp-json\/wp\/v2\/media?parent=25769"}],"curies":[{"name":"wp","href":"https:\/\/api.w.org\/{rel}","templated":true}]}}