{"id":23425,"date":"2025-08-20T14:48:57","date_gmt":"2025-08-20T12:48:57","guid":{"rendered":"https:\/\/www.cwobel-ejendomme.dk\/bolig\/?page_id=23425"},"modified":"2025-12-05T13:47:10","modified_gmt":"2025-12-05T12:47:10","slug":"tjekliste-bolig","status":"publish","type":"page","link":"https:\/\/www.cwobel-ejendomme.dk\/bolig\/inspiration\/tjekliste-bolig\/","title":{"rendered":"Tjekliste bolig"},"content":{"rendered":"<h1>Tjekliste<\/h1>\n<p>Som lejer spiller du en vigtig rolle i at holde din bolig i god stand, skabe et sundt indeklima og undg\u00e5 sm\u00e5 problemer, der med tiden kan vokse sig st\u00f8rre. Vi har samlet en enkel tjekliste over de ting, du med fordel kan holde \u00f8je med hver 6. og 12. m\u00e5ned. Mange af dem tager kun f\u00e5 minutter \u2013 men g\u00f8r en stor forskel i det lange l\u00f8b.<\/p>\n<p>Find en printvenlig version nederst \u2013 lige til at h\u00e6nge op p\u00e5 opslagstavlen eller tage med rundt i boligen. Den er nem at overskue, og du kan hurtigt krydse af, efterh\u00e5nden som du g\u00e5r listen igennem.<\/p>\n<h3>Halv\u00e5rstjekliste<\/h3>\n<p>Afl\u00f8b: Rens af afl\u00f8b i k\u00f8kken, bad og bryggers. Se, hvordan du <a href=\"https:\/\/www.cwobel-ejendomme.dk\/bolig\/vaerd-at-vide-som-lejer\/rens-af-afloeb\/\">renser afl\u00f8b i brusenichen.<\/a>Vaskemaskine: Rens s\u00e6beskuffe og afl\u00f8bsfilter. Se, hvordan du <a href=\"https:\/\/www.cwobel-ejendomme.dk\/bolig\/vaerd-at-vide-som-lejer\/rensning-af-vaskemaskine\/\">renser vaskemaskinens filter.<\/a>Opvaskemaskine: Rens filter og k\u00f8r maskinen med rensetablet. Se, hvordan du <a href=\"https:\/\/www.cwobel-ejendomme.dk\/bolig\/vaerd-at-vide-som-lejer\/rensning-af-opvaskemaskine\/\">renser vaskemaskinens filter.<\/a>Ventiler og udsugning: St\u00f8vsug eller t\u00f8r af, s\u00e5 luftcirkulationen fungerer optimalt.Armaturer og brusere: Afkalk for at sikre godt vandtryk og forhindre tilstopning.Vandhaner og toiletter: Tjek for dryp eller l\u00f8bende vand. Se, hvordan du <a href=\"https:\/\/www.cwobel-ejendomme.dk\/bolig\/vaerd-at-vide-som-lejer\/afkalk-toilet\/\">afkalker toilettet.<\/a>Altan\/terrasse: Fjern blade og snavs, tjek afl\u00f8b og afvask evt. flader.Brandsikring: Test r\u00f8galarmer og skift batterier ved behov.Vinduespudsning: Puds vinduer indvendigt og udvendigt. Vi s\u00f8rger for f\u00e6llesarealer.<\/p>\n<h3>Hel\u00e5rstjekliste<\/h3>\n<p>K\u00f8kkenventilation\/emh\u00e6tte: Rens filtre grundigt, og t\u00f8r overfladen af for snavns.K\u00f8leskab og fryser: Afrim og reng\u00f8r indvendigt. Sluk for str\u00f8mmen, mens du afrimer, for at spare p\u00e5 en energien. Husk spand og klud. Radiatorer og gulvvarme: Udluft radiatorer, test varme f\u00f8r fyringss\u00e6son. Fuger i bad og k\u00f8kken: Tjek for slid eller skimmel \u2013 reng\u00f8r efter behov.Vinduer og d\u00f8re: Tjek t\u00e6tningslister og sm\u00f8r h\u00e6ngsler.Store m\u00f8bler: Tjek at sofaer, skabe, sengegavle o.l. ikke st\u00e5r for t\u00e6t p\u00e5 v\u00e6ggen for at sikre ventilation og undg\u00e5 fugt \u2013 s\u00e6rligt i vinterhalv\u00e5retElinstallationer: Tjek stikkontakter og ledninger for slid.Reng\u00f8ring bag h\u00e5rde hvidevarer: Undg\u00e5 st\u00f8v og fedtophobning bag komfur, vaskemaskine og k\u00f8leskab.<\/p>\n","protected":false},"excerpt":{"rendered":"<p>Tjekliste Som lejer spiller du en vigtig rolle i at holde din bolig i god stand, skabe et<span class=\"excerpt-hellip\"> [\u2026]<\/span><\/p>\n","protected":false},"author":2,"featured_media":0,"parent":187,"menu_order":0,"comment_status":"closed","ping_status":"closed","template":"","meta":{"_acf_changed":false,"footnotes":""},"class_list":["post-23425","page","type-page","status-publish","hentry"],"yoast_head":"<!-- This site is optimized with the Yoast SEO Premium plugin v25.3.1 (Yoast SEO v25.3.1) - https:\/\/yoast.com\/wordpress\/plugins\/seo\/ -->\n<title>Tjekliste bolig - C.W. Obel Ejendomme<\/title>\n<meta name=\"description\" content=\"Vi har samlet en praktisk tjekliste med sm\u00e5 opgaver, du selv kan holde \u00f8je med i l\u00f8bet af \u00e5ret. Mange af dem tager kun f\u00e5 minutter\" \/>\n<meta name=\"robots\" content=\"index, follow, max-snippet:-1, max-image-preview:large, max-video-preview:-1\" \/>\n<link rel=\"canonical\" href=\"https:\/\/www.cwobel-ejendomme.dk\/bolig\/inspiration\/tjekliste-bolig\/\" \/>\n<meta property=\"og:locale\" content=\"da_DK\" \/>\n<meta property=\"og:type\" content=\"article\" \/>\n<meta property=\"og:title\" content=\"Tjekliste bolig\" \/>\n<meta property=\"og:description\" content=\"Vi har samlet en praktisk tjekliste med sm\u00e5 opgaver, du selv kan holde \u00f8je med i l\u00f8bet af \u00e5ret. Mange af dem tager kun f\u00e5 minutter\" \/>\n<meta property=\"og:url\" content=\"https:\/\/www.cwobel-ejendomme.dk\/bolig\/inspiration\/tjekliste-bolig\/\" \/>\n<meta property=\"og:site_name\" content=\"C.W. Obel Ejendomme\" \/>\n<meta property=\"article:modified_time\" content=\"2025-12-05T12:47:10+00:00\" \/>\n<meta property=\"og:image\" content=\"https:\/\/www.cwobel-ejendomme.dk\/bolig\/wp-content\/uploads\/sites\/2\/2022\/06\/shutterstock_695217586_WEB.jpg\" \/>\n\t<meta property=\"og:image:width\" content=\"2409\" \/>\n\t<meta property=\"og:image:height\" content=\"1546\" \/>\n\t<meta property=\"og:image:type\" content=\"image\/jpeg\" \/>\n<meta name=\"twitter:card\" content=\"summary_large_image\" \/>\n<meta name=\"twitter:label1\" content=\"Estimeret l\u00e6setid\" \/>\n\t<meta name=\"twitter:data1\" content=\"2 minutter\" \/>\n<script type=\"application\/ld+json\" class=\"yoast-schema-graph\">{\"@context\":\"https:\/\/schema.org\",\"@graph\":[{\"@type\":\"WebPage\",\"@id\":\"https:\/\/www.cwobel-ejendomme.dk\/bolig\/inspiration\/tjekliste-bolig\/\",\"url\":\"https:\/\/www.cwobel-ejendomme.dk\/bolig\/inspiration\/tjekliste-bolig\/\",\"name\":\"Tjekliste bolig - C.W. Obel Ejendomme\",\"isPartOf\":{\"@id\":\"https:\/\/www.cwobel-ejendomme.dk\/bolig\/#website\"},\"datePublished\":\"2025-08-20T12:48:57+00:00\",\"dateModified\":\"2025-12-05T12:47:10+00:00\",\"description\":\"Vi har samlet en praktisk tjekliste med sm\u00e5 opgaver, du selv kan holde \u00f8je med i l\u00f8bet af \u00e5ret. Mange af dem tager kun f\u00e5 minutter\",\"breadcrumb\":{\"@id\":\"https:\/\/www.cwobel-ejendomme.dk\/bolig\/inspiration\/tjekliste-bolig\/#breadcrumb\"},\"inLanguage\":\"da-DK\",\"potentialAction\":[{\"@type\":\"ReadAction\",\"target\":[\"https:\/\/www.cwobel-ejendomme.dk\/bolig\/inspiration\/tjekliste-bolig\/\"]}]},{\"@type\":\"BreadcrumbList\",\"@id\":\"https:\/\/www.cwobel-ejendomme.dk\/bolig\/inspiration\/tjekliste-bolig\/#breadcrumb\",\"itemListElement\":[{\"@type\":\"ListItem\",\"position\":1,\"name\":\"Hjem\",\"item\":\"https:\/\/www.cwobel-ejendomme.dk\/bolig\/\"},{\"@type\":\"ListItem\",\"position\":2,\"name\":\"Viden og inspiration\",\"item\":\"https:\/\/www.cwobel-ejendomme.dk\/bolig\/inspiration\/\"},{\"@type\":\"ListItem\",\"position\":3,\"name\":\"Tjekliste bolig\"}]},{\"@type\":\"WebSite\",\"@id\":\"https:\/\/www.cwobel-ejendomme.dk\/bolig\/#website\",\"url\":\"https:\/\/www.cwobel-ejendomme.dk\/bolig\/\",\"name\":\"C.W. Obel Ejendomme\",\"description\":\"C.W. Obel Ejendomme\",\"potentialAction\":[{\"@type\":\"SearchAction\",\"target\":{\"@type\":\"EntryPoint\",\"urlTemplate\":\"https:\/\/www.cwobel-ejendomme.dk\/bolig\/?s={search_term_string}\"},\"query-input\":{\"@type\":\"PropertyValueSpecification\",\"valueRequired\":true,\"valueName\":\"search_term_string\"}}],\"inLanguage\":\"da-DK\"}]}<\/script>\n<!-- \/ Yoast SEO Premium plugin. -->","yoast_head_json":{"title":"Tjekliste bolig - C.W. Obel Ejendomme","description":"Vi har samlet en praktisk tjekliste med sm\u00e5 opgaver, du selv kan holde \u00f8je med i l\u00f8bet af \u00e5ret. Mange af dem tager kun f\u00e5 minutter","robots":{"index":"index","follow":"follow","max-snippet":"max-snippet:-1","max-image-preview":"max-image-preview:large","max-video-preview":"max-video-preview:-1"},"canonical":"https:\/\/www.cwobel-ejendomme.dk\/bolig\/inspiration\/tjekliste-bolig\/","og_locale":"da_DK","og_type":"article","og_title":"Tjekliste bolig","og_description":"Vi har samlet en praktisk tjekliste med sm\u00e5 opgaver, du selv kan holde \u00f8je med i l\u00f8bet af \u00e5ret. Mange af dem tager kun f\u00e5 minutter","og_url":"https:\/\/www.cwobel-ejendomme.dk\/bolig\/inspiration\/tjekliste-bolig\/","og_site_name":"C.W. Obel Ejendomme","article_modified_time":"2025-12-05T12:47:10+00:00","og_image":[{"width":2409,"height":1546,"url":"https:\/\/www.cwobel-ejendomme.dk\/bolig\/wp-content\/uploads\/sites\/2\/2022\/06\/shutterstock_695217586_WEB.jpg","type":"image\/jpeg"}],"twitter_card":"summary_large_image","twitter_misc":{"Estimeret l\u00e6setid":"2 minutter"},"schema":{"@context":"https:\/\/schema.org","@graph":[{"@type":"WebPage","@id":"https:\/\/www.cwobel-ejendomme.dk\/bolig\/inspiration\/tjekliste-bolig\/","url":"https:\/\/www.cwobel-ejendomme.dk\/bolig\/inspiration\/tjekliste-bolig\/","name":"Tjekliste bolig - C.W. Obel Ejendomme","isPartOf":{"@id":"https:\/\/www.cwobel-ejendomme.dk\/bolig\/#website"},"datePublished":"2025-08-20T12:48:57+00:00","dateModified":"2025-12-05T12:47:10+00:00","description":"Vi har samlet en praktisk tjekliste med sm\u00e5 opgaver, du selv kan holde \u00f8je med i l\u00f8bet af \u00e5ret. Mange af dem tager kun f\u00e5 minutter","breadcrumb":{"@id":"https:\/\/www.cwobel-ejendomme.dk\/bolig\/inspiration\/tjekliste-bolig\/#breadcrumb"},"inLanguage":"da-DK","potentialAction":[{"@type":"ReadAction","target":["https:\/\/www.cwobel-ejendomme.dk\/bolig\/inspiration\/tjekliste-bolig\/"]}]},{"@type":"BreadcrumbList","@id":"https:\/\/www.cwobel-ejendomme.dk\/bolig\/inspiration\/tjekliste-bolig\/#breadcrumb","itemListElement":[{"@type":"ListItem","position":1,"name":"Hjem","item":"https:\/\/www.cwobel-ejendomme.dk\/bolig\/"},{"@type":"ListItem","position":2,"name":"Viden og inspiration","item":"https:\/\/www.cwobel-ejendomme.dk\/bolig\/inspiration\/"},{"@type":"ListItem","position":3,"name":"Tjekliste bolig"}]},{"@type":"WebSite","@id":"https:\/\/www.cwobel-ejendomme.dk\/bolig\/#website","url":"https:\/\/www.cwobel-ejendomme.dk\/bolig\/","name":"C.W. Obel Ejendomme","description":"C.W. Obel Ejendomme","potentialAction":[{"@type":"SearchAction","target":{"@type":"EntryPoint","urlTemplate":"https:\/\/www.cwobel-ejendomme.dk\/bolig\/?s={search_term_string}"},"query-input":{"@type":"PropertyValueSpecification","valueRequired":true,"valueName":"search_term_string"}}],"inLanguage":"da-DK"}]}},"acf":[],"_links":{"self":[{"href":"https:\/\/www.cwobel-ejendomme.dk\/bolig\/wp-json\/wp\/v2\/pages\/23425","targetHints":{"allow":["GET"]}}],"collection":[{"href":"https:\/\/www.cwobel-ejendomme.dk\/bolig\/wp-json\/wp\/v2\/pages"}],"about":[{"href":"https:\/\/www.cwobel-ejendomme.dk\/bolig\/wp-json\/wp\/v2\/types\/page"}],"author":[{"embeddable":true,"href":"https:\/\/www.cwobel-ejendomme.dk\/bolig\/wp-json\/wp\/v2\/users\/2"}],"replies":[{"embeddable":true,"href":"https:\/\/www.cwobel-ejendomme.dk\/bolig\/wp-json\/wp\/v2\/comments?post=23425"}],"version-history":[{"count":4,"href":"https:\/\/www.cwobel-ejendomme.dk\/bolig\/wp-json\/wp\/v2\/pages\/23425\/revisions"}],"predecessor-version":[{"id":23442,"href":"https:\/\/www.cwobel-ejendomme.dk\/bolig\/wp-json\/wp\/v2\/pages\/23425\/revisions\/23442"}],"up":[{"embeddable":true,"href":"https:\/\/www.cwobel-ejendomme.dk\/bolig\/wp-json\/wp\/v2\/pages\/187"}],"wp:attachment":[{"href":"https:\/\/www.cwobel-ejendomme.dk\/bolig\/wp-json\/wp\/v2\/media?parent=23425"}],"curies":[{"name":"wp","href":"https:\/\/api.w.org\/{rel}","templated":true}]}}