{"id":23415,"date":"2025-08-20T11:00:01","date_gmt":"2025-08-20T09:00:01","guid":{"rendered":"https:\/\/www.cwobel-ejendomme.dk\/bolig\/?page_id=23415"},"modified":"2025-12-04T12:29:40","modified_gmt":"2025-12-04T11:29:40","slug":"faellesfaciliteter-paa-teglvaerkskajen","status":"publish","type":"page","link":"https:\/\/www.cwobel-ejendomme.dk\/bolig\/faellesfaciliteter-paa-teglvaerkskajen\/","title":{"rendered":"F\u00e6llesfaciliteter p\u00e5 Teglv\u00e6rkskajen"},"content":{"rendered":"<h1>F\u00e6llesfaciliteter p\u00e5 Teglv\u00e6rkskajen<\/h1>\n<p>Som beboer p\u00e5 Teglv\u00e6rkskajen f\u00e5r du adgang til en r\u00e6kke f\u00e6llesfaciliteter, der skaber gode og fleksible rammer for din hverdag. Her er plads til b\u00e5de f\u00e6llesskab, g\u00e6ster og gode oplevelser \u2013 t\u00e6t p\u00e5 havnelivet og midt i et levende lokalomr\u00e5de.<\/p>\n<p>Hvis du har sp\u00f8rgsm\u00e5l om f\u00e6llesfaciliteter, kan du kontakte boligadministrationen hos C.W. Obel Ejendomme p\u00e5 <a href=\"mailto:bolig@cwobel.dk\">bolig@cwobel.dk<\/a> eller <a href=\"tel:33 33 92 92\">33 33 92 92<\/a>.<\/p>\n<p><a href=\"https:\/\/www.cwobel-ejendomme.dk\/bolig\/wp-content\/uploads\/sites\/2\/2025\/08\/Faelleslokale-Teglvaerlskajen.jpg\"><img decoding=\"async\" src=\"https:\/\/www.cwobel-ejendomme.dk\/bolig\/wp-content\/uploads\/sites\/2\/2025\/08\/Faelleslokale-Teglvaerlskajen.jpg\" alt=\"F\u00e6lleslokale Teglv\u00e6rlskajen\" \/><\/a><\/p>\n<p><em>F\u00e6llesfaciliteter<\/em><\/p>\n<p><a href=\"https:\/\/www.cwobel-ejendomme.dk\/bolig\/wp-content\/uploads\/sites\/2\/2025\/08\/Loungeomraade-Teglvaerlskajen.jpg\"><img decoding=\"async\" src=\"https:\/\/www.cwobel-ejendomme.dk\/bolig\/wp-content\/uploads\/sites\/2\/2025\/08\/Loungeomraade-Teglvaerlskajen.jpg\" alt=\"Loungeomra\u030ade Teglv\u00e6rlskajen\" \/><\/a><\/p>\n<h3>F\u00e6lleslokale til arrangementer<\/h3>\n<p>I stueetagen p\u00e5 Teglv\u00e6rkskajen 27 finder du ejendommens f\u00e6lleslokale. Rummet kan bookes af beboere til fx f\u00f8dselsdage, barned\u00e5b, studiegrupper eller madklub. Her er der b\u00e5de plads til samv\u00e6r og ro til fordybelse \u2013 og du slipper for at rydde hele lejligheden.<\/p>\n<h5>Fakta om f\u00e6lleslokalet<\/h5>\n<p>Op til 45 personer<br \/>\nVeludstyret k\u00f8kken<br \/>\nBorde og stole<br \/>\nSofaomr\u00e5de<br \/>\nToilet og garderobe<\/p>\n<h5>Leje og disposisionsret<\/h5>\n<p>Foresp\u00f8rgsel sendes til <a href=\"mailto:bolig@cwobel.dk\">bolig@cwobel.dk<\/a><\/p>\n<p>Der kan maksimalt reserveres 6 m\u00e5neder frem.<\/p>\n<p>Lokalelejen udg\u00f8r 1.500 kr.<\/p>\n<p>Der skal indbetales et depositum p\u00e5 3.000 kr.<\/p>\n<p>Dispositionsret fra kl. 12.00 til den efterf\u00f8lgende dag kl. 11.00.<\/p>\n<p>Du modtager du en adgangskode, der aktiveres\/deaktiveres p\u00e5 ovenst\u00e5ende tidspunkter.<\/p>\n<p>Vi anbefaler, at du gennemg\u00e5r f\u00e6lleslokalet, n\u00e5r du f\u00e5r adgang til det.<\/p>\n<p>Eventuelle skader og mangler skal meddeles boligadministrationen p\u00e5 <a href=\"mailto:bolig@cwobel.dk\">bolig@cwobel.dk<\/a>.<\/p>\n<h5>Medbring og anvend<\/h5>\n<p>Viskestykker<br \/>\nToiletpapir<br \/>\nKlude<br \/>\nH\u00e5nds\u00e6be<br \/>\nH\u00e5ndkl\u00e6der<br \/>\nK\u00f8kkenruller<br \/>\nOpvaskeb\u00f8rste o. lign.<\/p>\n<h5>Regler og ansvar<\/h5>\n<p>Anvendelsen af f\u00e6lleslokalet m\u00e5 ikke medf\u00f8re st\u00f8jgener eller p\u00e5 anden m\u00e5de v\u00e6re til gene for de \u00f8vrige beboere.<br \/>\nLokalerne skal forlades senest kl. 01.00.<br \/>\nMusik og st\u00f8j m\u00e5 ikke genere de omkringboende lejere. D\u00f8rene skal derfor altid holdes lukket , og ophold uden for skal ske p\u00e5 midten af den store plads.<br \/>\nDet er forbudt at ryge i lokalet.<br \/>\nDu er ansvarlig for g\u00e6sternes opf\u00f8rsel og skal v\u00e6re opm\u00e6rksom p\u00e5, at retten til at kunne leje af f\u00e6lleslokalet igen inddrages, hvis der modtages berettigede klager fra de \u00f8vrige beboere.<br \/>\nI tilf\u00e6lde af skader p\u00e5 f\u00e6lleslokalet\/inventaret er du erstatningspligtig.<\/p>\n<h5>Reng\u00f8ring og oprydning<\/h5>\n<p>F\u00e6lleslokalet skal afleveres ryddet og rengjort og uden mangler af nogen art.<br \/>\nVed mangelfuld reng\u00f8ring bliver der modregnet 1.500,- af det indbetalte depositum.<br \/>\nT\u00f8m opvaskemaskinen, k\u00f8leskab\/fryser og ovn<br \/>\nBenyttet service skal reng\u00f8res og s\u00e6ttes p\u00e5 plads igen (se dymo skiltene)<br \/>\nT\u00f8m skraldespande og bortskaf affald i de respektive containere<br \/>\nRyd og reng\u00f8r k\u00f8kken (se reng\u00f8ringsanvisning p\u00e5 reng\u00f8ringsvogn.)<br \/>\nSt\u00f8vsug og vask gulvet (se reng\u00f8ringsanvisning p\u00e5 reng\u00f8ringsvogn.)<br \/>\nAlt affald inde og ude skal fjernes<br \/>\nToiletterne reng\u00f8res<br \/>\nLuk d\u00f8re og sluk lyset<\/p>\n<h5>Afbestilling og depositum<\/h5>\n<p>Ved afbestilling sendes en e-mail <a href=\"mailto:bolig@cwobel.dk\">bolig@cwobel.dk<\/a><br \/>\nSidste frist for afbestilling af f\u00e6lleslokalerne er senest 14 dage f\u00f8r lejeperiodens begyndelse.<br \/>\nDepositum bliver refunderet i forbindelse med f\u00f8rstkommende huslejek\u00f8rsel.<\/p>\n<p><a href=\"https:\/\/www.cwobel-ejendomme.dk\/bolig\/wp-content\/uploads\/sites\/2\/2025\/08\/Gaestevaerelser-Teglvaerlskajen-2.jpg\"><img decoding=\"async\" src=\"https:\/\/www.cwobel-ejendomme.dk\/bolig\/wp-content\/uploads\/sites\/2\/2025\/08\/Gaestevaerelser-Teglvaerlskajen-2.jpg\" alt=\"G\u00e6stev\u00e6relser Teglv\u00e6rlskajen 2\" \/><\/a><\/p>\n<p><a href=\"https:\/\/www.cwobel-ejendomme.dk\/bolig\/wp-content\/uploads\/sites\/2\/2025\/08\/Gaestevaerelser-Teglvaerlskajen-1.jpg\"><img decoding=\"async\" src=\"https:\/\/www.cwobel-ejendomme.dk\/bolig\/wp-content\/uploads\/sites\/2\/2025\/08\/Gaestevaerelser-Teglvaerlskajen-1.jpg\" alt=\"G\u00e6stev\u00e6relser Teglv\u00e6rlskajen 1\" \/><\/a><\/p>\n<h3>Beboerhotel \u2013 g\u00e6stev\u00e6relser<\/h3>\n<p>F\u00e5r du bes\u00f8g hjemmefra, eller skal familien overnatte i forbindelse med fx konfirmation eller rund f\u00f8dselsdag? Som beboer kan du leje et af ejendommens to g\u00e6stev\u00e6relser \u2013 ogs\u00e5 kaldet beboerhotellet.<\/p>\n<h5>Fakta om beboerhotel<\/h5>\n<p>2 g\u00e6stev\u00e6relser<br \/>\nKan lejes enkeltvis eller samlet<br \/>\nDobbeltseng, som kan benyttes som enkeltsenge<br \/>\nF\u00e6lles badev\u00e6relse<\/p>\n<h5>Leje og disposisionsret<\/h5>\n<p>Det koster 300,- pr. nat at leje beboerhotellet.<br \/>\nDerudover opkr\u00e6ves et depositum p\u00e5 500,-, som du mister, hvis du ikke afleverer beboerhotellet i ryddelig og rengjort stand.<br \/>\nIndtjekning p\u00e5 dagen kan ske fra kl. 15.00.<br \/>\nUdtjekning den efterf\u00f8lgende dag senest kl. 10.00.<br \/>\nVed leje af g\u00e6stev\u00e6relse modtager du en adgangskode, der aktiveres\/deaktiveres p\u00e5 ovenst\u00e5ende tidspunkter.<br \/>\nVi anbefaler, at du gennemg g\u00e6stev\u00e6relset mv. N\u00e5r du f\u00e5r adgang til det. Eventuelle skader og mangler skal meddeles boligadministrationen p\u00e5 <a href=\"mailto:bolig@cwobel.dk\">bolig@cwobel.dk.<\/a><\/p>\n<h5>Medbring og anvend<\/h5>\n<p>Sengelinned<br \/>\nH\u00e5ndkl\u00e6der<br \/>\nToiletpapir<br \/>\nH\u00e5nds\u00e6be<br \/>\nH\u00e5nds\u00e6be<\/p>\n<h5>Regler og ansvar<\/h5>\n<p>Anvendelsen af g\u00e6stev\u00e6relserne m\u00e5 ikke medf\u00f8re st\u00f8jgener eller p\u00e5 anden m\u00e5de v\u00e6re til gene for de \u00f8vrige beboere.<br \/>\nD\u00f8rene skal derfor altid holdes lukket, og det er ikke tilladt at ryge p\u00e5 g\u00e6stev\u00e6relserne, p\u00e5 badev\u00e6relset, eller i gangen.<br \/>\nDu er ansvarlig for g\u00e6sternes opf\u00f8rsel og skal v\u00e6re opm\u00e6rksom p\u00e5, at retten til at kunne leje g\u00e6stev\u00e6relserne p\u00e5 ny inddrages, hvis der modtages berettigede klager fra de \u00f8vrige beboere.<br \/>\nI tilf\u00e6lde af skader p\u00e5 g\u00e6stev\u00e6relset\/inventaret er du erstatningspligtig.<\/p>\n<h5>Reng\u00f8ring og oprydning<\/h5>\n<p>G\u00e6stev\u00e6relset og badev\u00e6relse afleveres i ryddet, og rengjort stand, med<br \/>\nt\u00f8mte skraldespande.<br \/>\nDer er en st\u00f8vsuger til r\u00e5dighed som er placeret ved indgangen.<br \/>\nHusk at lukke d\u00f8ren og slukke lyset, n\u00e5r g\u00e6stev\u00e6relset forlades.<br \/>\nHusk at t\u00e6nde udsugningen til brusenichen p\u00e5 knappen p\u00e5 v\u00e6ggen til h\u00f8jre for d\u00f8ren.<\/p>\n<h5>Afbestilling og depositum<\/h5>\n<p>Ved afbestilling sendes en e-mail til boligadministrationen p\u00e5 <a href=\"mailto:bolig@cwobel.dk\">bolig@cwobel.dk.<\/a><br \/>\nSidste frist for afbestilling af g\u00e6stev\u00e6relserne er senest 14 dage f\u00f8r lejeperiodens begyndelse.<br \/>\nDepositum bliver refunderet i forbindelse med f\u00f8rstkommende huslejek\u00f8rsel.<\/p>\n","protected":false},"excerpt":{"rendered":"<p>F\u00e6llesfaciliteter p\u00e5 Teglv\u00e6rkskajen Som beboer p\u00e5 Teglv\u00e6rkskajen f\u00e5r du adgang til en r\u00e6kke f\u00e6llesfaciliteter, der skaber gode og<span class=\"excerpt-hellip\"> [\u2026]<\/span><\/p>\n","protected":false},"author":1,"featured_media":0,"parent":0,"menu_order":0,"comment_status":"closed","ping_status":"closed","template":"","meta":{"_acf_changed":false,"footnotes":""},"class_list":["post-23415","page","type-page","status-publish","hentry"],"yoast_head":"<!-- This site is optimized with the Yoast SEO Premium plugin v25.3.1 (Yoast SEO v25.3.1) - https:\/\/yoast.com\/wordpress\/plugins\/seo\/ -->\n<title>F\u00e6llesfaciliteter p\u00e5 Teglv\u00e6rkskajen - C.W. Obel Ejendomme<\/title>\n<meta name=\"description\" content=\"Som beboer p\u00e5 Teglv\u00e6rkskajen f\u00e5r du adgang til en r\u00e6kke f\u00e6llesfaciliteter, der skaber gode og fleksible rammer for din hverdag.\" \/>\n<meta name=\"robots\" content=\"index, follow, max-snippet:-1, max-image-preview:large, max-video-preview:-1\" \/>\n<link rel=\"canonical\" href=\"https:\/\/www.cwobel-ejendomme.dk\/bolig\/faellesfaciliteter-paa-teglvaerkskajen\/\" \/>\n<meta property=\"og:locale\" content=\"da_DK\" \/>\n<meta property=\"og:type\" content=\"article\" \/>\n<meta property=\"og:title\" content=\"F\u00e6llesfaciliteter p\u00e5 Teglv\u00e6rkskajen\" \/>\n<meta property=\"og:description\" content=\"Som beboer p\u00e5 Teglv\u00e6rkskajen f\u00e5r du adgang til en r\u00e6kke f\u00e6llesfaciliteter, der skaber gode og fleksible rammer for din hverdag.\" \/>\n<meta property=\"og:url\" content=\"https:\/\/www.cwobel-ejendomme.dk\/bolig\/faellesfaciliteter-paa-teglvaerkskajen\/\" \/>\n<meta property=\"og:site_name\" content=\"C.W. Obel Ejendomme\" \/>\n<meta property=\"article:modified_time\" content=\"2025-12-04T11:29:40+00:00\" \/>\n<meta property=\"og:image\" content=\"https:\/\/www.cwobel-ejendomme.dk\/bolig\/wp-content\/uploads\/sites\/2\/2025\/08\/Faelleslokale-Teglvaerlskajen.jpg\" \/>\n<meta name=\"twitter:card\" content=\"summary_large_image\" \/>\n<meta name=\"twitter:label1\" content=\"Estimeret l\u00e6setid\" \/>\n\t<meta name=\"twitter:data1\" content=\"5 minutter\" \/>\n<script type=\"application\/ld+json\" class=\"yoast-schema-graph\">{\"@context\":\"https:\/\/schema.org\",\"@graph\":[{\"@type\":\"WebPage\",\"@id\":\"https:\/\/www.cwobel-ejendomme.dk\/bolig\/faellesfaciliteter-paa-teglvaerkskajen\/\",\"url\":\"https:\/\/www.cwobel-ejendomme.dk\/bolig\/faellesfaciliteter-paa-teglvaerkskajen\/\",\"name\":\"F\u00e6llesfaciliteter p\u00e5 Teglv\u00e6rkskajen - C.W. Obel Ejendomme\",\"isPartOf\":{\"@id\":\"https:\/\/www.cwobel-ejendomme.dk\/bolig\/#website\"},\"primaryImageOfPage\":{\"@id\":\"https:\/\/www.cwobel-ejendomme.dk\/bolig\/faellesfaciliteter-paa-teglvaerkskajen\/#primaryimage\"},\"image\":{\"@id\":\"https:\/\/www.cwobel-ejendomme.dk\/bolig\/faellesfaciliteter-paa-teglvaerkskajen\/#primaryimage\"},\"thumbnailUrl\":\"https:\/\/www.cwobel-ejendomme.dk\/bolig\/wp-content\/uploads\/sites\/2\/2025\/08\/Faelleslokale-Teglvaerlskajen.jpg\",\"datePublished\":\"2025-08-20T09:00:01+00:00\",\"dateModified\":\"2025-12-04T11:29:40+00:00\",\"description\":\"Som beboer p\u00e5 Teglv\u00e6rkskajen f\u00e5r du adgang til en r\u00e6kke f\u00e6llesfaciliteter, der skaber gode og fleksible rammer for din hverdag.\",\"breadcrumb\":{\"@id\":\"https:\/\/www.cwobel-ejendomme.dk\/bolig\/faellesfaciliteter-paa-teglvaerkskajen\/#breadcrumb\"},\"inLanguage\":\"da-DK\",\"potentialAction\":[{\"@type\":\"ReadAction\",\"target\":[\"https:\/\/www.cwobel-ejendomme.dk\/bolig\/faellesfaciliteter-paa-teglvaerkskajen\/\"]}]},{\"@type\":\"ImageObject\",\"inLanguage\":\"da-DK\",\"@id\":\"https:\/\/www.cwobel-ejendomme.dk\/bolig\/faellesfaciliteter-paa-teglvaerkskajen\/#primaryimage\",\"url\":\"https:\/\/www.cwobel-ejendomme.dk\/bolig\/wp-content\/uploads\/sites\/2\/2025\/08\/Faelleslokale-Teglvaerlskajen.jpg\",\"contentUrl\":\"https:\/\/www.cwobel-ejendomme.dk\/bolig\/wp-content\/uploads\/sites\/2\/2025\/08\/Faelleslokale-Teglvaerlskajen.jpg\"},{\"@type\":\"BreadcrumbList\",\"@id\":\"https:\/\/www.cwobel-ejendomme.dk\/bolig\/faellesfaciliteter-paa-teglvaerkskajen\/#breadcrumb\",\"itemListElement\":[{\"@type\":\"ListItem\",\"position\":1,\"name\":\"Hjem\",\"item\":\"https:\/\/www.cwobel-ejendomme.dk\/bolig\/\"},{\"@type\":\"ListItem\",\"position\":2,\"name\":\"F\u00e6llesfaciliteter p\u00e5 Teglv\u00e6rkskajen\"}]},{\"@type\":\"WebSite\",\"@id\":\"https:\/\/www.cwobel-ejendomme.dk\/bolig\/#website\",\"url\":\"https:\/\/www.cwobel-ejendomme.dk\/bolig\/\",\"name\":\"C.W. Obel Ejendomme\",\"description\":\"C.W. Obel Ejendomme\",\"potentialAction\":[{\"@type\":\"SearchAction\",\"target\":{\"@type\":\"EntryPoint\",\"urlTemplate\":\"https:\/\/www.cwobel-ejendomme.dk\/bolig\/?s={search_term_string}\"},\"query-input\":{\"@type\":\"PropertyValueSpecification\",\"valueRequired\":true,\"valueName\":\"search_term_string\"}}],\"inLanguage\":\"da-DK\"}]}<\/script>\n<!-- \/ Yoast SEO Premium plugin. -->","yoast_head_json":{"title":"F\u00e6llesfaciliteter p\u00e5 Teglv\u00e6rkskajen - C.W. Obel Ejendomme","description":"Som beboer p\u00e5 Teglv\u00e6rkskajen f\u00e5r du adgang til en r\u00e6kke f\u00e6llesfaciliteter, der skaber gode og fleksible rammer for din hverdag.","robots":{"index":"index","follow":"follow","max-snippet":"max-snippet:-1","max-image-preview":"max-image-preview:large","max-video-preview":"max-video-preview:-1"},"canonical":"https:\/\/www.cwobel-ejendomme.dk\/bolig\/faellesfaciliteter-paa-teglvaerkskajen\/","og_locale":"da_DK","og_type":"article","og_title":"F\u00e6llesfaciliteter p\u00e5 Teglv\u00e6rkskajen","og_description":"Som beboer p\u00e5 Teglv\u00e6rkskajen f\u00e5r du adgang til en r\u00e6kke f\u00e6llesfaciliteter, der skaber gode og fleksible rammer for din hverdag.","og_url":"https:\/\/www.cwobel-ejendomme.dk\/bolig\/faellesfaciliteter-paa-teglvaerkskajen\/","og_site_name":"C.W. Obel Ejendomme","article_modified_time":"2025-12-04T11:29:40+00:00","og_image":[{"url":"https:\/\/www.cwobel-ejendomme.dk\/bolig\/wp-content\/uploads\/sites\/2\/2025\/08\/Faelleslokale-Teglvaerlskajen.jpg","type":"","width":"","height":""}],"twitter_card":"summary_large_image","twitter_misc":{"Estimeret l\u00e6setid":"5 minutter"},"schema":{"@context":"https:\/\/schema.org","@graph":[{"@type":"WebPage","@id":"https:\/\/www.cwobel-ejendomme.dk\/bolig\/faellesfaciliteter-paa-teglvaerkskajen\/","url":"https:\/\/www.cwobel-ejendomme.dk\/bolig\/faellesfaciliteter-paa-teglvaerkskajen\/","name":"F\u00e6llesfaciliteter p\u00e5 Teglv\u00e6rkskajen - C.W. Obel Ejendomme","isPartOf":{"@id":"https:\/\/www.cwobel-ejendomme.dk\/bolig\/#website"},"primaryImageOfPage":{"@id":"https:\/\/www.cwobel-ejendomme.dk\/bolig\/faellesfaciliteter-paa-teglvaerkskajen\/#primaryimage"},"image":{"@id":"https:\/\/www.cwobel-ejendomme.dk\/bolig\/faellesfaciliteter-paa-teglvaerkskajen\/#primaryimage"},"thumbnailUrl":"https:\/\/www.cwobel-ejendomme.dk\/bolig\/wp-content\/uploads\/sites\/2\/2025\/08\/Faelleslokale-Teglvaerlskajen.jpg","datePublished":"2025-08-20T09:00:01+00:00","dateModified":"2025-12-04T11:29:40+00:00","description":"Som beboer p\u00e5 Teglv\u00e6rkskajen f\u00e5r du adgang til en r\u00e6kke f\u00e6llesfaciliteter, der skaber gode og fleksible rammer for din hverdag.","breadcrumb":{"@id":"https:\/\/www.cwobel-ejendomme.dk\/bolig\/faellesfaciliteter-paa-teglvaerkskajen\/#breadcrumb"},"inLanguage":"da-DK","potentialAction":[{"@type":"ReadAction","target":["https:\/\/www.cwobel-ejendomme.dk\/bolig\/faellesfaciliteter-paa-teglvaerkskajen\/"]}]},{"@type":"ImageObject","inLanguage":"da-DK","@id":"https:\/\/www.cwobel-ejendomme.dk\/bolig\/faellesfaciliteter-paa-teglvaerkskajen\/#primaryimage","url":"https:\/\/www.cwobel-ejendomme.dk\/bolig\/wp-content\/uploads\/sites\/2\/2025\/08\/Faelleslokale-Teglvaerlskajen.jpg","contentUrl":"https:\/\/www.cwobel-ejendomme.dk\/bolig\/wp-content\/uploads\/sites\/2\/2025\/08\/Faelleslokale-Teglvaerlskajen.jpg"},{"@type":"BreadcrumbList","@id":"https:\/\/www.cwobel-ejendomme.dk\/bolig\/faellesfaciliteter-paa-teglvaerkskajen\/#breadcrumb","itemListElement":[{"@type":"ListItem","position":1,"name":"Hjem","item":"https:\/\/www.cwobel-ejendomme.dk\/bolig\/"},{"@type":"ListItem","position":2,"name":"F\u00e6llesfaciliteter p\u00e5 Teglv\u00e6rkskajen"}]},{"@type":"WebSite","@id":"https:\/\/www.cwobel-ejendomme.dk\/bolig\/#website","url":"https:\/\/www.cwobel-ejendomme.dk\/bolig\/","name":"C.W. Obel Ejendomme","description":"C.W. Obel Ejendomme","potentialAction":[{"@type":"SearchAction","target":{"@type":"EntryPoint","urlTemplate":"https:\/\/www.cwobel-ejendomme.dk\/bolig\/?s={search_term_string}"},"query-input":{"@type":"PropertyValueSpecification","valueRequired":true,"valueName":"search_term_string"}}],"inLanguage":"da-DK"}]}},"acf":[],"_links":{"self":[{"href":"https:\/\/www.cwobel-ejendomme.dk\/bolig\/wp-json\/wp\/v2\/pages\/23415","targetHints":{"allow":["GET"]}}],"collection":[{"href":"https:\/\/www.cwobel-ejendomme.dk\/bolig\/wp-json\/wp\/v2\/pages"}],"about":[{"href":"https:\/\/www.cwobel-ejendomme.dk\/bolig\/wp-json\/wp\/v2\/types\/page"}],"author":[{"embeddable":true,"href":"https:\/\/www.cwobel-ejendomme.dk\/bolig\/wp-json\/wp\/v2\/users\/1"}],"replies":[{"embeddable":true,"href":"https:\/\/www.cwobel-ejendomme.dk\/bolig\/wp-json\/wp\/v2\/comments?post=23415"}],"version-history":[{"count":3,"href":"https:\/\/www.cwobel-ejendomme.dk\/bolig\/wp-json\/wp\/v2\/pages\/23415\/revisions"}],"predecessor-version":[{"id":25764,"href":"https:\/\/www.cwobel-ejendomme.dk\/bolig\/wp-json\/wp\/v2\/pages\/23415\/revisions\/25764"}],"wp:attachment":[{"href":"https:\/\/www.cwobel-ejendomme.dk\/bolig\/wp-json\/wp\/v2\/media?parent=23415"}],"curies":[{"name":"wp","href":"https:\/\/api.w.org\/{rel}","templated":true}]}}