{"id":22,"date":"2022-05-03T10:55:44","date_gmt":"2022-05-03T08:55:44","guid":{"rendered":"https:\/\/www.cwobel-ejendomme.dk\/bolig\/?page_id=22"},"modified":"2025-07-07T15:46:48","modified_gmt":"2025-07-07T13:46:48","slug":"ledige-lejemaal","status":"publish","type":"page","link":"https:\/\/www.cwobel-ejendomme.dk\/bolig\/ledige-lejemaal\/","title":{"rendered":"Ledige lejem\u00e5l"},"content":{"rendered":"\n<p><\/p>\n\n\n\n<p><\/p>\n\n\n\n<p><\/p>\n\n\n\n<p><\/p>\n\n\n<h2>Find din nye lejebolig i Stork\u00f8ben\u00adhavn eller AalborgSe vores ledige boliglejem\u00e5l<\/h2>\n<p><br \/><a href=\"https:\/\/www.cwobel-ejendomme.dk\/\">C.W. Obel Ejendomme<\/a> skaber trivsel og livsgl\u00e6de gennem et udvalg af lejeboliger, hvor fokus er p\u00e5 kvalitet, beliggenhed og et attraktivt lokalmilj\u00f8. Som lejer vil du drage fordel af nogle velordnede og vedligeholdte ejendomme, der tilbyder trygge, behagelige rammer for dig og din familie.<br \/><br \/><\/p>\n<h2>Mere end en boligFind din n\u00e6ste lejebolig hos C.W. Obel Ejendomme<\/h2>\n<p><br \/>C.W. Obel Ejendommes m\u00e5l er, at vores beboere f\u00f8ler sig hjemme og blomstrer i deres nye hjem. Derfor tilbyder vi en r\u00e6kke nye lejeboliger i <a href=\"\/bolig\/ledige-lejemaal\/storkoebenhavn\/\">Stork\u00f8benhavn<\/a> og <a href=\"\/bolig\/ledige-lejemaal\/aalborg\/\">Aalborg<\/a>, som vi har f\u00e5et bygget og istandsat, s\u00e5 de lever op til vores h\u00f8je kvalitetskrav og er helt indflytningsklar. De venter bare p\u00e5 dig.<br \/><br \/><\/p>\n<h4>Hvorfor du skal v\u00e6lge en lejebolig hos C.W. Obel Ejendomme<\/h4>\n<p><br \/>Det kan v\u00e6re vanskeligt at overskue det enorme udbud af boligselskaber og boligportaler, n\u00e5r man skal finde sin n\u00e6ste lejebolig. Samtidig har eftersp\u00f8rgslen i de store byer aldrig v\u00e6ret st\u00f8rre, end den er nu. <br \/>C.W. Obel Ejendomme er specialiseret i den forstand, at vi prim\u00e6rt g\u00f8r os i nye og nyistandsatte boliger med henblik p\u00e5 at hj\u00e6lpe vores potentielle lejere med at finde netop deres dr\u00f8mmebolig.<br \/><br \/><\/p>\n<h4>Vi \u00f8nskede at flytte internt<\/h4>\n<p><br \/>\u201dEfter at have boet alene i en lejlighed i AstaHus i et par \u00e5r, blev det n\u00f8dvendigt med en st\u00f8rre lejlighed, da jeg skulle flytte sammen med min k\u00e6reste. Vi var slet ikke i tvivl om, at vi skulle fors\u00e6tte med at bor her. Lejlighederne er af h\u00f8j kvalitet, omr\u00e5det omkring bygningerne er hyggelige og gr\u00f8nne, og det ligger i kort afstand til centrum af Aalborg.\u201d <br \/>Jonas, 30 \u00e5r AstaHus<br \/><br \/>Hold dig op dateret<br \/><br \/>Tilmeld dig vores nyhedsbrev, og modtag seneste nyt om vores ledige lejeboliger<br \/><br \/>TILMELD DIG HER<br \/><a href=\"\/bolig\/nyhedsbrev\/#nyhedsbrev\">\/bolig\/nyhedsbrev\/#nyhedsbrev<\/a><br \/><br \/><img decoding=\"async\" src=\"https:\/\/www.cwobel-ejendomme.dk\/bolig\/wp-content\/uploads\/sites\/2\/2022\/06\/teglvaerkskajenweb-27_780x780px.jpg\" alt=\"Smukke lejeboliger i h\u00f8j kvalitet\" \/><\/p>\n<h4>Smukke lejeboliger i h\u00f8j kvalitet<\/h4>\n<p><br \/>Vores h\u00f8je krav til boligerne best\u00e5r af et samspil mellem flere elementer. Vores ledige lejeboliger er af h\u00f8j \u00e6stetisk og arkitektonisk kvalitet. De er designet i en moderne stil med masser af naturligt lys, og hver lejebolig har enten en altan eller en terrasse. Det er afg\u00f8rende, at vores lejeboliger indgyder vitalitet og inspiration hos vores beboere.<\/p>\n<h4>Beliggenhed i inspirerende omgivelser<\/h4>\n<p><br \/>Beliggenheden er ogs\u00e5 afg\u00f8rende, n\u00e5r man skal finde den bedste lejebolig. C.W. Obel Ejendommes portef\u00f8lje t\u00e6ller i \u00f8jeblikket omkring 1.000 lejeboliger fordelt p\u00e5 syv ejendomme. Ligesom lejeboligerne skal v\u00e6re attraktive, skal n\u00e6romr\u00e5det ligeledes v\u00e6re dynamisk og fremme livskvaliteten hos beboerne. <br \/>N\u00e5r man finder en ledig lejebolig, er det derfor afg\u00f8rende, at omgivelserne byder p\u00e5 en mangfoldighed af muligheder. Alle vores ledige lejeboliger ligger p\u00e5 attraktive adresser i nabolag, der st\u00e5r i fuldt flor. Du vil v\u00e6re t\u00e6t p\u00e5 institutioner, indk\u00f8bsmuligheder, kulturtilbud, gr\u00f8nne arealer, offentlig transport samt byens puls, n\u00e5r du lejer en lejebolig hos C.W. Obel Ejendomme. <br \/>Du vil ogs\u00e5 v\u00e6re en del af et st\u00e6rkt boligf\u00e6llesskab og milj\u00f8, hvor sammenhold, tryghed og mangfoldighed er omdrejningspunkter. <br \/>Vi udlejer b\u00e5de til b\u00f8rnefamilier, par, seniorer og singler med god \u00f8konomi. Vi har noget til enhver smag og alle faser af livet \u2013 det skaber mangfoldighed og diversitet og ikke mindst gode betingelser for gode nabof\u00e6llesskaber.<br \/><br \/><img decoding=\"async\" src=\"https:\/\/www.cwobel-ejendomme.dk\/bolig\/wp-content\/uploads\/sites\/2\/2022\/07\/heeruphave-kim.jpg\" alt=\"Beliggenhed i inspirerende omgivelser\" \/><br \/><br \/><img decoding=\"async\" src=\"https:\/\/www.cwobel-ejendomme.dk\/bolig\/wp-content\/uploads\/sites\/2\/2022\/06\/Om_bolig_afdelingen_780x780px.jpg\" alt=\"Om bolig afdelingen\" \/><\/p>\n<h4>N\u00e6rhed skaber tryghed<\/h4>\n<p><br \/>N\u00e5r man skal finde en lejebolig, er det praktiske rundt omkring enormt vigtigt. Da C.W. Obel Ejendomme \u00f8nsker at v\u00e6re en partner fremfor et mellemled for vores lejere, fokuserer vi p\u00e5 og v\u00e6gter vores beboeres trivsel h\u00f8jt. Vi har vicev\u00e6rter, som er synlige og tilg\u00e6ngelige i det daglige. De st\u00e5r bl.a. selv for drift og vedligeholdelse af lejeboligerne. <br \/>Vi mener, at denne n\u00e6rhed og det h\u00f8je serviceniveau bidrager til at skabe en tryg hverdag for vores beboere. Vi er her for vores lejere, n\u00e5r de har brug for det. <br \/>Samtidig med at vi vil g\u00f8re det s\u00e5 nemt og trygt for vores beboere, vil vi ogs\u00e5 give dem mest mulig frihed. Derfor kan man i vores lejeboliger <a href=\"\/bolig\/vaerd-at-vide-som-lejer\/husdyr\/\">s\u00f8ge dispensation til at holde husdyr<\/a> \u2013 fx \u00e9n mindre hund eller \u00e9n kat. Mindre k\u00e6ledyr kr\u00e6ver ikke dispensation.<\/p>\n<h4>Du er i trygge h\u00e6nder hos C.W. Obel Ejendomme<\/h4>\n<p><br \/>\u00d8nsker du at vide mere om C.W. Obel Ejendomme, kan du f\u00f8lge med p\u00e5 vores <a href=\"\/bolig\/inspiration\/\">inspirationsside<\/a>, der l\u00f8bende bliver opdateret. Her kan du l\u00e6se det seneste nye \u2013 det kan v\u00e6re praktiske informationer om C.W. Obel Ejendomme, fx hvordan du <a href=\"\/bolig\/inspiration\/opsigelse-af-lejemaal\/\">opsiger et lejem\u00e5l.<\/a> Du kan ogs\u00e5 l\u00e6se artikler med gode r\u00e5d og inspiration til din boligindretning, fx n\u00e5r du skal\u00a0<a href=\"\/bolig\/inspiration\/indretning-af-din-altan\/\">indrette din altan.<\/a> <br \/>Hvis du har yderligere sp\u00f8rgsm\u00e5l eller er interesseret i en af vores ledige lejeboliger, skal du blot kontakte os p\u00e5 <a href=\"tel:+33 33 92 92\">33 33 92 92<\/a> eller p\u00e5\u00a0<a href=\"mailto:boligcwobel.dk.\">bolig@cwobel.dk<\/a><br \/><br \/><img decoding=\"async\" src=\"https:\/\/www.cwobel-ejendomme.dk\/bolig\/wp-content\/uploads\/sites\/2\/2022\/07\/heeruphave-dame4.jpg\" alt=\"Du er i trygge h\u00e6nder hos C.W. Obel Bolig\" \/><\/p>\n<h4>Vi har egen vicev\u00e6rt<\/h4>\n<p><br \/>\u201cDa jeg skulle finde mit nye hjem, \u00f8nskede jeg en lejlighed med materialer i h\u00f8j kvalitet og samtidig \u00f8nskede jeg at bo et sted, hvor der ikke er for meget st\u00f8j. Og det er lige pr\u00e6cis, hvad jeg har f\u00e5et. Her er dejlig roligt, det ligger centralt med gode transportmuligheder, og s\u00e5 har vi egen vicev\u00e6rt, hvilket er virkelig rart.\u201d <br \/>Nils, 51 \u00e5r Trekronergade124<\/p>","protected":false},"excerpt":{"rendered":"<p>Find din nye lejebolig i Stork\u00f8ben\u00adhavn eller AalborgSe vores ledige boliglejem\u00e5l C.W. Obel Ejendomme skaber trivsel og livsgl\u00e6de<span class=\"excerpt-hellip\"> [\u2026]<\/span><\/p>\n","protected":false},"author":1,"featured_media":19777,"parent":0,"menu_order":0,"comment_status":"closed","ping_status":"closed","template":"","meta":{"_acf_changed":false,"footnotes":""},"class_list":["post-22","page","type-page","status-publish","has-post-thumbnail","hentry"],"yoast_head":"<!-- This site is optimized with the Yoast SEO Premium plugin v25.3.1 (Yoast SEO v25.3.1) - https:\/\/yoast.com\/wordpress\/plugins\/seo\/ -->\n<title>Ledige boliger<\/title>\n<meta name=\"description\" content=\"Her kan du se vores ledige lejeboliger, som ligger p\u00e5 attraktive placeringer i Stork\u00f8benhavn eller Aalborg.\" \/>\n<meta name=\"robots\" content=\"index, follow, max-snippet:-1, max-image-preview:large, max-video-preview:-1\" \/>\n<link rel=\"canonical\" href=\"https:\/\/www.cwobel-ejendomme.dk\/bolig\/ledige-lejemaal\/\" \/>\n<meta property=\"og:locale\" content=\"da_DK\" \/>\n<meta property=\"og:type\" content=\"article\" \/>\n<meta property=\"og:title\" content=\"Ledige lejem\u00e5l\" \/>\n<meta property=\"og:description\" content=\"Her kan du se vores ledige lejeboliger, som ligger p\u00e5 attraktive placeringer i Stork\u00f8benhavn eller Aalborg.\" \/>\n<meta property=\"og:url\" content=\"https:\/\/www.cwobel-ejendomme.dk\/bolig\/ledige-lejemaal\/\" \/>\n<meta property=\"og:site_name\" content=\"C.W. Obel Ejendomme\" \/>\n<meta property=\"article:modified_time\" content=\"2025-07-07T13:46:48+00:00\" \/>\n<meta property=\"og:image\" content=\"https:\/\/www.cwobel-ejendomme.dk\/bolig\/wp-content\/uploads\/sites\/2\/2024\/06\/find-lejebolig.jpeg\" \/>\n\t<meta property=\"og:image:width\" content=\"780\" \/>\n\t<meta property=\"og:image:height\" content=\"780\" \/>\n\t<meta property=\"og:image:type\" content=\"image\/jpeg\" \/>\n<meta name=\"twitter:card\" content=\"summary_large_image\" \/>\n<meta name=\"twitter:label1\" content=\"Estimeret l\u00e6setid\" \/>\n\t<meta name=\"twitter:data1\" content=\"6 minutter\" \/>\n<script type=\"application\/ld+json\" class=\"yoast-schema-graph\">{\"@context\":\"https:\/\/schema.org\",\"@graph\":[{\"@type\":\"WebPage\",\"@id\":\"https:\/\/www.cwobel-ejendomme.dk\/bolig\/ledige-lejemaal\/\",\"url\":\"https:\/\/www.cwobel-ejendomme.dk\/bolig\/ledige-lejemaal\/\",\"name\":\"Ledige boliger\",\"isPartOf\":{\"@id\":\"https:\/\/www.cwobel-ejendomme.dk\/bolig\/#website\"},\"primaryImageOfPage\":{\"@id\":\"https:\/\/www.cwobel-ejendomme.dk\/bolig\/ledige-lejemaal\/#primaryimage\"},\"image\":{\"@id\":\"https:\/\/www.cwobel-ejendomme.dk\/bolig\/ledige-lejemaal\/#primaryimage\"},\"thumbnailUrl\":\"https:\/\/www.cwobel-ejendomme.dk\/bolig\/wp-content\/uploads\/sites\/2\/2024\/06\/find-lejebolig.jpeg\",\"datePublished\":\"2022-05-03T08:55:44+00:00\",\"dateModified\":\"2025-07-07T13:46:48+00:00\",\"description\":\"Her kan du se vores ledige lejeboliger, som ligger p\u00e5 attraktive placeringer i Stork\u00f8benhavn eller Aalborg.\",\"breadcrumb\":{\"@id\":\"https:\/\/www.cwobel-ejendomme.dk\/bolig\/ledige-lejemaal\/#breadcrumb\"},\"inLanguage\":\"da-DK\",\"potentialAction\":[{\"@type\":\"ReadAction\",\"target\":[\"https:\/\/www.cwobel-ejendomme.dk\/bolig\/ledige-lejemaal\/\"]}]},{\"@type\":\"ImageObject\",\"inLanguage\":\"da-DK\",\"@id\":\"https:\/\/www.cwobel-ejendomme.dk\/bolig\/ledige-lejemaal\/#primaryimage\",\"url\":\"https:\/\/www.cwobel-ejendomme.dk\/bolig\/wp-content\/uploads\/sites\/2\/2024\/06\/find-lejebolig.jpeg\",\"contentUrl\":\"https:\/\/www.cwobel-ejendomme.dk\/bolig\/wp-content\/uploads\/sites\/2\/2024\/06\/find-lejebolig.jpeg\",\"width\":780,\"height\":780,\"caption\":\"Find din nye lejebolig\"},{\"@type\":\"BreadcrumbList\",\"@id\":\"https:\/\/www.cwobel-ejendomme.dk\/bolig\/ledige-lejemaal\/#breadcrumb\",\"itemListElement\":[{\"@type\":\"ListItem\",\"position\":1,\"name\":\"Hjem\",\"item\":\"https:\/\/www.cwobel-ejendomme.dk\/bolig\/\"},{\"@type\":\"ListItem\",\"position\":2,\"name\":\"Ledige lejem\u00e5l\"}]},{\"@type\":\"WebSite\",\"@id\":\"https:\/\/www.cwobel-ejendomme.dk\/bolig\/#website\",\"url\":\"https:\/\/www.cwobel-ejendomme.dk\/bolig\/\",\"name\":\"C.W. Obel Ejendomme\",\"description\":\"C.W. Obel Ejendomme\",\"potentialAction\":[{\"@type\":\"SearchAction\",\"target\":{\"@type\":\"EntryPoint\",\"urlTemplate\":\"https:\/\/www.cwobel-ejendomme.dk\/bolig\/?s={search_term_string}\"},\"query-input\":{\"@type\":\"PropertyValueSpecification\",\"valueRequired\":true,\"valueName\":\"search_term_string\"}}],\"inLanguage\":\"da-DK\"}]}<\/script>\n<!-- \/ Yoast SEO Premium plugin. -->","yoast_head_json":{"title":"Ledige boliger","description":"Her kan du se vores ledige lejeboliger, som ligger p\u00e5 attraktive placeringer i Stork\u00f8benhavn eller Aalborg.","robots":{"index":"index","follow":"follow","max-snippet":"max-snippet:-1","max-image-preview":"max-image-preview:large","max-video-preview":"max-video-preview:-1"},"canonical":"https:\/\/www.cwobel-ejendomme.dk\/bolig\/ledige-lejemaal\/","og_locale":"da_DK","og_type":"article","og_title":"Ledige lejem\u00e5l","og_description":"Her kan du se vores ledige lejeboliger, som ligger p\u00e5 attraktive placeringer i Stork\u00f8benhavn eller Aalborg.","og_url":"https:\/\/www.cwobel-ejendomme.dk\/bolig\/ledige-lejemaal\/","og_site_name":"C.W. Obel Ejendomme","article_modified_time":"2025-07-07T13:46:48+00:00","og_image":[{"width":780,"height":780,"url":"https:\/\/www.cwobel-ejendomme.dk\/bolig\/wp-content\/uploads\/sites\/2\/2024\/06\/find-lejebolig.jpeg","type":"image\/jpeg"}],"twitter_card":"summary_large_image","twitter_misc":{"Estimeret l\u00e6setid":"6 minutter"},"schema":{"@context":"https:\/\/schema.org","@graph":[{"@type":"WebPage","@id":"https:\/\/www.cwobel-ejendomme.dk\/bolig\/ledige-lejemaal\/","url":"https:\/\/www.cwobel-ejendomme.dk\/bolig\/ledige-lejemaal\/","name":"Ledige boliger","isPartOf":{"@id":"https:\/\/www.cwobel-ejendomme.dk\/bolig\/#website"},"primaryImageOfPage":{"@id":"https:\/\/www.cwobel-ejendomme.dk\/bolig\/ledige-lejemaal\/#primaryimage"},"image":{"@id":"https:\/\/www.cwobel-ejendomme.dk\/bolig\/ledige-lejemaal\/#primaryimage"},"thumbnailUrl":"https:\/\/www.cwobel-ejendomme.dk\/bolig\/wp-content\/uploads\/sites\/2\/2024\/06\/find-lejebolig.jpeg","datePublished":"2022-05-03T08:55:44+00:00","dateModified":"2025-07-07T13:46:48+00:00","description":"Her kan du se vores ledige lejeboliger, som ligger p\u00e5 attraktive placeringer i Stork\u00f8benhavn eller Aalborg.","breadcrumb":{"@id":"https:\/\/www.cwobel-ejendomme.dk\/bolig\/ledige-lejemaal\/#breadcrumb"},"inLanguage":"da-DK","potentialAction":[{"@type":"ReadAction","target":["https:\/\/www.cwobel-ejendomme.dk\/bolig\/ledige-lejemaal\/"]}]},{"@type":"ImageObject","inLanguage":"da-DK","@id":"https:\/\/www.cwobel-ejendomme.dk\/bolig\/ledige-lejemaal\/#primaryimage","url":"https:\/\/www.cwobel-ejendomme.dk\/bolig\/wp-content\/uploads\/sites\/2\/2024\/06\/find-lejebolig.jpeg","contentUrl":"https:\/\/www.cwobel-ejendomme.dk\/bolig\/wp-content\/uploads\/sites\/2\/2024\/06\/find-lejebolig.jpeg","width":780,"height":780,"caption":"Find din nye lejebolig"},{"@type":"BreadcrumbList","@id":"https:\/\/www.cwobel-ejendomme.dk\/bolig\/ledige-lejemaal\/#breadcrumb","itemListElement":[{"@type":"ListItem","position":1,"name":"Hjem","item":"https:\/\/www.cwobel-ejendomme.dk\/bolig\/"},{"@type":"ListItem","position":2,"name":"Ledige lejem\u00e5l"}]},{"@type":"WebSite","@id":"https:\/\/www.cwobel-ejendomme.dk\/bolig\/#website","url":"https:\/\/www.cwobel-ejendomme.dk\/bolig\/","name":"C.W. Obel Ejendomme","description":"C.W. Obel Ejendomme","potentialAction":[{"@type":"SearchAction","target":{"@type":"EntryPoint","urlTemplate":"https:\/\/www.cwobel-ejendomme.dk\/bolig\/?s={search_term_string}"},"query-input":{"@type":"PropertyValueSpecification","valueRequired":true,"valueName":"search_term_string"}}],"inLanguage":"da-DK"}]}},"acf":[],"_links":{"self":[{"href":"https:\/\/www.cwobel-ejendomme.dk\/bolig\/wp-json\/wp\/v2\/pages\/22","targetHints":{"allow":["GET"]}}],"collection":[{"href":"https:\/\/www.cwobel-ejendomme.dk\/bolig\/wp-json\/wp\/v2\/pages"}],"about":[{"href":"https:\/\/www.cwobel-ejendomme.dk\/bolig\/wp-json\/wp\/v2\/types\/page"}],"author":[{"embeddable":true,"href":"https:\/\/www.cwobel-ejendomme.dk\/bolig\/wp-json\/wp\/v2\/users\/1"}],"replies":[{"embeddable":true,"href":"https:\/\/www.cwobel-ejendomme.dk\/bolig\/wp-json\/wp\/v2\/comments?post=22"}],"version-history":[{"count":11,"href":"https:\/\/www.cwobel-ejendomme.dk\/bolig\/wp-json\/wp\/v2\/pages\/22\/revisions"}],"predecessor-version":[{"id":23358,"href":"https:\/\/www.cwobel-ejendomme.dk\/bolig\/wp-json\/wp\/v2\/pages\/22\/revisions\/23358"}],"wp:featuredmedia":[{"embeddable":true,"href":"https:\/\/www.cwobel-ejendomme.dk\/bolig\/wp-json\/wp\/v2\/media\/19777"}],"wp:attachment":[{"href":"https:\/\/www.cwobel-ejendomme.dk\/bolig\/wp-json\/wp\/v2\/media?parent=22"}],"curies":[{"name":"wp","href":"https:\/\/api.w.org\/{rel}","templated":true}]}}