{"id":21475,"date":"2024-10-16T10:26:34","date_gmt":"2024-10-16T08:26:34","guid":{"rendered":"https:\/\/www.cwobel-ejendomme.dk\/bolig\/?page_id=21475"},"modified":"2025-12-11T10:55:37","modified_gmt":"2025-12-11T09:55:37","slug":"cobrahus","status":"publish","type":"page","link":"https:\/\/www.cwobel-ejendomme.dk\/bolig\/cobrahus\/","title":{"rendered":"CobraHus konceptside"},"content":{"rendered":"<p><img decoding=\"async\" src=\"https:\/\/www.cwobel-ejendomme.dk\/bolig\/wp-content\/uploads\/sites\/2\/2025\/11\/CobraHus-logo.png\" alt=\"\" \/><\/p>\n<h4>CobraHus 91 lejligheder og r\u00e6kkehuse i sk\u00f8n blanding<\/h4>\n<h4>91 moderne lejeboliger 15 min. fra Indre By<\/h4>\n<h4><a href=\"#om-cobrahus\">Om CobraHus<\/a> <a href=\"#ledige-lejemaal\">Ledige lejem\u00e5l<\/a> <a href=\"#omraadet\">Omr\u00e5det<\/a> <a href=\"#faq\">FAQ<\/a><\/h4>\n<h1>T\u00e6t p\u00e5 natur og byliv i \u00d8restad Syd<\/h1>\n<p>En kort tur med cykel eller metro fra K\u00f8benhavns centrum ligger CobraHus I \u00d8restad Syd. Et moderne boligomr\u00e5de, der rummer b\u00e5de lejligheder med 1-4 v\u00e6relser og r\u00e6kkehuse i 3 plan med egen terrasse.<\/p>\n<p>Lejlighederne varierer fra 50 til 89 m\u00b2, mens r\u00e6kkehusene varierer i st\u00f8rrelserne 121 til 141 m\u00b2. Med hyggelige caf\u00e9er, gode skoler og en vifte af kulturtilbud er omr\u00e5det et oplagt valg for b\u00e5de b\u00f8rnefamilier, par og singler.<\/p>\n<p>Omgivet af Kalvebod F\u00e6lled med kort afstand til hverdagens n\u00f8dvendigheder og K\u00f8benhavns tilbud, f\u00e5r du en unik kombination af ro og puls.<\/p>\n<p>P\u00e5 den ene side indbyder naturen til g\u00e5ture og andre udend\u00f8rsaktiviteter \u00e5ret rundt. P\u00e5 den anden side ligger \u00d8restads mange tilbud, shopping i Field\u2019s, koncertoplevelser i Royal Arena og nem adgang til metroen.<\/p>\n<p><img decoding=\"async\" src=\"https:\/\/www.cwobel-ejendomme.dk\/bolig\/wp-content\/uploads\/sites\/2\/2024\/12\/Taet-paa-natur-og-byliv-i-Oerestad-Syd.jpg\" alt=\"Heeruphave udsigt til f\u00e6lled fra altan\" \/><\/p>\n<h2>Se ledige lejem\u00e5l<\/h2>\n<p>Er du interesseret i at bo i CobraHus? Her kan du se, hvilke lejem\u00e5l, der er ledige lige nu.<\/p>\n<p><a title=\"\" href=\"\/bolig\/ledige-lejemaal\/storkoebenhavn\/oerestad-syd\/cobrahus\/\" target=\"_blank\" rel=\"noopener\">Se boliger<\/a><\/p>\n<p>#sc_gallery-890 {<br \/>\nmargin: auto;<br \/>\n}<br \/>\n#sc_gallery-890 .gallery-item {<br \/>\nfloat: left;<br \/>\ntext-align: center;<br \/>\nwidth: 24.99%;<br \/>\n}<br \/>\n#sc_gallery-890 img {<br \/>\nborder: 2px solid #cfcfcf;<br \/>\n}<br \/>\n\/* see sc_gallery() in functions\/theme-shortcodes.php *\/<\/p>\n<p><a href=\"https:\/\/www.cwobel-ejendomme.dk\/bolig\/wp-content\/uploads\/sites\/2\/2024\/10\/Galleri-1-3.jpg\"><img decoding=\"async\" src=\"https:\/\/www.cwobel-ejendomme.dk\/bolig\/wp-content\/uploads\/sites\/2\/2024\/10\/Galleri-1-3.jpg\" alt=\"Heeruphave samtale p\u00e5 altanen\" \/><\/a><\/p>\n<p><a href=\"https:\/\/www.cwobel-ejendomme.dk\/bolig\/wp-content\/uploads\/sites\/2\/2024\/10\/Galleri-2-3.jpg\"><img decoding=\"async\" src=\"https:\/\/www.cwobel-ejendomme.dk\/bolig\/wp-content\/uploads\/sites\/2\/2024\/10\/Galleri-2-3.jpg\" alt=\"Heeruphave stue og altan\" \/><\/a><\/p>\n<p><a href=\"https:\/\/www.cwobel-ejendomme.dk\/bolig\/wp-content\/uploads\/sites\/2\/2024\/10\/Galleri-7-1.jpg\"><img decoding=\"async\" src=\"https:\/\/www.cwobel-ejendomme.dk\/bolig\/wp-content\/uploads\/sites\/2\/2024\/10\/Galleri-7-1.jpg\" alt=\"Heeruphave sofabord\" \/><\/a><\/p>\n<p><a href=\"https:\/\/www.cwobel-ejendomme.dk\/bolig\/wp-content\/uploads\/sites\/2\/2024\/10\/Heeruphave_koekken.jpg\"><img decoding=\"async\" src=\"https:\/\/www.cwobel-ejendomme.dk\/bolig\/wp-content\/uploads\/sites\/2\/2024\/10\/Heeruphave_koekken.jpg\" alt=\"Heeruphave k\u00f8kken\" \/><\/a><\/p>\n<p><a href=\"https:\/\/www.cwobel-ejendomme.dk\/bolig\/wp-content\/uploads\/sites\/2\/2024\/10\/Galleri-4-3.jpg\"><img decoding=\"async\" src=\"https:\/\/www.cwobel-ejendomme.dk\/bolig\/wp-content\/uploads\/sites\/2\/2024\/10\/Galleri-4-3.jpg\" alt=\"Heeruphave blomster i vase\" \/><\/a><\/p>\n<p><a href=\"https:\/\/www.cwobel-ejendomme.dk\/bolig\/wp-content\/uploads\/sites\/2\/2024\/10\/Galleri-3-3.jpg\"><img decoding=\"async\" src=\"https:\/\/www.cwobel-ejendomme.dk\/bolig\/wp-content\/uploads\/sites\/2\/2024\/10\/Galleri-3-3.jpg\" alt=\"Heeruphave g\u00e5rdmij\u00f8\" \/><\/a><\/p>\n<p><a href=\"https:\/\/www.cwobel-ejendomme.dk\/bolig\/wp-content\/uploads\/sites\/2\/2024\/10\/Galleri-5-4.jpg\"><img decoding=\"async\" src=\"https:\/\/www.cwobel-ejendomme.dk\/bolig\/wp-content\/uploads\/sites\/2\/2024\/10\/Galleri-5-4.jpg\" alt=\"Heeruphave spisestue\" \/><\/a><\/p>\n<p><a href=\"https:\/\/www.cwobel-ejendomme.dk\/bolig\/wp-content\/uploads\/sites\/2\/2024\/10\/Galleri-8-1.jpg\"><img decoding=\"async\" src=\"https:\/\/www.cwobel-ejendomme.dk\/bolig\/wp-content\/uploads\/sites\/2\/2024\/10\/Galleri-8-1.jpg\" alt=\"Heeruphave sovev\u00e6relse\" \/><\/a><\/p>\n<h3>Forskellige boligtyper i smuk forening<\/h3>\n<p>CobraHus best\u00e5r af en sk\u00f8n blanding af lejligheder og r\u00e6kkehuse og er holdt i traditionel, k\u00f8benhavnsk byggetradition med r\u00f8de tegl. De 77 moderne 2-4-v\u00e6relses lejligheder er ideelle for b\u00e5de singler, par og familie, der \u00f8nsker et lyst og rummeligt hjem med altan eller terrasse. For de st\u00f8rre familier eller dem, der dr\u00f8mmer om ekstra god plads, tilbydes ogs\u00e5 ogs\u00e5 14 r\u00e6kkehuse i tre etager. 5-7 v\u00e6relser og egen terrasse, nogle har endda ogs\u00e5 tagterrasse.<\/p>\n<p>Uanset hvilken boligtype du v\u00e6lger, f\u00e5r du moderne boliger, som er indrettet med pladsoptimering for \u00f8je til hverdag og hygge.<\/p>\n<h3>Design og kvalitet i fokus<\/h3>\n<p>Boligerne i CobraHus er designet med fokus p\u00e5 \u00e5bne planl\u00f8sninger, lys og kvalitet. Indretningen byder p\u00e5 lyse materiale og store vinduespartier, som skaber en \u00e5ben og indbydende atmosf\u00e6re. De stilrene k\u00f8kkener fra Invita er udstyret med moderne hvidevarer, mens gennemt\u00e6nkte opbevaringsl\u00f8sninger og moderne badev\u00e6relser sikrer en praktisk og komfortabel hverdag.<\/p>\n<p>Hver bolig har adgang til en privat, udend\u00f8rs oase \u2013 enten i form af en altan eller en terrasse \u2013 som giver mulighed for at nyde den smukke udsigt over Kalvebod F\u00e6lleds gr\u00f8nne landskab eller det unikke bymilj\u00f8.<\/p>\n<h2>Historien om HeerupHave<\/h2>\n<p>HeerupHave er opkaldt efter den anerkendte danske kunstner Henry Heerup, som var en del af det internationale kunstnerkollektiv COBRA. Byggeriet er en moderne fortolkning af klassisk, k\u00f8benhavnsk arkitektur, der forener funktionalitet og \u00e6stetik.<\/p>\n<p>Med et mix af lejligheder og r\u00e6kkehuse reflekterer HeerupHave den kreative \u00e5nd, der inspirerede kunstneren, og tilbyder samtidig moderne boliger til b\u00e5de familier, par og singler. HeerupHave er bygget til at v\u00e6re et roligt hjem i storbyen, hvor natur og by m\u00f8des.<\/p>\n<p><img decoding=\"async\" src=\"https:\/\/www.cwobel-ejendomme.dk\/bolig\/wp-content\/uploads\/sites\/2\/2024\/12\/ObenHus_Ikoner_Centrum-Sort_Aug24_CA.png\" alt=\"Centrum\" \/><\/p>\n<h4>Centrum<\/h4>\n<p>Kongens Nytorv: 8 km<\/p>\n<p><img decoding=\"async\" src=\"https:\/\/www.cwobel-ejendomme.dk\/bolig\/wp-content\/uploads\/sites\/2\/2024\/12\/ObenHus_Ikoner_Indkoeb-Sort_Aug24_CA.png\" alt=\"Indk\u00f8b\" \/><\/p>\n<h4>Indk\u00f8b<\/h4>\n<p>Dagligvarer: 500 m<br \/>\nField\u2019s shoppingcenter: 1,5 km<\/p>\n<p><img decoding=\"async\" src=\"https:\/\/www.cwobel-ejendomme.dk\/bolig\/wp-content\/uploads\/sites\/2\/2024\/12\/ObenHus_Ikoner_Transport-Sort_Aug24_CA.png\" alt=\"Transport\" \/><\/p>\n<h4>Transport<\/h4>\n<p>Metro: 700 m<\/p>\n<p><img decoding=\"async\" src=\"https:\/\/www.cwobel-ejendomme.dk\/bolig\/wp-content\/uploads\/sites\/2\/2024\/12\/Institutioner-og-skoler-sort-2.png\" alt=\"Institutioner-og-skoler-sort-2\" \/><\/p>\n<h4>Institutioner og skoler<\/h4>\n<p>Daginstitution: 450 m<br \/>\nSkole: 400 m<\/p>\n<p><img decoding=\"async\" src=\"https:\/\/www.cwobel-ejendomme.dk\/bolig\/wp-content\/uploads\/sites\/2\/2024\/12\/ObenHus_Ikoner_Natur-Sort_Aug24_CA.png\" alt=\"Natur\" \/><\/p>\n<h4>Natur<\/h4>\n<p>Naturcenter Amager: 1,2 km<br \/>\nStrand: 7,5 km<\/p>\n<p><img decoding=\"async\" src=\"https:\/\/www.cwobel-ejendomme.dk\/bolig\/wp-content\/uploads\/sites\/2\/2024\/12\/Moderne-arkitektur-i-fokus.jpg\" alt=\"Heeruphave ejendomsfacade\" \/><\/p>\n<h2>Moderne arkitektur i fokus<\/h2>\n<p>CobraHus er designet af arkitektvirksomheden C.F. M\u00f8ller, der her har skabt et byggeri, hvor klassisk k\u00f8benhavnerarkitektur m\u00f8der moderne design. Inspireret af den traditionelle k\u00f8benhavnerkarr\u00e9 hvor lejligheder og r\u00e6kkehuse smelter harmonisk sammen og skaber en varieret og levende bebyggelse. Bygningernes facader er pr\u00e6get af varme, r\u00f8de teglsten, der spiller smukt sammen med sorte aluminiumsaltaner og gr\u00f8nne tage, som skaber en stilfuld kontrast.<\/p>\n<p>Byggeriet er udf\u00f8rt med fokus p\u00e5 komfort og funktionalitet. Store vinduer lukker masser af lys ind i rummene, og boligerne er indrettet med pladsoptimering for \u00f8je, s\u00e5 hjemmet er fleksibelt til b\u00e5de dagligdagens behov og hyggelige stunder.<\/p>\n<p><a title=\"\" href=\"\/bolig\/ledige-lejemaal\/storkoebenhavn\/oerestad-syd\/cobrahus\/\" target=\"_blank\" rel=\"noopener\">Se ledige boliger<\/a><\/p>\n<h2>FAQ<\/h2>\n<p>Har du nogle sp\u00f8rgsm\u00e5l om CobraHus? Her har vi samlet de sp\u00f8rgsm\u00e5l, som vi oftest modtager.<\/p>\n<p>1Hvordan lejer jeg en bolig i CobraHus?Hvis du \u00f8nsker at leje en bolig, skal du kontakte C.W. Obel Ejendomme p\u00e5 <a href=\"tel:33339292\">33 33 92 92<\/a> eller <a href=\"mailto:bolig@cwobel.dk\">bolig@cwobel.dk<\/a>, s\u00e5 kan I aftale en fremvisning.<br \/>\n2Hvad koster det at flytte ind i CobraHus? Ved indg\u00e5else af lejekontrakt betales depositum svarende til tre m\u00e5neders husleje, \u00e9n m\u00e5neds forudbetalt leje samt f\u00f8rstkommende m\u00e5neds husleje + aconto-forbrug.<br \/>\n3Hvilke f\u00e6llesfaciliteter er der i CobraHus?Der er et mindre g\u00e5rdmilj\u00f8 i CobraHus med plads til afslapning og b\u00f8rneleg.<br \/>\n4Har boligerne i CobraHus altan\/terrasse? Ja, alle lejligheder har enten fransk altan, altan eller terrasse. R\u00e6kkehusene har terrasser og nogle har ydermere tagterrasse.<br \/>\n5Er der parkeringspladser?Der er parkeringspladser med ladestandere under ejendommen, hvor det er muligt at leje en parkeringsplads. Cykler kan parkeres p\u00e5 terr\u00e6n eller i k\u00e6lder. Der er parkering til ladcykler i k\u00e6lder.<br \/>\n6Hvilket tv\/internet er der i CobraHus? Der er indlagt fibernet fra TDC.<br \/>\n7Er der depotrum i HeerupHave? Ja, til alle lejlighederne er der tilh\u00f8rende depotrum i k\u00e6lderen. R\u00e6kkehusene har ligeledes depotrum i k\u00e6lder samt et lille depot i boligen.<br \/>\n8Er der elevator HeerupHave? Ja, der er elevator i CobraHus.<br \/>\n9M\u00e5 man have k\u00e6ledyr i CobraHus? Der kan s\u00f8ges dispensation til en mindre hund eller kat.<br \/>\n10M\u00e5 man ryge i CobraHus? HeerupHave er en ikkerygerejendom, hvilket betyder, at rygning inde i lejlighederne eller p\u00e5 ejendommens \u00f8vrige indearealer ikke er tilladt. Rygning er kun tilladt p\u00e5 egen altan og ejendommens \u00f8vrige udearealer.<br \/>\n11Er bof\u00e6llesskaber tilladt? Nej, bof\u00e6llesskaber er ikke tilladt i CobraHus.<\/p>\n<h3>Tilmeld dig vores nyhedsbrev, og modtag seneste nyt om ledige boliger<\/h3>\n<p><a title=\"\" href=\"\/bolig\/nyhedsbrev\/\" target=\"_blank\" rel=\"noopener\">L\u00e6s mere og tilmeld<\/a><\/p>\n","protected":false},"excerpt":{"rendered":"<p>CobraHus 91 lejligheder og r\u00e6kkehuse i sk\u00f8n blanding 91 moderne lejeboliger 15 min. fra Indre By Om CobraHus<span class=\"excerpt-hellip\"> [\u2026]<\/span><\/p>\n","protected":false},"author":1,"featured_media":19773,"parent":0,"menu_order":0,"comment_status":"closed","ping_status":"closed","template":"","meta":{"_acf_changed":false,"footnotes":""},"class_list":["post-21475","page","type-page","status-publish","has-post-thumbnail","hentry"],"yoast_head":"<!-- This site is optimized with the Yoast SEO Premium plugin v25.3.1 (Yoast SEO v25.3.1) - https:\/\/yoast.com\/wordpress\/plugins\/seo\/ -->\n<title>CobraHus - C.W. Obel Ejendomme<\/title>\n<meta name=\"description\" content=\"CobraHus er et moderne boligomr\u00e5de med b\u00e5de lejligheder og r\u00e6kkehuse \u2013 kun 15 minutter fra K\u00f8benhavns centrum.\" \/>\n<meta name=\"robots\" content=\"index, follow, max-snippet:-1, max-image-preview:large, max-video-preview:-1\" \/>\n<link rel=\"canonical\" href=\"https:\/\/www.cwobel-ejendomme.dk\/bolig\/cobrahus\/\" \/>\n<meta property=\"og:locale\" content=\"da_DK\" \/>\n<meta property=\"og:type\" content=\"article\" \/>\n<meta property=\"og:title\" content=\"CobraHus konceptside\" \/>\n<meta property=\"og:description\" content=\"CobraHus er et moderne boligomr\u00e5de med b\u00e5de lejligheder og r\u00e6kkehuse \u2013 kun 15 minutter fra K\u00f8benhavns centrum.\" \/>\n<meta property=\"og:url\" content=\"https:\/\/www.cwobel-ejendomme.dk\/bolig\/cobrahus\/\" \/>\n<meta property=\"og:site_name\" content=\"C.W. Obel Ejendomme\" \/>\n<meta property=\"article:modified_time\" content=\"2025-12-11T09:55:37+00:00\" \/>\n<meta property=\"og:image\" content=\"https:\/\/www.cwobel-ejendomme.dk\/bolig\/wp-content\/uploads\/sites\/2\/2024\/06\/ObelHus.jpeg\" \/>\n\t<meta property=\"og:image:width\" content=\"780\" \/>\n\t<meta property=\"og:image:height\" content=\"780\" \/>\n\t<meta property=\"og:image:type\" content=\"image\/jpeg\" \/>\n<meta name=\"twitter:card\" content=\"summary_large_image\" \/>\n<meta name=\"twitter:label1\" content=\"Estimeret l\u00e6setid\" \/>\n\t<meta name=\"twitter:data1\" content=\"9 minutter\" \/>\n<script type=\"application\/ld+json\" class=\"yoast-schema-graph\">{\"@context\":\"https:\/\/schema.org\",\"@graph\":[{\"@type\":\"WebPage\",\"@id\":\"https:\/\/www.cwobel-ejendomme.dk\/bolig\/cobrahus\/\",\"url\":\"https:\/\/www.cwobel-ejendomme.dk\/bolig\/cobrahus\/\",\"name\":\"CobraHus - C.W. Obel Ejendomme\",\"isPartOf\":{\"@id\":\"https:\/\/www.cwobel-ejendomme.dk\/bolig\/#website\"},\"primaryImageOfPage\":{\"@id\":\"https:\/\/www.cwobel-ejendomme.dk\/bolig\/cobrahus\/#primaryimage\"},\"image\":{\"@id\":\"https:\/\/www.cwobel-ejendomme.dk\/bolig\/cobrahus\/#primaryimage\"},\"thumbnailUrl\":\"https:\/\/www.cwobel-ejendomme.dk\/bolig\/wp-content\/uploads\/sites\/2\/2024\/06\/ObelHus.jpeg\",\"datePublished\":\"2024-10-16T08:26:34+00:00\",\"dateModified\":\"2025-12-11T09:55:37+00:00\",\"description\":\"CobraHus er et moderne boligomr\u00e5de med b\u00e5de lejligheder og r\u00e6kkehuse \u2013 kun 15 minutter fra K\u00f8benhavns centrum.\",\"breadcrumb\":{\"@id\":\"https:\/\/www.cwobel-ejendomme.dk\/bolig\/cobrahus\/#breadcrumb\"},\"inLanguage\":\"da-DK\",\"potentialAction\":[{\"@type\":\"ReadAction\",\"target\":[\"https:\/\/www.cwobel-ejendomme.dk\/bolig\/cobrahus\/\"]}]},{\"@type\":\"ImageObject\",\"inLanguage\":\"da-DK\",\"@id\":\"https:\/\/www.cwobel-ejendomme.dk\/bolig\/cobrahus\/#primaryimage\",\"url\":\"https:\/\/www.cwobel-ejendomme.dk\/bolig\/wp-content\/uploads\/sites\/2\/2024\/06\/ObelHus.jpeg\",\"contentUrl\":\"https:\/\/www.cwobel-ejendomme.dk\/bolig\/wp-content\/uploads\/sites\/2\/2024\/06\/ObelHus.jpeg\",\"width\":780,\"height\":780,\"caption\":\"ObelHus\"},{\"@type\":\"BreadcrumbList\",\"@id\":\"https:\/\/www.cwobel-ejendomme.dk\/bolig\/cobrahus\/#breadcrumb\",\"itemListElement\":[{\"@type\":\"ListItem\",\"position\":1,\"name\":\"Hjem\",\"item\":\"https:\/\/www.cwobel-ejendomme.dk\/bolig\/\"},{\"@type\":\"ListItem\",\"position\":2,\"name\":\"CobraHus konceptside\"}]},{\"@type\":\"WebSite\",\"@id\":\"https:\/\/www.cwobel-ejendomme.dk\/bolig\/#website\",\"url\":\"https:\/\/www.cwobel-ejendomme.dk\/bolig\/\",\"name\":\"C.W. Obel Ejendomme\",\"description\":\"C.W. Obel Ejendomme\",\"potentialAction\":[{\"@type\":\"SearchAction\",\"target\":{\"@type\":\"EntryPoint\",\"urlTemplate\":\"https:\/\/www.cwobel-ejendomme.dk\/bolig\/?s={search_term_string}\"},\"query-input\":{\"@type\":\"PropertyValueSpecification\",\"valueRequired\":true,\"valueName\":\"search_term_string\"}}],\"inLanguage\":\"da-DK\"}]}<\/script>\n<!-- \/ Yoast SEO Premium plugin. -->","yoast_head_json":{"title":"CobraHus - C.W. Obel Ejendomme","description":"CobraHus er et moderne boligomr\u00e5de med b\u00e5de lejligheder og r\u00e6kkehuse \u2013 kun 15 minutter fra K\u00f8benhavns centrum.","robots":{"index":"index","follow":"follow","max-snippet":"max-snippet:-1","max-image-preview":"max-image-preview:large","max-video-preview":"max-video-preview:-1"},"canonical":"https:\/\/www.cwobel-ejendomme.dk\/bolig\/cobrahus\/","og_locale":"da_DK","og_type":"article","og_title":"CobraHus konceptside","og_description":"CobraHus er et moderne boligomr\u00e5de med b\u00e5de lejligheder og r\u00e6kkehuse \u2013 kun 15 minutter fra K\u00f8benhavns centrum.","og_url":"https:\/\/www.cwobel-ejendomme.dk\/bolig\/cobrahus\/","og_site_name":"C.W. Obel Ejendomme","article_modified_time":"2025-12-11T09:55:37+00:00","og_image":[{"width":780,"height":780,"url":"https:\/\/www.cwobel-ejendomme.dk\/bolig\/wp-content\/uploads\/sites\/2\/2024\/06\/ObelHus.jpeg","type":"image\/jpeg"}],"twitter_card":"summary_large_image","twitter_misc":{"Estimeret l\u00e6setid":"9 minutter"},"schema":{"@context":"https:\/\/schema.org","@graph":[{"@type":"WebPage","@id":"https:\/\/www.cwobel-ejendomme.dk\/bolig\/cobrahus\/","url":"https:\/\/www.cwobel-ejendomme.dk\/bolig\/cobrahus\/","name":"CobraHus - C.W. Obel Ejendomme","isPartOf":{"@id":"https:\/\/www.cwobel-ejendomme.dk\/bolig\/#website"},"primaryImageOfPage":{"@id":"https:\/\/www.cwobel-ejendomme.dk\/bolig\/cobrahus\/#primaryimage"},"image":{"@id":"https:\/\/www.cwobel-ejendomme.dk\/bolig\/cobrahus\/#primaryimage"},"thumbnailUrl":"https:\/\/www.cwobel-ejendomme.dk\/bolig\/wp-content\/uploads\/sites\/2\/2024\/06\/ObelHus.jpeg","datePublished":"2024-10-16T08:26:34+00:00","dateModified":"2025-12-11T09:55:37+00:00","description":"CobraHus er et moderne boligomr\u00e5de med b\u00e5de lejligheder og r\u00e6kkehuse \u2013 kun 15 minutter fra K\u00f8benhavns centrum.","breadcrumb":{"@id":"https:\/\/www.cwobel-ejendomme.dk\/bolig\/cobrahus\/#breadcrumb"},"inLanguage":"da-DK","potentialAction":[{"@type":"ReadAction","target":["https:\/\/www.cwobel-ejendomme.dk\/bolig\/cobrahus\/"]}]},{"@type":"ImageObject","inLanguage":"da-DK","@id":"https:\/\/www.cwobel-ejendomme.dk\/bolig\/cobrahus\/#primaryimage","url":"https:\/\/www.cwobel-ejendomme.dk\/bolig\/wp-content\/uploads\/sites\/2\/2024\/06\/ObelHus.jpeg","contentUrl":"https:\/\/www.cwobel-ejendomme.dk\/bolig\/wp-content\/uploads\/sites\/2\/2024\/06\/ObelHus.jpeg","width":780,"height":780,"caption":"ObelHus"},{"@type":"BreadcrumbList","@id":"https:\/\/www.cwobel-ejendomme.dk\/bolig\/cobrahus\/#breadcrumb","itemListElement":[{"@type":"ListItem","position":1,"name":"Hjem","item":"https:\/\/www.cwobel-ejendomme.dk\/bolig\/"},{"@type":"ListItem","position":2,"name":"CobraHus konceptside"}]},{"@type":"WebSite","@id":"https:\/\/www.cwobel-ejendomme.dk\/bolig\/#website","url":"https:\/\/www.cwobel-ejendomme.dk\/bolig\/","name":"C.W. Obel Ejendomme","description":"C.W. Obel Ejendomme","potentialAction":[{"@type":"SearchAction","target":{"@type":"EntryPoint","urlTemplate":"https:\/\/www.cwobel-ejendomme.dk\/bolig\/?s={search_term_string}"},"query-input":{"@type":"PropertyValueSpecification","valueRequired":true,"valueName":"search_term_string"}}],"inLanguage":"da-DK"}]}},"acf":[],"_links":{"self":[{"href":"https:\/\/www.cwobel-ejendomme.dk\/bolig\/wp-json\/wp\/v2\/pages\/21475","targetHints":{"allow":["GET"]}}],"collection":[{"href":"https:\/\/www.cwobel-ejendomme.dk\/bolig\/wp-json\/wp\/v2\/pages"}],"about":[{"href":"https:\/\/www.cwobel-ejendomme.dk\/bolig\/wp-json\/wp\/v2\/types\/page"}],"author":[{"embeddable":true,"href":"https:\/\/www.cwobel-ejendomme.dk\/bolig\/wp-json\/wp\/v2\/users\/1"}],"replies":[{"embeddable":true,"href":"https:\/\/www.cwobel-ejendomme.dk\/bolig\/wp-json\/wp\/v2\/comments?post=21475"}],"version-history":[{"count":26,"href":"https:\/\/www.cwobel-ejendomme.dk\/bolig\/wp-json\/wp\/v2\/pages\/21475\/revisions"}],"predecessor-version":[{"id":25739,"href":"https:\/\/www.cwobel-ejendomme.dk\/bolig\/wp-json\/wp\/v2\/pages\/21475\/revisions\/25739"}],"wp:featuredmedia":[{"embeddable":true,"href":"https:\/\/www.cwobel-ejendomme.dk\/bolig\/wp-json\/wp\/v2\/media\/19773"}],"wp:attachment":[{"href":"https:\/\/www.cwobel-ejendomme.dk\/bolig\/wp-json\/wp\/v2\/media?parent=21475"}],"curies":[{"name":"wp","href":"https:\/\/api.w.org\/{rel}","templated":true}]}}