{"id":21364,"date":"2024-10-11T14:39:37","date_gmt":"2024-10-11T12:39:37","guid":{"rendered":"https:\/\/www.cwobel-ejendomme.dk\/bolig\/?page_id=21364"},"modified":"2025-03-04T10:50:41","modified_gmt":"2025-03-04T09:50:41","slug":"kirkebjerg-parken","status":"publish","type":"page","link":"https:\/\/www.cwobel-ejendomme.dk\/bolig\/kirkebjerg-parken\/","title":{"rendered":"Kirkebjerg Parken konceptside"},"content":{"rendered":"\n<p><\/p>\n\n\n\n<p><\/p>\n\n\n\n<p><img decoding=\"async\" src=\"https:\/\/www.cwobel-ejendomme.dk\/bolig\/wp-content\/uploads\/sites\/2\/2024\/10\/KIRKEBJERG-PARKEN-logo.png\" alt=\"Kirkebjerg Parken logo\"><\/p>\n\n<h5>Moderne lejligheder i sp\u00e6ndende bydel \u2013 17 min. fra K\u00f8benhavn H<\/h5>\n\n<h4>\n    <a href=\"#om-kirkebjerg-parken\">Om Kirkebjerg Parken<\/a> | \n    <a href=\"#ledige-lejemaal\">Ledige lejem\u00e5l<\/a> | \n    <a href=\"#omraadet\">Omr\u00e5det<\/a> | \n    <a href=\"#faq\">FAQ<\/a>\n<\/h4>\n\n<h1>Dit nye hjem midt i fremtidens Br\u00f8ndby<\/h1>\n\n<p>I Kirkebjerg Parken m\u00f8der moderne arkitektur omr\u00e5dets historiske charme. Hvor industribygninger engang pr\u00e6gede landskabet, spirer nu et boligkvarter fyldt med liv, f\u00e6llesskab og gr\u00f8nne oaser.<\/p>\n\n<p>De 173 lyse lejligheder er designet til at skabe en f\u00f8lelse af rummelighed og ro, hvor store vinduespartier samt altaner eller terrasser giver mulighed for at nyde de fredelige omgivelser.<\/p>\n\n<p>Med stier, gr\u00e6sarealer og hyggelige g\u00e5rdmilj\u00f8er lige uden for d\u00f8ren og kun 17 minutter til K\u00f8benhavns Hovedbaneg\u00e5rd f\u00e5r du b\u00e5de n\u00e6rheden til byen og naturens ro. Tr\u00e6k dig tilbage i en moderne bolig, der tilbyder b\u00e5de komfort og plads til fordybelse, mens du stadig er t\u00e6t p\u00e5 bylivets muligheder.<\/p>\n\n<img decoding=\"async\" src=\"https:\/\/www.cwobel-ejendomme.dk\/bolig\/wp-content\/uploads\/sites\/2\/2024\/10\/Intro-Kirkebjerg-Parken.jpg\" alt=\"Kirkebjerg Parken stue og altan med tekstboks\">\n\n<h2>Se ledige lejem\u00e5l<\/h2>\n\n<p>Er du interesseret i at bo i Kirkebjerg Parken? Her kan du se, hvilke lejem\u00e5l der er ledige lige nu.<\/p>\n\n<p><a href=\"\/bolig\/ledige-lejemaal\/storkoebenhavn\/broendbyvester\/\">Se boliger<\/a><\/p>\n\n<h3>Moderne boliger med lys og komfort i fokus<\/h3>\n\n<p>Kirkebjerg Parken best\u00e5r af 173 moderne lejligheder, der sp\u00e6nder fra velindrettede tov\u00e6relsesv\u00e6relsesboliger til rummelige firev\u00e6relses-penthouselejligheder. Hver bolig er designet med fokus p\u00e5 lys og rummelighed, s\u00e5 du kan nyde solen fra din altan eller terrasse.<\/p>\n\n<p>Lejlighederne er indrettet med vedligeholdelsesvenlige materialer, smukke parketgulve i egetr\u00e6 og behagelig gulvvarme. Det moderne Invita-k\u00f8kken er fuldt udstyret med kvalitets hvidevarer fra Blomberg, og alle boliger har vaskemaskine og t\u00f8rretumbler.<\/p>\n\n<p>Med praktiske planl\u00f8sninger, rummelige opholdsrum og parkeringsmuligheder i ejendommens p-k\u00e6lder eller p\u00e5 terr\u00e6n er her plads til en moderne livsstil med fokus p\u00e5 b\u00e5de funktionalitet og \u00e6stetik.<\/p>\n\n<h3>Et nyt kapitel i en forvandlet bydel<\/h3>\n\n<p>Kirkebjerg har gennemg\u00e5et en markant forvandling. Fra et gammelt industrikvarter til en moderne og levende bydel med fokus p\u00e5 gr\u00f8nne omgivelser og mere b\u00e6redygtige boligprojekter. Kun 16 km fra R\u00e5dhuspladsen i K\u00f8benhavn tilbyder Kirkebjerg en unik balance mellem byens n\u00e6rhed og en roligere hverdag.<\/p>\n\n<p>Den nye bydel kombinerer moderne arkitektur med frodige byrum og gr\u00f8nne stisystemer, som skaber et attraktivt milj\u00f8 for beboerne. Her finder du hyggelige bytorve og natur lige uden for d\u00f8ren, hvilket g\u00f8r omr\u00e5det ideelt til hverdagslivet. Denne udvikling har \u00e5bnet op for et mangfoldigt og dynamisk f\u00e6llesskab, hvor b\u00e5de familier og singler kan finde sig til rette i en ny og inspirerende bydel.<\/p>\n\n<h4>Centrum<\/h4>\n<p>K\u00f8benhavn H: 15 km | Glostrup centrum: 1,1 km<\/p>\n<img decoding=\"async\" src=\"https:\/\/www.cwobel-ejendomme.dk\/bolig\/wp-content\/uploads\/sites\/2\/2024\/08\/ObenHus_Ikoner_Centrum-Hvid_Aug24_CA_v2.png\" alt=\"ObenHus_Ikoner_Centrum-Hvid_Aug24_CA_v2\">\n\n<h4>Indk\u00f8b<\/h4>\n<p>Dagligvarer: 850 m | Shopping: 1,1 km<\/p>\n<img decoding=\"async\" src=\"https:\/\/www.cwobel-ejendomme.dk\/bolig\/wp-content\/uploads\/sites\/2\/2024\/08\/ObenHus_Ikoner_Indkoeb-Hvid_Aug24_CA_v2.png\" alt=\"ObenHus_Ikoner_Indk\u00f8b-Hvid_Aug24_CA_v2\">\n\n<h4>Transport<\/h4>\n<p>Bus: 120 m | S-tog: 900 m<\/p>\n<img decoding=\"async\" src=\"https:\/\/www.cwobel-ejendomme.dk\/bolig\/wp-content\/uploads\/sites\/2\/2024\/08\/ObenHus_Ikoner_Transport-Hvid_Aug24_CA_v2.png\" alt=\"ObenHus_Ikoner_Transport-Hvid_Aug24_CA_v2\">\n\n<h4>Institutioner og skoler<\/h4>\n<p>Daginstitution: 1,2 km | Skole: 2,4 km<\/p>\n<img decoding=\"async\" src=\"https:\/\/www.cwobel-ejendomme.dk\/bolig\/wp-content\/uploads\/sites\/2\/2024\/11\/Institutioner-og-skoler.png\" alt=\"Kirkebjerg Parken Institutioner og skoler grafik\">\n\n<h4>Natur<\/h4>\n<p>Skov: 3,7 km | Strand: 6,2 km<\/p>\n<img decoding=\"async\" src=\"https:\/\/www.cwobel-ejendomme.dk\/bolig\/wp-content\/uploads\/sites\/2\/2024\/08\/ObenHus_Ikoner_Natur_Hvid_Aug24_CA_v2.png\" alt=\"ObenHus_Ikoner_Natur_Hvid_Aug24_CA_v2\">\n\n<img decoding=\"async\" src=\"https:\/\/www.cwobel-ejendomme.dk\/bolig\/wp-content\/uploads\/sites\/2\/2024\/11\/Alt-du-skal-bruge-til-en-nem-hverdag-2.jpg\" alt=\"Kirkebjerg Parken stue og udsigt\">\n\n<h2>Alt du skal bruge til en nem hverdag<\/h2>\n\n<p>Kirkebjerg byder p\u00e5 et v\u00e6ld af muligheder inden for b\u00e5de shopping, transport og fritidsaktiviteter. Dagligvarebutikker, fitnesscentre og hyggelige bytorve ligger alt sammen inden for fem minutters gang, og Glostrup Shoppingcenter tilbyder gode shoppingmuligheder mindre end to km v\u00e6k.<\/p>\n\n<p>B\u00f8rnefamilier kan nyde godt af et bredt udvalg af skoler og institutioner i n\u00e6rheden, hvilket g\u00f8r hverdagen nem og praktisk.<\/p>\n\n<p>Transporten er let tilg\u00e6ngelig med b\u00e5de S-tog og den kommende letbane, mens motorvejen giver hurtig adgang til K\u00f8benhavn, hvis du foretr\u00e6kker bilen.<\/p>\n\n<h2>FAQ<\/h2>\n\n<p>Har du nogle sp\u00f8rgsm\u00e5l om Kirkebjerg Parken? Her har vi samlet de sp\u00f8rgsm\u00e5l, som vi oftest modtager.<\/p>\n\n<ul>\n    <li>Hvordan lejer jeg en bolig i Kirkebjerg Parken?<\/li>\n    <li>Hvad koster det at flytte ind i Kirkebjerg Parken?<\/li>\n    <li>Hvilke f\u00e6llesfaciliteter er der i Kirkebjerg Parken?<\/li>\n    <li>Har lejlighederne altan\/terrasse?<\/li>\n    <li>Er der parkeringspladser?<\/li>\n<\/ul>\n\n<h3>Tilmeld dig vores nyhedsbrev, og modtag seneste nyt om ledige boliger<\/h3>\n\n<p><a href=\"\/bolig\/nyhedsbrev\/\">L\u00e6s mere og tilmeld<\/a><\/p>\n","protected":false},"excerpt":{"rendered":"<p>Moderne lejligheder i sp\u00e6ndende bydel \u2013 17 min. fra K\u00f8benhavn H Om Kirkebjerg Parken | Ledige lejem\u00e5l |<span class=\"excerpt-hellip\"> [\u2026]<\/span><\/p>\n","protected":false},"author":1,"featured_media":19773,"parent":0,"menu_order":0,"comment_status":"closed","ping_status":"closed","template":"","meta":{"_acf_changed":false,"footnotes":""},"class_list":["post-21364","page","type-page","status-publish","has-post-thumbnail","hentry"],"yoast_head":"<!-- This site is optimized with the Yoast SEO Premium plugin v25.3.1 (Yoast SEO v25.3.1) - https:\/\/yoast.com\/wordpress\/plugins\/seo\/ -->\n<title>Kirkebjerg Parken - C.W. Obel Ejendomme<\/title>\n<meta name=\"description\" content=\"Kirkebjerg Parken byder p\u00e5 173 attraktive og moderne lejeboliger i en levende bydel \u2013 kun 17 min. fra K\u00f8benhavn H.\" \/>\n<meta name=\"robots\" content=\"index, follow, max-snippet:-1, max-image-preview:large, max-video-preview:-1\" \/>\n<link rel=\"canonical\" href=\"https:\/\/www.cwobel-ejendomme.dk\/bolig\/kirkebjerg-parken\/\" \/>\n<meta property=\"og:locale\" content=\"da_DK\" \/>\n<meta property=\"og:type\" content=\"article\" \/>\n<meta property=\"og:title\" content=\"Kirkebjerg Parken konceptside\" \/>\n<meta property=\"og:description\" content=\"Kirkebjerg Parken byder p\u00e5 173 attraktive og moderne lejeboliger i en levende bydel \u2013 kun 17 min. fra K\u00f8benhavn H.\" \/>\n<meta property=\"og:url\" content=\"https:\/\/www.cwobel-ejendomme.dk\/bolig\/kirkebjerg-parken\/\" \/>\n<meta property=\"og:site_name\" content=\"C.W. Obel Ejendomme\" \/>\n<meta property=\"article:modified_time\" content=\"2025-03-04T09:50:41+00:00\" \/>\n<meta property=\"og:image\" content=\"https:\/\/www.cwobel-ejendomme.dk\/bolig\/wp-content\/uploads\/sites\/2\/2024\/06\/ObelHus.jpeg\" \/>\n\t<meta property=\"og:image:width\" content=\"780\" \/>\n\t<meta property=\"og:image:height\" content=\"780\" \/>\n\t<meta property=\"og:image:type\" content=\"image\/jpeg\" \/>\n<meta name=\"twitter:card\" content=\"summary_large_image\" \/>\n<meta name=\"twitter:label1\" content=\"Estimeret l\u00e6setid\" \/>\n\t<meta name=\"twitter:data1\" content=\"5 minutter\" \/>\n<script type=\"application\/ld+json\" class=\"yoast-schema-graph\">{\"@context\":\"https:\/\/schema.org\",\"@graph\":[{\"@type\":\"WebPage\",\"@id\":\"https:\/\/www.cwobel-ejendomme.dk\/bolig\/kirkebjerg-parken\/\",\"url\":\"https:\/\/www.cwobel-ejendomme.dk\/bolig\/kirkebjerg-parken\/\",\"name\":\"Kirkebjerg Parken - C.W. Obel Ejendomme\",\"isPartOf\":{\"@id\":\"https:\/\/www.cwobel-ejendomme.dk\/bolig\/#website\"},\"primaryImageOfPage\":{\"@id\":\"https:\/\/www.cwobel-ejendomme.dk\/bolig\/kirkebjerg-parken\/#primaryimage\"},\"image\":{\"@id\":\"https:\/\/www.cwobel-ejendomme.dk\/bolig\/kirkebjerg-parken\/#primaryimage\"},\"thumbnailUrl\":\"https:\/\/www.cwobel-ejendomme.dk\/bolig\/wp-content\/uploads\/sites\/2\/2024\/06\/ObelHus.jpeg\",\"datePublished\":\"2024-10-11T12:39:37+00:00\",\"dateModified\":\"2025-03-04T09:50:41+00:00\",\"description\":\"Kirkebjerg Parken byder p\u00e5 173 attraktive og moderne lejeboliger i en levende bydel \u2013 kun 17 min. fra K\u00f8benhavn H.\",\"breadcrumb\":{\"@id\":\"https:\/\/www.cwobel-ejendomme.dk\/bolig\/kirkebjerg-parken\/#breadcrumb\"},\"inLanguage\":\"da-DK\",\"potentialAction\":[{\"@type\":\"ReadAction\",\"target\":[\"https:\/\/www.cwobel-ejendomme.dk\/bolig\/kirkebjerg-parken\/\"]}]},{\"@type\":\"ImageObject\",\"inLanguage\":\"da-DK\",\"@id\":\"https:\/\/www.cwobel-ejendomme.dk\/bolig\/kirkebjerg-parken\/#primaryimage\",\"url\":\"https:\/\/www.cwobel-ejendomme.dk\/bolig\/wp-content\/uploads\/sites\/2\/2024\/06\/ObelHus.jpeg\",\"contentUrl\":\"https:\/\/www.cwobel-ejendomme.dk\/bolig\/wp-content\/uploads\/sites\/2\/2024\/06\/ObelHus.jpeg\",\"width\":780,\"height\":780,\"caption\":\"ObelHus\"},{\"@type\":\"BreadcrumbList\",\"@id\":\"https:\/\/www.cwobel-ejendomme.dk\/bolig\/kirkebjerg-parken\/#breadcrumb\",\"itemListElement\":[{\"@type\":\"ListItem\",\"position\":1,\"name\":\"Hjem\",\"item\":\"https:\/\/www.cwobel-ejendomme.dk\/bolig\/\"},{\"@type\":\"ListItem\",\"position\":2,\"name\":\"Kirkebjerg Parken konceptside\"}]},{\"@type\":\"WebSite\",\"@id\":\"https:\/\/www.cwobel-ejendomme.dk\/bolig\/#website\",\"url\":\"https:\/\/www.cwobel-ejendomme.dk\/bolig\/\",\"name\":\"C.W. Obel Ejendomme\",\"description\":\"C.W. Obel Ejendomme\",\"potentialAction\":[{\"@type\":\"SearchAction\",\"target\":{\"@type\":\"EntryPoint\",\"urlTemplate\":\"https:\/\/www.cwobel-ejendomme.dk\/bolig\/?s={search_term_string}\"},\"query-input\":{\"@type\":\"PropertyValueSpecification\",\"valueRequired\":true,\"valueName\":\"search_term_string\"}}],\"inLanguage\":\"da-DK\"}]}<\/script>\n<!-- \/ Yoast SEO Premium plugin. -->","yoast_head_json":{"title":"Kirkebjerg Parken - C.W. Obel Ejendomme","description":"Kirkebjerg Parken byder p\u00e5 173 attraktive og moderne lejeboliger i en levende bydel \u2013 kun 17 min. fra K\u00f8benhavn H.","robots":{"index":"index","follow":"follow","max-snippet":"max-snippet:-1","max-image-preview":"max-image-preview:large","max-video-preview":"max-video-preview:-1"},"canonical":"https:\/\/www.cwobel-ejendomme.dk\/bolig\/kirkebjerg-parken\/","og_locale":"da_DK","og_type":"article","og_title":"Kirkebjerg Parken konceptside","og_description":"Kirkebjerg Parken byder p\u00e5 173 attraktive og moderne lejeboliger i en levende bydel \u2013 kun 17 min. fra K\u00f8benhavn H.","og_url":"https:\/\/www.cwobel-ejendomme.dk\/bolig\/kirkebjerg-parken\/","og_site_name":"C.W. Obel Ejendomme","article_modified_time":"2025-03-04T09:50:41+00:00","og_image":[{"width":780,"height":780,"url":"https:\/\/www.cwobel-ejendomme.dk\/bolig\/wp-content\/uploads\/sites\/2\/2024\/06\/ObelHus.jpeg","type":"image\/jpeg"}],"twitter_card":"summary_large_image","twitter_misc":{"Estimeret l\u00e6setid":"5 minutter"},"schema":{"@context":"https:\/\/schema.org","@graph":[{"@type":"WebPage","@id":"https:\/\/www.cwobel-ejendomme.dk\/bolig\/kirkebjerg-parken\/","url":"https:\/\/www.cwobel-ejendomme.dk\/bolig\/kirkebjerg-parken\/","name":"Kirkebjerg Parken - C.W. Obel Ejendomme","isPartOf":{"@id":"https:\/\/www.cwobel-ejendomme.dk\/bolig\/#website"},"primaryImageOfPage":{"@id":"https:\/\/www.cwobel-ejendomme.dk\/bolig\/kirkebjerg-parken\/#primaryimage"},"image":{"@id":"https:\/\/www.cwobel-ejendomme.dk\/bolig\/kirkebjerg-parken\/#primaryimage"},"thumbnailUrl":"https:\/\/www.cwobel-ejendomme.dk\/bolig\/wp-content\/uploads\/sites\/2\/2024\/06\/ObelHus.jpeg","datePublished":"2024-10-11T12:39:37+00:00","dateModified":"2025-03-04T09:50:41+00:00","description":"Kirkebjerg Parken byder p\u00e5 173 attraktive og moderne lejeboliger i en levende bydel \u2013 kun 17 min. fra K\u00f8benhavn H.","breadcrumb":{"@id":"https:\/\/www.cwobel-ejendomme.dk\/bolig\/kirkebjerg-parken\/#breadcrumb"},"inLanguage":"da-DK","potentialAction":[{"@type":"ReadAction","target":["https:\/\/www.cwobel-ejendomme.dk\/bolig\/kirkebjerg-parken\/"]}]},{"@type":"ImageObject","inLanguage":"da-DK","@id":"https:\/\/www.cwobel-ejendomme.dk\/bolig\/kirkebjerg-parken\/#primaryimage","url":"https:\/\/www.cwobel-ejendomme.dk\/bolig\/wp-content\/uploads\/sites\/2\/2024\/06\/ObelHus.jpeg","contentUrl":"https:\/\/www.cwobel-ejendomme.dk\/bolig\/wp-content\/uploads\/sites\/2\/2024\/06\/ObelHus.jpeg","width":780,"height":780,"caption":"ObelHus"},{"@type":"BreadcrumbList","@id":"https:\/\/www.cwobel-ejendomme.dk\/bolig\/kirkebjerg-parken\/#breadcrumb","itemListElement":[{"@type":"ListItem","position":1,"name":"Hjem","item":"https:\/\/www.cwobel-ejendomme.dk\/bolig\/"},{"@type":"ListItem","position":2,"name":"Kirkebjerg Parken konceptside"}]},{"@type":"WebSite","@id":"https:\/\/www.cwobel-ejendomme.dk\/bolig\/#website","url":"https:\/\/www.cwobel-ejendomme.dk\/bolig\/","name":"C.W. Obel Ejendomme","description":"C.W. Obel Ejendomme","potentialAction":[{"@type":"SearchAction","target":{"@type":"EntryPoint","urlTemplate":"https:\/\/www.cwobel-ejendomme.dk\/bolig\/?s={search_term_string}"},"query-input":{"@type":"PropertyValueSpecification","valueRequired":true,"valueName":"search_term_string"}}],"inLanguage":"da-DK"}]}},"acf":[],"_links":{"self":[{"href":"https:\/\/www.cwobel-ejendomme.dk\/bolig\/wp-json\/wp\/v2\/pages\/21364","targetHints":{"allow":["GET"]}}],"collection":[{"href":"https:\/\/www.cwobel-ejendomme.dk\/bolig\/wp-json\/wp\/v2\/pages"}],"about":[{"href":"https:\/\/www.cwobel-ejendomme.dk\/bolig\/wp-json\/wp\/v2\/types\/page"}],"author":[{"embeddable":true,"href":"https:\/\/www.cwobel-ejendomme.dk\/bolig\/wp-json\/wp\/v2\/users\/1"}],"replies":[{"embeddable":true,"href":"https:\/\/www.cwobel-ejendomme.dk\/bolig\/wp-json\/wp\/v2\/comments?post=21364"}],"version-history":[{"count":12,"href":"https:\/\/www.cwobel-ejendomme.dk\/bolig\/wp-json\/wp\/v2\/pages\/21364\/revisions"}],"predecessor-version":[{"id":22948,"href":"https:\/\/www.cwobel-ejendomme.dk\/bolig\/wp-json\/wp\/v2\/pages\/21364\/revisions\/22948"}],"wp:featuredmedia":[{"embeddable":true,"href":"https:\/\/www.cwobel-ejendomme.dk\/bolig\/wp-json\/wp\/v2\/media\/19773"}],"wp:attachment":[{"href":"https:\/\/www.cwobel-ejendomme.dk\/bolig\/wp-json\/wp\/v2\/media?parent=21364"}],"curies":[{"name":"wp","href":"https:\/\/api.w.org\/{rel}","templated":true}]}}