{"id":19380,"date":"2024-04-30T15:25:41","date_gmt":"2024-04-30T13:25:41","guid":{"rendered":"https:\/\/www.cwobel-ejendomme.dk\/bolig\/?page_id=19380"},"modified":"2024-07-11T14:06:09","modified_gmt":"2024-07-11T12:06:09","slug":"afkalk-toilet","status":"publish","type":"page","link":"https:\/\/www.cwobel-ejendomme.dk\/bolig\/vaerd-at-vide-som-lejer\/afkalk-toilet\/","title":{"rendered":"Afkalkning af toilettet"},"content":{"rendered":"\n<p><br><br>Har du oplevet, at toilettet bliver tilkalket og begynder at l\u00f8be? Det kan ske \u2013 men kan ogs\u00e5 nemt undg\u00e5s ved l\u00f8bende at afkalke toilettets cisterne. Her viser vores vicev\u00e6rt Rob, hvordan du kan g\u00f8re det selv. <br>Du b\u00f8r afkalke dit toilet en gang om m\u00e5neden. F\u00f8lg anvisningerne i vores video.<br><br>Tilbage til oversigt<br><a href=\"\/bolig\/vaerd-at-vide-som-lejer\/\">\/bolig\/vaerd-at-vide-som-lejer\/<\/a><br><\/p>\n\n\n\n<p><h1>Afkalkning af toilettet\u00a0<\/h1><br>Har du oplevet, at toilettet bliver tilkalket og begynder at l\u00f8be? Det kan ske \u2013 men kan ogs\u00e5 nemt undg\u00e5s ved l\u00f8bende at afkalke toilettets cisterne. Her viser vores vicev\u00e6rt Rob, hvordan du kan g\u00f8re det selv. <br>Du b\u00f8r afkalke dit toilet en gang om m\u00e5neden. F\u00f8lg anvisningerne i vores video.<br><br>Tilbage til oversigt<br><a href=\"\/bolig\/vaerd-at-vide-som-lejer\/\">\/bolig\/vaerd-at-vide-som-lejer\/<\/a><br><br><h4>F\u00f8lg med p\u00e5 LinkedIn, Facebook og Instagram- her informerer vi om vores ledige lejem\u00e5l og deler nyheder og historier om vores ejendomme.<\/h4><br>F\u00f8lg os p\u00e5 LinkedIn<br><a href=\"https:\/\/www.linkedin.com\/company\/c-w--obel-ejendomme\/?originalSubdomain=dk\">https:\/\/www.linkedin.com\/company\/c-w&#8211;obel-ejendomme\/?originalSubdomain=dk<\/a><br><br>F\u00f8lg os p\u00e5 facebook<br><a href=\"https:\/\/www.facebook.com\/CWObelEjendomme\/\">https:\/\/www.facebook.com\/CWObelEjendomme\/<\/a><br><br>F\u00f8lg os p\u00e5 instagram<br><a href=\"https:\/\/www.instagram.com\/cwobel_ejendomme\/\">https:\/\/www.instagram.com\/cwobel_ejendomme\/<\/a><br><br><\/p>\n","protected":false},"excerpt":{"rendered":"<p>Har du oplevet, at toilettet bliver tilkalket og begynder at l\u00f8be? Det kan ske \u2013 men kan ogs\u00e5<span class=\"excerpt-hellip\"> [\u2026]<\/span><\/p>\n","protected":false},"author":14,"featured_media":0,"parent":46,"menu_order":0,"comment_status":"closed","ping_status":"closed","template":"","meta":{"_acf_changed":false,"footnotes":""},"class_list":["post-19380","page","type-page","status-publish","hentry"],"yoast_head":"<!-- This site is optimized with the Yoast SEO Premium plugin v25.3.1 (Yoast SEO v25.3.1) - https:\/\/yoast.com\/wordpress\/plugins\/seo\/ -->\n<title>Tips til afkalkning af toilettet<\/title>\n<meta name=\"description\" content=\"Tips til afkalkning af toilettet. F\u00f8lg vores vicev\u00e6rts guide og l\u00e6r hvordan du nemt kan afkalke of vedligeholde dit toilet.\" \/>\n<meta name=\"robots\" content=\"index, follow, max-snippet:-1, max-image-preview:large, max-video-preview:-1\" \/>\n<link rel=\"canonical\" href=\"https:\/\/www.cwobel-ejendomme.dk\/bolig\/vaerd-at-vide-som-lejer\/afkalk-toilet\/\" \/>\n<meta property=\"og:locale\" content=\"da_DK\" \/>\n<meta property=\"og:type\" content=\"article\" \/>\n<meta property=\"og:title\" content=\"Afkalkning af toilettet\" \/>\n<meta property=\"og:description\" content=\"Tips til afkalkning af toilettet. F\u00f8lg vores vicev\u00e6rts guide og l\u00e6r hvordan du nemt kan afkalke of vedligeholde dit toilet.\" \/>\n<meta property=\"og:url\" content=\"https:\/\/www.cwobel-ejendomme.dk\/bolig\/vaerd-at-vide-som-lejer\/afkalk-toilet\/\" \/>\n<meta property=\"og:site_name\" content=\"C.W. Obel Ejendomme\" \/>\n<meta property=\"article:modified_time\" content=\"2024-07-11T12:06:09+00:00\" \/>\n<meta property=\"og:image\" content=\"https:\/\/www.cwobel-ejendomme.dk\/bolig\/wp-content\/uploads\/sites\/2\/2022\/06\/shutterstock_695217586_WEB.jpg\" \/>\n\t<meta property=\"og:image:width\" content=\"2409\" \/>\n\t<meta property=\"og:image:height\" content=\"1546\" \/>\n\t<meta property=\"og:image:type\" content=\"image\/jpeg\" \/>\n<meta name=\"twitter:card\" content=\"summary_large_image\" \/>\n<meta name=\"twitter:label1\" content=\"Estimeret l\u00e6setid\" \/>\n\t<meta name=\"twitter:data1\" content=\"1 minut\" \/>\n<script type=\"application\/ld+json\" class=\"yoast-schema-graph\">{\"@context\":\"https:\/\/schema.org\",\"@graph\":[{\"@type\":\"WebPage\",\"@id\":\"https:\/\/www.cwobel-ejendomme.dk\/bolig\/vaerd-at-vide-som-lejer\/afkalk-toilet\/\",\"url\":\"https:\/\/www.cwobel-ejendomme.dk\/bolig\/vaerd-at-vide-som-lejer\/afkalk-toilet\/\",\"name\":\"Tips til afkalkning af toilettet\",\"isPartOf\":{\"@id\":\"https:\/\/www.cwobel-ejendomme.dk\/bolig\/#website\"},\"datePublished\":\"2024-04-30T13:25:41+00:00\",\"dateModified\":\"2024-07-11T12:06:09+00:00\",\"description\":\"Tips til afkalkning af toilettet. F\u00f8lg vores vicev\u00e6rts guide og l\u00e6r hvordan du nemt kan afkalke of vedligeholde dit toilet.\",\"breadcrumb\":{\"@id\":\"https:\/\/www.cwobel-ejendomme.dk\/bolig\/vaerd-at-vide-som-lejer\/afkalk-toilet\/#breadcrumb\"},\"inLanguage\":\"da-DK\",\"potentialAction\":[{\"@type\":\"ReadAction\",\"target\":[\"https:\/\/www.cwobel-ejendomme.dk\/bolig\/vaerd-at-vide-som-lejer\/afkalk-toilet\/\"]}]},{\"@type\":\"BreadcrumbList\",\"@id\":\"https:\/\/www.cwobel-ejendomme.dk\/bolig\/vaerd-at-vide-som-lejer\/afkalk-toilet\/#breadcrumb\",\"itemListElement\":[{\"@type\":\"ListItem\",\"position\":1,\"name\":\"Hjem\",\"item\":\"https:\/\/www.cwobel-ejendomme.dk\/bolig\/\"},{\"@type\":\"ListItem\",\"position\":2,\"name\":\"V\u00e6rd at vide som lejer\",\"item\":\"https:\/\/www.cwobel-ejendomme.dk\/bolig\/vaerd-at-vide-som-lejer\/\"},{\"@type\":\"ListItem\",\"position\":3,\"name\":\"Afkalkning af toilettet\"}]},{\"@type\":\"WebSite\",\"@id\":\"https:\/\/www.cwobel-ejendomme.dk\/bolig\/#website\",\"url\":\"https:\/\/www.cwobel-ejendomme.dk\/bolig\/\",\"name\":\"C.W. Obel Ejendomme\",\"description\":\"C.W. Obel Ejendomme\",\"potentialAction\":[{\"@type\":\"SearchAction\",\"target\":{\"@type\":\"EntryPoint\",\"urlTemplate\":\"https:\/\/www.cwobel-ejendomme.dk\/bolig\/?s={search_term_string}\"},\"query-input\":{\"@type\":\"PropertyValueSpecification\",\"valueRequired\":true,\"valueName\":\"search_term_string\"}}],\"inLanguage\":\"da-DK\"}]}<\/script>\n<!-- \/ Yoast SEO Premium plugin. -->","yoast_head_json":{"title":"Tips til afkalkning af toilettet","description":"Tips til afkalkning af toilettet. F\u00f8lg vores vicev\u00e6rts guide og l\u00e6r hvordan du nemt kan afkalke of vedligeholde dit toilet.","robots":{"index":"index","follow":"follow","max-snippet":"max-snippet:-1","max-image-preview":"max-image-preview:large","max-video-preview":"max-video-preview:-1"},"canonical":"https:\/\/www.cwobel-ejendomme.dk\/bolig\/vaerd-at-vide-som-lejer\/afkalk-toilet\/","og_locale":"da_DK","og_type":"article","og_title":"Afkalkning af toilettet","og_description":"Tips til afkalkning af toilettet. F\u00f8lg vores vicev\u00e6rts guide og l\u00e6r hvordan du nemt kan afkalke of vedligeholde dit toilet.","og_url":"https:\/\/www.cwobel-ejendomme.dk\/bolig\/vaerd-at-vide-som-lejer\/afkalk-toilet\/","og_site_name":"C.W. Obel Ejendomme","article_modified_time":"2024-07-11T12:06:09+00:00","og_image":[{"width":2409,"height":1546,"url":"https:\/\/www.cwobel-ejendomme.dk\/bolig\/wp-content\/uploads\/sites\/2\/2022\/06\/shutterstock_695217586_WEB.jpg","type":"image\/jpeg"}],"twitter_card":"summary_large_image","twitter_misc":{"Estimeret l\u00e6setid":"1 minut"},"schema":{"@context":"https:\/\/schema.org","@graph":[{"@type":"WebPage","@id":"https:\/\/www.cwobel-ejendomme.dk\/bolig\/vaerd-at-vide-som-lejer\/afkalk-toilet\/","url":"https:\/\/www.cwobel-ejendomme.dk\/bolig\/vaerd-at-vide-som-lejer\/afkalk-toilet\/","name":"Tips til afkalkning af toilettet","isPartOf":{"@id":"https:\/\/www.cwobel-ejendomme.dk\/bolig\/#website"},"datePublished":"2024-04-30T13:25:41+00:00","dateModified":"2024-07-11T12:06:09+00:00","description":"Tips til afkalkning af toilettet. F\u00f8lg vores vicev\u00e6rts guide og l\u00e6r hvordan du nemt kan afkalke of vedligeholde dit toilet.","breadcrumb":{"@id":"https:\/\/www.cwobel-ejendomme.dk\/bolig\/vaerd-at-vide-som-lejer\/afkalk-toilet\/#breadcrumb"},"inLanguage":"da-DK","potentialAction":[{"@type":"ReadAction","target":["https:\/\/www.cwobel-ejendomme.dk\/bolig\/vaerd-at-vide-som-lejer\/afkalk-toilet\/"]}]},{"@type":"BreadcrumbList","@id":"https:\/\/www.cwobel-ejendomme.dk\/bolig\/vaerd-at-vide-som-lejer\/afkalk-toilet\/#breadcrumb","itemListElement":[{"@type":"ListItem","position":1,"name":"Hjem","item":"https:\/\/www.cwobel-ejendomme.dk\/bolig\/"},{"@type":"ListItem","position":2,"name":"V\u00e6rd at vide som lejer","item":"https:\/\/www.cwobel-ejendomme.dk\/bolig\/vaerd-at-vide-som-lejer\/"},{"@type":"ListItem","position":3,"name":"Afkalkning af toilettet"}]},{"@type":"WebSite","@id":"https:\/\/www.cwobel-ejendomme.dk\/bolig\/#website","url":"https:\/\/www.cwobel-ejendomme.dk\/bolig\/","name":"C.W. Obel Ejendomme","description":"C.W. Obel Ejendomme","potentialAction":[{"@type":"SearchAction","target":{"@type":"EntryPoint","urlTemplate":"https:\/\/www.cwobel-ejendomme.dk\/bolig\/?s={search_term_string}"},"query-input":{"@type":"PropertyValueSpecification","valueRequired":true,"valueName":"search_term_string"}}],"inLanguage":"da-DK"}]}},"acf":[],"_links":{"self":[{"href":"https:\/\/www.cwobel-ejendomme.dk\/bolig\/wp-json\/wp\/v2\/pages\/19380","targetHints":{"allow":["GET"]}}],"collection":[{"href":"https:\/\/www.cwobel-ejendomme.dk\/bolig\/wp-json\/wp\/v2\/pages"}],"about":[{"href":"https:\/\/www.cwobel-ejendomme.dk\/bolig\/wp-json\/wp\/v2\/types\/page"}],"author":[{"embeddable":true,"href":"https:\/\/www.cwobel-ejendomme.dk\/bolig\/wp-json\/wp\/v2\/users\/14"}],"replies":[{"embeddable":true,"href":"https:\/\/www.cwobel-ejendomme.dk\/bolig\/wp-json\/wp\/v2\/comments?post=19380"}],"version-history":[{"count":3,"href":"https:\/\/www.cwobel-ejendomme.dk\/bolig\/wp-json\/wp\/v2\/pages\/19380\/revisions"}],"predecessor-version":[{"id":19743,"href":"https:\/\/www.cwobel-ejendomme.dk\/bolig\/wp-json\/wp\/v2\/pages\/19380\/revisions\/19743"}],"up":[{"embeddable":true,"href":"https:\/\/www.cwobel-ejendomme.dk\/bolig\/wp-json\/wp\/v2\/pages\/46"}],"wp:attachment":[{"href":"https:\/\/www.cwobel-ejendomme.dk\/bolig\/wp-json\/wp\/v2\/media?parent=19380"}],"curies":[{"name":"wp","href":"https:\/\/api.w.org\/{rel}","templated":true}]}}