{"id":19378,"date":"2024-04-30T15:17:18","date_gmt":"2024-04-30T13:17:18","guid":{"rendered":"https:\/\/www.cwobel-ejendomme.dk\/bolig\/?page_id=19378"},"modified":"2025-07-07T08:15:50","modified_gmt":"2025-07-07T08:15:50","slug":"rensning-af-vaskemaskine","status":"publish","type":"page","link":"https:\/\/www.cwobel-ejendomme.dk\/bolig\/vaerd-at-vide-som-lejer\/rensning-af-vaskemaskine\/","title":{"rendered":"Rensning af vaskemaskinens filter"},"content":{"rendered":"\n<p><\/p>\n\n\n\n<p><br>Kender du det, at der l\u00e5 et par m\u00f8nter i lommen p\u00e5 bukserne, da du lagde dem i vaskemaskinen? De ender i filteret sammen med lommeuld og andet. Her viser vores vicev\u00e6rt Kasper, hvordan du nemt selv renser filteret p\u00e5 din vaskemaskine. <br>Du b\u00f8r rense dit vaskemaskinefilter en gang om m\u00e5neden. F\u00f8lg anvisningerne i vores video.<br><br>Tilbage til oversigt<br><a href=\"\/bolig\/vaerd-at-vide-som-lejer\/\">\/bolig\/vaerd-at-vide-som-lejer\/<\/a><br><h4>F\u00f8lg med p\u00e5 LinkedIn, Facebook og Instagram- her informerer vi om vores ledige lejem\u00e5l og deler nyheder og historier om vores ejendomme.<\/h4><br>F\u00f8lg os p\u00e5 LinkedIn<br><a href=\"https:\/\/www.linkedin.com\/company\/c-w--obel-ejendomme\/?originalSubdomain=dk\">https:\/\/www.linkedin.com\/company\/c-w&#8211;obel-ejendomme\/?originalSubdomain=dk<\/a><br><br>F\u00f8lg os p\u00e5 facebook<br><a href=\"https:\/\/www.facebook.com\/CWObelEjendomme\/\">https:\/\/www.facebook.com\/CWObelEjendomme\/<\/a><br><br>F\u00f8lg os p\u00e5 instagram<br><a href=\"https:\/\/www.instagram.com\/cwobel_ejendomme\/\">https:\/\/www.instagram.com\/cwobel_ejendomme\/<\/a><br><br><\/p>\n","protected":false},"excerpt":{"rendered":"<p>Kender du det, at der l\u00e5 et par m\u00f8nter i lommen p\u00e5 bukserne, da du lagde dem i<span class=\"excerpt-hellip\"> [\u2026]<\/span><\/p>\n","protected":false},"author":14,"featured_media":0,"parent":46,"menu_order":0,"comment_status":"closed","ping_status":"closed","template":"","meta":{"_acf_changed":false,"footnotes":""},"class_list":["post-19378","page","type-page","status-publish","hentry"],"yoast_head":"<!-- This site is optimized with the Yoast SEO Premium plugin v25.3.1 (Yoast SEO v25.3.1) - https:\/\/yoast.com\/wordpress\/plugins\/seo\/ -->\n<title>Tips til rensning af vaskemaskinens filter<\/title>\n<meta name=\"description\" content=\"Tips til rensning af vaskemaskinens filter. Du b\u00f8r rense dit vaskemaskinefilter en gang om m\u00e5neden. F\u00f8lg anvisningerne i vores video.\" \/>\n<meta name=\"robots\" content=\"index, follow, max-snippet:-1, max-image-preview:large, max-video-preview:-1\" \/>\n<link rel=\"canonical\" href=\"https:\/\/www.cwobel-ejendomme.dk\/bolig\/vaerd-at-vide-som-lejer\/rensning-af-vaskemaskine\/\" \/>\n<meta property=\"og:locale\" content=\"da_DK\" \/>\n<meta property=\"og:type\" content=\"article\" \/>\n<meta property=\"og:title\" content=\"Rensning af vaskemaskinens filter\" \/>\n<meta property=\"og:description\" content=\"Tips til rensning af vaskemaskinens filter. Du b\u00f8r rense dit vaskemaskinefilter en gang om m\u00e5neden. F\u00f8lg anvisningerne i vores video.\" \/>\n<meta property=\"og:url\" content=\"https:\/\/www.cwobel-ejendomme.dk\/bolig\/vaerd-at-vide-som-lejer\/rensning-af-vaskemaskine\/\" \/>\n<meta property=\"og:site_name\" content=\"C.W. Obel Ejendomme\" \/>\n<meta property=\"article:modified_time\" content=\"2025-07-07T08:15:50+00:00\" \/>\n<meta property=\"og:image\" content=\"https:\/\/www.cwobel-ejendomme.dk\/bolig\/wp-content\/uploads\/sites\/2\/2022\/06\/shutterstock_695217586_WEB.jpg\" \/>\n\t<meta property=\"og:image:width\" content=\"2409\" \/>\n\t<meta property=\"og:image:height\" content=\"1546\" \/>\n\t<meta property=\"og:image:type\" content=\"image\/jpeg\" \/>\n<meta name=\"twitter:card\" content=\"summary_large_image\" \/>\n<meta name=\"twitter:label1\" content=\"Estimeret l\u00e6setid\" \/>\n\t<meta name=\"twitter:data1\" content=\"1 minut\" \/>\n<script type=\"application\/ld+json\" class=\"yoast-schema-graph\">{\"@context\":\"https:\/\/schema.org\",\"@graph\":[{\"@type\":\"WebPage\",\"@id\":\"https:\/\/www.cwobel-ejendomme.dk\/bolig\/vaerd-at-vide-som-lejer\/rensning-af-vaskemaskine\/\",\"url\":\"https:\/\/www.cwobel-ejendomme.dk\/bolig\/vaerd-at-vide-som-lejer\/rensning-af-vaskemaskine\/\",\"name\":\"Tips til rensning af vaskemaskinens filter\",\"isPartOf\":{\"@id\":\"https:\/\/www.cwobel-ejendomme.dk\/bolig\/#website\"},\"datePublished\":\"2024-04-30T13:17:18+00:00\",\"dateModified\":\"2025-07-07T08:15:50+00:00\",\"description\":\"Tips til rensning af vaskemaskinens filter. Du b\u00f8r rense dit vaskemaskinefilter en gang om m\u00e5neden. F\u00f8lg anvisningerne i vores video.\",\"breadcrumb\":{\"@id\":\"https:\/\/www.cwobel-ejendomme.dk\/bolig\/vaerd-at-vide-som-lejer\/rensning-af-vaskemaskine\/#breadcrumb\"},\"inLanguage\":\"da-DK\",\"potentialAction\":[{\"@type\":\"ReadAction\",\"target\":[\"https:\/\/www.cwobel-ejendomme.dk\/bolig\/vaerd-at-vide-som-lejer\/rensning-af-vaskemaskine\/\"]}]},{\"@type\":\"BreadcrumbList\",\"@id\":\"https:\/\/www.cwobel-ejendomme.dk\/bolig\/vaerd-at-vide-som-lejer\/rensning-af-vaskemaskine\/#breadcrumb\",\"itemListElement\":[{\"@type\":\"ListItem\",\"position\":1,\"name\":\"Hjem\",\"item\":\"https:\/\/www.cwobel-ejendomme.dk\/bolig\/\"},{\"@type\":\"ListItem\",\"position\":2,\"name\":\"V\u00e6rd at vide som lejer\",\"item\":\"https:\/\/www.cwobel-ejendomme.dk\/bolig\/vaerd-at-vide-som-lejer\/\"},{\"@type\":\"ListItem\",\"position\":3,\"name\":\"Rensning af vaskemaskinens filter\"}]},{\"@type\":\"WebSite\",\"@id\":\"https:\/\/www.cwobel-ejendomme.dk\/bolig\/#website\",\"url\":\"https:\/\/www.cwobel-ejendomme.dk\/bolig\/\",\"name\":\"C.W. Obel Ejendomme\",\"description\":\"C.W. Obel Ejendomme\",\"potentialAction\":[{\"@type\":\"SearchAction\",\"target\":{\"@type\":\"EntryPoint\",\"urlTemplate\":\"https:\/\/www.cwobel-ejendomme.dk\/bolig\/?s={search_term_string}\"},\"query-input\":{\"@type\":\"PropertyValueSpecification\",\"valueRequired\":true,\"valueName\":\"search_term_string\"}}],\"inLanguage\":\"da-DK\"}]}<\/script>\n<!-- \/ Yoast SEO Premium plugin. -->","yoast_head_json":{"title":"Tips til rensning af vaskemaskinens filter","description":"Tips til rensning af vaskemaskinens filter. Du b\u00f8r rense dit vaskemaskinefilter en gang om m\u00e5neden. F\u00f8lg anvisningerne i vores video.","robots":{"index":"index","follow":"follow","max-snippet":"max-snippet:-1","max-image-preview":"max-image-preview:large","max-video-preview":"max-video-preview:-1"},"canonical":"https:\/\/www.cwobel-ejendomme.dk\/bolig\/vaerd-at-vide-som-lejer\/rensning-af-vaskemaskine\/","og_locale":"da_DK","og_type":"article","og_title":"Rensning af vaskemaskinens filter","og_description":"Tips til rensning af vaskemaskinens filter. Du b\u00f8r rense dit vaskemaskinefilter en gang om m\u00e5neden. F\u00f8lg anvisningerne i vores video.","og_url":"https:\/\/www.cwobel-ejendomme.dk\/bolig\/vaerd-at-vide-som-lejer\/rensning-af-vaskemaskine\/","og_site_name":"C.W. Obel Ejendomme","article_modified_time":"2025-07-07T08:15:50+00:00","og_image":[{"width":2409,"height":1546,"url":"https:\/\/www.cwobel-ejendomme.dk\/bolig\/wp-content\/uploads\/sites\/2\/2022\/06\/shutterstock_695217586_WEB.jpg","type":"image\/jpeg"}],"twitter_card":"summary_large_image","twitter_misc":{"Estimeret l\u00e6setid":"1 minut"},"schema":{"@context":"https:\/\/schema.org","@graph":[{"@type":"WebPage","@id":"https:\/\/www.cwobel-ejendomme.dk\/bolig\/vaerd-at-vide-som-lejer\/rensning-af-vaskemaskine\/","url":"https:\/\/www.cwobel-ejendomme.dk\/bolig\/vaerd-at-vide-som-lejer\/rensning-af-vaskemaskine\/","name":"Tips til rensning af vaskemaskinens filter","isPartOf":{"@id":"https:\/\/www.cwobel-ejendomme.dk\/bolig\/#website"},"datePublished":"2024-04-30T13:17:18+00:00","dateModified":"2025-07-07T08:15:50+00:00","description":"Tips til rensning af vaskemaskinens filter. Du b\u00f8r rense dit vaskemaskinefilter en gang om m\u00e5neden. F\u00f8lg anvisningerne i vores video.","breadcrumb":{"@id":"https:\/\/www.cwobel-ejendomme.dk\/bolig\/vaerd-at-vide-som-lejer\/rensning-af-vaskemaskine\/#breadcrumb"},"inLanguage":"da-DK","potentialAction":[{"@type":"ReadAction","target":["https:\/\/www.cwobel-ejendomme.dk\/bolig\/vaerd-at-vide-som-lejer\/rensning-af-vaskemaskine\/"]}]},{"@type":"BreadcrumbList","@id":"https:\/\/www.cwobel-ejendomme.dk\/bolig\/vaerd-at-vide-som-lejer\/rensning-af-vaskemaskine\/#breadcrumb","itemListElement":[{"@type":"ListItem","position":1,"name":"Hjem","item":"https:\/\/www.cwobel-ejendomme.dk\/bolig\/"},{"@type":"ListItem","position":2,"name":"V\u00e6rd at vide som lejer","item":"https:\/\/www.cwobel-ejendomme.dk\/bolig\/vaerd-at-vide-som-lejer\/"},{"@type":"ListItem","position":3,"name":"Rensning af vaskemaskinens filter"}]},{"@type":"WebSite","@id":"https:\/\/www.cwobel-ejendomme.dk\/bolig\/#website","url":"https:\/\/www.cwobel-ejendomme.dk\/bolig\/","name":"C.W. Obel Ejendomme","description":"C.W. Obel Ejendomme","potentialAction":[{"@type":"SearchAction","target":{"@type":"EntryPoint","urlTemplate":"https:\/\/www.cwobel-ejendomme.dk\/bolig\/?s={search_term_string}"},"query-input":{"@type":"PropertyValueSpecification","valueRequired":true,"valueName":"search_term_string"}}],"inLanguage":"da-DK"}]}},"acf":[],"_links":{"self":[{"href":"https:\/\/www.cwobel-ejendomme.dk\/bolig\/wp-json\/wp\/v2\/pages\/19378","targetHints":{"allow":["GET"]}}],"collection":[{"href":"https:\/\/www.cwobel-ejendomme.dk\/bolig\/wp-json\/wp\/v2\/pages"}],"about":[{"href":"https:\/\/www.cwobel-ejendomme.dk\/bolig\/wp-json\/wp\/v2\/types\/page"}],"author":[{"embeddable":true,"href":"https:\/\/www.cwobel-ejendomme.dk\/bolig\/wp-json\/wp\/v2\/users\/14"}],"replies":[{"embeddable":true,"href":"https:\/\/www.cwobel-ejendomme.dk\/bolig\/wp-json\/wp\/v2\/comments?post=19378"}],"version-history":[{"count":3,"href":"https:\/\/www.cwobel-ejendomme.dk\/bolig\/wp-json\/wp\/v2\/pages\/19378\/revisions"}],"predecessor-version":[{"id":19735,"href":"https:\/\/www.cwobel-ejendomme.dk\/bolig\/wp-json\/wp\/v2\/pages\/19378\/revisions\/19735"}],"up":[{"embeddable":true,"href":"https:\/\/www.cwobel-ejendomme.dk\/bolig\/wp-json\/wp\/v2\/pages\/46"}],"wp:attachment":[{"href":"https:\/\/www.cwobel-ejendomme.dk\/bolig\/wp-json\/wp\/v2\/media?parent=19378"}],"curies":[{"name":"wp","href":"https:\/\/api.w.org\/{rel}","templated":true}]}}