{"id":19,"date":"2022-05-03T10:46:57","date_gmt":"2022-05-03T08:46:57","guid":{"rendered":"https:\/\/www.cwobel-ejendomme.dk\/bolig\/?page_id=19"},"modified":"2025-07-07T15:41:21","modified_gmt":"2025-07-07T13:41:21","slug":"kontakt-os","status":"publish","type":"page","link":"https:\/\/www.cwobel-ejendomme.dk\/bolig\/kontakt-os\/","title":{"rendered":"Kontakt os"},"content":{"rendered":"\n<p><\/p>\n\n\n\n<p><\/p>\n\n\n<p>Hos C.W. Obel Ejendomme \u00f8nsker vi, at du som lejer f\u00f8ler dig godt tilpas, og du kan altid komme i kontakt med os, hvis der skulle opst\u00e5 sp\u00f8rgsm\u00e5l eller konkrete behov. Har du nogle sp\u00f8rgsm\u00e5l, eller \u00f8nsker du at se et af vores lejem\u00e5l, er du velkommen til at kontakt os.<\/p>\n<h4>Boligafdeling<\/h4>\n<p>Mandag-fredag: 8.30-16.00Telefon: <a href=\"tel:+33 33 92 92\">33 33 92 92<\/a>Mail: <a href=\"mailto:bolig@cwobel.dk\">bolig@cwobel.dk<\/a><\/p>\n<h4>Har du brug for akut hj\u00e6lp?<\/h4>\n<p>Har du brug for akut hj\u00e6lp uden for normal kontortid (kl. 16.00 &#8211; 8.30), fx ved udstr\u00f8mmende vand, str\u00f8msvigt eller lignende, skal du ringe til vores akutberedskab, <a href=\"https:\/\/www.belfor.com\/da\/dk\">Belfor<\/a> p\u00e5 tlf.: <a href=\"tel:70 12 21 22\">70 12 21 22<\/a>.<br \/><br \/><img decoding=\"async\" src=\"https:\/\/www.cwobel-ejendomme.dk\/bolig\/wp-content\/uploads\/sites\/2\/2022\/08\/Find_medarbejder_780x780px.jpg\" alt=\"Find medarbejder\" \/><br \/><a href=\"https:\/\/www.cwobel-ejendomme.dk\/medarbejdere\/\">https:\/\/www.cwobel-ejendomme.dk\/medarbejdere\/<\/a><br \/><br \/><\/p>\n<h2>Find medarbejder<\/h2>\n<p><br \/>Her kan du se hele vores samlede team og finde direkte kontaktinformation p\u00e5 vores medarbejdere.<br \/><br \/>SE ALLE MEDARBEJDERE<br \/><a href=\"\/medarbejdere\/\">\/medarbejdere\/<\/a><br \/><br \/><\/p>\n<h2>Vi har kontorer i K\u00f8benhavn og Aalborg<\/h2>\n<p><br \/>Vestergade 2C, <br \/>1456 K\u00f8benhavn<br \/><br \/>Kastetvej 2, 9000 Aalborg<br \/><br \/>Hold dig opdateret<br \/><br \/>Tilmeld dig vores nyhedsbrev, og modtag seneste nyt om vores ledige lejeboliger<br \/><br \/>TILMELD DIG HER<br \/><a href=\"\/bolig\/nyhedsbrev\/#nyhedsbrev\">\/bolig\/nyhedsbrev\/#nyhedsbrev<\/a><br \/><br \/><\/p>","protected":false},"excerpt":{"rendered":"<p>Hos C.W. Obel Ejendomme \u00f8nsker vi, at du som lejer f\u00f8ler dig godt tilpas, og du kan altid<span class=\"excerpt-hellip\"> [\u2026]<\/span><\/p>\n","protected":false},"author":1,"featured_media":19776,"parent":0,"menu_order":0,"comment_status":"closed","ping_status":"closed","template":"","meta":{"_acf_changed":false,"footnotes":""},"class_list":["post-19","page","type-page","status-publish","has-post-thumbnail","hentry"],"yoast_head":"<!-- This site is optimized with the Yoast SEO Premium plugin v25.3.1 (Yoast SEO v25.3.1) - https:\/\/yoast.com\/wordpress\/plugins\/seo\/ -->\n<title>Kontakt vores boligafdeling<\/title>\n<meta name=\"description\" content=\"Kontakt vores boligafdeling, hvis du har sp\u00f8rgsm\u00e5l eller vil se et af vores ledige boliglejem\u00e5l. Find vores kontaktinformationer her.\" \/>\n<meta name=\"robots\" content=\"index, follow, max-snippet:-1, max-image-preview:large, max-video-preview:-1\" \/>\n<link rel=\"canonical\" href=\"https:\/\/www.cwobel-ejendomme.dk\/bolig\/kontakt-os\/\" \/>\n<meta property=\"og:locale\" content=\"da_DK\" \/>\n<meta property=\"og:type\" content=\"article\" \/>\n<meta property=\"og:title\" content=\"Kontakt os\" \/>\n<meta property=\"og:description\" content=\"Kontakt vores boligafdeling, hvis du har sp\u00f8rgsm\u00e5l eller vil se et af vores ledige boliglejem\u00e5l. Find vores kontaktinformationer her.\" \/>\n<meta property=\"og:url\" content=\"https:\/\/www.cwobel-ejendomme.dk\/bolig\/kontakt-os\/\" \/>\n<meta property=\"og:site_name\" content=\"C.W. Obel Ejendomme\" \/>\n<meta property=\"article:modified_time\" content=\"2025-07-07T13:41:21+00:00\" \/>\n<meta property=\"og:image\" content=\"https:\/\/www.cwobel-ejendomme.dk\/bolig\/wp-content\/uploads\/sites\/2\/2024\/06\/kontakt-os.jpeg\" \/>\n\t<meta property=\"og:image:width\" content=\"780\" \/>\n\t<meta property=\"og:image:height\" content=\"780\" \/>\n\t<meta property=\"og:image:type\" content=\"image\/jpeg\" \/>\n<meta name=\"twitter:card\" content=\"summary_large_image\" \/>\n<meta name=\"twitter:label1\" content=\"Estimeret l\u00e6setid\" \/>\n\t<meta name=\"twitter:data1\" content=\"2 minutter\" \/>\n<script type=\"application\/ld+json\" class=\"yoast-schema-graph\">{\"@context\":\"https:\/\/schema.org\",\"@graph\":[{\"@type\":\"WebPage\",\"@id\":\"https:\/\/www.cwobel-ejendomme.dk\/bolig\/kontakt-os\/\",\"url\":\"https:\/\/www.cwobel-ejendomme.dk\/bolig\/kontakt-os\/\",\"name\":\"Kontakt vores boligafdeling\",\"isPartOf\":{\"@id\":\"https:\/\/www.cwobel-ejendomme.dk\/bolig\/#website\"},\"primaryImageOfPage\":{\"@id\":\"https:\/\/www.cwobel-ejendomme.dk\/bolig\/kontakt-os\/#primaryimage\"},\"image\":{\"@id\":\"https:\/\/www.cwobel-ejendomme.dk\/bolig\/kontakt-os\/#primaryimage\"},\"thumbnailUrl\":\"https:\/\/www.cwobel-ejendomme.dk\/bolig\/wp-content\/uploads\/sites\/2\/2024\/06\/kontakt-os.jpeg\",\"datePublished\":\"2022-05-03T08:46:57+00:00\",\"dateModified\":\"2025-07-07T13:41:21+00:00\",\"description\":\"Kontakt vores boligafdeling, hvis du har sp\u00f8rgsm\u00e5l eller vil se et af vores ledige boliglejem\u00e5l. Find vores kontaktinformationer her.\",\"breadcrumb\":{\"@id\":\"https:\/\/www.cwobel-ejendomme.dk\/bolig\/kontakt-os\/#breadcrumb\"},\"inLanguage\":\"da-DK\",\"potentialAction\":[{\"@type\":\"ReadAction\",\"target\":[\"https:\/\/www.cwobel-ejendomme.dk\/bolig\/kontakt-os\/\"]}]},{\"@type\":\"ImageObject\",\"inLanguage\":\"da-DK\",\"@id\":\"https:\/\/www.cwobel-ejendomme.dk\/bolig\/kontakt-os\/#primaryimage\",\"url\":\"https:\/\/www.cwobel-ejendomme.dk\/bolig\/wp-content\/uploads\/sites\/2\/2024\/06\/kontakt-os.jpeg\",\"contentUrl\":\"https:\/\/www.cwobel-ejendomme.dk\/bolig\/wp-content\/uploads\/sites\/2\/2024\/06\/kontakt-os.jpeg\",\"width\":780,\"height\":780,\"caption\":\"Kontakt os\"},{\"@type\":\"BreadcrumbList\",\"@id\":\"https:\/\/www.cwobel-ejendomme.dk\/bolig\/kontakt-os\/#breadcrumb\",\"itemListElement\":[{\"@type\":\"ListItem\",\"position\":1,\"name\":\"Hjem\",\"item\":\"https:\/\/www.cwobel-ejendomme.dk\/bolig\/\"},{\"@type\":\"ListItem\",\"position\":2,\"name\":\"Kontakt os\"}]},{\"@type\":\"WebSite\",\"@id\":\"https:\/\/www.cwobel-ejendomme.dk\/bolig\/#website\",\"url\":\"https:\/\/www.cwobel-ejendomme.dk\/bolig\/\",\"name\":\"C.W. Obel Ejendomme\",\"description\":\"C.W. Obel Ejendomme\",\"potentialAction\":[{\"@type\":\"SearchAction\",\"target\":{\"@type\":\"EntryPoint\",\"urlTemplate\":\"https:\/\/www.cwobel-ejendomme.dk\/bolig\/?s={search_term_string}\"},\"query-input\":{\"@type\":\"PropertyValueSpecification\",\"valueRequired\":true,\"valueName\":\"search_term_string\"}}],\"inLanguage\":\"da-DK\"}]}<\/script>\n<!-- \/ Yoast SEO Premium plugin. -->","yoast_head_json":{"title":"Kontakt vores boligafdeling","description":"Kontakt vores boligafdeling, hvis du har sp\u00f8rgsm\u00e5l eller vil se et af vores ledige boliglejem\u00e5l. Find vores kontaktinformationer her.","robots":{"index":"index","follow":"follow","max-snippet":"max-snippet:-1","max-image-preview":"max-image-preview:large","max-video-preview":"max-video-preview:-1"},"canonical":"https:\/\/www.cwobel-ejendomme.dk\/bolig\/kontakt-os\/","og_locale":"da_DK","og_type":"article","og_title":"Kontakt os","og_description":"Kontakt vores boligafdeling, hvis du har sp\u00f8rgsm\u00e5l eller vil se et af vores ledige boliglejem\u00e5l. Find vores kontaktinformationer her.","og_url":"https:\/\/www.cwobel-ejendomme.dk\/bolig\/kontakt-os\/","og_site_name":"C.W. Obel Ejendomme","article_modified_time":"2025-07-07T13:41:21+00:00","og_image":[{"width":780,"height":780,"url":"https:\/\/www.cwobel-ejendomme.dk\/bolig\/wp-content\/uploads\/sites\/2\/2024\/06\/kontakt-os.jpeg","type":"image\/jpeg"}],"twitter_card":"summary_large_image","twitter_misc":{"Estimeret l\u00e6setid":"2 minutter"},"schema":{"@context":"https:\/\/schema.org","@graph":[{"@type":"WebPage","@id":"https:\/\/www.cwobel-ejendomme.dk\/bolig\/kontakt-os\/","url":"https:\/\/www.cwobel-ejendomme.dk\/bolig\/kontakt-os\/","name":"Kontakt vores boligafdeling","isPartOf":{"@id":"https:\/\/www.cwobel-ejendomme.dk\/bolig\/#website"},"primaryImageOfPage":{"@id":"https:\/\/www.cwobel-ejendomme.dk\/bolig\/kontakt-os\/#primaryimage"},"image":{"@id":"https:\/\/www.cwobel-ejendomme.dk\/bolig\/kontakt-os\/#primaryimage"},"thumbnailUrl":"https:\/\/www.cwobel-ejendomme.dk\/bolig\/wp-content\/uploads\/sites\/2\/2024\/06\/kontakt-os.jpeg","datePublished":"2022-05-03T08:46:57+00:00","dateModified":"2025-07-07T13:41:21+00:00","description":"Kontakt vores boligafdeling, hvis du har sp\u00f8rgsm\u00e5l eller vil se et af vores ledige boliglejem\u00e5l. Find vores kontaktinformationer her.","breadcrumb":{"@id":"https:\/\/www.cwobel-ejendomme.dk\/bolig\/kontakt-os\/#breadcrumb"},"inLanguage":"da-DK","potentialAction":[{"@type":"ReadAction","target":["https:\/\/www.cwobel-ejendomme.dk\/bolig\/kontakt-os\/"]}]},{"@type":"ImageObject","inLanguage":"da-DK","@id":"https:\/\/www.cwobel-ejendomme.dk\/bolig\/kontakt-os\/#primaryimage","url":"https:\/\/www.cwobel-ejendomme.dk\/bolig\/wp-content\/uploads\/sites\/2\/2024\/06\/kontakt-os.jpeg","contentUrl":"https:\/\/www.cwobel-ejendomme.dk\/bolig\/wp-content\/uploads\/sites\/2\/2024\/06\/kontakt-os.jpeg","width":780,"height":780,"caption":"Kontakt os"},{"@type":"BreadcrumbList","@id":"https:\/\/www.cwobel-ejendomme.dk\/bolig\/kontakt-os\/#breadcrumb","itemListElement":[{"@type":"ListItem","position":1,"name":"Hjem","item":"https:\/\/www.cwobel-ejendomme.dk\/bolig\/"},{"@type":"ListItem","position":2,"name":"Kontakt os"}]},{"@type":"WebSite","@id":"https:\/\/www.cwobel-ejendomme.dk\/bolig\/#website","url":"https:\/\/www.cwobel-ejendomme.dk\/bolig\/","name":"C.W. Obel Ejendomme","description":"C.W. Obel Ejendomme","potentialAction":[{"@type":"SearchAction","target":{"@type":"EntryPoint","urlTemplate":"https:\/\/www.cwobel-ejendomme.dk\/bolig\/?s={search_term_string}"},"query-input":{"@type":"PropertyValueSpecification","valueRequired":true,"valueName":"search_term_string"}}],"inLanguage":"da-DK"}]}},"acf":[],"_links":{"self":[{"href":"https:\/\/www.cwobel-ejendomme.dk\/bolig\/wp-json\/wp\/v2\/pages\/19","targetHints":{"allow":["GET"]}}],"collection":[{"href":"https:\/\/www.cwobel-ejendomme.dk\/bolig\/wp-json\/wp\/v2\/pages"}],"about":[{"href":"https:\/\/www.cwobel-ejendomme.dk\/bolig\/wp-json\/wp\/v2\/types\/page"}],"author":[{"embeddable":true,"href":"https:\/\/www.cwobel-ejendomme.dk\/bolig\/wp-json\/wp\/v2\/users\/1"}],"replies":[{"embeddable":true,"href":"https:\/\/www.cwobel-ejendomme.dk\/bolig\/wp-json\/wp\/v2\/comments?post=19"}],"version-history":[{"count":5,"href":"https:\/\/www.cwobel-ejendomme.dk\/bolig\/wp-json\/wp\/v2\/pages\/19\/revisions"}],"predecessor-version":[{"id":23356,"href":"https:\/\/www.cwobel-ejendomme.dk\/bolig\/wp-json\/wp\/v2\/pages\/19\/revisions\/23356"}],"wp:featuredmedia":[{"embeddable":true,"href":"https:\/\/www.cwobel-ejendomme.dk\/bolig\/wp-json\/wp\/v2\/media\/19776"}],"wp:attachment":[{"href":"https:\/\/www.cwobel-ejendomme.dk\/bolig\/wp-json\/wp\/v2\/media?parent=19"}],"curies":[{"name":"wp","href":"https:\/\/api.w.org\/{rel}","templated":true}]}}