{"id":1563,"date":"2022-07-07T14:49:29","date_gmt":"2022-07-07T12:49:29","guid":{"rendered":"https:\/\/www.cwobel-ejendomme.dk\/bolig\/?page_id=1563"},"modified":"2025-11-17T10:51:00","modified_gmt":"2025-11-17T09:51:00","slug":"broendbyvester","status":"publish","type":"page","link":"https:\/\/www.cwobel-ejendomme.dk\/bolig\/ledige-lejemaal\/storkoebenhavn\/broendbyvester\/","title":{"rendered":"Br\u00f8ndbyvester"},"content":{"rendered":"\n<p><\/p>\n\n\n\n<p>Kirkebjerg er et nyt boligomr\u00e5de n\u00e6r Br\u00f8ndby i en attraktiv forstad til K\u00f8benhavn t\u00e6t p\u00e5 b\u00e5de skov, strand og kun 17 minutter fra R\u00e5dhuspladsen. I Kirkebjerg tilbyder C.W. Obel Ejendomme nyetablerede, moderne og rummelige lejligheder med plads til hele familien. <br>Med en bolig i Kirkebjerg er du t\u00e6t p\u00e5 shopping, caf\u00e9er, legepladser, hyggelige gr\u00f8nne omr\u00e5der og selvf\u00f8lgelig Br\u00f8ndby Stadion. <br>Se alle vores ledige lejeboliger i Br\u00f8ndby herunder.<br><h2>Ledige boliger i Br\u00f8ndbyvester<\/h2> <br>Kirkebjerg er et nyt boligomr\u00e5de placeret i Br\u00f8ndbyvester lige ved Glostrup st. Her tilbyder C.W. Obel Ejendomme moderne lejeboliger t\u00e6t p\u00e5 b\u00e5de skov, strand og byliv.\u00a0 <br>Det er nemt at komme til og fra Kirkebjerg, hvor der kun er f\u00e5 hundrede meter til tog, bus og den kommende letbane.\u00a0Derudover er der kun 500 meter fra bydelen til motorvejen, og til dem der foretr\u00e6kker cyklen, er der ved at blive anlagt to supercykelstier, som effektivt forbinder Kirkebjerg med resten af hovedstadsomr\u00e5det.<br><br><img decoding=\"async\" src=\"https:\/\/www.cwobel-ejendomme.dk\/bolig\/wp-content\/uploads\/sites\/2\/2022\/07\/Broendbyvester_1.jpg\" alt=\"Broendbyvester_1\"><br><h4>F\u00e5 en lejebolig i Br\u00f8ndbyvesters nye kvarter, Kirkebjerg<\/h4> <br>Br\u00f8ndby ligger i K\u00f8benhavns vestegnskvarter kun 10 km fra midten af Hovedstaden. Byen best\u00e5r af tre omr\u00e5der. Br\u00f8ndby Strand, Br\u00f8ndby\u00f8ster og Br\u00f8ndbyvester. Mange af omr\u00e5derne er gennem de seneste \u00e5r blevet udbygget med beboelse, erhverv og gr\u00f8nne omr\u00e5der. <br>Kirkebjerg er et af gammelt, charmerende omr\u00e5de beliggende i Br\u00f8ndbyvester, som har eksisteret siden efter 2. verdenskrig. Omr\u00e5det var dengang et industrikvarter med fabrikker og fabriksbygninger. <br>Frem til 2025 bliver omr\u00e5det fornyet med 2.000 nye lejeboliger Flere af de gamle, oprindelige bygninger bliver bevaret, og de nye ejendomme er skabt med stor respekt for omr\u00e5dets historie. Det nye Kirkebjerg forener gammelt og nyt, og visionen er at skabe et nyt, levende kvarter. \u00a0 <br>Det nye Kirkebjerg bliver et boligkvarter, der giver plads til f\u00e6llesskab og mangfoldighed, som kombinerer historie og nyt\u00e6nkning i den fineste, moderne forening. Omr\u00e5det rummer b\u00e5de foreningsliv, sportsfaciliteter, indk\u00f8bsmuligheder og skaber de bedste rammer for hverdagen. Samtidig ligger det nye Kirkebjerg t\u00e6t p\u00e5 b\u00e5de skov, stand og offentlig transport, s\u00e5 du er altid t\u00e6t p\u00e5 b\u00e5de naturen og storbyen. <br>Vores ejendom, Kirkebjerg Parken, stod f\u00e6rdig i 2021.<br><h4>Kirkebjerg Parken \u2013 en nyere, moderne lejebolig n\u00e6r Br\u00f8ndby<\/h4> <br>Kirkebjerg Parken ligger i Kirkebjerg \u2013 det helt nye boligomr\u00e5de i Br\u00f8ndbyvester. Ejendommen rummer 173 lyse og indbydende lejeboliger i varierende st\u00f8rrelser mellem 56\u00a0og 128 m\u00b2 fordelt p\u00e5 2-4 v\u00e6relser. <br>Ejendommen danner moderne rammer om et hjem, der passer til alle typer af husstande b\u00e5de b\u00f8rnefamilien, de \u00e6ldre, den studerende, singlen, der bor alene eller parret, der bor uden b\u00f8rn. <br>Kirkebjerg Parken er designet af GPP Arkitekter. Lejlighederne er skabt med ekstra loftsh\u00f8jde for at sikre det optimale lysindfald og et hjem fyldt med dagslys. Samtidigt er alle boligerne indrettet med en praktisk planl\u00f8sning, der giver den n\u00f8dvendige rummelighed i hverdagen. <br>Alle lejlighederne har egen altan eller terrasse. <br>Til ejendommen h\u00f8rer ogs\u00e5 hyggelige g\u00e5rdmilj\u00f8er, som inviterer til f\u00e6llesskab og hygge. Der er mulighed for at leje en parkeringsplads i ejendommens p-k\u00e6lder. Ydermere har hver bolig mulighed for at parkere p\u00e5 terr\u00e6n med \u00e9n bil. Der er mulighed for at oplade hybrid- eller elbiler. <br>Generelt er alle vores lejelejligheder i Kirkebjerg Parken skabt med fokus p\u00e5 moderne faciliter, der g\u00f8r hverdagen nemmere for b\u00e5de dig og din familie. <br>Hos C.W. Obel Ejendomme er vi stolte af at kunne tilbyde nybyggede lejelejligheder i det nye Kirkebjerg sammen med vores ejendomme p\u00e5 <a href=\"\/bolig\/ledige-lejemaal\/storkoebenhavn\/islands-brygge\/\">Islands Brygge<\/a>,\u00a0<a href=\"\/bolig\/ledige-lejemaal\/storkoebenhavn\/oerestad-syd\/\">\u00d8restad Syd<\/a>\u00a0og andre attraktive lokationer i\u00a0<a href=\"https:\/\/cwobel-bolig.dk\/ledige-boliger\/storkoebenhavn\/\">K\u00f8benhavn.<\/a><br><br><img decoding=\"async\" src=\"https:\/\/www.cwobel-ejendomme.dk\/bolig\/wp-content\/uploads\/sites\/2\/2022\/07\/Broendbyvester_2.jpg\" alt=\"Broendbyvester_2\"><br><br><img decoding=\"async\" src=\"https:\/\/www.cwobel-ejendomme.dk\/bolig\/wp-content\/uploads\/sites\/2\/2022\/08\/taet-pa\u030a-ba\u030ade-natur-og-by_780x780.jpg\" alt=\"T\u00e6t pa\u030a ba\u030ade natur og by\"><br><h4>Leder du efter lejligheder til leje i Br\u00f8ndbyvester &#8211; t\u00e6t p\u00e5 b\u00e5de natur og by?<\/h4> <br>N\u00e5r du bos\u00e6tter dig i Kirkebjerg, f\u00e5r du en bop\u00e6l t\u00e6t p\u00e5 b\u00e5de skov, strand og kun 17 minutter fra R\u00e5dhuspladsen. <br>Omr\u00e5det tiltr\u00e6kker mange nye beboer p\u00e5 grund af de mange muligheder for at nyde naturen. Br\u00f8ndby Strand ligger i cykelafstand fra vores ejendom, og du er omgivet af Br\u00f8ndbyskoven p\u00e5 den ene side og Vest- og Bakkeskoven p\u00e5 den anden side med smukke b\u00f8ge- og egetr\u00e6er og \u00e5bne sletter. <br>Mudilles S\u00f8 ligger i midten af det nye Kirkebjergkvarter, som omr\u00e5dets gr\u00f8nne \u00e5ndehul og oase. <br>Br\u00f8ndbyvester emmer af natur og \u00e5bne vidder til alle sider, og bydelen er det helt rigtige omr\u00e5de at finde en lejebolig i, hvis du gerne vil lidt v\u00e6k fra byen og t\u00e6ttere p\u00e5 naturen. <br>I omr\u00e5det ligger b\u00e5de daginstitutioner, skoler og gymnasier. <br>Det er nemt at komme til og fra Br\u00f8ndbyvester med b\u00e5de bil og offentlig transport. Glostrup station ligger kun fem minutter fra Kirkebjerg, og motorvejen giver dig nem adgang til det meste af Danmark. N\u00e5r Kirkebjergkvarteret st\u00e5r helt f\u00e6rdig i 2025, f\u00e5r omr\u00e5det ogs\u00e5 sin egen station p\u00e5 letbanen, hvilket g\u00f8r det endnu nemmere at komme til og fra bydelen. <br>Kirkebjerg er et hyggeligt lokalmilj\u00f8 med eget bytorv med cafeer og butikker. Samtidig tilbyder omr\u00e5det masser af foreningsliv og sit egen stadion, hvor den popul\u00e6re klub Br\u00f8ndby IF har sin hjemmebane.<br><h2>Mangler du inspiration til indretningen?<\/h2> <br>Mangler du inspiration til indretningen af din lejelejlighed? P\u00e5 vores <a href=\"\/bolig\/inspiration\/\">inspirationside<\/a>\u00a0kan du l\u00e6se gode r\u00e5d om alt fra\u00a0<a href=\"\/bolig\/inspiration\/indretning-af-din-altan\/\">indretningen af din altan<\/a>\u00a0til praktisk information, om\u00a0<a href=\"\/bolig\/inspiration\/opsigelse-af-lejemaal\/\">opsigelse af dit lejem\u00e5l<\/a>, hvis du er lejer hos os. <br>Hos C.W. Obel Ejendomme er vi stolte af at v\u00e6re en del af projektet, <a href=\"https:\/\/bo-i-kirkebjerg.dk\/\" target=\"_blank\" rel=\"noopener\">Bo i Kirkebjerg<\/a>. Hvis du vil h\u00f8re mere om vores lejeboliger i Kirkebjerg Parken, er du altid velkommen til at kontakte os p\u00e5 33 33 92 92 eller p\u00e5 <a href=\"mailto:bolig@cwobel.dk\">bolig@cwobel.dk<\/a>. <br>Vi ser frem til at h\u00f8re fra dig.<br><\/p>\n","protected":false},"excerpt":{"rendered":"<p>Kirkebjerg er et nyt boligomr\u00e5de n\u00e6r Br\u00f8ndby i en attraktiv forstad til K\u00f8benhavn t\u00e6t p\u00e5 b\u00e5de skov, strand<span class=\"excerpt-hellip\"> [\u2026]<\/span><\/p>\n","protected":false},"author":1,"featured_media":19785,"parent":1543,"menu_order":0,"comment_status":"closed","ping_status":"closed","template":"","meta":{"_acf_changed":false,"footnotes":""},"class_list":["post-1563","page","type-page","status-publish","has-post-thumbnail","hentry"],"yoast_head":"<!-- This site is optimized with the Yoast SEO Premium plugin v25.3.1 (Yoast SEO v25.3.1) - https:\/\/yoast.com\/wordpress\/plugins\/seo\/ -->\n<title>Ledige boliger i Br\u00f8ndbyvester<\/title>\n<meta name=\"description\" content=\"Her kan du se vores ledige lejeboliger i Br\u00f8ndbyvester. Kirkebjerg er et nyt boligomr\u00e5de t\u00e6t p\u00e5 skov, strand og byliv.\" \/>\n<meta name=\"robots\" content=\"index, follow, max-snippet:-1, max-image-preview:large, max-video-preview:-1\" \/>\n<link rel=\"canonical\" href=\"https:\/\/www.cwobel-ejendomme.dk\/bolig\/ledige-lejemaal\/storkoebenhavn\/broendbyvester\/\" \/>\n<meta property=\"og:locale\" content=\"da_DK\" \/>\n<meta property=\"og:type\" content=\"article\" \/>\n<meta property=\"og:title\" content=\"Br\u00f8ndbyvester\" \/>\n<meta property=\"og:description\" content=\"Her kan du se vores ledige lejeboliger i Br\u00f8ndbyvester. Kirkebjerg er et nyt boligomr\u00e5de t\u00e6t p\u00e5 skov, strand og byliv.\" \/>\n<meta property=\"og:url\" content=\"https:\/\/www.cwobel-ejendomme.dk\/bolig\/ledige-lejemaal\/storkoebenhavn\/broendbyvester\/\" \/>\n<meta property=\"og:site_name\" content=\"C.W. Obel Ejendomme\" \/>\n<meta property=\"article:modified_time\" content=\"2025-11-17T09:51:00+00:00\" \/>\n<meta property=\"og:image\" content=\"https:\/\/www.cwobel-ejendomme.dk\/bolig\/wp-content\/uploads\/sites\/2\/2024\/06\/boliger-kirkebjerg.jpeg\" \/>\n\t<meta property=\"og:image:width\" content=\"780\" \/>\n\t<meta property=\"og:image:height\" content=\"780\" \/>\n\t<meta property=\"og:image:type\" content=\"image\/jpeg\" \/>\n<meta name=\"twitter:card\" content=\"summary_large_image\" \/>\n<meta name=\"twitter:label1\" content=\"Estimeret l\u00e6setid\" \/>\n\t<meta name=\"twitter:data1\" content=\"6 minutter\" \/>\n<script type=\"application\/ld+json\" class=\"yoast-schema-graph\">{\"@context\":\"https:\/\/schema.org\",\"@graph\":[{\"@type\":\"WebPage\",\"@id\":\"https:\/\/www.cwobel-ejendomme.dk\/bolig\/ledige-lejemaal\/storkoebenhavn\/broendbyvester\/\",\"url\":\"https:\/\/www.cwobel-ejendomme.dk\/bolig\/ledige-lejemaal\/storkoebenhavn\/broendbyvester\/\",\"name\":\"Ledige boliger i Br\u00f8ndbyvester\",\"isPartOf\":{\"@id\":\"https:\/\/www.cwobel-ejendomme.dk\/bolig\/#website\"},\"primaryImageOfPage\":{\"@id\":\"https:\/\/www.cwobel-ejendomme.dk\/bolig\/ledige-lejemaal\/storkoebenhavn\/broendbyvester\/#primaryimage\"},\"image\":{\"@id\":\"https:\/\/www.cwobel-ejendomme.dk\/bolig\/ledige-lejemaal\/storkoebenhavn\/broendbyvester\/#primaryimage\"},\"thumbnailUrl\":\"https:\/\/www.cwobel-ejendomme.dk\/bolig\/wp-content\/uploads\/sites\/2\/2024\/06\/boliger-kirkebjerg.jpeg\",\"datePublished\":\"2022-07-07T12:49:29+00:00\",\"dateModified\":\"2025-11-17T09:51:00+00:00\",\"description\":\"Her kan du se vores ledige lejeboliger i Br\u00f8ndbyvester. Kirkebjerg er et nyt boligomr\u00e5de t\u00e6t p\u00e5 skov, strand og byliv.\",\"breadcrumb\":{\"@id\":\"https:\/\/www.cwobel-ejendomme.dk\/bolig\/ledige-lejemaal\/storkoebenhavn\/broendbyvester\/#breadcrumb\"},\"inLanguage\":\"da-DK\",\"potentialAction\":[{\"@type\":\"ReadAction\",\"target\":[\"https:\/\/www.cwobel-ejendomme.dk\/bolig\/ledige-lejemaal\/storkoebenhavn\/broendbyvester\/\"]}]},{\"@type\":\"ImageObject\",\"inLanguage\":\"da-DK\",\"@id\":\"https:\/\/www.cwobel-ejendomme.dk\/bolig\/ledige-lejemaal\/storkoebenhavn\/broendbyvester\/#primaryimage\",\"url\":\"https:\/\/www.cwobel-ejendomme.dk\/bolig\/wp-content\/uploads\/sites\/2\/2024\/06\/boliger-kirkebjerg.jpeg\",\"contentUrl\":\"https:\/\/www.cwobel-ejendomme.dk\/bolig\/wp-content\/uploads\/sites\/2\/2024\/06\/boliger-kirkebjerg.jpeg\",\"width\":780,\"height\":780,\"caption\":\"Boliger i Kirkebjerg\"},{\"@type\":\"BreadcrumbList\",\"@id\":\"https:\/\/www.cwobel-ejendomme.dk\/bolig\/ledige-lejemaal\/storkoebenhavn\/broendbyvester\/#breadcrumb\",\"itemListElement\":[{\"@type\":\"ListItem\",\"position\":1,\"name\":\"Hjem\",\"item\":\"https:\/\/www.cwobel-ejendomme.dk\/bolig\/\"},{\"@type\":\"ListItem\",\"position\":2,\"name\":\"Ledige lejem\u00e5l\",\"item\":\"https:\/\/www.cwobel-ejendomme.dk\/bolig\/ledige-lejemaal\/\"},{\"@type\":\"ListItem\",\"position\":3,\"name\":\"Stork\u00f8benhavn\",\"item\":\"https:\/\/www.cwobel-ejendomme.dk\/bolig\/ledige-lejemaal\/storkoebenhavn\/\"},{\"@type\":\"ListItem\",\"position\":4,\"name\":\"Br\u00f8ndbyvester\"}]},{\"@type\":\"WebSite\",\"@id\":\"https:\/\/www.cwobel-ejendomme.dk\/bolig\/#website\",\"url\":\"https:\/\/www.cwobel-ejendomme.dk\/bolig\/\",\"name\":\"C.W. Obel Ejendomme\",\"description\":\"C.W. Obel Ejendomme\",\"potentialAction\":[{\"@type\":\"SearchAction\",\"target\":{\"@type\":\"EntryPoint\",\"urlTemplate\":\"https:\/\/www.cwobel-ejendomme.dk\/bolig\/?s={search_term_string}\"},\"query-input\":{\"@type\":\"PropertyValueSpecification\",\"valueRequired\":true,\"valueName\":\"search_term_string\"}}],\"inLanguage\":\"da-DK\"}]}<\/script>\n<!-- \/ Yoast SEO Premium plugin. -->","yoast_head_json":{"title":"Ledige boliger i Br\u00f8ndbyvester","description":"Her kan du se vores ledige lejeboliger i Br\u00f8ndbyvester. Kirkebjerg er et nyt boligomr\u00e5de t\u00e6t p\u00e5 skov, strand og byliv.","robots":{"index":"index","follow":"follow","max-snippet":"max-snippet:-1","max-image-preview":"max-image-preview:large","max-video-preview":"max-video-preview:-1"},"canonical":"https:\/\/www.cwobel-ejendomme.dk\/bolig\/ledige-lejemaal\/storkoebenhavn\/broendbyvester\/","og_locale":"da_DK","og_type":"article","og_title":"Br\u00f8ndbyvester","og_description":"Her kan du se vores ledige lejeboliger i Br\u00f8ndbyvester. Kirkebjerg er et nyt boligomr\u00e5de t\u00e6t p\u00e5 skov, strand og byliv.","og_url":"https:\/\/www.cwobel-ejendomme.dk\/bolig\/ledige-lejemaal\/storkoebenhavn\/broendbyvester\/","og_site_name":"C.W. Obel Ejendomme","article_modified_time":"2025-11-17T09:51:00+00:00","og_image":[{"width":780,"height":780,"url":"https:\/\/www.cwobel-ejendomme.dk\/bolig\/wp-content\/uploads\/sites\/2\/2024\/06\/boliger-kirkebjerg.jpeg","type":"image\/jpeg"}],"twitter_card":"summary_large_image","twitter_misc":{"Estimeret l\u00e6setid":"6 minutter"},"schema":{"@context":"https:\/\/schema.org","@graph":[{"@type":"WebPage","@id":"https:\/\/www.cwobel-ejendomme.dk\/bolig\/ledige-lejemaal\/storkoebenhavn\/broendbyvester\/","url":"https:\/\/www.cwobel-ejendomme.dk\/bolig\/ledige-lejemaal\/storkoebenhavn\/broendbyvester\/","name":"Ledige boliger i Br\u00f8ndbyvester","isPartOf":{"@id":"https:\/\/www.cwobel-ejendomme.dk\/bolig\/#website"},"primaryImageOfPage":{"@id":"https:\/\/www.cwobel-ejendomme.dk\/bolig\/ledige-lejemaal\/storkoebenhavn\/broendbyvester\/#primaryimage"},"image":{"@id":"https:\/\/www.cwobel-ejendomme.dk\/bolig\/ledige-lejemaal\/storkoebenhavn\/broendbyvester\/#primaryimage"},"thumbnailUrl":"https:\/\/www.cwobel-ejendomme.dk\/bolig\/wp-content\/uploads\/sites\/2\/2024\/06\/boliger-kirkebjerg.jpeg","datePublished":"2022-07-07T12:49:29+00:00","dateModified":"2025-11-17T09:51:00+00:00","description":"Her kan du se vores ledige lejeboliger i Br\u00f8ndbyvester. Kirkebjerg er et nyt boligomr\u00e5de t\u00e6t p\u00e5 skov, strand og byliv.","breadcrumb":{"@id":"https:\/\/www.cwobel-ejendomme.dk\/bolig\/ledige-lejemaal\/storkoebenhavn\/broendbyvester\/#breadcrumb"},"inLanguage":"da-DK","potentialAction":[{"@type":"ReadAction","target":["https:\/\/www.cwobel-ejendomme.dk\/bolig\/ledige-lejemaal\/storkoebenhavn\/broendbyvester\/"]}]},{"@type":"ImageObject","inLanguage":"da-DK","@id":"https:\/\/www.cwobel-ejendomme.dk\/bolig\/ledige-lejemaal\/storkoebenhavn\/broendbyvester\/#primaryimage","url":"https:\/\/www.cwobel-ejendomme.dk\/bolig\/wp-content\/uploads\/sites\/2\/2024\/06\/boliger-kirkebjerg.jpeg","contentUrl":"https:\/\/www.cwobel-ejendomme.dk\/bolig\/wp-content\/uploads\/sites\/2\/2024\/06\/boliger-kirkebjerg.jpeg","width":780,"height":780,"caption":"Boliger i Kirkebjerg"},{"@type":"BreadcrumbList","@id":"https:\/\/www.cwobel-ejendomme.dk\/bolig\/ledige-lejemaal\/storkoebenhavn\/broendbyvester\/#breadcrumb","itemListElement":[{"@type":"ListItem","position":1,"name":"Hjem","item":"https:\/\/www.cwobel-ejendomme.dk\/bolig\/"},{"@type":"ListItem","position":2,"name":"Ledige lejem\u00e5l","item":"https:\/\/www.cwobel-ejendomme.dk\/bolig\/ledige-lejemaal\/"},{"@type":"ListItem","position":3,"name":"Stork\u00f8benhavn","item":"https:\/\/www.cwobel-ejendomme.dk\/bolig\/ledige-lejemaal\/storkoebenhavn\/"},{"@type":"ListItem","position":4,"name":"Br\u00f8ndbyvester"}]},{"@type":"WebSite","@id":"https:\/\/www.cwobel-ejendomme.dk\/bolig\/#website","url":"https:\/\/www.cwobel-ejendomme.dk\/bolig\/","name":"C.W. Obel Ejendomme","description":"C.W. Obel Ejendomme","potentialAction":[{"@type":"SearchAction","target":{"@type":"EntryPoint","urlTemplate":"https:\/\/www.cwobel-ejendomme.dk\/bolig\/?s={search_term_string}"},"query-input":{"@type":"PropertyValueSpecification","valueRequired":true,"valueName":"search_term_string"}}],"inLanguage":"da-DK"}]}},"acf":[],"_links":{"self":[{"href":"https:\/\/www.cwobel-ejendomme.dk\/bolig\/wp-json\/wp\/v2\/pages\/1563","targetHints":{"allow":["GET"]}}],"collection":[{"href":"https:\/\/www.cwobel-ejendomme.dk\/bolig\/wp-json\/wp\/v2\/pages"}],"about":[{"href":"https:\/\/www.cwobel-ejendomme.dk\/bolig\/wp-json\/wp\/v2\/types\/page"}],"author":[{"embeddable":true,"href":"https:\/\/www.cwobel-ejendomme.dk\/bolig\/wp-json\/wp\/v2\/users\/1"}],"replies":[{"embeddable":true,"href":"https:\/\/www.cwobel-ejendomme.dk\/bolig\/wp-json\/wp\/v2\/comments?post=1563"}],"version-history":[{"count":6,"href":"https:\/\/www.cwobel-ejendomme.dk\/bolig\/wp-json\/wp\/v2\/pages\/1563\/revisions"}],"predecessor-version":[{"id":19926,"href":"https:\/\/www.cwobel-ejendomme.dk\/bolig\/wp-json\/wp\/v2\/pages\/1563\/revisions\/19926"}],"up":[{"embeddable":true,"href":"https:\/\/www.cwobel-ejendomme.dk\/bolig\/wp-json\/wp\/v2\/pages\/1543"}],"wp:featuredmedia":[{"embeddable":true,"href":"https:\/\/www.cwobel-ejendomme.dk\/bolig\/wp-json\/wp\/v2\/media\/19785"}],"wp:attachment":[{"href":"https:\/\/www.cwobel-ejendomme.dk\/bolig\/wp-json\/wp\/v2\/media?parent=1563"}],"curies":[{"name":"wp","href":"https:\/\/api.w.org\/{rel}","templated":true}]}}