{"id":14119,"date":"2023-08-23T12:17:00","date_gmt":"2023-08-23T10:17:00","guid":{"rendered":"https:\/\/www.cwobel-ejendomme.dk\/bolig\/?page_id=14119"},"modified":"2024-10-23T09:22:47","modified_gmt":"2024-10-23T07:22:47","slug":"kommende-projekter","status":"publish","type":"page","link":"https:\/\/www.cwobel-ejendomme.dk\/bolig\/kommende-projekter\/","title":{"rendered":"Kommende projekter"},"content":{"rendered":"\n<p><\/p>\n\n\n\n<p><br><\/p>\n\n\n\n<p><\/p>\n\n\n\n<p><br><\/p>\n\n\n\n<p><h2>Nyt projekt i Aalborg &#8211; ObelHus<\/h2> <br>C.W. Obel Ejendomme er i gang med at ombygge den gamle fabriksbygning til moderne boliger \u2013 centralt placeret p\u00e5 Strandvejen 14 i Aalborg. <br>65 svanem\u00e6rkede lejligheder med f\u00e6lles tagterrasse, hvor beboerne kan nyde udsigten til vand og by. <br>Bygningen renoveres med respekt for design og historie og vil i fremtiden huse en ny generation af aalborgensere p\u00e5 en af byens mest popul\u00e6re adresser. <br>Lejlighederne forventes at st\u00e5 klar til indflytning ultimo 2024.Er du interesseret? Skriv dig p\u00e5 vores interesseliste herunder.\u00a0 <br><a href=\"https:\/\/www.cwobel-ejendomme.dk\/kendt-aalborg-bygning-omdannes-til-65-moderne-boliger\/\">L\u00e6s pressemeddelsen om ObelHus her<\/a> <br><a href=\"https:\/\/www.saint-gobain.dk\/Referencer\/Jyllands%20f%C3%B8rste%20svanem%C3%A6rkede%20renovering\" target=\"_blank\" rel=\"noopener\">L\u00e6s om facaderenoveringen her<\/a><br><br><img decoding=\"async\" src=\"https:\/\/www.cwobel-ejendomme.dk\/bolig\/wp-content\/uploads\/sites\/2\/2023\/11\/ObelHuset-med-logo.jpg\" alt=\"ObelHuset med logo\"><br><br><h2>Tilmeld dig interesselisten<\/h2> <br>Skriv dig p\u00e5 vores interesseliste, s\u00e5 er du blandt de f\u00f8rste til at h\u00f8re n\u00e6rmere, n\u00e5r vi begynder udlejningen. <br>Ved at klikke \u201dtilmeld\u201d, giver du samtykke til at C.W. Obel Ejendomme m\u00e5 tilmelde dig interesselisten og kontakte dig via mail om udlejningen af boliger i <a href=\"\/bolig\/ledige-lejemaal\/aalborg\/obelhus\/\">ObelHus<\/a>.<br><br><img decoding=\"async\" src=\"https:\/\/www.cwobel-ejendomme.dk\/bolig\/wp-content\/uploads\/sites\/2\/2023\/11\/ObelHuset-kommende-projekter.jpg\" alt=\"ObelHuset Skriv dig op\"><br>       <br>        * P\u00e5kr\u00e6vede felter <br>        Email *  <br>        Navn *  <br>        Telefonnummer *  <br>        Postnummer *  <br>        Hvilken st\u00f8rrelse lejlighed er du interesseret i?  <br>         <br>           1-v\u00e6relses <br>           1\u00bd-v\u00e6relses <br>           2-v\u00e6relses <br>           3-v\u00e6relses <br>           4-v\u00e6relses <br>         <br>       <br>        Vil du modtage nyheder fra C.W. Obel Ejendomme?  <br>         <br>           Ja tak \u2013 jeg vil gerne have nyheder om \u00f8vrige boligprojekter, udlejning og seneste nyt. <br>         <br><br>Du kan til enhver tid afmelde vores nyhedsbrev i bunden af de fremsendte mails. L\u00e6s mere om hvordan vi behandler dine personoplysninger i vores <a href=\"https:\/\/www.cwobel-ejendomme.dk\/brug-af-cookies\/\">privatlivspolitik.<\/a><br><br><h1>Kommende projekter <\/h1><br><h2>Vi opdaterer l\u00f8bende<\/h2> <br>C.W. Obel Ejendomme investerer l\u00f8bende i langsigtede ejendomsl\u00f8sninger i Stork\u00f8benhavn og Aalborg, s\u00e5 vi ogs\u00e5 i fremtiden kan tilbyde attraktive bolig- og erhvervslejem\u00e5l i h\u00f8j kvalitet p\u00e5 gode beliggenheder.\u00a0 <br>Vi har p.t. ikke nogen nye projekter, som vi er klar til at pr\u00e6sentere, men herunder kan du se vores aktive ejendomme. <br>Hold \u00f8je med denne side, da vi l\u00f8bende opdaterer, n\u00e5r vi klar til at l\u00f8fte sl\u00f8ret for nye projekter.\u00a0<br><br>Se vores ejendomme<br><a href=\"\/ejendomme\/\">\/ejendomme\/<\/a><br><br><img decoding=\"async\" src=\"https:\/\/www.cwobel-ejendomme.dk\/bolig\/wp-content\/uploads\/sites\/2\/2022\/07\/indretning-altan-780x780px.jpg\" alt=\"Indretning af din altan\"><br><br><\/p>\n","protected":false},"excerpt":{"rendered":"<p>Nyt projekt i Aalborg &#8211; ObelHus C.W. Obel Ejendomme er i gang med at ombygge den gamle fabriksbygning<span class=\"excerpt-hellip\"> [\u2026]<\/span><\/p>\n","protected":false},"author":1,"featured_media":19773,"parent":0,"menu_order":0,"comment_status":"closed","ping_status":"closed","template":"","meta":{"_acf_changed":false,"footnotes":""},"class_list":["post-14119","page","type-page","status-publish","has-post-thumbnail","hentry"],"yoast_head":"<!-- This site is optimized with the Yoast SEO Premium plugin v25.3.1 (Yoast SEO v25.3.1) - https:\/\/yoast.com\/wordpress\/plugins\/seo\/ -->\n<title>Kommende boligprojekter<\/title>\n<meta name=\"description\" content=\"Kommende projekter. Vi udvider l\u00f8bende med nye boligejendomme p\u00e5 flere attraktive beliggenheder. L\u00e6s mere om vores kommende boligprojekter.\" \/>\n<meta name=\"robots\" content=\"index, follow, max-snippet:-1, max-image-preview:large, max-video-preview:-1\" \/>\n<link rel=\"canonical\" href=\"https:\/\/www.cwobel-ejendomme.dk\/bolig\/kommende-projekter\/\" \/>\n<meta property=\"og:locale\" content=\"da_DK\" \/>\n<meta property=\"og:type\" content=\"article\" \/>\n<meta property=\"og:title\" content=\"Kommende projekter\" \/>\n<meta property=\"og:description\" content=\"Kommende projekter. Vi udvider l\u00f8bende med nye boligejendomme p\u00e5 flere attraktive beliggenheder. L\u00e6s mere om vores kommende boligprojekter.\" \/>\n<meta property=\"og:url\" content=\"https:\/\/www.cwobel-ejendomme.dk\/bolig\/kommende-projekter\/\" \/>\n<meta property=\"og:site_name\" content=\"C.W. Obel Ejendomme\" \/>\n<meta property=\"article:modified_time\" content=\"2024-10-23T07:22:47+00:00\" \/>\n<meta property=\"og:image\" content=\"https:\/\/www.cwobel-ejendomme.dk\/bolig\/wp-content\/uploads\/sites\/2\/2024\/06\/ObelHus.jpeg\" \/>\n\t<meta property=\"og:image:width\" content=\"780\" \/>\n\t<meta property=\"og:image:height\" content=\"780\" \/>\n\t<meta property=\"og:image:type\" content=\"image\/jpeg\" \/>\n<meta name=\"twitter:card\" content=\"summary_large_image\" \/>\n<meta name=\"twitter:label1\" content=\"Estimeret l\u00e6setid\" \/>\n\t<meta name=\"twitter:data1\" content=\"3 minutter\" \/>\n<script type=\"application\/ld+json\" class=\"yoast-schema-graph\">{\"@context\":\"https:\/\/schema.org\",\"@graph\":[{\"@type\":\"WebPage\",\"@id\":\"https:\/\/www.cwobel-ejendomme.dk\/bolig\/kommende-projekter\/\",\"url\":\"https:\/\/www.cwobel-ejendomme.dk\/bolig\/kommende-projekter\/\",\"name\":\"Kommende boligprojekter\",\"isPartOf\":{\"@id\":\"https:\/\/www.cwobel-ejendomme.dk\/bolig\/#website\"},\"primaryImageOfPage\":{\"@id\":\"https:\/\/www.cwobel-ejendomme.dk\/bolig\/kommende-projekter\/#primaryimage\"},\"image\":{\"@id\":\"https:\/\/www.cwobel-ejendomme.dk\/bolig\/kommende-projekter\/#primaryimage\"},\"thumbnailUrl\":\"https:\/\/www.cwobel-ejendomme.dk\/bolig\/wp-content\/uploads\/sites\/2\/2024\/06\/ObelHus.jpeg\",\"datePublished\":\"2023-08-23T10:17:00+00:00\",\"dateModified\":\"2024-10-23T07:22:47+00:00\",\"description\":\"Kommende projekter. Vi udvider l\u00f8bende med nye boligejendomme p\u00e5 flere attraktive beliggenheder. L\u00e6s mere om vores kommende boligprojekter.\",\"breadcrumb\":{\"@id\":\"https:\/\/www.cwobel-ejendomme.dk\/bolig\/kommende-projekter\/#breadcrumb\"},\"inLanguage\":\"da-DK\",\"potentialAction\":[{\"@type\":\"ReadAction\",\"target\":[\"https:\/\/www.cwobel-ejendomme.dk\/bolig\/kommende-projekter\/\"]}]},{\"@type\":\"ImageObject\",\"inLanguage\":\"da-DK\",\"@id\":\"https:\/\/www.cwobel-ejendomme.dk\/bolig\/kommende-projekter\/#primaryimage\",\"url\":\"https:\/\/www.cwobel-ejendomme.dk\/bolig\/wp-content\/uploads\/sites\/2\/2024\/06\/ObelHus.jpeg\",\"contentUrl\":\"https:\/\/www.cwobel-ejendomme.dk\/bolig\/wp-content\/uploads\/sites\/2\/2024\/06\/ObelHus.jpeg\",\"width\":780,\"height\":780,\"caption\":\"ObelHus\"},{\"@type\":\"BreadcrumbList\",\"@id\":\"https:\/\/www.cwobel-ejendomme.dk\/bolig\/kommende-projekter\/#breadcrumb\",\"itemListElement\":[{\"@type\":\"ListItem\",\"position\":1,\"name\":\"Hjem\",\"item\":\"https:\/\/www.cwobel-ejendomme.dk\/bolig\/\"},{\"@type\":\"ListItem\",\"position\":2,\"name\":\"Kommende projekter\"}]},{\"@type\":\"WebSite\",\"@id\":\"https:\/\/www.cwobel-ejendomme.dk\/bolig\/#website\",\"url\":\"https:\/\/www.cwobel-ejendomme.dk\/bolig\/\",\"name\":\"C.W. Obel Ejendomme\",\"description\":\"C.W. Obel Ejendomme\",\"potentialAction\":[{\"@type\":\"SearchAction\",\"target\":{\"@type\":\"EntryPoint\",\"urlTemplate\":\"https:\/\/www.cwobel-ejendomme.dk\/bolig\/?s={search_term_string}\"},\"query-input\":{\"@type\":\"PropertyValueSpecification\",\"valueRequired\":true,\"valueName\":\"search_term_string\"}}],\"inLanguage\":\"da-DK\"}]}<\/script>\n<!-- \/ Yoast SEO Premium plugin. -->","yoast_head_json":{"title":"Kommende boligprojekter","description":"Kommende projekter. Vi udvider l\u00f8bende med nye boligejendomme p\u00e5 flere attraktive beliggenheder. L\u00e6s mere om vores kommende boligprojekter.","robots":{"index":"index","follow":"follow","max-snippet":"max-snippet:-1","max-image-preview":"max-image-preview:large","max-video-preview":"max-video-preview:-1"},"canonical":"https:\/\/www.cwobel-ejendomme.dk\/bolig\/kommende-projekter\/","og_locale":"da_DK","og_type":"article","og_title":"Kommende projekter","og_description":"Kommende projekter. Vi udvider l\u00f8bende med nye boligejendomme p\u00e5 flere attraktive beliggenheder. L\u00e6s mere om vores kommende boligprojekter.","og_url":"https:\/\/www.cwobel-ejendomme.dk\/bolig\/kommende-projekter\/","og_site_name":"C.W. Obel Ejendomme","article_modified_time":"2024-10-23T07:22:47+00:00","og_image":[{"width":780,"height":780,"url":"https:\/\/www.cwobel-ejendomme.dk\/bolig\/wp-content\/uploads\/sites\/2\/2024\/06\/ObelHus.jpeg","type":"image\/jpeg"}],"twitter_card":"summary_large_image","twitter_misc":{"Estimeret l\u00e6setid":"3 minutter"},"schema":{"@context":"https:\/\/schema.org","@graph":[{"@type":"WebPage","@id":"https:\/\/www.cwobel-ejendomme.dk\/bolig\/kommende-projekter\/","url":"https:\/\/www.cwobel-ejendomme.dk\/bolig\/kommende-projekter\/","name":"Kommende boligprojekter","isPartOf":{"@id":"https:\/\/www.cwobel-ejendomme.dk\/bolig\/#website"},"primaryImageOfPage":{"@id":"https:\/\/www.cwobel-ejendomme.dk\/bolig\/kommende-projekter\/#primaryimage"},"image":{"@id":"https:\/\/www.cwobel-ejendomme.dk\/bolig\/kommende-projekter\/#primaryimage"},"thumbnailUrl":"https:\/\/www.cwobel-ejendomme.dk\/bolig\/wp-content\/uploads\/sites\/2\/2024\/06\/ObelHus.jpeg","datePublished":"2023-08-23T10:17:00+00:00","dateModified":"2024-10-23T07:22:47+00:00","description":"Kommende projekter. Vi udvider l\u00f8bende med nye boligejendomme p\u00e5 flere attraktive beliggenheder. L\u00e6s mere om vores kommende boligprojekter.","breadcrumb":{"@id":"https:\/\/www.cwobel-ejendomme.dk\/bolig\/kommende-projekter\/#breadcrumb"},"inLanguage":"da-DK","potentialAction":[{"@type":"ReadAction","target":["https:\/\/www.cwobel-ejendomme.dk\/bolig\/kommende-projekter\/"]}]},{"@type":"ImageObject","inLanguage":"da-DK","@id":"https:\/\/www.cwobel-ejendomme.dk\/bolig\/kommende-projekter\/#primaryimage","url":"https:\/\/www.cwobel-ejendomme.dk\/bolig\/wp-content\/uploads\/sites\/2\/2024\/06\/ObelHus.jpeg","contentUrl":"https:\/\/www.cwobel-ejendomme.dk\/bolig\/wp-content\/uploads\/sites\/2\/2024\/06\/ObelHus.jpeg","width":780,"height":780,"caption":"ObelHus"},{"@type":"BreadcrumbList","@id":"https:\/\/www.cwobel-ejendomme.dk\/bolig\/kommende-projekter\/#breadcrumb","itemListElement":[{"@type":"ListItem","position":1,"name":"Hjem","item":"https:\/\/www.cwobel-ejendomme.dk\/bolig\/"},{"@type":"ListItem","position":2,"name":"Kommende projekter"}]},{"@type":"WebSite","@id":"https:\/\/www.cwobel-ejendomme.dk\/bolig\/#website","url":"https:\/\/www.cwobel-ejendomme.dk\/bolig\/","name":"C.W. Obel Ejendomme","description":"C.W. Obel Ejendomme","potentialAction":[{"@type":"SearchAction","target":{"@type":"EntryPoint","urlTemplate":"https:\/\/www.cwobel-ejendomme.dk\/bolig\/?s={search_term_string}"},"query-input":{"@type":"PropertyValueSpecification","valueRequired":true,"valueName":"search_term_string"}}],"inLanguage":"da-DK"}]}},"acf":[],"_links":{"self":[{"href":"https:\/\/www.cwobel-ejendomme.dk\/bolig\/wp-json\/wp\/v2\/pages\/14119","targetHints":{"allow":["GET"]}}],"collection":[{"href":"https:\/\/www.cwobel-ejendomme.dk\/bolig\/wp-json\/wp\/v2\/pages"}],"about":[{"href":"https:\/\/www.cwobel-ejendomme.dk\/bolig\/wp-json\/wp\/v2\/types\/page"}],"author":[{"embeddable":true,"href":"https:\/\/www.cwobel-ejendomme.dk\/bolig\/wp-json\/wp\/v2\/users\/1"}],"replies":[{"embeddable":true,"href":"https:\/\/www.cwobel-ejendomme.dk\/bolig\/wp-json\/wp\/v2\/comments?post=14119"}],"version-history":[{"count":11,"href":"https:\/\/www.cwobel-ejendomme.dk\/bolig\/wp-json\/wp\/v2\/pages\/14119\/revisions"}],"predecessor-version":[{"id":19910,"href":"https:\/\/www.cwobel-ejendomme.dk\/bolig\/wp-json\/wp\/v2\/pages\/14119\/revisions\/19910"}],"wp:featuredmedia":[{"embeddable":true,"href":"https:\/\/www.cwobel-ejendomme.dk\/bolig\/wp-json\/wp\/v2\/media\/19773"}],"wp:attachment":[{"href":"https:\/\/www.cwobel-ejendomme.dk\/bolig\/wp-json\/wp\/v2\/media?parent=14119"}],"curies":[{"name":"wp","href":"https:\/\/api.w.org\/{rel}","templated":true}]}}