{"id":13962,"date":"2023-08-03T16:00:54","date_gmt":"2023-08-03T14:00:54","guid":{"rendered":"https:\/\/www.cwobel-ejendomme.dk\/bolig\/?page_id=13962"},"modified":"2026-02-25T13:32:10","modified_gmt":"2026-02-25T12:32:10","slug":"faellesfaciliteter","status":"publish","type":"page","link":"https:\/\/www.cwobel-ejendomme.dk\/bolig\/vaerd-at-vide-som-lejer\/faellesfaciliteter\/","title":{"rendered":"F\u00e6llesfaciliteter"},"content":{"rendered":"<h1>F\u00e6llesfaciliteter<\/h1>\n<p><img decoding=\"async\" src=\"https:\/\/www.cwobel-ejendomme.dk\/bolig\/wp-content\/uploads\/sites\/2\/2023\/08\/Teglvaerkskajen_Faelleslokale_2-1024x568.jpg\" alt=\"Teglv\u00e6rkskajen_F\u00e6lleslokale_2\" \/><br \/>\n&nbsp;<\/p>\n<p>Hos os handler f\u00e6llesfaciliteter ikke bare om praktiske l\u00f8sninger &#8211; de er med til at g\u00f8re hverdagen lettere og skabe gode rammer for et godt naboskab. P\u00e5 tv\u00e6rs af vores ejendomme finder du f\u00e6lleslokaler, beboerhoteller, tagterrasser og gr\u00f8nne g\u00e5rdrum med v\u00e6ksthuse. Det er muligheder, som er skabt til dig for at give ekstra v\u00e6rdi i hverdagen.<\/p>\n<p>Please note: For information in english, please see the documents below.<\/p>\n<p>&nbsp;<\/p>\n<p>V\u00e6ksthuse i Kirkebjerg Parken<\/p>\n<p>I <a href=\"https:\/\/www.cwobel-ejendomme.dk\/bolig\/kirkebjerg-parken\/\">Kirkebjerg Parken<\/a> har vi v\u00e6ksthuse, som er t\u00e6nkt som sm\u00e5 gr\u00f8nne samlingspunkter. Her kan du f.eks. dyrke planter, m\u00f8des med dine naboer eller holde et mindre arrangement i rolige omgivelser. V\u00e6ksthusene skal v\u00e6re rare at opholde sig i for alle, og derfor er det vigtigt, at man tager hensyn til hinanden og efterlader stedet p\u00e6nt og ryddeligt. P\u00e5 den m\u00e5de kan alle f\u00e5 gl\u00e6de af dem.Mere information om v\u00e6ksthuse i <a href=\"https:\/\/www.cwobel-ejendomme.dk\/bolig\/kirkebjerg-parken\/\">Kirkebjerg Parken<\/a>:<\/p>\n<p>Dansk:&nbsp;<a title=\"Beboerh\u00e5ndbog Kirkebjerg Parken\" href=\"https:\/\/www.cwobel-ejendomme.dk\/bolig\/wp-content\/uploads\/sites\/2\/2023\/08\/Husorden_Vaeksthusene_Kirkebjerg-Parken.pdf\" target=\"_blank\">Kirkebjerg Parken &#8211; V\u00e6ksthuse<\/a><\/p>\n<p>English:&nbsp;<a href=\"https:\/\/www.cwobel-ejendomme.dk\/bolig\/wp-content\/uploads\/sites\/2\/2023\/08\/House-rules_Greenhouses_Kirkebjerg-Parken.pdf\" target=\"_blank\">Kirkebjerg Parken &#8211; Greenhouses<\/a><\/p>\n<p>&nbsp;<\/p>\n<p>Beboerhotel og g\u00e6stev\u00e6relser<\/p>\n<p>Har du g\u00e6ster, der har brug for en nem og enkel overnatningsmulighed, kan du som beboer p\u00e5 <a href=\"https:\/\/www.cwobel-ejendomme.dk\/bolig\/ledige-lejemaal\/storkoebenhavn\/valby\/\">Trekronergade124<\/a> eller <a href=\"https:\/\/www.cwobel-ejendomme.dk\/bolig\/teglvaerkskajen\/\">Teglv\u00e6rkskajen<\/a> leje et v\u00e6relse hos os.<\/p>\n<p>P\u00e5 <a href=\"https:\/\/www.cwobel-ejendomme.dk\/bolig\/ledige-lejemaal\/storkoebenhavn\/valby\/\">Trekronergade124<\/a>&nbsp;findes et beboerhotel. Beboerhotellet er indrettet som en lille etv\u00e6relses lejlighed med eget bad og tek\u00f8kken, perfekt til g\u00e6ster, der skal overnatte.<br \/>\nP\u00e5 <a href=\"https:\/\/www.cwobel-ejendomme.dk\/bolig\/teglvaerkskajen\/\" target=\"_blank\">Teglv\u00e6rkskajen<\/a>&nbsp;tilbyder vi to hyggelige g\u00e6stev\u00e6relser med dobbeltseng (der kan opdeles til enkeltsenge), hvor der er adgang til f\u00e6lles toilet- og badefaciliteter.<\/p>\n<p>Overnatningsmuligheden er nem og fleksibel m\u00e5de at byde g\u00e6ster velkommen, uden at pladsen i din egen bolig bliver udfordret.Mere information om beboerhotellet p\u00e5&nbsp;<a href=\"https:\/\/www.cwobel-ejendomme.dk\/bolig\/ledige-lejemaal\/storkoebenhavn\/valby\/\">Trekronergade12<\/a>4:<\/p>\n<p>Dansk:&nbsp;<a href=\"https:\/\/www.cwobel-ejendomme.dk\/bolig\/wp-content\/uploads\/sites\/2\/2023\/08\/Beboerhotel_Trekronergade124-husorden.pdf\" target=\"_blank\">Trekronergade124 &#8211; Beboerhotel<\/a><\/p>\n<p>English:&nbsp;<a href=\"https:\/\/www.cwobel-ejendomme.dk\/bolig\/wp-content\/uploads\/sites\/2\/2023\/08\/Residential-hotel_Trekronergade124-House-order.pdf\" target=\"_blank\">Trekronergade124 &#8211; Guest room<\/a>Mere information om g\u00e6stev\u00e6relserne p\u00e5 <a href=\"https:\/\/www.cwobel-ejendomme.dk\/bolig\/teglvaerkskajen\/\">Te<\/a>glv\u00e6rkskajen<a>:<\/a><\/p>\n<p>Dansk:&nbsp;<a title=\"Beboervejledning, Teglv\u00e6rkskajen\" href=\"https:\/\/www.cwobel-ejendomme.dk\/bolig\/wp-content\/uploads\/sites\/2\/2023\/08\/Gaestevaerelser_Teglvaerkskajen-husorden.pdf\" target=\"_blank\">Teglv\u00e6rkskajen &#8211; Beboerhotel<\/a>&nbsp;<\/p>\n<p>English:&nbsp;<a title=\"Beboervejledning, Teglv\u00e6rkskajen\" href=\"https:\/\/www.cwobel-ejendomme.dk\/bolig\/wp-content\/uploads\/sites\/2\/2023\/08\/Guest-rooms_Teglvaerkskajen-House-order.pdf\" target=\"_blank\">Teglv\u00e6rkskajen &#8211; Guest rooms<\/a><\/p>\n<p>&nbsp;<\/p>\n<p>F\u00e6lleslokale p\u00e5 Teglv\u00e6rkskajen<\/p>\n<p>Skal du holde barned\u00e5b, konfirmation eller en rund f\u00f8dselsdag? P\u00e5 Teglv\u00e6rkskajen har vi et lyst og rummeligt f\u00e6lleslokale med plads til op til 45 personer. Lokalet er indrettet med b\u00e5de k\u00f8kken, spiseplads og loungeomr\u00e5de, s\u00e5 du kan samle familie og venner til en hyggelig dag &#8211; lige der, hvor du bor.<\/p>\n<p>Mere information om f\u00e6lleslokalet p\u00e5 Teglv\u00e6rkskajen:<\/p>\n<p>Dansk:&nbsp;<a title=\"Beboervejledning, Teglv\u00e6rkskajen\" href=\"https:\/\/www.cwobel-ejendomme.dk\/bolig\/wp-content\/uploads\/sites\/2\/2023\/08\/Faelleslokaler_Teglvaerkskajen-husorden.pdf\" target=\"_blank\">Teglv\u00e6rkskajen &#8211; F\u00e6lleslokale<\/a><\/p>\n<p>English:&nbsp;<a title=\"Beboervejledning, Teglv\u00e6rkskajen\" href=\"https:\/\/www.cwobel-ejendomme.dk\/bolig\/wp-content\/uploads\/sites\/2\/2023\/08\/Common-room_Teglvaerkskajen-House-order.pdf\" target=\"_blank\">Teglv\u00e6rkskajen &#8211; Common room<\/a><\/p>\n<\/p>\n<p>F\u00e6lleslokale og vaskeri p\u00e5 Toppen &#8211; Lygten 37<\/p>\n<p>I ungdomsboligerne p\u00e5 Toppen finder du b\u00e5de f\u00e6lleslokale og vaskeri. F\u00e6lleslokalet giver dig mulighed for at samles til sociale sammenkomster med dine naboer eller g\u00e6ster, uden at pladsen i din egen bolig bliver udfordret, mens vaskeriet skal v\u00e6re med til at g\u00f8re det praktiske i hverdagen nemmere. Brug af vaskemaskinerne foreg\u00e5r via en app, som du kan l\u00e6se mere om i vaskeriet.&nbsp;<\/p>\n<p>&nbsp;<\/p>\n<p>Vi st\u00f8tter beboerinitiativer<\/p>\n<p>Et aktivt naboskab styrker b\u00e5de f\u00e6llesskabet og sammenholdet. Derfor st\u00f8tter vi gerne de beboerinitiativer og gode ideer, der kommer fra jer. Vi stiller f\u00e6lleslokalet til r\u00e5dighed uden beregning, hvis I fx \u00f8nsker at samles til en landskamp p\u00e5 TV eller et \u00e5rligt sommerarrangement. Det er jer, der har ideerne og skaber f\u00e6llesskabet, og I er altid velkomne til at kontakte boligadministrationen for yderligere information.&nbsp;Se mere under&nbsp;<a href=\"https:\/\/www.cwobel-ejendomme.dk\/bolig\/kontakt-os\/\">kontakt os<\/a>.<\/p>\n<p><a href=\"\/bolig\/vaerd-at-vide-som-lejer\/\" title=\"\">Tilbage til oversigt<\/a><\/p>\n<h2>Mere end en bolig<\/h2>\n<h4>Find din n\u00e6ste lejebolig hos C.W. Obel Ejendomme<\/h4>\n<p>C.W. Obel Ejendommes m\u00e5l er, at vores beboere f\u00f8ler sig hjemme og blomstrer i deres nye hjem. Derfor tilbyder vi en r\u00e6kke nye lejeboliger i <a href=\"\/bolig\/ledige-lejemaal\/storkoebenhavn\/\">Stork\u00f8benhavn<\/a> og <a href=\"\/bolig\/ledige-lejemaal\/aalborg\/\">Aalborg<\/a>, som vi har f\u00e5et bygget og istandsat, s\u00e5 de lever op til vores h\u00f8je kvalitetskrav og er helt indflytningsklar. De venter bare p\u00e5 dig.<\/p>\n<h4>Hvorfor du skal v\u00e6lge en lejebolig hos C.W. Obel Ejendomme<\/h4>\n<p>Det kan v\u00e6re vanskeligt at overskue det enorme udbud af boligselskaber og boligportaler, n\u00e5r man skal finde sin n\u00e6ste lejebolig. Samtidig har eftersp\u00f8rgslen i de store byer aldrig v\u00e6ret st\u00f8rre, end den er nu.<\/p>\n<p>C.W. Obel Ejendomme er specialiseret i den forstand, at vi prim\u00e6rt g\u00f8r os i nye og nyistandsatte boliger med henblik p\u00e5 at hj\u00e6lpe vores potentielle lejere med at finde netop deres dr\u00f8mmebolig.<\/p>\n","protected":false},"excerpt":{"rendered":"<p>F\u00e6llesfaciliteter &nbsp; Hos os handler f\u00e6llesfaciliteter ikke bare om praktiske l\u00f8sninger &#8211; de er med til at g\u00f8re<span class=\"excerpt-hellip\"> [\u2026]<\/span><\/p>\n","protected":false},"author":9,"featured_media":13965,"parent":46,"menu_order":0,"comment_status":"closed","ping_status":"closed","template":"","meta":{"_acf_changed":false,"footnotes":""},"class_list":["post-13962","page","type-page","status-publish","has-post-thumbnail","hentry"],"yoast_head":"<!-- This site is optimized with the Yoast SEO Premium plugin v25.3.1 (Yoast SEO v25.3.1) - https:\/\/yoast.com\/wordpress\/plugins\/seo\/ -->\n<title>Info om f\u00e6llesfaciliteter<\/title>\n<meta name=\"description\" content=\"Info om f\u00e6llesfaciliteter. Her finder du information om f\u00e6lleslokaler, beboerhotel og v\u00e6ksthus, p\u00e5 flere af vores ejendomme.\" \/>\n<meta name=\"robots\" content=\"index, follow, max-snippet:-1, max-image-preview:large, max-video-preview:-1\" \/>\n<link rel=\"canonical\" href=\"https:\/\/www.cwobel-ejendomme.dk\/bolig\/vaerd-at-vide-som-lejer\/faellesfaciliteter\/\" \/>\n<meta property=\"og:locale\" content=\"da_DK\" \/>\n<meta property=\"og:type\" content=\"article\" \/>\n<meta property=\"og:title\" content=\"F\u00e6llesfaciliteter\" \/>\n<meta property=\"og:description\" content=\"Info om f\u00e6llesfaciliteter. Her finder du information om f\u00e6lleslokaler, beboerhotel og v\u00e6ksthus, p\u00e5 flere af vores ejendomme.\" \/>\n<meta property=\"og:url\" content=\"https:\/\/www.cwobel-ejendomme.dk\/bolig\/vaerd-at-vide-som-lejer\/faellesfaciliteter\/\" \/>\n<meta property=\"og:site_name\" content=\"C.W. Obel Ejendomme\" \/>\n<meta property=\"article:modified_time\" content=\"2026-02-25T12:32:10+00:00\" \/>\n<meta property=\"og:image\" content=\"https:\/\/www.cwobel-ejendomme.dk\/bolig\/wp-content\/uploads\/sites\/2\/2023\/08\/Teglvaerkskajen_Faelleslokale-1.jpg\" \/>\n\t<meta property=\"og:image:width\" content=\"851\" \/>\n\t<meta property=\"og:image:height\" content=\"851\" \/>\n\t<meta property=\"og:image:type\" content=\"image\/jpeg\" \/>\n<meta name=\"twitter:card\" content=\"summary_large_image\" \/>\n<meta name=\"twitter:label1\" content=\"Estimeret l\u00e6setid\" \/>\n\t<meta name=\"twitter:data1\" content=\"2 minutter\" \/>\n<script type=\"application\/ld+json\" class=\"yoast-schema-graph\">{\"@context\":\"https:\/\/schema.org\",\"@graph\":[{\"@type\":\"WebPage\",\"@id\":\"https:\/\/www.cwobel-ejendomme.dk\/bolig\/vaerd-at-vide-som-lejer\/faellesfaciliteter\/\",\"url\":\"https:\/\/www.cwobel-ejendomme.dk\/bolig\/vaerd-at-vide-som-lejer\/faellesfaciliteter\/\",\"name\":\"Info om f\u00e6llesfaciliteter\",\"isPartOf\":{\"@id\":\"https:\/\/www.cwobel-ejendomme.dk\/bolig\/#website\"},\"primaryImageOfPage\":{\"@id\":\"https:\/\/www.cwobel-ejendomme.dk\/bolig\/vaerd-at-vide-som-lejer\/faellesfaciliteter\/#primaryimage\"},\"image\":{\"@id\":\"https:\/\/www.cwobel-ejendomme.dk\/bolig\/vaerd-at-vide-som-lejer\/faellesfaciliteter\/#primaryimage\"},\"thumbnailUrl\":\"https:\/\/www.cwobel-ejendomme.dk\/bolig\/wp-content\/uploads\/sites\/2\/2023\/08\/Teglvaerkskajen_Faelleslokale-1.jpg\",\"datePublished\":\"2023-08-03T14:00:54+00:00\",\"dateModified\":\"2026-02-25T12:32:10+00:00\",\"description\":\"Info om f\u00e6llesfaciliteter. Her finder du information om f\u00e6lleslokaler, beboerhotel og v\u00e6ksthus, p\u00e5 flere af vores ejendomme.\",\"breadcrumb\":{\"@id\":\"https:\/\/www.cwobel-ejendomme.dk\/bolig\/vaerd-at-vide-som-lejer\/faellesfaciliteter\/#breadcrumb\"},\"inLanguage\":\"da-DK\",\"potentialAction\":[{\"@type\":\"ReadAction\",\"target\":[\"https:\/\/www.cwobel-ejendomme.dk\/bolig\/vaerd-at-vide-som-lejer\/faellesfaciliteter\/\"]}]},{\"@type\":\"ImageObject\",\"inLanguage\":\"da-DK\",\"@id\":\"https:\/\/www.cwobel-ejendomme.dk\/bolig\/vaerd-at-vide-som-lejer\/faellesfaciliteter\/#primaryimage\",\"url\":\"https:\/\/www.cwobel-ejendomme.dk\/bolig\/wp-content\/uploads\/sites\/2\/2023\/08\/Teglvaerkskajen_Faelleslokale-1.jpg\",\"contentUrl\":\"https:\/\/www.cwobel-ejendomme.dk\/bolig\/wp-content\/uploads\/sites\/2\/2023\/08\/Teglvaerkskajen_Faelleslokale-1.jpg\",\"width\":851,\"height\":851,\"caption\":\"F\u00e6llesfaciliteter\"},{\"@type\":\"BreadcrumbList\",\"@id\":\"https:\/\/www.cwobel-ejendomme.dk\/bolig\/vaerd-at-vide-som-lejer\/faellesfaciliteter\/#breadcrumb\",\"itemListElement\":[{\"@type\":\"ListItem\",\"position\":1,\"name\":\"Hjem\",\"item\":\"https:\/\/www.cwobel-ejendomme.dk\/bolig\/\"},{\"@type\":\"ListItem\",\"position\":2,\"name\":\"V\u00e6rd at vide som lejer\",\"item\":\"https:\/\/www.cwobel-ejendomme.dk\/bolig\/vaerd-at-vide-som-lejer\/\"},{\"@type\":\"ListItem\",\"position\":3,\"name\":\"F\u00e6llesfaciliteter\"}]},{\"@type\":\"WebSite\",\"@id\":\"https:\/\/www.cwobel-ejendomme.dk\/bolig\/#website\",\"url\":\"https:\/\/www.cwobel-ejendomme.dk\/bolig\/\",\"name\":\"C.W. Obel Ejendomme\",\"description\":\"C.W. Obel Ejendomme\",\"potentialAction\":[{\"@type\":\"SearchAction\",\"target\":{\"@type\":\"EntryPoint\",\"urlTemplate\":\"https:\/\/www.cwobel-ejendomme.dk\/bolig\/?s={search_term_string}\"},\"query-input\":{\"@type\":\"PropertyValueSpecification\",\"valueRequired\":true,\"valueName\":\"search_term_string\"}}],\"inLanguage\":\"da-DK\"}]}<\/script>\n<!-- \/ Yoast SEO Premium plugin. -->","yoast_head_json":{"title":"Info om f\u00e6llesfaciliteter","description":"Info om f\u00e6llesfaciliteter. Her finder du information om f\u00e6lleslokaler, beboerhotel og v\u00e6ksthus, p\u00e5 flere af vores ejendomme.","robots":{"index":"index","follow":"follow","max-snippet":"max-snippet:-1","max-image-preview":"max-image-preview:large","max-video-preview":"max-video-preview:-1"},"canonical":"https:\/\/www.cwobel-ejendomme.dk\/bolig\/vaerd-at-vide-som-lejer\/faellesfaciliteter\/","og_locale":"da_DK","og_type":"article","og_title":"F\u00e6llesfaciliteter","og_description":"Info om f\u00e6llesfaciliteter. Her finder du information om f\u00e6lleslokaler, beboerhotel og v\u00e6ksthus, p\u00e5 flere af vores ejendomme.","og_url":"https:\/\/www.cwobel-ejendomme.dk\/bolig\/vaerd-at-vide-som-lejer\/faellesfaciliteter\/","og_site_name":"C.W. Obel Ejendomme","article_modified_time":"2026-02-25T12:32:10+00:00","og_image":[{"width":851,"height":851,"url":"https:\/\/www.cwobel-ejendomme.dk\/bolig\/wp-content\/uploads\/sites\/2\/2023\/08\/Teglvaerkskajen_Faelleslokale-1.jpg","type":"image\/jpeg"}],"twitter_card":"summary_large_image","twitter_misc":{"Estimeret l\u00e6setid":"2 minutter"},"schema":{"@context":"https:\/\/schema.org","@graph":[{"@type":"WebPage","@id":"https:\/\/www.cwobel-ejendomme.dk\/bolig\/vaerd-at-vide-som-lejer\/faellesfaciliteter\/","url":"https:\/\/www.cwobel-ejendomme.dk\/bolig\/vaerd-at-vide-som-lejer\/faellesfaciliteter\/","name":"Info om f\u00e6llesfaciliteter","isPartOf":{"@id":"https:\/\/www.cwobel-ejendomme.dk\/bolig\/#website"},"primaryImageOfPage":{"@id":"https:\/\/www.cwobel-ejendomme.dk\/bolig\/vaerd-at-vide-som-lejer\/faellesfaciliteter\/#primaryimage"},"image":{"@id":"https:\/\/www.cwobel-ejendomme.dk\/bolig\/vaerd-at-vide-som-lejer\/faellesfaciliteter\/#primaryimage"},"thumbnailUrl":"https:\/\/www.cwobel-ejendomme.dk\/bolig\/wp-content\/uploads\/sites\/2\/2023\/08\/Teglvaerkskajen_Faelleslokale-1.jpg","datePublished":"2023-08-03T14:00:54+00:00","dateModified":"2026-02-25T12:32:10+00:00","description":"Info om f\u00e6llesfaciliteter. Her finder du information om f\u00e6lleslokaler, beboerhotel og v\u00e6ksthus, p\u00e5 flere af vores ejendomme.","breadcrumb":{"@id":"https:\/\/www.cwobel-ejendomme.dk\/bolig\/vaerd-at-vide-som-lejer\/faellesfaciliteter\/#breadcrumb"},"inLanguage":"da-DK","potentialAction":[{"@type":"ReadAction","target":["https:\/\/www.cwobel-ejendomme.dk\/bolig\/vaerd-at-vide-som-lejer\/faellesfaciliteter\/"]}]},{"@type":"ImageObject","inLanguage":"da-DK","@id":"https:\/\/www.cwobel-ejendomme.dk\/bolig\/vaerd-at-vide-som-lejer\/faellesfaciliteter\/#primaryimage","url":"https:\/\/www.cwobel-ejendomme.dk\/bolig\/wp-content\/uploads\/sites\/2\/2023\/08\/Teglvaerkskajen_Faelleslokale-1.jpg","contentUrl":"https:\/\/www.cwobel-ejendomme.dk\/bolig\/wp-content\/uploads\/sites\/2\/2023\/08\/Teglvaerkskajen_Faelleslokale-1.jpg","width":851,"height":851,"caption":"F\u00e6llesfaciliteter"},{"@type":"BreadcrumbList","@id":"https:\/\/www.cwobel-ejendomme.dk\/bolig\/vaerd-at-vide-som-lejer\/faellesfaciliteter\/#breadcrumb","itemListElement":[{"@type":"ListItem","position":1,"name":"Hjem","item":"https:\/\/www.cwobel-ejendomme.dk\/bolig\/"},{"@type":"ListItem","position":2,"name":"V\u00e6rd at vide som lejer","item":"https:\/\/www.cwobel-ejendomme.dk\/bolig\/vaerd-at-vide-som-lejer\/"},{"@type":"ListItem","position":3,"name":"F\u00e6llesfaciliteter"}]},{"@type":"WebSite","@id":"https:\/\/www.cwobel-ejendomme.dk\/bolig\/#website","url":"https:\/\/www.cwobel-ejendomme.dk\/bolig\/","name":"C.W. Obel Ejendomme","description":"C.W. Obel Ejendomme","potentialAction":[{"@type":"SearchAction","target":{"@type":"EntryPoint","urlTemplate":"https:\/\/www.cwobel-ejendomme.dk\/bolig\/?s={search_term_string}"},"query-input":{"@type":"PropertyValueSpecification","valueRequired":true,"valueName":"search_term_string"}}],"inLanguage":"da-DK"}]}},"acf":[],"_links":{"self":[{"href":"https:\/\/www.cwobel-ejendomme.dk\/bolig\/wp-json\/wp\/v2\/pages\/13962","targetHints":{"allow":["GET"]}}],"collection":[{"href":"https:\/\/www.cwobel-ejendomme.dk\/bolig\/wp-json\/wp\/v2\/pages"}],"about":[{"href":"https:\/\/www.cwobel-ejendomme.dk\/bolig\/wp-json\/wp\/v2\/types\/page"}],"author":[{"embeddable":true,"href":"https:\/\/www.cwobel-ejendomme.dk\/bolig\/wp-json\/wp\/v2\/users\/9"}],"replies":[{"embeddable":true,"href":"https:\/\/www.cwobel-ejendomme.dk\/bolig\/wp-json\/wp\/v2\/comments?post=13962"}],"version-history":[{"count":6,"href":"https:\/\/www.cwobel-ejendomme.dk\/bolig\/wp-json\/wp\/v2\/pages\/13962\/revisions"}],"predecessor-version":[{"id":23647,"href":"https:\/\/www.cwobel-ejendomme.dk\/bolig\/wp-json\/wp\/v2\/pages\/13962\/revisions\/23647"}],"up":[{"embeddable":true,"href":"https:\/\/www.cwobel-ejendomme.dk\/bolig\/wp-json\/wp\/v2\/pages\/46"}],"wp:featuredmedia":[{"embeddable":true,"href":"https:\/\/www.cwobel-ejendomme.dk\/bolig\/wp-json\/wp\/v2\/media\/13965"}],"wp:attachment":[{"href":"https:\/\/www.cwobel-ejendomme.dk\/bolig\/wp-json\/wp\/v2\/media?parent=13962"}],"curies":[{"name":"wp","href":"https:\/\/api.w.org\/{rel}","templated":true}]}}